{"id":9768,"date":"2025-04-09T18:15:40","date_gmt":"2025-04-09T16:15:40","guid":{"rendered":"https:\/\/wellness4you.cz\/sk\/?post_type=product&#038;p=9768"},"modified":"2026-01-08T22:52:35","modified_gmt":"2026-01-08T21:52:35","slug":"slimmerine","status":"publish","type":"product","link":"https:\/\/wellness4you.cz\/sk\/slimmerine\/","title":{"rendered":"Slimmerine"},"content":{"rendered":"<h2>Slimmerine \u2013 Kvapky s rastlinn\u00fdmi v\u00fd\u0165a\u017ekami<\/h2>\n<p><strong>Slimmerine<\/strong> je doplnok stravy vo forme kvapiek, ktor\u00fd obsahuje kombin\u00e1ciu pr\u00edrodn\u00fdch v\u00fd\u0165a\u017ekov.<\/p>\n<h3>Zlo\u017eenie Slimmerine:<\/h3>\n<ul>\n<li><strong>Extrakt z bob\u00fa\u013e goji:<\/strong> Rastlinn\u00fd v\u00fd\u0165a\u017eok.<\/li>\n<li><strong>Guarana:<\/strong> Rastlinn\u00fd v\u00fd\u0165a\u017eok.<\/li>\n<li><strong>M\u00e4ta pieporn\u00e1:<\/strong> Rastlinn\u00fd v\u00fd\u0165a\u017eok.<\/li>\n<li><strong>Zelen\u00fd \u010daj:<\/strong> Rastlinn\u00fd v\u00fd\u0165a\u017eok.<\/li>\n<li><strong>L-karnit\u00edn:<\/strong> L\u00e1tka.<\/li>\n<li><strong>Vitam\u00edny:<\/strong> Vitam\u00edny.<\/li>\n<\/ul>\n<h3>Sp\u00f4sob u\u017e\u00edvania:<\/h3>\n<p>Odpor\u00fa\u010da sa u\u017e\u00edva\u0165 2-kr\u00e1t denne nieko\u013eko kvapiek rozrieden\u00fdch vo vode. Dodr\u017eiavajte pokyny uveden\u00e9 na etikete.<\/p>\n<h3>D\u00f4le\u017eit\u00e9 inform\u00e1cie:<\/h3>\n<ul>\n<li>Skladujte mimo dosahu det\u00ed.<\/li>\n<li>Nie je n\u00e1hradou pestrej stravy.<\/li>\n<\/ul>\n<p><strong>Obsah balenia:<\/strong> 20 ml<\/p>\n","protected":false},"excerpt":{"rendered":"<p>Slimmerine \u2013 pr\u00edrodn\u00fd doplnok v\u00fd\u017eivy s goji, guaranou, zelen\u00fdm \u010dajom a L-karnit\u00ednom. Podporuje spa\u013eovanie tukov a tr\u00e1venie prirodzen\u00fdm sp\u00f4sobom.<\/p>\n","protected":false},"featured_media":9769,"comment_status":"open","ping_status":"closed","template":"","meta":{"site-sidebar-layout":"default","site-content-layout":"","ast-site-content-layout":"default","site-content-style":"default","site-sidebar-style":"default","ast-global-header-display":"","ast-banner-title-visibility":"","ast-main-header-display":"","ast-hfb-above-header-display":"","ast-hfb-below-header-display":"","ast-hfb-mobile-header-display":"","site-post-title":"","ast-breadcrumbs-content":"","ast-featured-img":"","footer-sml-layout":"","ast-disable-related-posts":"","theme-transparent-header-meta":"default","adv-header-id-meta":"","stick-header-meta":"","header-above-stick-meta":"","header-main-stick-meta":"","header-below-stick-meta":"","astra-migrate-meta-layouts":"set","ast-page-background-enabled":"default","ast-page-background-meta":{"desktop":{"background-color":"","background-image":"","background-repeat":"repeat","background-position":"center center","background-size":"auto","background-attachment":"scroll","background-type":"","background-media":"","overlay-type":"","overlay-color":"","overlay-opacity":"","overlay-gradient":""},"tablet":{"background-color":"","background-image":"","background-repeat":"repeat","background-position":"center center","background-size":"auto","background-attachment":"scroll","background-type":"","background-media":"","overlay-type":"","overlay-color":"","overlay-opacity":"","overlay-gradient":""},"mobile":{"background-color":"","background-image":"","background-repeat":"repeat","background-position":"center center","background-size":"auto","background-attachment":"scroll","background-type":"","background-media":"","overlay-type":"","overlay-color":"","overlay-opacity":"","overlay-gradient":""}},"ast-content-background-meta":{"desktop":{"background-color":"var(--ast-global-color-5)","background-image":"","background-repeat":"repeat","background-position":"center center","background-size":"auto","background-attachment":"scroll","background-type":"","background-media":"","overlay-type":"","overlay-color":"","overlay-opacity":"","overlay-gradient":""},"tablet":{"background-color":"var(--ast-global-color-5)","background-image":"","background-repeat":"repeat","background-position":"center center","background-size":"auto","background-attachment":"scroll","background-type":"","background-media":"","overlay-type":"","overlay-color":"","overlay-opacity":"","overlay-gradient":""},"mobile":{"background-color":"var(--ast-global-color-5)","background-image":"","background-repeat":"repeat","background-position":"center center","background-size":"auto","background-attachment":"scroll","background-type":"","background-media":"","overlay-type":"","overlay-color":"","overlay-opacity":"","overlay-gradient":""}}},"product_brand":[],"product_cat":[39],"product_tag":[],"class_list":{"0":"post-9768","1":"product","2":"type-product","3":"status-publish","4":"has-post-thumbnail","6":"product_cat-na-chudnutie","7":"desktop-align-left","8":"tablet-align-left","9":"mobile-align-left","11":"first","12":"instock","13":"taxable","14":"shipping-taxable","15":"purchasable","16":"product-type-simple"},"_links":{"self":[{"href":"https:\/\/wellness4you.cz\/sk\/wp-json\/wp\/v2\/product\/9768","targetHints":{"allow":["GET"]}}],"collection":[{"href":"https:\/\/wellness4you.cz\/sk\/wp-json\/wp\/v2\/product"}],"about":[{"href":"https:\/\/wellness4you.cz\/sk\/wp-json\/wp\/v2\/types\/product"}],"replies":[{"embeddable":true,"href":"https:\/\/wellness4you.cz\/sk\/wp-json\/wp\/v2\/comments?post=9768"}],"wp:featuredmedia":[{"embeddable":true,"href":"https:\/\/wellness4you.cz\/sk\/wp-json\/wp\/v2\/media\/9769"}],"wp:attachment":[{"href":"https:\/\/wellness4you.cz\/sk\/wp-json\/wp\/v2\/media?parent=9768"}],"wp:term":[{"taxonomy":"product_brand","embeddable":true,"href":"https:\/\/wellness4you.cz\/sk\/wp-json\/wp\/v2\/product_brand?post=9768"},{"taxonomy":"product_cat","embeddable":true,"href":"https:\/\/wellness4you.cz\/sk\/wp-json\/wp\/v2\/product_cat?post=9768"},{"taxonomy":"product_tag","embeddable":true,"href":"https:\/\/wellness4you.cz\/sk\/wp-json\/wp\/v2\/product_tag?post=9768"}],"curies":[{"name":"wp","href":"https:\/\/api.w.org\/{rel}","templated":true}]}}