{"id":9549,"date":"2025-02-20T17:53:11","date_gmt":"2025-02-20T16:53:11","guid":{"rendered":"https:\/\/wellness4you.cz\/sk\/germivir-premium\/"},"modified":"2026-01-08T22:52:38","modified_gmt":"2026-01-08T21:52:38","slug":"germivir-premium","status":"publish","type":"product","link":"https:\/\/wellness4you.cz\/sk\/germivir-premium\/","title":{"rendered":"Germivir Premium"},"content":{"rendered":"<h2>Germivir Premium \u2013 V\u00fd\u017eivov\u00fd doplnok na podporu detoxik\u00e1cie organizmu<\/h2>\n<p><strong>Germivir Premium<\/strong> je pr\u00edrodn\u00fd doplnok stravy vyvinut\u00fd na podporu \u010distenia organizmu od parazitov a tox\u00ednov. Obsahuje starostlivo vybran\u00e9 rastlinn\u00e9 extrakty, ktor\u00e9 pom\u00e1haj\u00fa vytvori\u0165 nehostinn\u00e9 prostredie pre rozmno\u017eovanie parazitov a podporuj\u00fa spr\u00e1vne fungovanie tr\u00e1viaceho syst\u00e9mu.<\/p>\n<h2>Hlavn\u00e9 zlo\u017eky Germivir Premium<\/h2>\n<ul>\n<li><strong>Extrakt z klin\u010dekov\u00fdch kvetov:<\/strong> Obsahuje eugenol, ktor\u00fd podporuje \u010distenie organizmu od \u0161kodliv\u00fdch mikroorganizmov.<\/li>\n<li><strong>Tekvicov\u00e9 semienka:<\/strong> Obsahuj\u00fa cucurbitac\u00edn, ktor\u00fd pom\u00e1ha vylu\u010dova\u0165 parazity z tr\u00e1viaceho traktu.<\/li>\n<li><strong>Pelin (Artemisia absinthium):<\/strong> Podporuje tr\u00e1venie a pom\u00e1ha \u010disti\u0165 \u010drevn\u00fd trakt.<\/li>\n<li><strong>Cesnakov\u00fd extrakt:<\/strong> Pr\u00edrodn\u00e1 zlo\u017eka so siln\u00fdmi antibakteri\u00e1lnymi a antiparazitick\u00fdmi vlastnos\u0165ami.<\/li>\n<li><strong>Z\u00e1zvorov\u00fd extrakt:<\/strong> Podporuje tr\u00e1venie a pom\u00e1ha zni\u017eova\u0165 podr\u00e1\u017edenie \u017eal\u00fadka.<\/li>\n<\/ul>\n<h2>Sp\u00f4sob u\u017e\u00edvania<\/h2>\n<p>Odpor\u00fa\u010dan\u00e9 d\u00e1vkovanie je 1 kapsula denne s poh\u00e1rom vody, najlep\u0161ie pred jedlom. Pre dosiahnutie optim\u00e1lnych v\u00fdsledkov je vhodn\u00e9 u\u017e\u00edva\u0165 doplnok v k\u00fare minim\u00e1lne 30 dn\u00ed.<\/p>\n","protected":false},"excerpt":{"rendered":"<p>Germivir Premium je v\u00fd\u017eivov\u00fd doplnok s pr\u00edrodn\u00fdmi extraktmi, ktor\u00fd podporuje detoxik\u00e1ciu organizmu, \u010distenie tr\u00e1viaceho syst\u00e9mu a ochranu pred parazitmi.<\/p>\n","protected":false},"featured_media":9548,"comment_status":"open","ping_status":"closed","template":"","meta":{"site-sidebar-layout":"default","site-content-layout":"","ast-site-content-layout":"default","site-content-style":"default","site-sidebar-style":"default","ast-global-header-display":"","ast-banner-title-visibility":"","ast-main-header-display":"","ast-hfb-above-header-display":"","ast-hfb-below-header-display":"","ast-hfb-mobile-header-display":"","site-post-title":"","ast-breadcrumbs-content":"","ast-featured-img":"","footer-sml-layout":"","ast-disable-related-posts":"","theme-transparent-header-meta":"default","adv-header-id-meta":"","stick-header-meta":"","header-above-stick-meta":"","header-main-stick-meta":"","header-below-stick-meta":"","astra-migrate-meta-layouts":"set","ast-page-background-enabled":"default","ast-page-background-meta":{"desktop":{"background-color":"","background-image":"","background-repeat":"repeat","background-position":"center center","background-size":"auto","background-attachment":"scroll","background-type":"","background-media":"","overlay-type":"","overlay-color":"","overlay-opacity":"","overlay-gradient":""},"tablet":{"background-color":"","background-image":"","background-repeat":"repeat","background-position":"center center","background-size":"auto","background-attachment":"scroll","background-type":"","background-media":"","overlay-type":"","overlay-color":"","overlay-opacity":"","overlay-gradient":""},"mobile":{"background-color":"","background-image":"","background-repeat":"repeat","background-position":"center center","background-size":"auto","background-attachment":"scroll","background-type":"","background-media":"","overlay-type":"","overlay-color":"","overlay-opacity":"","overlay-gradient":""}},"ast-content-background-meta":{"desktop":{"background-color":"var(--ast-global-color-5)","background-image":"","background-repeat":"repeat","background-position":"center center","background-size":"auto","background-attachment":"scroll","background-type":"","background-media":"","overlay-type":"","overlay-color":"","overlay-opacity":"","overlay-gradient":""},"tablet":{"background-color":"var(--ast-global-color-5)","background-image":"","background-repeat":"repeat","background-position":"center center","background-size":"auto","background-attachment":"scroll","background-type":"","background-media":"","overlay-type":"","overlay-color":"","overlay-opacity":"","overlay-gradient":""},"mobile":{"background-color":"var(--ast-global-color-5)","background-image":"","background-repeat":"repeat","background-position":"center center","background-size":"auto","background-attachment":"scroll","background-type":"","background-media":"","overlay-type":"","overlay-color":"","overlay-opacity":"","overlay-gradient":""}}},"product_brand":[],"product_cat":[41],"product_tag":[],"class_list":{"0":"post-9549","1":"product","2":"type-product","3":"status-publish","4":"has-post-thumbnail","6":"product_cat-produkty-pre-zdravie","7":"desktop-align-left","8":"tablet-align-left","9":"mobile-align-left","11":"first","12":"instock","13":"taxable","14":"shipping-taxable","15":"purchasable","16":"product-type-simple"},"_links":{"self":[{"href":"https:\/\/wellness4you.cz\/sk\/wp-json\/wp\/v2\/product\/9549","targetHints":{"allow":["GET"]}}],"collection":[{"href":"https:\/\/wellness4you.cz\/sk\/wp-json\/wp\/v2\/product"}],"about":[{"href":"https:\/\/wellness4you.cz\/sk\/wp-json\/wp\/v2\/types\/product"}],"replies":[{"embeddable":true,"href":"https:\/\/wellness4you.cz\/sk\/wp-json\/wp\/v2\/comments?post=9549"}],"wp:featuredmedia":[{"embeddable":true,"href":"https:\/\/wellness4you.cz\/sk\/wp-json\/wp\/v2\/media\/9548"}],"wp:attachment":[{"href":"https:\/\/wellness4you.cz\/sk\/wp-json\/wp\/v2\/media?parent=9549"}],"wp:term":[{"taxonomy":"product_brand","embeddable":true,"href":"https:\/\/wellness4you.cz\/sk\/wp-json\/wp\/v2\/product_brand?post=9549"},{"taxonomy":"product_cat","embeddable":true,"href":"https:\/\/wellness4you.cz\/sk\/wp-json\/wp\/v2\/product_cat?post=9549"},{"taxonomy":"product_tag","embeddable":true,"href":"https:\/\/wellness4you.cz\/sk\/wp-json\/wp\/v2\/product_tag?post=9549"}],"curies":[{"name":"wp","href":"https:\/\/api.w.org\/{rel}","templated":true}]}}