{"id":9547,"date":"2025-02-20T17:53:11","date_gmt":"2025-02-20T16:53:11","guid":{"rendered":"https:\/\/wellness4you.cz\/sk\/diaflex-forte\/"},"modified":"2026-01-08T22:52:37","modified_gmt":"2026-01-08T21:52:37","slug":"diaflex-forte","status":"publish","type":"product","link":"https:\/\/wellness4you.cz\/sk\/diaflex-forte\/","title":{"rendered":"DiaFlex Forte"},"content":{"rendered":"<h2>DiaFlex Forte \u2013 V\u00fd\u017eivov\u00fd doplnok na podporu regul\u00e1cie hladiny cukru v krvi<\/h2>\n<p><strong>DiaFlex Forte<\/strong> je pr\u00edrodn\u00fd doplnok stravy vo forme tabliet, ktor\u00fd pom\u00e1ha normalizova\u0165 hladinu cukru v krvi, zlep\u0161i\u0165 citlivos\u0165 na inzul\u00edn a podpori\u0165 celkov\u00e9 zdravie metabolizmu. Obsahuje akt\u00edvne rastlinn\u00e9 extrakty zn\u00e1me svojimi priazniv\u00fdmi \u00fa\u010dinkami na organizmus.<\/p>\n<h2>Hlavn\u00e9 zlo\u017eky DiaFlex Forte<\/h2>\n<ul>\n<li><strong>\u0160korica:<\/strong> Podporuje regul\u00e1ciu hladiny cukru v krvi a zlep\u0161uje metabolizmus sacharidov.<\/li>\n<li><strong>Hork\u00fd mel\u00f3n:<\/strong> Obsahuje bioakt\u00edvne zl\u00fa\u010deniny, ktor\u00e9 stimuluj\u00fa produkciu inzul\u00ednu.<\/li>\n<li><strong>Extrakt z listov banaby:<\/strong> Podporuje gluk\u00f3zov\u00fa toleranciu a pom\u00e1ha regulova\u0165 metabolizmus cukru.<\/li>\n<\/ul>\n<h2>Sp\u00f4sob u\u017e\u00edvania<\/h2>\n<p>Odpor\u00fa\u010dan\u00e9 d\u00e1vkovanie je 1 tableta 2-kr\u00e1t denne s jedlom, zapit\u00e9 poh\u00e1rom vody. Pre dosiahnutie optim\u00e1lnych v\u00fdsledkov je vhodn\u00e9 u\u017e\u00edva\u0165 doplnok v k\u00fare minim\u00e1lne 30 dn\u00ed.<\/p>\n","protected":false},"excerpt":{"rendered":"<p>DiaFlex Forte je pr\u00edrodn\u00fd v\u00fd\u017eivov\u00fd doplnok s rastlinn\u00fdmi extraktmi, ktor\u00fd pom\u00e1ha regulova\u0165 hladinu cukru v krvi, zlep\u0161i\u0165 citlivos\u0165 buniek na inzul\u00edn a podpori\u0165 metabolizmus sacharidov.<\/p>\n","protected":false},"featured_media":9546,"comment_status":"open","ping_status":"closed","template":"","meta":{"site-sidebar-layout":"default","site-content-layout":"","ast-site-content-layout":"default","site-content-style":"default","site-sidebar-style":"default","ast-global-header-display":"","ast-banner-title-visibility":"","ast-main-header-display":"","ast-hfb-above-header-display":"","ast-hfb-below-header-display":"","ast-hfb-mobile-header-display":"","site-post-title":"","ast-breadcrumbs-content":"","ast-featured-img":"","footer-sml-layout":"","ast-disable-related-posts":"","theme-transparent-header-meta":"default","adv-header-id-meta":"","stick-header-meta":"","header-above-stick-meta":"","header-main-stick-meta":"","header-below-stick-meta":"","astra-migrate-meta-layouts":"set","ast-page-background-enabled":"default","ast-page-background-meta":{"desktop":{"background-color":"","background-image":"","background-repeat":"repeat","background-position":"center center","background-size":"auto","background-attachment":"scroll","background-type":"","background-media":"","overlay-type":"","overlay-color":"","overlay-opacity":"","overlay-gradient":""},"tablet":{"background-color":"","background-image":"","background-repeat":"repeat","background-position":"center center","background-size":"auto","background-attachment":"scroll","background-type":"","background-media":"","overlay-type":"","overlay-color":"","overlay-opacity":"","overlay-gradient":""},"mobile":{"background-color":"","background-image":"","background-repeat":"repeat","background-position":"center center","background-size":"auto","background-attachment":"scroll","background-type":"","background-media":"","overlay-type":"","overlay-color":"","overlay-opacity":"","overlay-gradient":""}},"ast-content-background-meta":{"desktop":{"background-color":"var(--ast-global-color-5)","background-image":"","background-repeat":"repeat","background-position":"center center","background-size":"auto","background-attachment":"scroll","background-type":"","background-media":"","overlay-type":"","overlay-color":"","overlay-opacity":"","overlay-gradient":""},"tablet":{"background-color":"var(--ast-global-color-5)","background-image":"","background-repeat":"repeat","background-position":"center center","background-size":"auto","background-attachment":"scroll","background-type":"","background-media":"","overlay-type":"","overlay-color":"","overlay-opacity":"","overlay-gradient":""},"mobile":{"background-color":"var(--ast-global-color-5)","background-image":"","background-repeat":"repeat","background-position":"center center","background-size":"auto","background-attachment":"scroll","background-type":"","background-media":"","overlay-type":"","overlay-color":"","overlay-opacity":"","overlay-gradient":""}}},"product_brand":[],"product_cat":[41],"product_tag":[],"class_list":{"0":"post-9547","1":"product","2":"type-product","3":"status-publish","4":"has-post-thumbnail","6":"product_cat-produkty-pre-zdravie","7":"desktop-align-left","8":"tablet-align-left","9":"mobile-align-left","11":"first","12":"instock","13":"taxable","14":"shipping-taxable","15":"purchasable","16":"product-type-simple"},"_links":{"self":[{"href":"https:\/\/wellness4you.cz\/sk\/wp-json\/wp\/v2\/product\/9547","targetHints":{"allow":["GET"]}}],"collection":[{"href":"https:\/\/wellness4you.cz\/sk\/wp-json\/wp\/v2\/product"}],"about":[{"href":"https:\/\/wellness4you.cz\/sk\/wp-json\/wp\/v2\/types\/product"}],"replies":[{"embeddable":true,"href":"https:\/\/wellness4you.cz\/sk\/wp-json\/wp\/v2\/comments?post=9547"}],"wp:featuredmedia":[{"embeddable":true,"href":"https:\/\/wellness4you.cz\/sk\/wp-json\/wp\/v2\/media\/9546"}],"wp:attachment":[{"href":"https:\/\/wellness4you.cz\/sk\/wp-json\/wp\/v2\/media?parent=9547"}],"wp:term":[{"taxonomy":"product_brand","embeddable":true,"href":"https:\/\/wellness4you.cz\/sk\/wp-json\/wp\/v2\/product_brand?post=9547"},{"taxonomy":"product_cat","embeddable":true,"href":"https:\/\/wellness4you.cz\/sk\/wp-json\/wp\/v2\/product_cat?post=9547"},{"taxonomy":"product_tag","embeddable":true,"href":"https:\/\/wellness4you.cz\/sk\/wp-json\/wp\/v2\/product_tag?post=9547"}],"curies":[{"name":"wp","href":"https:\/\/api.w.org\/{rel}","templated":true}]}}