{"id":9545,"date":"2025-02-20T17:53:10","date_gmt":"2025-02-20T16:53:10","guid":{"rendered":"https:\/\/wellness4you.cz\/sk\/glucoren\/"},"modified":"2026-03-06T13:02:23","modified_gmt":"2026-03-06T12:02:23","slug":"glucoren","status":"publish","type":"product","link":"https:\/\/wellness4you.cz\/sk\/glucoren\/","title":{"rendered":"Glucoren"},"content":{"rendered":"<h2>Glucoren \u2013 Doplnok stravy v kapsul\u00e1ch s rastlinn\u00fdmi extraktmi<\/h2>\n<p><strong>Glucoren<\/strong> je doplnok stravy vyvinut\u00fd so starostlivo vybran\u00fdmi zlo\u017ekami. Obsahuje kombin\u00e1ciu rastlinn\u00fdch v\u00fd\u0165a\u017ekov a akt\u00edvnych l\u00e1tok.<\/p>\n<h2>Akt\u00edvne zlo\u017eky<\/h2>\n<ul>\n<li><strong>Berber\u00edn:<\/strong> Rastlinn\u00fd extrakt.<\/li>\n<li><strong>Extrakt zo \u0161korice:<\/strong> Pr\u00edrodn\u00e1 zlo\u017eka be\u017ene pou\u017e\u00edvan\u00e1 v doplnkoch stravy.<\/li>\n<li><strong>Kyselina alfa-lipoov\u00e1:<\/strong> Organick\u00e1 zl\u00fa\u010denina.<\/li>\n<li><strong>\u017den\u0161en:<\/strong> Extrakt z kore\u0148a \u017een\u0161enu.<\/li>\n<li><strong>Fosfatidylser\u00edn:<\/strong> Lipidov\u00e1 zlo\u017eka prirodzene sa vyskytuj\u00faca v tele.<\/li>\n<\/ul>\n<h2>D\u00e1vkovanie<\/h2>\n<p>U\u017e\u00edvajte kapsuly pod\u013ea odpor\u00fa\u010dan\u00e9ho d\u00e1vkovania uveden\u00e9ho na obale alebo pod\u013ea odpor\u00fa\u010dania odborn\u00edka.<\/p>\n","protected":false},"excerpt":{"rendered":"<p>Glucoren je doplnok stravy s berber\u00ednom, extraktom zo \u0161korice, kyselinou alfa-lipoovou, \u017een\u0161enom a fosfatidylser\u00ednom v \u013eahko pou\u017eite\u013en\u00fdch kapsul\u00e1ch. Ide\u00e1lny na ka\u017edodenn\u00e9 u\u017e\u00edvanie.<\/p>\n","protected":false},"featured_media":9544,"comment_status":"open","ping_status":"closed","template":"","meta":{"site-sidebar-layout":"default","site-content-layout":"","ast-site-content-layout":"default","site-content-style":"default","site-sidebar-style":"default","ast-global-header-display":"","ast-banner-title-visibility":"","ast-main-header-display":"","ast-hfb-above-header-display":"","ast-hfb-below-header-display":"","ast-hfb-mobile-header-display":"","site-post-title":"","ast-breadcrumbs-content":"","ast-featured-img":"","footer-sml-layout":"","ast-disable-related-posts":"","theme-transparent-header-meta":"default","adv-header-id-meta":"","stick-header-meta":"","header-above-stick-meta":"","header-main-stick-meta":"","header-below-stick-meta":"","astra-migrate-meta-layouts":"set","ast-page-background-enabled":"default","ast-page-background-meta":{"desktop":{"background-color":"","background-image":"","background-repeat":"repeat","background-position":"center center","background-size":"auto","background-attachment":"scroll","background-type":"","background-media":"","overlay-type":"","overlay-color":"","overlay-opacity":"","overlay-gradient":""},"tablet":{"background-color":"","background-image":"","background-repeat":"repeat","background-position":"center center","background-size":"auto","background-attachment":"scroll","background-type":"","background-media":"","overlay-type":"","overlay-color":"","overlay-opacity":"","overlay-gradient":""},"mobile":{"background-color":"","background-image":"","background-repeat":"repeat","background-position":"center center","background-size":"auto","background-attachment":"scroll","background-type":"","background-media":"","overlay-type":"","overlay-color":"","overlay-opacity":"","overlay-gradient":""}},"ast-content-background-meta":{"desktop":{"background-color":"var(--ast-global-color-5)","background-image":"","background-repeat":"repeat","background-position":"center center","background-size":"auto","background-attachment":"scroll","background-type":"","background-media":"","overlay-type":"","overlay-color":"","overlay-opacity":"","overlay-gradient":""},"tablet":{"background-color":"var(--ast-global-color-5)","background-image":"","background-repeat":"repeat","background-position":"center center","background-size":"auto","background-attachment":"scroll","background-type":"","background-media":"","overlay-type":"","overlay-color":"","overlay-opacity":"","overlay-gradient":""},"mobile":{"background-color":"var(--ast-global-color-5)","background-image":"","background-repeat":"repeat","background-position":"center center","background-size":"auto","background-attachment":"scroll","background-type":"","background-media":"","overlay-type":"","overlay-color":"","overlay-opacity":"","overlay-gradient":""}}},"product_brand":[],"product_cat":[41],"product_tag":[],"class_list":{"0":"post-9545","1":"product","2":"type-product","3":"status-publish","4":"has-post-thumbnail","6":"product_cat-produkty-pre-zdravie","7":"desktop-align-left","8":"tablet-align-left","9":"mobile-align-left","11":"first","12":"instock","13":"taxable","14":"shipping-taxable","15":"purchasable","16":"product-type-simple"},"_links":{"self":[{"href":"https:\/\/wellness4you.cz\/sk\/wp-json\/wp\/v2\/product\/9545","targetHints":{"allow":["GET"]}}],"collection":[{"href":"https:\/\/wellness4you.cz\/sk\/wp-json\/wp\/v2\/product"}],"about":[{"href":"https:\/\/wellness4you.cz\/sk\/wp-json\/wp\/v2\/types\/product"}],"replies":[{"embeddable":true,"href":"https:\/\/wellness4you.cz\/sk\/wp-json\/wp\/v2\/comments?post=9545"}],"wp:featuredmedia":[{"embeddable":true,"href":"https:\/\/wellness4you.cz\/sk\/wp-json\/wp\/v2\/media\/9544"}],"wp:attachment":[{"href":"https:\/\/wellness4you.cz\/sk\/wp-json\/wp\/v2\/media?parent=9545"}],"wp:term":[{"taxonomy":"product_brand","embeddable":true,"href":"https:\/\/wellness4you.cz\/sk\/wp-json\/wp\/v2\/product_brand?post=9545"},{"taxonomy":"product_cat","embeddable":true,"href":"https:\/\/wellness4you.cz\/sk\/wp-json\/wp\/v2\/product_cat?post=9545"},{"taxonomy":"product_tag","embeddable":true,"href":"https:\/\/wellness4you.cz\/sk\/wp-json\/wp\/v2\/product_tag?post=9545"}],"curies":[{"name":"wp","href":"https:\/\/api.w.org\/{rel}","templated":true}]}}