{"id":9543,"date":"2025-02-20T17:53:10","date_gmt":"2025-02-20T16:53:10","guid":{"rendered":"https:\/\/wellness4you.cz\/sk\/herzena\/"},"modified":"2026-01-08T22:52:35","modified_gmt":"2026-01-08T21:52:35","slug":"herzena","status":"publish","type":"product","link":"https:\/\/wellness4you.cz\/sk\/herzena\/","title":{"rendered":"Herzena"},"content":{"rendered":"<h2>Herzena \u2013 V\u00fd\u017eivov\u00fd doplnok s extraktmi z hlohu, cesnaku a olivov\u00fdch listov<\/h2>\n<p><strong>Herzena<\/strong> je v\u00fd\u017eivov\u00fd doplnok vo forme kaps\u00fal, ktor\u00fd obsahuje starostlivo vybran\u00e9 rastlinn\u00e9 extrakty a miner\u00e1lne l\u00e1tky.<\/p>\n<h2>Zlo\u017eenie Herzena<\/h2>\n<ul>\n<li><strong>Extrakt z hlohu:<\/strong> Be\u017ene pou\u017e\u00edvan\u00fd rastlinn\u00fd extrakt.<\/li>\n<li><strong>Extrakt z cesnaku:<\/strong> Pr\u00edrodn\u00e1 zlo\u017eka zn\u00e1ma v tradi\u010dn\u00fdch receptoch.<\/li>\n<li><strong>Extrakt z listov olivovn\u00edka:<\/strong> Rastlinn\u00fd extrakt obsahuj\u00faci cenn\u00e9 l\u00e1tky.<\/li>\n<li><strong>Vitam\u00edn C:<\/strong> Organick\u00e1 l\u00e1tka be\u017ene sa vyskytuj\u00faca v potravin\u00e1ch.<\/li>\n<li><strong>Hor\u010d\u00edk:<\/strong> Miner\u00e1lna zlo\u017eka.<\/li>\n<li><strong>Drasl\u00edk:<\/strong> Stopov\u00fd prvok.<\/li>\n<\/ul>\n<h2>Sp\u00f4sob u\u017e\u00edvania<\/h2>\n<p>U\u017e\u00edvajte kapsuly pod\u013ea odpor\u00fa\u010dan\u00e9ho d\u00e1vkovania uveden\u00e9ho na obale alebo pod\u013ea pokynov odborn\u00edka.<\/p>\n","protected":false},"excerpt":{"rendered":"<p>Herzena je v\u00fd\u017eivov\u00fd doplnok vo forme kaps\u00fal s extraktmi z hlohu, cesnaku a olivov\u00fdch listov. Obsahuje vitam\u00edn C, hor\u010d\u00edk a drasl\u00edk. Ur\u010den\u00e9 na ka\u017edodenn\u00e9 u\u017e\u00edvanie.<\/p>\n","protected":false},"featured_media":9542,"comment_status":"open","ping_status":"closed","template":"","meta":{"site-sidebar-layout":"default","site-content-layout":"","ast-site-content-layout":"default","site-content-style":"default","site-sidebar-style":"default","ast-global-header-display":"","ast-banner-title-visibility":"","ast-main-header-display":"","ast-hfb-above-header-display":"","ast-hfb-below-header-display":"","ast-hfb-mobile-header-display":"","site-post-title":"","ast-breadcrumbs-content":"","ast-featured-img":"","footer-sml-layout":"","ast-disable-related-posts":"","theme-transparent-header-meta":"default","adv-header-id-meta":"","stick-header-meta":"","header-above-stick-meta":"","header-main-stick-meta":"","header-below-stick-meta":"","astra-migrate-meta-layouts":"set","ast-page-background-enabled":"default","ast-page-background-meta":{"desktop":{"background-color":"","background-image":"","background-repeat":"repeat","background-position":"center center","background-size":"auto","background-attachment":"scroll","background-type":"","background-media":"","overlay-type":"","overlay-color":"","overlay-opacity":"","overlay-gradient":""},"tablet":{"background-color":"","background-image":"","background-repeat":"repeat","background-position":"center center","background-size":"auto","background-attachment":"scroll","background-type":"","background-media":"","overlay-type":"","overlay-color":"","overlay-opacity":"","overlay-gradient":""},"mobile":{"background-color":"","background-image":"","background-repeat":"repeat","background-position":"center center","background-size":"auto","background-attachment":"scroll","background-type":"","background-media":"","overlay-type":"","overlay-color":"","overlay-opacity":"","overlay-gradient":""}},"ast-content-background-meta":{"desktop":{"background-color":"var(--ast-global-color-5)","background-image":"","background-repeat":"repeat","background-position":"center center","background-size":"auto","background-attachment":"scroll","background-type":"","background-media":"","overlay-type":"","overlay-color":"","overlay-opacity":"","overlay-gradient":""},"tablet":{"background-color":"var(--ast-global-color-5)","background-image":"","background-repeat":"repeat","background-position":"center center","background-size":"auto","background-attachment":"scroll","background-type":"","background-media":"","overlay-type":"","overlay-color":"","overlay-opacity":"","overlay-gradient":""},"mobile":{"background-color":"var(--ast-global-color-5)","background-image":"","background-repeat":"repeat","background-position":"center center","background-size":"auto","background-attachment":"scroll","background-type":"","background-media":"","overlay-type":"","overlay-color":"","overlay-opacity":"","overlay-gradient":""}}},"product_brand":[],"product_cat":[41],"product_tag":[],"class_list":{"0":"post-9543","1":"product","2":"type-product","3":"status-publish","4":"has-post-thumbnail","6":"product_cat-produkty-pre-zdravie","7":"desktop-align-left","8":"tablet-align-left","9":"mobile-align-left","11":"first","12":"instock","13":"taxable","14":"shipping-taxable","15":"purchasable","16":"product-type-simple"},"_links":{"self":[{"href":"https:\/\/wellness4you.cz\/sk\/wp-json\/wp\/v2\/product\/9543","targetHints":{"allow":["GET"]}}],"collection":[{"href":"https:\/\/wellness4you.cz\/sk\/wp-json\/wp\/v2\/product"}],"about":[{"href":"https:\/\/wellness4you.cz\/sk\/wp-json\/wp\/v2\/types\/product"}],"replies":[{"embeddable":true,"href":"https:\/\/wellness4you.cz\/sk\/wp-json\/wp\/v2\/comments?post=9543"}],"wp:featuredmedia":[{"embeddable":true,"href":"https:\/\/wellness4you.cz\/sk\/wp-json\/wp\/v2\/media\/9542"}],"wp:attachment":[{"href":"https:\/\/wellness4you.cz\/sk\/wp-json\/wp\/v2\/media?parent=9543"}],"wp:term":[{"taxonomy":"product_brand","embeddable":true,"href":"https:\/\/wellness4you.cz\/sk\/wp-json\/wp\/v2\/product_brand?post=9543"},{"taxonomy":"product_cat","embeddable":true,"href":"https:\/\/wellness4you.cz\/sk\/wp-json\/wp\/v2\/product_cat?post=9543"},{"taxonomy":"product_tag","embeddable":true,"href":"https:\/\/wellness4you.cz\/sk\/wp-json\/wp\/v2\/product_tag?post=9543"}],"curies":[{"name":"wp","href":"https:\/\/api.w.org\/{rel}","templated":true}]}}