{"id":9535,"date":"2025-02-20T17:53:09","date_gmt":"2025-02-20T16:53:09","guid":{"rendered":"https:\/\/wellness4you.cz\/sk\/exurol\/"},"modified":"2026-01-08T22:52:36","modified_gmt":"2026-01-08T21:52:36","slug":"exurol","status":"publish","type":"product","link":"https:\/\/wellness4you.cz\/sk\/exurol\/","title":{"rendered":"Exurol"},"content":{"rendered":"<h2>Exurol \u2013 V\u00fd\u017eivov\u00fd doplnok v kapsul\u00e1ch na podporu zdravia prostaty<\/h2>\n<p><strong>Exurol<\/strong> je pr\u00edrodn\u00fd v\u00fd\u017eivov\u00fd doplnok vo forme kaps\u00fal, ktor\u00fd obsahuje starostlivo vybran\u00e9 rastlinn\u00e9 extrakty na podporu zdravia prostaty a mo\u010dov\u00e9ho syst\u00e9mu.<\/p>\n<h2>Hlavn\u00e9 zlo\u017eky Exurol<\/h2>\n<ul>\n<li><strong>Extrakt z palmy sabalovej:<\/strong> Pr\u00edrodn\u00fd extrakt \u0161iroko vyu\u017e\u00edvan\u00fd na podporu norm\u00e1lnej funkcie prostaty.<\/li>\n<li><strong>Extrakt z p\u0155h\u013eavy dvojdomej:<\/strong> Pom\u00e1ha pri udr\u017eiavan\u00ed norm\u00e1lnej funkcie mo\u010dov\u00e9ho syst\u00e9mu.<\/li>\n<li><strong>Beta-sitosterol:<\/strong> Rastlinn\u00fd sterol, ktor\u00fd je s\u00fa\u010das\u0165ou vyv\u00e1\u017eenej v\u00fd\u017eivy.<\/li>\n<li><strong>Zinok:<\/strong> Esenci\u00e1lny miner\u00e1l d\u00f4le\u017eit\u00fd pre norm\u00e1lnu funkciu reproduk\u010dn\u00e9ho syst\u00e9mu.<\/li>\n<li><strong>Lykop\u00e9n:<\/strong> Karotenoid zn\u00e1my svojimi antioxida\u010dn\u00fdmi vlastnos\u0165ami.<\/li>\n<\/ul>\n<h2>Sp\u00f4sob u\u017e\u00edvania<\/h2>\n<p>Odpor\u00fa\u010dan\u00e9 d\u00e1vkovanie je 1 kapsula 2-kr\u00e1t denne s jedlom, zapit\u00e9 poh\u00e1rom vody. Pre dosiahnutie optim\u00e1lnych v\u00fdsledkov je vhodn\u00e9 u\u017e\u00edva\u0165 doplnok dlhodobo.<\/p>\n","protected":false},"excerpt":{"rendered":"<p>Exurol je pr\u00edrodn\u00fd doplnok stravy s extraktom z palmy sabalovej, p\u0155h\u013eavy a beta-sitosterolu, ktor\u00fd podporuje zdravie prostaty a norm\u00e1lnu funkciu mo\u010dov\u00e9ho syst\u00e9mu.<\/p>\n","protected":false},"featured_media":9534,"comment_status":"open","ping_status":"closed","template":"","meta":{"site-sidebar-layout":"default","site-content-layout":"","ast-site-content-layout":"default","site-content-style":"default","site-sidebar-style":"default","ast-global-header-display":"","ast-banner-title-visibility":"","ast-main-header-display":"","ast-hfb-above-header-display":"","ast-hfb-below-header-display":"","ast-hfb-mobile-header-display":"","site-post-title":"","ast-breadcrumbs-content":"","ast-featured-img":"","footer-sml-layout":"","ast-disable-related-posts":"","theme-transparent-header-meta":"default","adv-header-id-meta":"","stick-header-meta":"","header-above-stick-meta":"","header-main-stick-meta":"","header-below-stick-meta":"","astra-migrate-meta-layouts":"set","ast-page-background-enabled":"default","ast-page-background-meta":{"desktop":{"background-color":"","background-image":"","background-repeat":"repeat","background-position":"center center","background-size":"auto","background-attachment":"scroll","background-type":"","background-media":"","overlay-type":"","overlay-color":"","overlay-opacity":"","overlay-gradient":""},"tablet":{"background-color":"","background-image":"","background-repeat":"repeat","background-position":"center center","background-size":"auto","background-attachment":"scroll","background-type":"","background-media":"","overlay-type":"","overlay-color":"","overlay-opacity":"","overlay-gradient":""},"mobile":{"background-color":"","background-image":"","background-repeat":"repeat","background-position":"center center","background-size":"auto","background-attachment":"scroll","background-type":"","background-media":"","overlay-type":"","overlay-color":"","overlay-opacity":"","overlay-gradient":""}},"ast-content-background-meta":{"desktop":{"background-color":"var(--ast-global-color-5)","background-image":"","background-repeat":"repeat","background-position":"center center","background-size":"auto","background-attachment":"scroll","background-type":"","background-media":"","overlay-type":"","overlay-color":"","overlay-opacity":"","overlay-gradient":""},"tablet":{"background-color":"var(--ast-global-color-5)","background-image":"","background-repeat":"repeat","background-position":"center center","background-size":"auto","background-attachment":"scroll","background-type":"","background-media":"","overlay-type":"","overlay-color":"","overlay-opacity":"","overlay-gradient":""},"mobile":{"background-color":"var(--ast-global-color-5)","background-image":"","background-repeat":"repeat","background-position":"center center","background-size":"auto","background-attachment":"scroll","background-type":"","background-media":"","overlay-type":"","overlay-color":"","overlay-opacity":"","overlay-gradient":""}}},"product_brand":[],"product_cat":[40],"product_tag":[],"class_list":{"0":"post-9535","1":"product","2":"type-product","3":"status-publish","4":"has-post-thumbnail","6":"product_cat-produkty-pre-muzov","7":"desktop-align-left","8":"tablet-align-left","9":"mobile-align-left","11":"first","12":"instock","13":"taxable","14":"shipping-taxable","15":"purchasable","16":"product-type-simple"},"_links":{"self":[{"href":"https:\/\/wellness4you.cz\/sk\/wp-json\/wp\/v2\/product\/9535","targetHints":{"allow":["GET"]}}],"collection":[{"href":"https:\/\/wellness4you.cz\/sk\/wp-json\/wp\/v2\/product"}],"about":[{"href":"https:\/\/wellness4you.cz\/sk\/wp-json\/wp\/v2\/types\/product"}],"replies":[{"embeddable":true,"href":"https:\/\/wellness4you.cz\/sk\/wp-json\/wp\/v2\/comments?post=9535"}],"wp:featuredmedia":[{"embeddable":true,"href":"https:\/\/wellness4you.cz\/sk\/wp-json\/wp\/v2\/media\/9534"}],"wp:attachment":[{"href":"https:\/\/wellness4you.cz\/sk\/wp-json\/wp\/v2\/media?parent=9535"}],"wp:term":[{"taxonomy":"product_brand","embeddable":true,"href":"https:\/\/wellness4you.cz\/sk\/wp-json\/wp\/v2\/product_brand?post=9535"},{"taxonomy":"product_cat","embeddable":true,"href":"https:\/\/wellness4you.cz\/sk\/wp-json\/wp\/v2\/product_cat?post=9535"},{"taxonomy":"product_tag","embeddable":true,"href":"https:\/\/wellness4you.cz\/sk\/wp-json\/wp\/v2\/product_tag?post=9535"}],"curies":[{"name":"wp","href":"https:\/\/api.w.org\/{rel}","templated":true}]}}