{"id":9533,"date":"2025-02-20T17:53:08","date_gmt":"2025-02-20T16:53:08","guid":{"rendered":"https:\/\/wellness4you.cz\/sk\/predstonorm\/"},"modified":"2026-01-08T22:52:34","modified_gmt":"2026-01-08T21:52:34","slug":"predstonorm","status":"publish","type":"product","link":"https:\/\/wellness4you.cz\/sk\/predstonorm\/","title":{"rendered":"Predstonorm"},"content":{"rendered":"<h2>PredstoNorm \u2013 Doplnok stravy s kurkumou, vitam\u00ednmi a miner\u00e1lmi<\/h2>\n<p><strong>PredstoNorm<\/strong> je doplnok stravy obsahuj\u00faci starostlivo vybran\u00e9 zlo\u017eky, ktor\u00e9 s\u00fa be\u017enou s\u00fa\u010das\u0165ou doplnkov stravy.<\/p>\n<h2>Zlo\u017eenie PredstoNorm<\/h2>\n<ul>\n<li><strong>Extrakt z kurkumy:<\/strong> Rastlinn\u00e1 zlo\u017eka.<\/li>\n<li><strong>Vitam\u00edn C:<\/strong> Organick\u00e1 l\u00e1tka prirodzene sa vyskytuj\u00faca v potravin\u00e1ch.<\/li>\n<li><strong>Kyselina hyalur\u00f3nov\u00e1:<\/strong> Prirodzen\u00e1 zlo\u017eka pr\u00edtomn\u00e1 v tele.<\/li>\n<li><strong>Zinok:<\/strong> Stopov\u00fd prvok be\u017ene obsiahnut\u00fd v doplnkoch stravy.<\/li>\n<\/ul>\n<h2>D\u00e1vkovanie<\/h2>\n<p>U\u017e\u00edvajte kapsuly pod\u013ea odpor\u00fa\u010dan\u00e9ho d\u00e1vkovania uveden\u00e9ho na obale alebo pod\u013ea odpor\u00fa\u010dania odborn\u00edka.<\/p>\n","protected":false},"excerpt":{"rendered":"<p>PredstoNorm je doplnok stravy s kurkumou, vitam\u00ednom C, kyselinou hyalur\u00f3novou a zinkom. Obsahuje starostlivo vybran\u00e9 zlo\u017eky v praktickej forme na ka\u017edodenn\u00e9 u\u017e\u00edvanie.<\/p>\n","protected":false},"featured_media":9532,"comment_status":"open","ping_status":"closed","template":"","meta":{"site-sidebar-layout":"default","site-content-layout":"","ast-site-content-layout":"default","site-content-style":"default","site-sidebar-style":"default","ast-global-header-display":"","ast-banner-title-visibility":"","ast-main-header-display":"","ast-hfb-above-header-display":"","ast-hfb-below-header-display":"","ast-hfb-mobile-header-display":"","site-post-title":"","ast-breadcrumbs-content":"","ast-featured-img":"","footer-sml-layout":"","ast-disable-related-posts":"","theme-transparent-header-meta":"default","adv-header-id-meta":"","stick-header-meta":"","header-above-stick-meta":"","header-main-stick-meta":"","header-below-stick-meta":"","astra-migrate-meta-layouts":"set","ast-page-background-enabled":"default","ast-page-background-meta":{"desktop":{"background-color":"","background-image":"","background-repeat":"repeat","background-position":"center center","background-size":"auto","background-attachment":"scroll","background-type":"","background-media":"","overlay-type":"","overlay-color":"","overlay-opacity":"","overlay-gradient":""},"tablet":{"background-color":"","background-image":"","background-repeat":"repeat","background-position":"center center","background-size":"auto","background-attachment":"scroll","background-type":"","background-media":"","overlay-type":"","overlay-color":"","overlay-opacity":"","overlay-gradient":""},"mobile":{"background-color":"","background-image":"","background-repeat":"repeat","background-position":"center center","background-size":"auto","background-attachment":"scroll","background-type":"","background-media":"","overlay-type":"","overlay-color":"","overlay-opacity":"","overlay-gradient":""}},"ast-content-background-meta":{"desktop":{"background-color":"var(--ast-global-color-5)","background-image":"","background-repeat":"repeat","background-position":"center center","background-size":"auto","background-attachment":"scroll","background-type":"","background-media":"","overlay-type":"","overlay-color":"","overlay-opacity":"","overlay-gradient":""},"tablet":{"background-color":"var(--ast-global-color-5)","background-image":"","background-repeat":"repeat","background-position":"center center","background-size":"auto","background-attachment":"scroll","background-type":"","background-media":"","overlay-type":"","overlay-color":"","overlay-opacity":"","overlay-gradient":""},"mobile":{"background-color":"var(--ast-global-color-5)","background-image":"","background-repeat":"repeat","background-position":"center center","background-size":"auto","background-attachment":"scroll","background-type":"","background-media":"","overlay-type":"","overlay-color":"","overlay-opacity":"","overlay-gradient":""}}},"product_brand":[],"product_cat":[40],"product_tag":[],"class_list":{"0":"post-9533","1":"product","2":"type-product","3":"status-publish","4":"has-post-thumbnail","6":"product_cat-produkty-pre-muzov","7":"desktop-align-left","8":"tablet-align-left","9":"mobile-align-left","11":"first","12":"instock","13":"taxable","14":"shipping-taxable","15":"purchasable","16":"product-type-simple"},"_links":{"self":[{"href":"https:\/\/wellness4you.cz\/sk\/wp-json\/wp\/v2\/product\/9533","targetHints":{"allow":["GET"]}}],"collection":[{"href":"https:\/\/wellness4you.cz\/sk\/wp-json\/wp\/v2\/product"}],"about":[{"href":"https:\/\/wellness4you.cz\/sk\/wp-json\/wp\/v2\/types\/product"}],"replies":[{"embeddable":true,"href":"https:\/\/wellness4you.cz\/sk\/wp-json\/wp\/v2\/comments?post=9533"}],"wp:featuredmedia":[{"embeddable":true,"href":"https:\/\/wellness4you.cz\/sk\/wp-json\/wp\/v2\/media\/9532"}],"wp:attachment":[{"href":"https:\/\/wellness4you.cz\/sk\/wp-json\/wp\/v2\/media?parent=9533"}],"wp:term":[{"taxonomy":"product_brand","embeddable":true,"href":"https:\/\/wellness4you.cz\/sk\/wp-json\/wp\/v2\/product_brand?post=9533"},{"taxonomy":"product_cat","embeddable":true,"href":"https:\/\/wellness4you.cz\/sk\/wp-json\/wp\/v2\/product_cat?post=9533"},{"taxonomy":"product_tag","embeddable":true,"href":"https:\/\/wellness4you.cz\/sk\/wp-json\/wp\/v2\/product_tag?post=9533"}],"curies":[{"name":"wp","href":"https:\/\/api.w.org\/{rel}","templated":true}]}}