{"id":9500,"date":"2025-02-13T17:47:42","date_gmt":"2025-02-13T16:47:42","guid":{"rendered":"https:\/\/wellness4you.cz\/sk\/?post_type=product&#038;p=9500"},"modified":"2026-01-16T14:51:49","modified_gmt":"2026-01-16T13:51:49","slug":"pulsero-complex-pulsero-gel-a-pulsero-kapsuly","status":"publish","type":"product","link":"https:\/\/wellness4you.cz\/sk\/pulsero-complex-pulsero-gel-a-pulsero-kapsuly\/","title":{"rendered":"Pulsero Complex (Pulsero g\u00e9l a Pulsero kapsuly)"},"content":{"rendered":"<p>Pulsero Complex je dvojzlo\u017ekov\u00fd v\u00fd\u017eivov\u00fd doplnok, ktor\u00fd kombinuje kapsuly a g\u00e9l v jednom balen\u00ed. T\u00e1to kombin\u00e1cia umo\u017e\u0148uje komplexn\u00fa starostlivos\u0165 a jednoduch\u00e9 za\u010dlenenie do ka\u017edodennej rutiny.<\/p>\n<h2>\u010co obsahuje Pulsero Complex?<\/h2>\n<ul>\n<li><strong>Pulsero kapsuly:<\/strong> Obsahuj\u00fa starostlivo vybran\u00e9 zlo\u017eky na doplnenie v\u00fd\u017eivy.<\/li>\n<li><strong>Pulsero g\u00e9l:<\/strong> Poskytuje doplnkov\u00fa starostlivos\u0165 a vonkaj\u0161iu aplik\u00e1ciu.<\/li>\n<\/ul>\n<h2>Hlavn\u00e9 v\u00fdhody produktu<\/h2>\n<ul>\n<li><strong>Kombinovan\u00e1 formula:<\/strong> Dva produkty v jednom balen\u00ed.<\/li>\n<li><strong>Extrakt z damiany:<\/strong> Pom\u00e1ha udr\u017eiava\u0165 prirodzen\u00fa rovnov\u00e1hu organizmu.<\/li>\n<li><strong>\u017den\u0161en:<\/strong> Prispieva k celkov\u00e9mu posilneniu tela.<\/li>\n<li><strong>Zinok:<\/strong> Podporuje norm\u00e1lny metabolizmus a vybran\u00e9 telesn\u00e9 funkcie.<\/li>\n<li><strong>Praktick\u00e9 pou\u017eitie:<\/strong> Jednoduch\u00e9 d\u00e1vkovanie kaps\u00fal a aplik\u00e1cia g\u00e9lu.<\/li>\n<\/ul>\n","protected":false},"excerpt":{"rendered":"<p>Pulsero Complex \u2013 v\u00fd\u017eivov\u00fd doplnok obsahuj\u00faci kapsuly a g\u00e9l. Kombinovan\u00e1 formula pre jednoduch\u00e9 doplnenie v\u00fd\u017eivy a starostlivos\u0165 o telo.<\/p>\n","protected":false},"featured_media":9501,"comment_status":"open","ping_status":"closed","template":"","meta":{"site-sidebar-layout":"default","site-content-layout":"","ast-site-content-layout":"default","site-content-style":"default","site-sidebar-style":"default","ast-global-header-display":"","ast-banner-title-visibility":"","ast-main-header-display":"","ast-hfb-above-header-display":"","ast-hfb-below-header-display":"","ast-hfb-mobile-header-display":"","site-post-title":"","ast-breadcrumbs-content":"","ast-featured-img":"","footer-sml-layout":"","ast-disable-related-posts":"","theme-transparent-header-meta":"default","adv-header-id-meta":"","stick-header-meta":"","header-above-stick-meta":"","header-main-stick-meta":"","header-below-stick-meta":"","astra-migrate-meta-layouts":"set","ast-page-background-enabled":"default","ast-page-background-meta":{"desktop":{"background-color":"","background-image":"","background-repeat":"repeat","background-position":"center center","background-size":"auto","background-attachment":"scroll","background-type":"","background-media":"","overlay-type":"","overlay-color":"","overlay-opacity":"","overlay-gradient":""},"tablet":{"background-color":"","background-image":"","background-repeat":"repeat","background-position":"center center","background-size":"auto","background-attachment":"scroll","background-type":"","background-media":"","overlay-type":"","overlay-color":"","overlay-opacity":"","overlay-gradient":""},"mobile":{"background-color":"","background-image":"","background-repeat":"repeat","background-position":"center center","background-size":"auto","background-attachment":"scroll","background-type":"","background-media":"","overlay-type":"","overlay-color":"","overlay-opacity":"","overlay-gradient":""}},"ast-content-background-meta":{"desktop":{"background-color":"var(--ast-global-color-5)","background-image":"","background-repeat":"repeat","background-position":"center center","background-size":"auto","background-attachment":"scroll","background-type":"","background-media":"","overlay-type":"","overlay-color":"","overlay-opacity":"","overlay-gradient":""},"tablet":{"background-color":"var(--ast-global-color-5)","background-image":"","background-repeat":"repeat","background-position":"center center","background-size":"auto","background-attachment":"scroll","background-type":"","background-media":"","overlay-type":"","overlay-color":"","overlay-opacity":"","overlay-gradient":""},"mobile":{"background-color":"var(--ast-global-color-5)","background-image":"","background-repeat":"repeat","background-position":"center center","background-size":"auto","background-attachment":"scroll","background-type":"","background-media":"","overlay-type":"","overlay-color":"","overlay-opacity":"","overlay-gradient":""}}},"product_brand":[],"product_cat":[40],"product_tag":[],"class_list":{"0":"post-9500","1":"product","2":"type-product","3":"status-publish","4":"has-post-thumbnail","6":"product_cat-produkty-pre-muzov","7":"desktop-align-left","8":"tablet-align-left","9":"mobile-align-left","11":"first","12":"instock","13":"taxable","14":"shipping-taxable","15":"purchasable","16":"product-type-simple"},"_links":{"self":[{"href":"https:\/\/wellness4you.cz\/sk\/wp-json\/wp\/v2\/product\/9500","targetHints":{"allow":["GET"]}}],"collection":[{"href":"https:\/\/wellness4you.cz\/sk\/wp-json\/wp\/v2\/product"}],"about":[{"href":"https:\/\/wellness4you.cz\/sk\/wp-json\/wp\/v2\/types\/product"}],"replies":[{"embeddable":true,"href":"https:\/\/wellness4you.cz\/sk\/wp-json\/wp\/v2\/comments?post=9500"}],"wp:featuredmedia":[{"embeddable":true,"href":"https:\/\/wellness4you.cz\/sk\/wp-json\/wp\/v2\/media\/9501"}],"wp:attachment":[{"href":"https:\/\/wellness4you.cz\/sk\/wp-json\/wp\/v2\/media?parent=9500"}],"wp:term":[{"taxonomy":"product_brand","embeddable":true,"href":"https:\/\/wellness4you.cz\/sk\/wp-json\/wp\/v2\/product_brand?post=9500"},{"taxonomy":"product_cat","embeddable":true,"href":"https:\/\/wellness4you.cz\/sk\/wp-json\/wp\/v2\/product_cat?post=9500"},{"taxonomy":"product_tag","embeddable":true,"href":"https:\/\/wellness4you.cz\/sk\/wp-json\/wp\/v2\/product_tag?post=9500"}],"curies":[{"name":"wp","href":"https:\/\/api.w.org\/{rel}","templated":true}]}}