{"id":9490,"date":"2025-02-12T15:52:22","date_gmt":"2025-02-12T14:52:22","guid":{"rendered":"https:\/\/wellness4you.cz\/sk\/?post_type=product&#038;p=9490"},"modified":"2026-01-08T22:52:34","modified_gmt":"2026-01-08T21:52:34","slug":"blutforde","status":"publish","type":"product","link":"https:\/\/wellness4you.cz\/sk\/blutforde\/","title":{"rendered":"Blutforde"},"content":{"rendered":"<h2>Zlo\u017eenie &#8211; Blutforde<\/h2>\n<ul>\n<li><strong>Extrakt z \u010du\u010doriedok:<\/strong> Obsahuje pr\u00edrodn\u00e9 antioxidanty, ktor\u00e9 podporuj\u00fa zdravie ciev a norm\u00e1lnu cirkul\u00e1ciu krvi.<\/li>\n<li><strong>Vitam\u00edn C:<\/strong> Prispieva k spr\u00e1vnemu fungovaniu imunitn\u00e9ho syst\u00e9mu a pom\u00e1ha udr\u017eiava\u0165 pevnos\u0165 a pru\u017enos\u0165 ciev.<\/li>\n<li><strong>Extrakt z hroznov\u00fdch jadier:<\/strong> Podporuje krvn\u00fd obeh a prispieva k zn\u00ed\u017eeniu oxida\u010dn\u00e9ho stresu.<\/li>\n<li><strong>\u017delezo:<\/strong> D\u00f4le\u017eit\u00fd miner\u00e1l, ktor\u00fd napom\u00e1ha transportu kysl\u00edka v tele.<\/li>\n<li><strong>Me\u010f:<\/strong> Prispieva k norm\u00e1lnej funkcii cievneho syst\u00e9mu.<\/li>\n<\/ul>\n","protected":false},"excerpt":{"rendered":"<p>Blutforde s extraktom z \u010du\u010doriedok, vitam\u00ednom C a hroznov\u00fdmi jadrami. Starostlivo vybran\u00e9 zlo\u017eky pre podporu cirkul\u00e1cie a zdravia ciev.<\/p>\n","protected":false},"featured_media":9491,"comment_status":"open","ping_status":"closed","template":"","meta":{"site-sidebar-layout":"default","site-content-layout":"","ast-site-content-layout":"default","site-content-style":"default","site-sidebar-style":"default","ast-global-header-display":"","ast-banner-title-visibility":"","ast-main-header-display":"","ast-hfb-above-header-display":"","ast-hfb-below-header-display":"","ast-hfb-mobile-header-display":"","site-post-title":"","ast-breadcrumbs-content":"","ast-featured-img":"","footer-sml-layout":"","ast-disable-related-posts":"","theme-transparent-header-meta":"default","adv-header-id-meta":"","stick-header-meta":"","header-above-stick-meta":"","header-main-stick-meta":"","header-below-stick-meta":"","astra-migrate-meta-layouts":"set","ast-page-background-enabled":"default","ast-page-background-meta":{"desktop":{"background-color":"","background-image":"","background-repeat":"repeat","background-position":"center center","background-size":"auto","background-attachment":"scroll","background-type":"","background-media":"","overlay-type":"","overlay-color":"","overlay-opacity":"","overlay-gradient":""},"tablet":{"background-color":"","background-image":"","background-repeat":"repeat","background-position":"center center","background-size":"auto","background-attachment":"scroll","background-type":"","background-media":"","overlay-type":"","overlay-color":"","overlay-opacity":"","overlay-gradient":""},"mobile":{"background-color":"","background-image":"","background-repeat":"repeat","background-position":"center center","background-size":"auto","background-attachment":"scroll","background-type":"","background-media":"","overlay-type":"","overlay-color":"","overlay-opacity":"","overlay-gradient":""}},"ast-content-background-meta":{"desktop":{"background-color":"var(--ast-global-color-5)","background-image":"","background-repeat":"repeat","background-position":"center center","background-size":"auto","background-attachment":"scroll","background-type":"","background-media":"","overlay-type":"","overlay-color":"","overlay-opacity":"","overlay-gradient":""},"tablet":{"background-color":"var(--ast-global-color-5)","background-image":"","background-repeat":"repeat","background-position":"center center","background-size":"auto","background-attachment":"scroll","background-type":"","background-media":"","overlay-type":"","overlay-color":"","overlay-opacity":"","overlay-gradient":""},"mobile":{"background-color":"var(--ast-global-color-5)","background-image":"","background-repeat":"repeat","background-position":"center center","background-size":"auto","background-attachment":"scroll","background-type":"","background-media":"","overlay-type":"","overlay-color":"","overlay-opacity":"","overlay-gradient":""}}},"product_brand":[],"product_cat":[41],"product_tag":[],"class_list":{"0":"post-9490","1":"product","2":"type-product","3":"status-publish","4":"has-post-thumbnail","6":"product_cat-produkty-pre-zdravie","7":"desktop-align-left","8":"tablet-align-left","9":"mobile-align-left","11":"first","12":"instock","13":"taxable","14":"shipping-taxable","15":"purchasable","16":"product-type-simple"},"_links":{"self":[{"href":"https:\/\/wellness4you.cz\/sk\/wp-json\/wp\/v2\/product\/9490","targetHints":{"allow":["GET"]}}],"collection":[{"href":"https:\/\/wellness4you.cz\/sk\/wp-json\/wp\/v2\/product"}],"about":[{"href":"https:\/\/wellness4you.cz\/sk\/wp-json\/wp\/v2\/types\/product"}],"replies":[{"embeddable":true,"href":"https:\/\/wellness4you.cz\/sk\/wp-json\/wp\/v2\/comments?post=9490"}],"wp:featuredmedia":[{"embeddable":true,"href":"https:\/\/wellness4you.cz\/sk\/wp-json\/wp\/v2\/media\/9491"}],"wp:attachment":[{"href":"https:\/\/wellness4you.cz\/sk\/wp-json\/wp\/v2\/media?parent=9490"}],"wp:term":[{"taxonomy":"product_brand","embeddable":true,"href":"https:\/\/wellness4you.cz\/sk\/wp-json\/wp\/v2\/product_brand?post=9490"},{"taxonomy":"product_cat","embeddable":true,"href":"https:\/\/wellness4you.cz\/sk\/wp-json\/wp\/v2\/product_cat?post=9490"},{"taxonomy":"product_tag","embeddable":true,"href":"https:\/\/wellness4you.cz\/sk\/wp-json\/wp\/v2\/product_tag?post=9490"}],"curies":[{"name":"wp","href":"https:\/\/api.w.org\/{rel}","templated":true}]}}