{"id":9481,"date":"2025-02-12T00:46:53","date_gmt":"2025-02-11T23:46:53","guid":{"rendered":"https:\/\/wellness4you.cz\/sk\/?post_type=product&#038;p=9481"},"modified":"2026-01-08T22:52:34","modified_gmt":"2026-01-08T21:52:34","slug":"vetonus","status":"publish","type":"product","link":"https:\/\/wellness4you.cz\/sk\/vetonus\/","title":{"rendered":"Vetonus"},"content":{"rendered":"<h2>Zlo\u017eenie \u2013 Vetonus<\/h2>\n<p>Vetonus je g\u00e9l s vybran\u00fdmi rastlinn\u00fdmi extraktmi a vitam\u00ednom E. Jeho zlo\u017eenie bolo navrhnut\u00e9 tak, aby podporovalo ka\u017edodenn\u00fa starostlivos\u0165 o poko\u017eku a pom\u00e1halo jej udr\u017ea\u0165 svie\u017ei vzh\u013ead.<\/p>\n<h2>Hlavn\u00e9 zlo\u017eky:<\/h2>\n<ul>\n<li><strong>Tribulus Terrestris:<\/strong> Rastlinn\u00fd extrakt be\u017ene pou\u017e\u00edvan\u00fd v kozmetick\u00fdch pr\u00edpravkoch.<\/li>\n<li><strong>\u017den\u0161en:<\/strong> Pom\u00e1ha udr\u017ea\u0165 pocit svie\u017eosti a komfortu na poko\u017eke.<\/li>\n<li><strong>Macaforza:<\/strong> Pr\u00edrodn\u00fd extrakt, ktor\u00fd podporuje pravideln\u00fa starostlivos\u0165 o poko\u017eku.<\/li>\n<li><strong>Vitam\u00edn E:<\/strong> Antioxidant, ktor\u00fd pom\u00e1ha chr\u00e1ni\u0165 poko\u017eku pred vonkaj\u0161\u00edmi vplyvmi.<\/li>\n<\/ul>\n<p>Vetonus je ide\u00e1lny pre ka\u017edodenn\u00e9 pou\u017e\u00edvanie ako s\u00fa\u010das\u0165 pravidelnej starostlivosti o poko\u017eku.<\/p>\n","protected":false},"excerpt":{"rendered":"<p>Vetonus je g\u00e9l s rastlinn\u00fdmi extraktmi a vitam\u00ednom E, ktor\u00fd je navrhnut\u00fd na podporu ka\u017edodennej starostlivosti o poko\u017eku a pom\u00e1ha udr\u017ea\u0165 jej prirodzen\u00fa rovnov\u00e1hu.<\/p>\n","protected":false},"featured_media":9482,"comment_status":"open","ping_status":"closed","template":"","meta":{"site-sidebar-layout":"default","site-content-layout":"","ast-site-content-layout":"default","site-content-style":"default","site-sidebar-style":"default","ast-global-header-display":"","ast-banner-title-visibility":"","ast-main-header-display":"","ast-hfb-above-header-display":"","ast-hfb-below-header-display":"","ast-hfb-mobile-header-display":"","site-post-title":"","ast-breadcrumbs-content":"","ast-featured-img":"","footer-sml-layout":"","ast-disable-related-posts":"","theme-transparent-header-meta":"default","adv-header-id-meta":"","stick-header-meta":"","header-above-stick-meta":"","header-main-stick-meta":"","header-below-stick-meta":"","astra-migrate-meta-layouts":"set","ast-page-background-enabled":"default","ast-page-background-meta":{"desktop":{"background-color":"","background-image":"","background-repeat":"repeat","background-position":"center center","background-size":"auto","background-attachment":"scroll","background-type":"","background-media":"","overlay-type":"","overlay-color":"","overlay-opacity":"","overlay-gradient":""},"tablet":{"background-color":"","background-image":"","background-repeat":"repeat","background-position":"center center","background-size":"auto","background-attachment":"scroll","background-type":"","background-media":"","overlay-type":"","overlay-color":"","overlay-opacity":"","overlay-gradient":""},"mobile":{"background-color":"","background-image":"","background-repeat":"repeat","background-position":"center center","background-size":"auto","background-attachment":"scroll","background-type":"","background-media":"","overlay-type":"","overlay-color":"","overlay-opacity":"","overlay-gradient":""}},"ast-content-background-meta":{"desktop":{"background-color":"var(--ast-global-color-5)","background-image":"","background-repeat":"repeat","background-position":"center center","background-size":"auto","background-attachment":"scroll","background-type":"","background-media":"","overlay-type":"","overlay-color":"","overlay-opacity":"","overlay-gradient":""},"tablet":{"background-color":"var(--ast-global-color-5)","background-image":"","background-repeat":"repeat","background-position":"center center","background-size":"auto","background-attachment":"scroll","background-type":"","background-media":"","overlay-type":"","overlay-color":"","overlay-opacity":"","overlay-gradient":""},"mobile":{"background-color":"var(--ast-global-color-5)","background-image":"","background-repeat":"repeat","background-position":"center center","background-size":"auto","background-attachment":"scroll","background-type":"","background-media":"","overlay-type":"","overlay-color":"","overlay-opacity":"","overlay-gradient":""}}},"product_brand":[],"product_cat":[41],"product_tag":[],"class_list":{"0":"post-9481","1":"product","2":"type-product","3":"status-publish","4":"has-post-thumbnail","6":"product_cat-produkty-pre-zdravie","7":"desktop-align-left","8":"tablet-align-left","9":"mobile-align-left","11":"first","12":"instock","13":"taxable","14":"shipping-taxable","15":"purchasable","16":"product-type-simple"},"_links":{"self":[{"href":"https:\/\/wellness4you.cz\/sk\/wp-json\/wp\/v2\/product\/9481","targetHints":{"allow":["GET"]}}],"collection":[{"href":"https:\/\/wellness4you.cz\/sk\/wp-json\/wp\/v2\/product"}],"about":[{"href":"https:\/\/wellness4you.cz\/sk\/wp-json\/wp\/v2\/types\/product"}],"replies":[{"embeddable":true,"href":"https:\/\/wellness4you.cz\/sk\/wp-json\/wp\/v2\/comments?post=9481"}],"wp:featuredmedia":[{"embeddable":true,"href":"https:\/\/wellness4you.cz\/sk\/wp-json\/wp\/v2\/media\/9482"}],"wp:attachment":[{"href":"https:\/\/wellness4you.cz\/sk\/wp-json\/wp\/v2\/media?parent=9481"}],"wp:term":[{"taxonomy":"product_brand","embeddable":true,"href":"https:\/\/wellness4you.cz\/sk\/wp-json\/wp\/v2\/product_brand?post=9481"},{"taxonomy":"product_cat","embeddable":true,"href":"https:\/\/wellness4you.cz\/sk\/wp-json\/wp\/v2\/product_cat?post=9481"},{"taxonomy":"product_tag","embeddable":true,"href":"https:\/\/wellness4you.cz\/sk\/wp-json\/wp\/v2\/product_tag?post=9481"}],"curies":[{"name":"wp","href":"https:\/\/api.w.org\/{rel}","templated":true}]}}