{"id":9399,"date":"2025-01-25T15:24:12","date_gmt":"2025-01-25T14:24:12","guid":{"rendered":"https:\/\/wellness4you.cz\/sk\/?post_type=product&#038;p=9399"},"modified":"2026-05-16T21:14:21","modified_gmt":"2026-05-16T19:14:21","slug":"insuvit","status":"publish","type":"product","link":"https:\/\/wellness4you.cz\/sk\/insuvit\/","title":{"rendered":"Insuvit"},"content":{"rendered":"<h2>Zlo\u017eenie &#8211; Insuvit<\/h2>\n<ul>\n<li><strong>Gymnema Sylvestre:<\/strong> zn\u00e1ma svojou schopnos\u0165ou podporova\u0165 kontrolu chuti na sladk\u00e9.<\/li>\n<li><strong>Hork\u00fd mel\u00f3n:<\/strong> pom\u00e1ha udr\u017eiava\u0165 zdrav\u00fa rovnov\u00e1hu gluk\u00f3zy v tele.<\/li>\n<li><strong>Chr\u00f3m:<\/strong> prispieva k norm\u00e1lnemu metabolizmu makro\u017eiv\u00edn a udr\u017eiavaniu hladiny cukru v krvi.<\/li>\n<li><strong>\u0160korica:<\/strong> podporuje zdrav\u00e9 tr\u00e1venie a metabolick\u00e9 procesy.<\/li>\n<li><strong>Hor\u010d\u00edk:<\/strong> k\u013e\u00fa\u010dov\u00fd miner\u00e1l pre funkciu svalov a nervov\u00e9ho syst\u00e9mu.<\/li>\n<li><strong>Vitam\u00edn C:<\/strong> posil\u0148uje imunitn\u00fd syst\u00e9m a chr\u00e1ni bunky pred oxida\u010dn\u00fdm stresom.<\/li>\n<\/ul>\n<p>Insuvit je doplnok stravy navrhnut\u00fd na podporu zdrav\u00e9ho metabolizmu cukru a celkov\u00e9ho zdravia tela. Obsahuje starostlivo vybran\u00e9 pr\u00edrodn\u00e9 zlo\u017eky, ako s\u00fa Gymnema Sylvestre, hork\u00fd mel\u00f3n a chr\u00f3m, ktor\u00e9 pom\u00e1haj\u00fa regulova\u0165 hladinu cukru v krvi a podporuj\u00fa energetick\u00fd metabolizmus. Pr\u00edtomnos\u0165 vitam\u00ednu C a hor\u010d\u00edka posil\u0148uje imunitu a podporuje ka\u017edodenn\u00fa vitalitu. Ide\u00e1lna vo\u013eba pre t\u00fdch, ktor\u00ed h\u013eadaj\u00fa pr\u00edrodn\u00fd a efekt\u00edvny sp\u00f4sob, ako podpori\u0165 svoje zdravie.<\/p>\n","protected":false},"excerpt":{"rendered":"<p>Insuvit je pr\u00edrodn\u00fd doplnok stravy s obsahom hork\u00e9ho mel\u00f3na, Gymnema Sylvestre, chr\u00f3mu a vitam\u00ednu C, podporuj\u00faci metabolizmus cukru a celkov\u00e9 zdravie tela.<\/p>\n","protected":false},"featured_media":9401,"comment_status":"open","ping_status":"closed","template":"","meta":{"site-sidebar-layout":"default","site-content-layout":"","ast-site-content-layout":"default","site-content-style":"default","site-sidebar-style":"default","ast-global-header-display":"","ast-banner-title-visibility":"","ast-main-header-display":"","ast-hfb-above-header-display":"","ast-hfb-below-header-display":"","ast-hfb-mobile-header-display":"","site-post-title":"","ast-breadcrumbs-content":"","ast-featured-img":"","footer-sml-layout":"","ast-disable-related-posts":"","theme-transparent-header-meta":"default","adv-header-id-meta":"","stick-header-meta":"","header-above-stick-meta":"","header-main-stick-meta":"","header-below-stick-meta":"","astra-migrate-meta-layouts":"set","ast-page-background-enabled":"default","ast-page-background-meta":{"desktop":{"background-color":"","background-image":"","background-repeat":"repeat","background-position":"center center","background-size":"auto","background-attachment":"scroll","background-type":"","background-media":"","overlay-type":"","overlay-color":"","overlay-opacity":"","overlay-gradient":""},"tablet":{"background-color":"","background-image":"","background-repeat":"repeat","background-position":"center center","background-size":"auto","background-attachment":"scroll","background-type":"","background-media":"","overlay-type":"","overlay-color":"","overlay-opacity":"","overlay-gradient":""},"mobile":{"background-color":"","background-image":"","background-repeat":"repeat","background-position":"center center","background-size":"auto","background-attachment":"scroll","background-type":"","background-media":"","overlay-type":"","overlay-color":"","overlay-opacity":"","overlay-gradient":""}},"ast-content-background-meta":{"desktop":{"background-color":"var(--ast-global-color-5)","background-image":"","background-repeat":"repeat","background-position":"center center","background-size":"auto","background-attachment":"scroll","background-type":"","background-media":"","overlay-type":"","overlay-color":"","overlay-opacity":"","overlay-gradient":""},"tablet":{"background-color":"var(--ast-global-color-5)","background-image":"","background-repeat":"repeat","background-position":"center center","background-size":"auto","background-attachment":"scroll","background-type":"","background-media":"","overlay-type":"","overlay-color":"","overlay-opacity":"","overlay-gradient":""},"mobile":{"background-color":"var(--ast-global-color-5)","background-image":"","background-repeat":"repeat","background-position":"center center","background-size":"auto","background-attachment":"scroll","background-type":"","background-media":"","overlay-type":"","overlay-color":"","overlay-opacity":"","overlay-gradient":""}}},"product_brand":[],"product_cat":[63,41],"product_tag":[],"class_list":{"0":"post-9399","1":"product","2":"type-product","3":"status-publish","4":"has-post-thumbnail","6":"product_cat-novinky","7":"product_cat-produkty-pre-zdravie","8":"desktop-align-left","9":"tablet-align-left","10":"mobile-align-left","12":"first","13":"instock","14":"sale","15":"taxable","16":"shipping-taxable","17":"purchasable","18":"product-type-simple"},"_links":{"self":[{"href":"https:\/\/wellness4you.cz\/sk\/wp-json\/wp\/v2\/product\/9399","targetHints":{"allow":["GET"]}}],"collection":[{"href":"https:\/\/wellness4you.cz\/sk\/wp-json\/wp\/v2\/product"}],"about":[{"href":"https:\/\/wellness4you.cz\/sk\/wp-json\/wp\/v2\/types\/product"}],"replies":[{"embeddable":true,"href":"https:\/\/wellness4you.cz\/sk\/wp-json\/wp\/v2\/comments?post=9399"}],"wp:featuredmedia":[{"embeddable":true,"href":"https:\/\/wellness4you.cz\/sk\/wp-json\/wp\/v2\/media\/9401"}],"wp:attachment":[{"href":"https:\/\/wellness4you.cz\/sk\/wp-json\/wp\/v2\/media?parent=9399"}],"wp:term":[{"taxonomy":"product_brand","embeddable":true,"href":"https:\/\/wellness4you.cz\/sk\/wp-json\/wp\/v2\/product_brand?post=9399"},{"taxonomy":"product_cat","embeddable":true,"href":"https:\/\/wellness4you.cz\/sk\/wp-json\/wp\/v2\/product_cat?post=9399"},{"taxonomy":"product_tag","embeddable":true,"href":"https:\/\/wellness4you.cz\/sk\/wp-json\/wp\/v2\/product_tag?post=9399"}],"curies":[{"name":"wp","href":"https:\/\/api.w.org\/{rel}","templated":true}]}}