{"id":8946,"date":"2024-08-30T04:59:22","date_gmt":"2024-08-30T02:59:22","guid":{"rendered":"https:\/\/wellness4you.cz\/sk\/vitalite\/"},"modified":"2026-01-08T22:52:35","modified_gmt":"2026-01-08T21:52:35","slug":"vitalite","status":"publish","type":"product","link":"https:\/\/wellness4you.cz\/sk\/vitalite\/","title":{"rendered":"Vitalite"},"content":{"rendered":"<h2>Vitalite \u2013 Doplnok stravy s vitam\u00ednmi pre poko\u017eku, vlasy a nechty<\/h2>\n<p><strong>Vitalite<\/strong> je v\u00e1\u0161 hlavn\u00fd spojenca pri udr\u017eiavan\u00ed kr\u00e1sy a zdravia poko\u017eky, vlasov a nechtov. Starostlivo vyv\u00e1\u017een\u00e9 zlo\u017eenie vitam\u00ednov, miner\u00e1lov, mikro a makro prvkov zabezpe\u010duje zachovanie prirodzenej kr\u00e1sy po dlh\u0161iu dobu. U\u017eitie Vitalite pom\u00e1ha posilni\u0165 nechty a vlasy, spoma\u013euje procesy starnutia a zabezpe\u010duje adekv\u00e1tnu hydrat\u00e1ciu poko\u017eky.<\/p>\n<h2>Zlo\u017eenie produktu Vitalite<\/h2>\n<ul>\n<li><strong>Vitam\u00edn A:<\/strong> 900 mcg<\/li>\n<li><strong>Vitam\u00edn D3:<\/strong> 7,5 mcg<\/li>\n<li><strong>Vitam\u00edn E:<\/strong> 15 mg<\/li>\n<li><strong>Vitam\u00edn C:<\/strong> 60 mg<\/li>\n<li><strong>Kyselina listov\u00e1:<\/strong> 300 mcg<\/li>\n<li><strong>Vitam\u00edn B12:<\/strong> 3 mcg<\/li>\n<li><strong>Me\u010f:<\/strong> 1,5 mg<\/li>\n<li><strong>Vitam\u00edn B1:<\/strong> 1,7 mg<\/li>\n<li><strong>Vitam\u00edn B2:<\/strong> 2 mg<\/li>\n<li><strong>Nikot\u00ednov\u00e1 kyselina:<\/strong> 20 mg<\/li>\n<li><strong>Vitam\u00edn B6:<\/strong> 2 mg<\/li>\n<li><strong>Biot\u00edn:<\/strong> 30 mcg<\/li>\n<li><strong>Pantot\u00e9nov\u00e1 kyselina:<\/strong> 10 mg<\/li>\n<li><strong>\u017delezo:<\/strong> 18 mg<\/li>\n<li><strong>V\u00e1pnik:<\/strong> 215 mg<\/li>\n<li><strong>Fosfor:<\/strong> 100 mg<\/li>\n<li><strong>J\u00f3d:<\/strong> 150 mcg<\/li>\n<li><strong>Hor\u010d\u00edk:<\/strong> 100 mg<\/li>\n<li><strong>Zinok:<\/strong> 15 mg<\/li>\n<li><strong>Chr\u00f3m:<\/strong> 10 mcg<\/li>\n<li><strong>Selen:<\/strong> 10 mcg<\/li>\n<li><strong>Molybd\u00e9n:<\/strong> 10 mcg<\/li>\n<li><strong>Drasl\u00edk:<\/strong> 37,5 mg<\/li>\n<li><strong>Chl\u00f3ry:<\/strong> 34 mg<\/li>\n<li><strong>Mang\u00e1n:<\/strong> 2,5 mg<\/li>\n<\/ul>\n<h2>V\u00fdhody<\/h2>\n<ul>\n<li>Elastick\u00e1, jemn\u00e1 a vy\u017eiven\u00e1 poko\u017eka, ktor\u00e1 \u017eiari zdrav\u00edm<\/li>\n<li>Redukcia opuchov<\/li>\n<li>Minimaliz\u00e1cia pigment\u00e1cie poko\u017eky<\/li>\n<li>Posilnenie nechtovej platni\u010dky<\/li>\n<li>Zlep\u0161enie stavu a kvality vlasov, prevencia vypad\u00e1vania vlasov<\/li>\n<li>Posilnenie imunitn\u00e9ho syst\u00e9mu<\/li>\n<\/ul>\n","protected":false},"excerpt":{"rendered":"<p>Vitalite je doplnok stravy vo forme kaps\u00fal, ur\u010den\u00fd na podporu zdravia poko\u017eky, vlasov a nechtov. Obsahuje vyv\u00e1\u017een\u00fa kombin\u00e1ciu vitam\u00ednov, miner\u00e1lov a \u010fal\u0161\u00edch \u017eiv\u00edn, ktor\u00e9 pom\u00e1haj\u00fa posilni\u0165 nechty a vlasy, spomali\u0165 procesy starnutia a zabezpe\u010di\u0165 adekv\u00e1tnu hydrat\u00e1ciu poko\u017eky.<\/p>\n","protected":false},"featured_media":8945,"comment_status":"open","ping_status":"closed","template":"","meta":{"site-sidebar-layout":"default","site-content-layout":"","ast-site-content-layout":"default","site-content-style":"default","site-sidebar-style":"default","ast-global-header-display":"","ast-banner-title-visibility":"","ast-main-header-display":"","ast-hfb-above-header-display":"","ast-hfb-below-header-display":"","ast-hfb-mobile-header-display":"","site-post-title":"","ast-breadcrumbs-content":"","ast-featured-img":"","footer-sml-layout":"","ast-disable-related-posts":"","theme-transparent-header-meta":"default","adv-header-id-meta":"","stick-header-meta":"","header-above-stick-meta":"","header-main-stick-meta":"","header-below-stick-meta":"","astra-migrate-meta-layouts":"set","ast-page-background-enabled":"default","ast-page-background-meta":{"desktop":{"background-color":"","background-image":"","background-repeat":"repeat","background-position":"center center","background-size":"auto","background-attachment":"scroll","background-type":"","background-media":"","overlay-type":"","overlay-color":"","overlay-opacity":"","overlay-gradient":""},"tablet":{"background-color":"","background-image":"","background-repeat":"repeat","background-position":"center center","background-size":"auto","background-attachment":"scroll","background-type":"","background-media":"","overlay-type":"","overlay-color":"","overlay-opacity":"","overlay-gradient":""},"mobile":{"background-color":"","background-image":"","background-repeat":"repeat","background-position":"center center","background-size":"auto","background-attachment":"scroll","background-type":"","background-media":"","overlay-type":"","overlay-color":"","overlay-opacity":"","overlay-gradient":""}},"ast-content-background-meta":{"desktop":{"background-color":"var(--ast-global-color-5)","background-image":"","background-repeat":"repeat","background-position":"center center","background-size":"auto","background-attachment":"scroll","background-type":"","background-media":"","overlay-type":"","overlay-color":"","overlay-opacity":"","overlay-gradient":""},"tablet":{"background-color":"var(--ast-global-color-5)","background-image":"","background-repeat":"repeat","background-position":"center center","background-size":"auto","background-attachment":"scroll","background-type":"","background-media":"","overlay-type":"","overlay-color":"","overlay-opacity":"","overlay-gradient":""},"mobile":{"background-color":"var(--ast-global-color-5)","background-image":"","background-repeat":"repeat","background-position":"center center","background-size":"auto","background-attachment":"scroll","background-type":"","background-media":"","overlay-type":"","overlay-color":"","overlay-opacity":"","overlay-gradient":""}}},"product_brand":[],"product_cat":[42],"product_tag":[],"class_list":{"0":"post-8946","1":"product","2":"type-product","3":"status-publish","4":"has-post-thumbnail","6":"product_cat-produkty-proti-starnutiu","7":"desktop-align-left","8":"tablet-align-left","9":"mobile-align-left","11":"first","12":"instock","13":"sale","14":"taxable","15":"shipping-taxable","16":"purchasable","17":"product-type-simple"},"_links":{"self":[{"href":"https:\/\/wellness4you.cz\/sk\/wp-json\/wp\/v2\/product\/8946","targetHints":{"allow":["GET"]}}],"collection":[{"href":"https:\/\/wellness4you.cz\/sk\/wp-json\/wp\/v2\/product"}],"about":[{"href":"https:\/\/wellness4you.cz\/sk\/wp-json\/wp\/v2\/types\/product"}],"replies":[{"embeddable":true,"href":"https:\/\/wellness4you.cz\/sk\/wp-json\/wp\/v2\/comments?post=8946"}],"wp:featuredmedia":[{"embeddable":true,"href":"https:\/\/wellness4you.cz\/sk\/wp-json\/wp\/v2\/media\/8945"}],"wp:attachment":[{"href":"https:\/\/wellness4you.cz\/sk\/wp-json\/wp\/v2\/media?parent=8946"}],"wp:term":[{"taxonomy":"product_brand","embeddable":true,"href":"https:\/\/wellness4you.cz\/sk\/wp-json\/wp\/v2\/product_brand?post=8946"},{"taxonomy":"product_cat","embeddable":true,"href":"https:\/\/wellness4you.cz\/sk\/wp-json\/wp\/v2\/product_cat?post=8946"},{"taxonomy":"product_tag","embeddable":true,"href":"https:\/\/wellness4you.cz\/sk\/wp-json\/wp\/v2\/product_tag?post=8946"}],"curies":[{"name":"wp","href":"https:\/\/api.w.org\/{rel}","templated":true}]}}