{"id":8944,"date":"2024-08-30T04:59:22","date_gmt":"2024-08-30T02:59:22","guid":{"rendered":"https:\/\/wellness4you.cz\/sk\/auraslim\/"},"modified":"2026-01-08T22:52:35","modified_gmt":"2026-01-08T21:52:35","slug":"auraslim","status":"publish","type":"product","link":"https:\/\/wellness4you.cz\/sk\/auraslim\/","title":{"rendered":"AuraSlim"},"content":{"rendered":"<h2>AuraSlim \u2013 Doplnok stravy na chudnutie<\/h2>\n<p><strong>AuraSlim<\/strong> je \u00fa\u010dinn\u00fd doplnok stravy vo forme kaps\u00fal na chudnutie, ktor\u00fd p\u00f4sob\u00ed komplexne. Tento produkt obsahuje kombin\u00e1ciu pr\u00edrodn\u00fdch extraktov a akt\u00edvnych zlo\u017eiek, ktor\u00e9 podporuj\u00fa efekt\u00edvne spa\u013eovanie tukov, kontrolu apet\u00edtu a zvy\u0161uj\u00fa energiu.<\/p>\n<h2>Zlo\u017eenie produktu AuraSlim<\/h2>\n<ul>\n<li><strong>L-karnit\u00edn tartr\u00e1t:<\/strong> 500 mg (z toho L-karnit\u00edn \u2013 335 mg)<\/li>\n<li><strong>L-Tyroz\u00edn:<\/strong> 200 mg<\/li>\n<li><strong>Extrakt z listov zelen\u00e9ho \u010daju:<\/strong> 200 mg (z toho polyfenoly 40% \u2013 80 mg)<\/li>\n<li><strong>Kofe\u00edn anhydrous:<\/strong> 200 mg<\/li>\n<li><strong>Extrakt zo semien africk\u00e9ho manga DER 10:1:<\/strong> 100 mg<\/li>\n<li><strong>Extrakt z kore\u0148a z\u00e1zvoru:<\/strong> 90 mg (z toho gingeroly (5%) \u2013 4,5 mg)<\/li>\n<li><strong>Extrakt zo zelenej k\u00e1vy:<\/strong> 50 mg (z toho kyselina chlorogenov\u00e1 (50%) \u2013 25 mg)<\/li>\n<li><strong>Chr\u00f3m (ako chr\u00f3m pikolin\u00e1t):<\/strong> 100 mcg<\/li>\n<\/ul>\n<h2>V\u00fdhody<\/h2>\n<ul>\n<li><strong>Efekt\u00edvne spa\u013eovanie tukov:<\/strong> Unik\u00e1tna formula AuraSlim ur\u00fdch\u013euje metabolizmus pomocou komplexu L-karnit\u00ednu a extraktu zo zelen\u00e9ho \u010daju, \u010do pom\u00e1ha telu akt\u00edvne spa\u013eova\u0165 tuky a premie\u0148a\u0165 ich na energiu, \u010d\u00edm zvy\u0161uje r\u00fdchlos\u0165 spa\u013eovania kal\u00f3ri\u00ed.<\/li>\n<li><strong>Kontrola apet\u00edtu:<\/strong> Kapsuly obsahuj\u00fa ve\u013emi \u00fa\u010dinn\u00e9 zlo\u017eky ako extrakt z manga a L-tyroz\u00edn, ktor\u00e9 zni\u017euj\u00fa hlad a pom\u00e1haj\u00fa kontrolova\u0165 porcie, \u010d\u00edm u\u013eah\u010duj\u00fa dodr\u017eiavanie di\u00e9ty.<\/li>\n<li><strong>Podpora energie:<\/strong> Kofe\u00edn a z\u00e1zvor v zlo\u017een\u00ed v\u00e1s naplnia energiou, zni\u017euj\u00fa stres a zvy\u0161uj\u00fa efektivitu.<\/li>\n<li><strong>Zlep\u0161enie celkov\u00e9ho zdravia:<\/strong> AuraSlim obsahuje iba pr\u00edrodn\u00e9 extrakty a vitam\u00edny, \u010do zaru\u010duje prospe\u0161n\u00fd \u00fa\u010dinok na cel\u00e9 telo.<\/li>\n<\/ul>\n","protected":false},"excerpt":{"rendered":"<p>AuraSlim je doplnok stravy vo forme kaps\u00fal na chudnutie, ktor\u00fd podporuje efekt\u00edvne spa\u013eovanie tukov, kontrolu apet\u00edtu a zvy\u0161uje energiu. Obsahuje kombin\u00e1ciu pr\u00edrodn\u00fdch extraktov a akt\u00edvnych zlo\u017eiek ako L-karnit\u00edn, extrakt zo zelen\u00e9ho \u010daju, kofe\u00edn a z\u00e1zvor.<\/p>\n","protected":false},"featured_media":8943,"comment_status":"open","ping_status":"closed","template":"","meta":{"site-sidebar-layout":"default","site-content-layout":"","ast-site-content-layout":"default","site-content-style":"default","site-sidebar-style":"default","ast-global-header-display":"","ast-banner-title-visibility":"","ast-main-header-display":"","ast-hfb-above-header-display":"","ast-hfb-below-header-display":"","ast-hfb-mobile-header-display":"","site-post-title":"","ast-breadcrumbs-content":"","ast-featured-img":"","footer-sml-layout":"","ast-disable-related-posts":"","theme-transparent-header-meta":"default","adv-header-id-meta":"","stick-header-meta":"","header-above-stick-meta":"","header-main-stick-meta":"","header-below-stick-meta":"","astra-migrate-meta-layouts":"set","ast-page-background-enabled":"default","ast-page-background-meta":{"desktop":{"background-color":"","background-image":"","background-repeat":"repeat","background-position":"center center","background-size":"auto","background-attachment":"scroll","background-type":"","background-media":"","overlay-type":"","overlay-color":"","overlay-opacity":"","overlay-gradient":""},"tablet":{"background-color":"","background-image":"","background-repeat":"repeat","background-position":"center center","background-size":"auto","background-attachment":"scroll","background-type":"","background-media":"","overlay-type":"","overlay-color":"","overlay-opacity":"","overlay-gradient":""},"mobile":{"background-color":"","background-image":"","background-repeat":"repeat","background-position":"center center","background-size":"auto","background-attachment":"scroll","background-type":"","background-media":"","overlay-type":"","overlay-color":"","overlay-opacity":"","overlay-gradient":""}},"ast-content-background-meta":{"desktop":{"background-color":"var(--ast-global-color-5)","background-image":"","background-repeat":"repeat","background-position":"center center","background-size":"auto","background-attachment":"scroll","background-type":"","background-media":"","overlay-type":"","overlay-color":"","overlay-opacity":"","overlay-gradient":""},"tablet":{"background-color":"var(--ast-global-color-5)","background-image":"","background-repeat":"repeat","background-position":"center center","background-size":"auto","background-attachment":"scroll","background-type":"","background-media":"","overlay-type":"","overlay-color":"","overlay-opacity":"","overlay-gradient":""},"mobile":{"background-color":"var(--ast-global-color-5)","background-image":"","background-repeat":"repeat","background-position":"center center","background-size":"auto","background-attachment":"scroll","background-type":"","background-media":"","overlay-type":"","overlay-color":"","overlay-opacity":"","overlay-gradient":""}}},"product_brand":[],"product_cat":[39],"product_tag":[],"class_list":{"0":"post-8944","1":"product","2":"type-product","3":"status-publish","4":"has-post-thumbnail","6":"product_cat-na-chudnutie","7":"desktop-align-left","8":"tablet-align-left","9":"mobile-align-left","11":"first","12":"instock","13":"sale","14":"taxable","15":"shipping-taxable","16":"purchasable","17":"product-type-simple"},"_links":{"self":[{"href":"https:\/\/wellness4you.cz\/sk\/wp-json\/wp\/v2\/product\/8944","targetHints":{"allow":["GET"]}}],"collection":[{"href":"https:\/\/wellness4you.cz\/sk\/wp-json\/wp\/v2\/product"}],"about":[{"href":"https:\/\/wellness4you.cz\/sk\/wp-json\/wp\/v2\/types\/product"}],"replies":[{"embeddable":true,"href":"https:\/\/wellness4you.cz\/sk\/wp-json\/wp\/v2\/comments?post=8944"}],"wp:featuredmedia":[{"embeddable":true,"href":"https:\/\/wellness4you.cz\/sk\/wp-json\/wp\/v2\/media\/8943"}],"wp:attachment":[{"href":"https:\/\/wellness4you.cz\/sk\/wp-json\/wp\/v2\/media?parent=8944"}],"wp:term":[{"taxonomy":"product_brand","embeddable":true,"href":"https:\/\/wellness4you.cz\/sk\/wp-json\/wp\/v2\/product_brand?post=8944"},{"taxonomy":"product_cat","embeddable":true,"href":"https:\/\/wellness4you.cz\/sk\/wp-json\/wp\/v2\/product_cat?post=8944"},{"taxonomy":"product_tag","embeddable":true,"href":"https:\/\/wellness4you.cz\/sk\/wp-json\/wp\/v2\/product_tag?post=8944"}],"curies":[{"name":"wp","href":"https:\/\/api.w.org\/{rel}","templated":true}]}}