{"id":8942,"date":"2024-08-30T04:59:21","date_gmt":"2024-08-30T02:59:21","guid":{"rendered":"https:\/\/wellness4you.cz\/sk\/keto-diet-drops\/"},"modified":"2026-03-16T11:30:09","modified_gmt":"2026-03-16T10:30:09","slug":"keto-diet-drops","status":"publish","type":"product","link":"https:\/\/wellness4you.cz\/sk\/keto-diet-drops\/","title":{"rendered":"Keto Diet Drops"},"content":{"rendered":"<h2>Keto Diet Drops \u2013 Kvapky na chudnutie pre prirodzen\u00fa ket\u00f3zu<\/h2>\n<p>Keto Diet Drops je \u00fa\u010dinn\u00fd doplnok stravy vo forme kvapiek, ktor\u00fd podporuje proces chudnutia prostredn\u00edctvom prirodzenej ket\u00f3zy. Tieto kvapky pom\u00e1haj\u00fa zr\u00fdchli\u0165 metabolizmus, spa\u013eova\u0165 tuky a udr\u017eiava\u0165 telo v optim\u00e1lnom stave po\u010das chudnutia. S objemom 30 ml s\u00fa ide\u00e1lne na ka\u017edodenn\u00e9 pou\u017eitie a poskytuj\u00fa vidite\u013en\u00e9 v\u00fdsledky v kr\u00e1tkom \u010dase.<\/p>\n<h2>K\u013e\u00fa\u010dov\u00e9 vlastnosti Keto Diet Drops<\/h2>\n<ul>\n<li><strong>Podpora ket\u00f3zy:<\/strong> Akt\u00edvne podporuje proces ket\u00f3zy, pri ktorom telo spa\u013euje tuky namiesto sacharidov.<\/li>\n<li><strong>Zr\u00fdchlenie metabolizmu:<\/strong> Pom\u00e1ha zr\u00fdchli\u0165 metabolizmus a efekt\u00edvnej\u0161ie spa\u013eova\u0165 kal\u00f3rie.<\/li>\n<li><strong>Pr\u00edrodn\u00e9 zlo\u017eenie:<\/strong> Obsahuje pr\u00edrodn\u00e9 ingrediencie, ktor\u00e9 podporuj\u00fa zdrav\u00e9 chudnutie.<\/li>\n<li><strong>Jednoduch\u00e9 pou\u017eitie:<\/strong> Kvapky sa \u013eahko d\u00e1vkuj\u00fa a r\u00fdchlo vstreb\u00e1vaj\u00fa, \u010do u\u013eah\u010duje ka\u017edodenn\u00e9 pou\u017eitie.<\/li>\n<\/ul>\n<p>Vysk\u00fa\u0161ajte Keto Diet Drops a dosiahnite svoju cie\u013eov\u00fa v\u00e1hu prirodzene a zdravo!<\/p>\n","protected":false},"excerpt":{"rendered":"<p>Keto Diet Drops \u2013 doplnok stravy vo forme kvapiek na chudnutie, 30 ml. Podporuje ket\u00f3zu, zr\u00fdch\u013euje metabolizmus a pom\u00e1ha dosiahnu\u0165 \u0161t\u00edhlu postavu prirodzen\u00fdm sp\u00f4sobom.<\/p>\n","protected":false},"featured_media":8941,"comment_status":"open","ping_status":"closed","template":"","meta":{"site-sidebar-layout":"default","site-content-layout":"","ast-site-content-layout":"default","site-content-style":"default","site-sidebar-style":"default","ast-global-header-display":"","ast-banner-title-visibility":"","ast-main-header-display":"","ast-hfb-above-header-display":"","ast-hfb-below-header-display":"","ast-hfb-mobile-header-display":"","site-post-title":"","ast-breadcrumbs-content":"","ast-featured-img":"","footer-sml-layout":"","ast-disable-related-posts":"","theme-transparent-header-meta":"default","adv-header-id-meta":"","stick-header-meta":"","header-above-stick-meta":"","header-main-stick-meta":"","header-below-stick-meta":"","astra-migrate-meta-layouts":"set","ast-page-background-enabled":"default","ast-page-background-meta":{"desktop":{"background-color":"","background-image":"","background-repeat":"repeat","background-position":"center center","background-size":"auto","background-attachment":"scroll","background-type":"","background-media":"","overlay-type":"","overlay-color":"","overlay-opacity":"","overlay-gradient":""},"tablet":{"background-color":"","background-image":"","background-repeat":"repeat","background-position":"center center","background-size":"auto","background-attachment":"scroll","background-type":"","background-media":"","overlay-type":"","overlay-color":"","overlay-opacity":"","overlay-gradient":""},"mobile":{"background-color":"","background-image":"","background-repeat":"repeat","background-position":"center center","background-size":"auto","background-attachment":"scroll","background-type":"","background-media":"","overlay-type":"","overlay-color":"","overlay-opacity":"","overlay-gradient":""}},"ast-content-background-meta":{"desktop":{"background-color":"var(--ast-global-color-5)","background-image":"","background-repeat":"repeat","background-position":"center center","background-size":"auto","background-attachment":"scroll","background-type":"","background-media":"","overlay-type":"","overlay-color":"","overlay-opacity":"","overlay-gradient":""},"tablet":{"background-color":"var(--ast-global-color-5)","background-image":"","background-repeat":"repeat","background-position":"center center","background-size":"auto","background-attachment":"scroll","background-type":"","background-media":"","overlay-type":"","overlay-color":"","overlay-opacity":"","overlay-gradient":""},"mobile":{"background-color":"var(--ast-global-color-5)","background-image":"","background-repeat":"repeat","background-position":"center center","background-size":"auto","background-attachment":"scroll","background-type":"","background-media":"","overlay-type":"","overlay-color":"","overlay-opacity":"","overlay-gradient":""}}},"product_brand":[],"product_cat":[39],"product_tag":[],"class_list":{"0":"post-8942","1":"product","2":"type-product","3":"status-publish","4":"has-post-thumbnail","6":"product_cat-na-chudnutie","7":"desktop-align-left","8":"tablet-align-left","9":"mobile-align-left","11":"first","12":"instock","13":"sale","14":"taxable","15":"shipping-taxable","16":"purchasable","17":"product-type-simple"},"_links":{"self":[{"href":"https:\/\/wellness4you.cz\/sk\/wp-json\/wp\/v2\/product\/8942","targetHints":{"allow":["GET"]}}],"collection":[{"href":"https:\/\/wellness4you.cz\/sk\/wp-json\/wp\/v2\/product"}],"about":[{"href":"https:\/\/wellness4you.cz\/sk\/wp-json\/wp\/v2\/types\/product"}],"replies":[{"embeddable":true,"href":"https:\/\/wellness4you.cz\/sk\/wp-json\/wp\/v2\/comments?post=8942"}],"wp:featuredmedia":[{"embeddable":true,"href":"https:\/\/wellness4you.cz\/sk\/wp-json\/wp\/v2\/media\/8941"}],"wp:attachment":[{"href":"https:\/\/wellness4you.cz\/sk\/wp-json\/wp\/v2\/media?parent=8942"}],"wp:term":[{"taxonomy":"product_brand","embeddable":true,"href":"https:\/\/wellness4you.cz\/sk\/wp-json\/wp\/v2\/product_brand?post=8942"},{"taxonomy":"product_cat","embeddable":true,"href":"https:\/\/wellness4you.cz\/sk\/wp-json\/wp\/v2\/product_cat?post=8942"},{"taxonomy":"product_tag","embeddable":true,"href":"https:\/\/wellness4you.cz\/sk\/wp-json\/wp\/v2\/product_tag?post=8942"}],"curies":[{"name":"wp","href":"https:\/\/api.w.org\/{rel}","templated":true}]}}