{"id":8938,"date":"2024-08-30T04:59:20","date_gmt":"2024-08-30T02:59:20","guid":{"rendered":"https:\/\/wellness4you.cz\/sk\/redusizer\/"},"modified":"2026-01-08T22:52:36","modified_gmt":"2026-01-08T21:52:36","slug":"redusizer","status":"publish","type":"product","link":"https:\/\/wellness4you.cz\/sk\/redusizer\/","title":{"rendered":"Redusizer"},"content":{"rendered":"<h2>Redusizer \u2013 Kvapky na chudnutie<\/h2>\n<p><strong>Redusizer<\/strong> s\u00fa revolu\u010dn\u00e9 kvapky navrhnut\u00e9 na ur\u00fdchlenie procesu chudnutia pre t\u00fdch, ktor\u00ed h\u013eadaj\u00fa r\u00fdchlej\u0161\u00ed a jednoduch\u0161\u00ed sp\u00f4sob. Udr\u017ea\u0165 motiv\u00e1ciu po\u010das cel\u00e9ho procesu m\u00f4\u017ee by\u0165 v\u00fdzvou, a niekedy potrebujeme extern\u00fa podporu, aby sme sa zbavili nadbyto\u010dn\u00fdch kilogramov.<\/p>\n<h2>Unik\u00e1tne dren\u00e1\u017ene \u00fa\u010dinky<\/h2>\n<p>Hlavn\u00fdm rozli\u0161uj\u00facim prvkom Redusizer je jeho unik\u00e1tne dren\u00e1\u017ene \u00fa\u010dinky, ktor\u00e9 s\u00fa ur\u010den\u00e9 na boj proti nadmern\u00e9mu hromadeniu tekut\u00edn v tele. T\u00fdmto sp\u00f4sobom nielen\u017ee pom\u00e1ha zni\u017eova\u0165 celulit\u00eddu a opuchy, ale tie\u017e prispieva k celkov\u00e9mu zdraviu poko\u017eky, ktor\u00fa rob\u00ed pevnej\u0161ou a pru\u017enej\u0161ou.<\/p>\n<h3>Ako funguje Redusizer?<\/h3>\n<p>Len ak si k\u00fapite origin\u00e1lny produkt Redusizer, m\u00f4\u017eete si by\u0165 ist\u00ed, \u017ee z\u00edskate certifikovan\u00fd a leg\u00e1lny v\u00fdrobok.<\/p>\n<p>Ako teda Redusizer funguje? Pochopme vedeck\u00fd z\u00e1klad, na ktorom je zalo\u017een\u00fd. Tieto kvapky s\u00fa starostlivo formulovan\u00e9 s unik\u00e1tnou zmesou pr\u00edrodn\u00fdch zlo\u017eiek zn\u00e1mych svojou schopnos\u0165ou podporova\u0165 chudnutie. Pri dodr\u017eiavan\u00ed odpor\u00fa\u010dan\u00fdch d\u00e1vok pom\u00e1haj\u00fa potla\u010di\u0165 chu\u0165 do jedla, ur\u00fdchli\u0165 metabolizmus a podporova\u0165 spa\u013eovanie tukov.<\/p>\n<h4>\u010co obsahuj\u00fa kvapky Redusizer?<\/h4>\n<p>Pri za\u010dlenen\u00ed Redusizer do va\u0161ej ka\u017edodennej rutiny spolu s vyv\u00e1\u017eenou stravou a pravideln\u00fdm cvi\u010den\u00edm m\u00f4\u017eete o\u010dak\u00e1va\u0165 zv\u00fd\u0161en\u00e9 spa\u013eovanie tukov pri zachovan\u00ed svalovej hmoty. Toto zlo\u017eenie navy\u0161e podporuje udr\u017eate\u013en\u00fa stratu hmotnosti t\u00fdm, \u017ee potl\u00e1\u010da chu\u0165 do jedla a zlep\u0161uje celkov\u00e9 tr\u00e1venie.<\/p>\n<ul>\n<li><strong>Extrakt z plodov Garcinie:<\/strong> Inhibuje enz\u00fdm citr\u00e1t ly\u00e1za, ktor\u00fd hr\u00e1 d\u00f4le\u017eit\u00fa \u00falohu pri premene nadbyto\u010dn\u00fdch sacharidov na tuk. Blokovan\u00edm tohto enz\u00fdmu m\u00f4\u017ee pom\u00f4c\u0165 zn\u00ed\u017ei\u0165 hromadenie telesn\u00e9ho tuku a potla\u010di\u0165 chu\u0165 do jedla.<\/li>\n<li><strong>Extrakt z plodov Acai:<\/strong> Je bohat\u00fd na antioxidanty, bojuje proti oxida\u010dn\u00e9mu stresu a z\u00e1palu v tele. Pom\u00e1ha zv\u00fd\u0161i\u0165 metabolizmus a zlep\u0161i\u0165 tr\u00e1venie.<\/li>\n<li><strong>Semienka guarany:<\/strong> Obsahuj\u00fa pr\u00edrodn\u00fd kofe\u00edn, ktor\u00fd p\u00f4sob\u00ed ako stimulant zvy\u0161uj\u00faci energetick\u00e9 hladiny, zlep\u0161uje koncentr\u00e1ciu a zvy\u0161uje energetick\u00fd v\u00fddaj.<\/li>\n<li><strong>Extrakt z hned\u00fdch rias:<\/strong> Stimuluje termogen\u00e9zu v bielom tukovom tkanive a zvy\u0161uje metabolick\u00fa r\u00fdchlos\u0165.<\/li>\n<li><strong>Zelen\u00fd \u010daj:<\/strong> Ur\u00fdch\u013euje metabolizmus a zlep\u0161uje oxid\u00e1ciu tukov. Zelen\u00fd \u010daj tie\u017e m\u00f4\u017ee regulova\u0165 hladinu cukru v krvi a potl\u00e1\u010da\u0165 chu\u0165 do jedla, \u010do podporuje chudnutie.<\/li>\n<\/ul>\n<h5>N\u00e1vod na pou\u017eitie Redusizer<\/h5>\n<p>Pre dosiahnutie optim\u00e1lnych v\u00fdsledkov pri u\u017e\u00edvan\u00ed Redusizer je potrebn\u00e9 dodr\u017eiava\u0165 odpor\u00fa\u010dan\u00e9 d\u00e1vky a n\u00e1vody na pou\u017eitie. Tieto ekologick\u00e9 chudn\u00face kvapky s\u00fa navrhnut\u00e9 tak, aby pomohli prirodzene schudn\u00fa\u0165.<\/p>\n<ol>\n<li>Uistite sa, \u017ee pred ka\u017ed\u00fdm pou\u017eit\u00edm dobre pretrepte f\u013ea\u0161u s Redusizer. T\u00fdmto sp\u00f4sobom sa akt\u00edvne zlo\u017eky rovnomerne rozlo\u017eia po celom roztoku.<\/li>\n<li>V z\u00e1vislosti od reakcie v\u00e1\u0161ho tela m\u00f4\u017eete pr\u00edpadne postupne zvy\u0161ova\u0165 d\u00e1vku. Je v\u0161ak d\u00f4le\u017eit\u00e9 neprekro\u010di\u0165 maxim\u00e1lnu denn\u00fa odpor\u00fa\u010dan\u00fa d\u00e1vku uveden\u00fa na etikete &#8211; 10-15 kvapiek dvakr\u00e1t denne.<\/li>\n<li>Najlep\u0161ie je kvapky riedi\u0165 vodou alebo ak\u00fdmko\u013evek n\u00e1pojom okrem alkoholu.<\/li>\n<li>Pre dosiahnutie najlep\u0161ieho \u00fa\u010dinku je d\u00f4le\u017eit\u00e9 by\u0165 pravideln\u00fd. Dodr\u017eujte pravideln\u00fd d\u00e1vkovac\u00ed program, ak je to mo\u017en\u00e9, bez vynechania \u017eiadnej d\u00e1vky.<\/li>\n<li>Nezabudnite na hydrat\u00e1ciu. Sna\u017ete sa pi\u0165 dostato\u010dn\u00e9 mno\u017estvo vody pre udr\u017eanie celkov\u00e9ho zdravia a metabolizmu v\u00e1\u0161ho tela.<\/li>\n<\/ol>\n","protected":false},"excerpt":{"rendered":"<p>Redusizer \u2013 kvapky na chudnutie. Zistite, ako funguj\u00fa kvapky Redusizer, \u010do obsahuj\u00fa a ako ich spr\u00e1vne pou\u017e\u00edva\u0165 pre dosiahnutie optim\u00e1lnych v\u00fdsledkov.<\/p>\n","protected":false},"featured_media":8937,"comment_status":"open","ping_status":"closed","template":"","meta":{"site-sidebar-layout":"default","site-content-layout":"","ast-site-content-layout":"default","site-content-style":"default","site-sidebar-style":"default","ast-global-header-display":"","ast-banner-title-visibility":"","ast-main-header-display":"","ast-hfb-above-header-display":"","ast-hfb-below-header-display":"","ast-hfb-mobile-header-display":"","site-post-title":"","ast-breadcrumbs-content":"","ast-featured-img":"","footer-sml-layout":"","ast-disable-related-posts":"","theme-transparent-header-meta":"default","adv-header-id-meta":"","stick-header-meta":"","header-above-stick-meta":"","header-main-stick-meta":"","header-below-stick-meta":"","astra-migrate-meta-layouts":"set","ast-page-background-enabled":"default","ast-page-background-meta":{"desktop":{"background-color":"","background-image":"","background-repeat":"repeat","background-position":"center center","background-size":"auto","background-attachment":"scroll","background-type":"","background-media":"","overlay-type":"","overlay-color":"","overlay-opacity":"","overlay-gradient":""},"tablet":{"background-color":"","background-image":"","background-repeat":"repeat","background-position":"center center","background-size":"auto","background-attachment":"scroll","background-type":"","background-media":"","overlay-type":"","overlay-color":"","overlay-opacity":"","overlay-gradient":""},"mobile":{"background-color":"","background-image":"","background-repeat":"repeat","background-position":"center center","background-size":"auto","background-attachment":"scroll","background-type":"","background-media":"","overlay-type":"","overlay-color":"","overlay-opacity":"","overlay-gradient":""}},"ast-content-background-meta":{"desktop":{"background-color":"var(--ast-global-color-5)","background-image":"","background-repeat":"repeat","background-position":"center center","background-size":"auto","background-attachment":"scroll","background-type":"","background-media":"","overlay-type":"","overlay-color":"","overlay-opacity":"","overlay-gradient":""},"tablet":{"background-color":"var(--ast-global-color-5)","background-image":"","background-repeat":"repeat","background-position":"center center","background-size":"auto","background-attachment":"scroll","background-type":"","background-media":"","overlay-type":"","overlay-color":"","overlay-opacity":"","overlay-gradient":""},"mobile":{"background-color":"var(--ast-global-color-5)","background-image":"","background-repeat":"repeat","background-position":"center center","background-size":"auto","background-attachment":"scroll","background-type":"","background-media":"","overlay-type":"","overlay-color":"","overlay-opacity":"","overlay-gradient":""}}},"product_brand":[],"product_cat":[39],"product_tag":[],"class_list":{"0":"post-8938","1":"product","2":"type-product","3":"status-publish","4":"has-post-thumbnail","6":"product_cat-na-chudnutie","7":"desktop-align-left","8":"tablet-align-left","9":"mobile-align-left","11":"first","12":"instock","13":"sale","14":"taxable","15":"shipping-taxable","16":"purchasable","17":"product-type-simple"},"_links":{"self":[{"href":"https:\/\/wellness4you.cz\/sk\/wp-json\/wp\/v2\/product\/8938","targetHints":{"allow":["GET"]}}],"collection":[{"href":"https:\/\/wellness4you.cz\/sk\/wp-json\/wp\/v2\/product"}],"about":[{"href":"https:\/\/wellness4you.cz\/sk\/wp-json\/wp\/v2\/types\/product"}],"replies":[{"embeddable":true,"href":"https:\/\/wellness4you.cz\/sk\/wp-json\/wp\/v2\/comments?post=8938"}],"wp:featuredmedia":[{"embeddable":true,"href":"https:\/\/wellness4you.cz\/sk\/wp-json\/wp\/v2\/media\/8937"}],"wp:attachment":[{"href":"https:\/\/wellness4you.cz\/sk\/wp-json\/wp\/v2\/media?parent=8938"}],"wp:term":[{"taxonomy":"product_brand","embeddable":true,"href":"https:\/\/wellness4you.cz\/sk\/wp-json\/wp\/v2\/product_brand?post=8938"},{"taxonomy":"product_cat","embeddable":true,"href":"https:\/\/wellness4you.cz\/sk\/wp-json\/wp\/v2\/product_cat?post=8938"},{"taxonomy":"product_tag","embeddable":true,"href":"https:\/\/wellness4you.cz\/sk\/wp-json\/wp\/v2\/product_tag?post=8938"}],"curies":[{"name":"wp","href":"https:\/\/api.w.org\/{rel}","templated":true}]}}