{"id":8936,"date":"2024-08-30T04:59:19","date_gmt":"2024-08-30T02:59:19","guid":{"rendered":"https:\/\/wellness4you.cz\/sk\/premium-shiitake\/"},"modified":"2026-01-08T22:52:36","modified_gmt":"2026-01-08T21:52:36","slug":"premium-shiitake","status":"publish","type":"product","link":"https:\/\/wellness4you.cz\/sk\/premium-shiitake\/","title":{"rendered":"Premium Shiitake"},"content":{"rendered":"<h2>Premium Shiitake \u2013 Doplnok stravy na chudnutie<\/h2>\n<p>Premium Shiitake je doplnok stravy vo forme kaps\u00fal, navrhnut\u00fd na podporu chudnutia. Tento produkt kombinuje extrakt z huby shiitake a vitam\u00edny, ktor\u00e9 pom\u00e1haj\u00fa zr\u00fdchli\u0165 metabolizmus, premie\u0148a\u0165 tuky na energiu a zlep\u0161ova\u0165 celkov\u00fa pohodu.<\/p>\n<h2>Zlo\u017eenie produktu Premium Shiitake<\/h2>\n<ul>\n<li><strong>Shiitake:<\/strong> Premie\u0148a tuk na energiu, ur\u00fdch\u013euje metabolizmus a potl\u00e1\u010da pocit hladu.<\/li>\n<li><strong>Vitam\u00edn C:<\/strong> Pom\u00e1ha opravova\u0165 n\u00e1sledky nespr\u00e1vnej stravy, obnovuje lipidov\u00fd metabolizmus, \u010dist\u00ed cievy od \u0161kodliv\u00e9ho cholesterolu a bojuje proti celulit\u00edde.<\/li>\n<li><strong>Vitam\u00edn B9:<\/strong> Premie\u0148a tuky na energiu, zni\u017euje podr\u00e1\u017edenos\u0165, zlep\u0161uje n\u00e1ladu a pom\u00e1ha prekona\u0165 depresie.<\/li>\n<\/ul>\n<h2>Inform\u00e1cie o produkte<\/h2>\n<ul>\n<li><strong>Forma:<\/strong> Kapsule<\/li>\n<li><strong>Mno\u017estvo:<\/strong> 30 kaps\u00fal<\/li>\n<li><strong>Skaldovanie:<\/strong> Uchov\u00e1vajte pri teplote do 25 \u00b0C<\/li>\n<li><strong>Podmienky v\u00fddaja:<\/strong> Bez receptu<\/li>\n<\/ul>\n","protected":false},"excerpt":{"rendered":"<p>Premium Shiitake \u2013 doplnok stravy na chudnutie, 30 kaps\u00fal. Obsahuje extrakt z huby shiitake, vitam\u00edn C a vitam\u00edn B9 na podporu metabolizmu a kontrolu hmotnosti.<\/p>\n","protected":false},"featured_media":8935,"comment_status":"open","ping_status":"closed","template":"","meta":{"site-sidebar-layout":"default","site-content-layout":"","ast-site-content-layout":"default","site-content-style":"default","site-sidebar-style":"default","ast-global-header-display":"","ast-banner-title-visibility":"","ast-main-header-display":"","ast-hfb-above-header-display":"","ast-hfb-below-header-display":"","ast-hfb-mobile-header-display":"","site-post-title":"","ast-breadcrumbs-content":"","ast-featured-img":"","footer-sml-layout":"","ast-disable-related-posts":"","theme-transparent-header-meta":"default","adv-header-id-meta":"","stick-header-meta":"","header-above-stick-meta":"","header-main-stick-meta":"","header-below-stick-meta":"","astra-migrate-meta-layouts":"set","ast-page-background-enabled":"default","ast-page-background-meta":{"desktop":{"background-color":"","background-image":"","background-repeat":"repeat","background-position":"center center","background-size":"auto","background-attachment":"scroll","background-type":"","background-media":"","overlay-type":"","overlay-color":"","overlay-opacity":"","overlay-gradient":""},"tablet":{"background-color":"","background-image":"","background-repeat":"repeat","background-position":"center center","background-size":"auto","background-attachment":"scroll","background-type":"","background-media":"","overlay-type":"","overlay-color":"","overlay-opacity":"","overlay-gradient":""},"mobile":{"background-color":"","background-image":"","background-repeat":"repeat","background-position":"center center","background-size":"auto","background-attachment":"scroll","background-type":"","background-media":"","overlay-type":"","overlay-color":"","overlay-opacity":"","overlay-gradient":""}},"ast-content-background-meta":{"desktop":{"background-color":"var(--ast-global-color-5)","background-image":"","background-repeat":"repeat","background-position":"center center","background-size":"auto","background-attachment":"scroll","background-type":"","background-media":"","overlay-type":"","overlay-color":"","overlay-opacity":"","overlay-gradient":""},"tablet":{"background-color":"var(--ast-global-color-5)","background-image":"","background-repeat":"repeat","background-position":"center center","background-size":"auto","background-attachment":"scroll","background-type":"","background-media":"","overlay-type":"","overlay-color":"","overlay-opacity":"","overlay-gradient":""},"mobile":{"background-color":"var(--ast-global-color-5)","background-image":"","background-repeat":"repeat","background-position":"center center","background-size":"auto","background-attachment":"scroll","background-type":"","background-media":"","overlay-type":"","overlay-color":"","overlay-opacity":"","overlay-gradient":""}}},"product_brand":[],"product_cat":[39],"product_tag":[],"class_list":{"0":"post-8936","1":"product","2":"type-product","3":"status-publish","4":"has-post-thumbnail","6":"product_cat-na-chudnutie","7":"desktop-align-left","8":"tablet-align-left","9":"mobile-align-left","11":"first","12":"instock","13":"sale","14":"taxable","15":"shipping-taxable","16":"purchasable","17":"product-type-simple"},"_links":{"self":[{"href":"https:\/\/wellness4you.cz\/sk\/wp-json\/wp\/v2\/product\/8936","targetHints":{"allow":["GET"]}}],"collection":[{"href":"https:\/\/wellness4you.cz\/sk\/wp-json\/wp\/v2\/product"}],"about":[{"href":"https:\/\/wellness4you.cz\/sk\/wp-json\/wp\/v2\/types\/product"}],"replies":[{"embeddable":true,"href":"https:\/\/wellness4you.cz\/sk\/wp-json\/wp\/v2\/comments?post=8936"}],"wp:featuredmedia":[{"embeddable":true,"href":"https:\/\/wellness4you.cz\/sk\/wp-json\/wp\/v2\/media\/8935"}],"wp:attachment":[{"href":"https:\/\/wellness4you.cz\/sk\/wp-json\/wp\/v2\/media?parent=8936"}],"wp:term":[{"taxonomy":"product_brand","embeddable":true,"href":"https:\/\/wellness4you.cz\/sk\/wp-json\/wp\/v2\/product_brand?post=8936"},{"taxonomy":"product_cat","embeddable":true,"href":"https:\/\/wellness4you.cz\/sk\/wp-json\/wp\/v2\/product_cat?post=8936"},{"taxonomy":"product_tag","embeddable":true,"href":"https:\/\/wellness4you.cz\/sk\/wp-json\/wp\/v2\/product_tag?post=8936"}],"curies":[{"name":"wp","href":"https:\/\/api.w.org\/{rel}","templated":true}]}}