{"id":8934,"date":"2024-08-30T04:59:19","date_gmt":"2024-08-30T02:59:19","guid":{"rendered":"https:\/\/wellness4you.cz\/sk\/arthrolon\/"},"modified":"2026-01-08T22:52:36","modified_gmt":"2026-01-08T21:52:36","slug":"arthrolon","status":"publish","type":"product","link":"https:\/\/wellness4you.cz\/sk\/arthrolon\/","title":{"rendered":"Arthrolon"},"content":{"rendered":"<h2>Arthrolon \u2013 G\u00e9l na starostlivos\u0165 o k\u013aby<\/h2>\n<p>Arthrolon je g\u00e9l ur\u010den\u00fd na starostlivos\u0165 o k\u013aby. Tento produkt obsahuje pr\u00edrodn\u00e9 zlo\u017eky, ktor\u00e9 pom\u00e1haj\u00fa zmierni\u0165 nepohodlie spojen\u00e9 s k\u013abmi a podporuj\u00fa ich zdravie. Pravideln\u00e9 pou\u017e\u00edvanie pom\u00e1ha dosiahnu\u0165 pocit \u00fa\u013eavy a zlep\u0161enie pohyblivosti.<\/p>\n<h2>Zlo\u017eenie produktu Arthrolon<\/h2>\n<ul>\n<li><strong>Extrakt z arniky montany:<\/strong> M\u00e1 protiz\u00e1palov\u00e9, protiopuchov\u00e9 a analgetick\u00e9 \u00fa\u010dinky.<\/li>\n<li><strong>Mentol:<\/strong> Poskytuje chladiv\u00fd efekt, m\u00e1 slab\u00fa antiseptick\u00fa aktivitu a p\u00f4sob\u00ed ako lok\u00e1lne anestetikum.<\/li>\n<li><strong>Eukalyptov\u00fd olej:<\/strong> M\u00e1 antiseptick\u00e9 a protiz\u00e1palov\u00e9 vlastnosti.<\/li>\n<li><strong>Kafrov\u00fd olej:<\/strong> Podporuje roz\u0161\u00edrenie ciev, \u010do vedie k pocitu tepla a \u00fa\u013eavy v bolestiv\u00fdch k\u013aboch.<\/li>\n<\/ul>\n<h2>Inform\u00e1cie o produkte<\/h2>\n<ul>\n<li><strong>Indik\u00e1cia:<\/strong> Na k\u013aby<\/li>\n<li><strong>Forma:<\/strong> G\u00e9l<\/li>\n<li><strong>Doba pou\u017eite\u013enosti:<\/strong> 12 mesiacov<\/li>\n<li><strong>Skaldovanie:<\/strong> Uchov\u00e1vajte pri teplote do 25 \u00b0C<\/li>\n<li><strong>Podmienky v\u00fddaja:<\/strong> Bez receptu<\/li>\n<li><strong>Objem:<\/strong> 30 ml<\/li>\n<li><strong>Mno\u017estvo v balen\u00ed:<\/strong> 1 ks<\/li>\n<\/ul>\n<h2>Sp\u00f4sob pou\u017eitia Arthrolon<\/h2>\n<ol>\n<li>Vezmite mal\u00e9 mno\u017estvo g\u00e9lu.<\/li>\n<li>Naneste g\u00e9l na postihnut\u00fa oblas\u0165 a jemne mas\u00edrujte, k\u00fdm sa \u00faplne nevstreb\u00e1.<\/li>\n<li>Vtrite do poko\u017eky 2-3 kr\u00e1t denne.<\/li>\n<\/ol>\n","protected":false},"excerpt":{"rendered":"<p>Arthrolon \u2013 g\u00e9l na starostlivos\u0165 o k\u013aby, 30 ml. Obsahuje pr\u00edrodn\u00e9 zlo\u017eky ako extrakt z arniky, mentol, eukalyptov\u00fd a kafrov\u00fd olej na podporu zdravia k\u013abov.<\/p>\n","protected":false},"featured_media":8933,"comment_status":"open","ping_status":"closed","template":"","meta":{"site-sidebar-layout":"default","site-content-layout":"","ast-site-content-layout":"default","site-content-style":"default","site-sidebar-style":"default","ast-global-header-display":"","ast-banner-title-visibility":"","ast-main-header-display":"","ast-hfb-above-header-display":"","ast-hfb-below-header-display":"","ast-hfb-mobile-header-display":"","site-post-title":"","ast-breadcrumbs-content":"","ast-featured-img":"","footer-sml-layout":"","ast-disable-related-posts":"","theme-transparent-header-meta":"default","adv-header-id-meta":"","stick-header-meta":"","header-above-stick-meta":"","header-main-stick-meta":"","header-below-stick-meta":"","astra-migrate-meta-layouts":"set","ast-page-background-enabled":"default","ast-page-background-meta":{"desktop":{"background-color":"","background-image":"","background-repeat":"repeat","background-position":"center center","background-size":"auto","background-attachment":"scroll","background-type":"","background-media":"","overlay-type":"","overlay-color":"","overlay-opacity":"","overlay-gradient":""},"tablet":{"background-color":"","background-image":"","background-repeat":"repeat","background-position":"center center","background-size":"auto","background-attachment":"scroll","background-type":"","background-media":"","overlay-type":"","overlay-color":"","overlay-opacity":"","overlay-gradient":""},"mobile":{"background-color":"","background-image":"","background-repeat":"repeat","background-position":"center center","background-size":"auto","background-attachment":"scroll","background-type":"","background-media":"","overlay-type":"","overlay-color":"","overlay-opacity":"","overlay-gradient":""}},"ast-content-background-meta":{"desktop":{"background-color":"var(--ast-global-color-5)","background-image":"","background-repeat":"repeat","background-position":"center center","background-size":"auto","background-attachment":"scroll","background-type":"","background-media":"","overlay-type":"","overlay-color":"","overlay-opacity":"","overlay-gradient":""},"tablet":{"background-color":"var(--ast-global-color-5)","background-image":"","background-repeat":"repeat","background-position":"center center","background-size":"auto","background-attachment":"scroll","background-type":"","background-media":"","overlay-type":"","overlay-color":"","overlay-opacity":"","overlay-gradient":""},"mobile":{"background-color":"var(--ast-global-color-5)","background-image":"","background-repeat":"repeat","background-position":"center center","background-size":"auto","background-attachment":"scroll","background-type":"","background-media":"","overlay-type":"","overlay-color":"","overlay-opacity":"","overlay-gradient":""}}},"product_brand":[],"product_cat":[41],"product_tag":[],"class_list":{"0":"post-8934","1":"product","2":"type-product","3":"status-publish","4":"has-post-thumbnail","6":"product_cat-produkty-pre-zdravie","7":"desktop-align-left","8":"tablet-align-left","9":"mobile-align-left","11":"first","12":"instock","13":"sale","14":"taxable","15":"shipping-taxable","16":"purchasable","17":"product-type-simple"},"_links":{"self":[{"href":"https:\/\/wellness4you.cz\/sk\/wp-json\/wp\/v2\/product\/8934","targetHints":{"allow":["GET"]}}],"collection":[{"href":"https:\/\/wellness4you.cz\/sk\/wp-json\/wp\/v2\/product"}],"about":[{"href":"https:\/\/wellness4you.cz\/sk\/wp-json\/wp\/v2\/types\/product"}],"replies":[{"embeddable":true,"href":"https:\/\/wellness4you.cz\/sk\/wp-json\/wp\/v2\/comments?post=8934"}],"wp:featuredmedia":[{"embeddable":true,"href":"https:\/\/wellness4you.cz\/sk\/wp-json\/wp\/v2\/media\/8933"}],"wp:attachment":[{"href":"https:\/\/wellness4you.cz\/sk\/wp-json\/wp\/v2\/media?parent=8934"}],"wp:term":[{"taxonomy":"product_brand","embeddable":true,"href":"https:\/\/wellness4you.cz\/sk\/wp-json\/wp\/v2\/product_brand?post=8934"},{"taxonomy":"product_cat","embeddable":true,"href":"https:\/\/wellness4you.cz\/sk\/wp-json\/wp\/v2\/product_cat?post=8934"},{"taxonomy":"product_tag","embeddable":true,"href":"https:\/\/wellness4you.cz\/sk\/wp-json\/wp\/v2\/product_tag?post=8934"}],"curies":[{"name":"wp","href":"https:\/\/api.w.org\/{rel}","templated":true}]}}