{"id":8932,"date":"2024-08-30T04:59:19","date_gmt":"2024-08-30T02:59:19","guid":{"rendered":"https:\/\/wellness4you.cz\/sk\/beauty-age-skin-peeling\/"},"modified":"2026-01-08T22:52:36","modified_gmt":"2026-01-08T21:52:36","slug":"beauty-age-skin-peeling","status":"publish","type":"product","link":"https:\/\/wellness4you.cz\/sk\/beauty-age-skin-peeling\/","title":{"rendered":"Beauty Age Skin Peeling"},"content":{"rendered":"<h2>Beauty Age Skin Peeling \u2013 Kr\u00e9m na omladenie pleti<\/h2>\n<p>Beauty Age Skin Peeling je kr\u00e9m navrhnut\u00fd na omladenie pleti. Tento produkt obsahuje kyselinu hyalur\u00f3nov\u00fa, ktor\u00e1 pom\u00e1ha udr\u017eiava\u0165 hydrat\u00e1ciu pleti a podporuje jej mladistv\u00fd vzh\u013ead.<\/p>\n<h2>Zlo\u017eenie produktu Beauty Age Skin Peeling<\/h2>\n<ul>\n<li><strong>Kyselina hyalur\u00f3nov\u00e1:<\/strong> Podporuje hydrat\u00e1ciu pleti a pom\u00e1ha zlep\u0161ova\u0165 jej pru\u017enos\u0165.<\/li>\n<\/ul>\n<h2>Inform\u00e1cie o produkte<\/h2>\n<ul>\n<li><strong>Indik\u00e1cia:<\/strong> Na omladenie pleti<\/li>\n<li><strong>Forma:<\/strong> Kr\u00e9m<\/li>\n<li><strong>Doba pou\u017eite\u013enosti:<\/strong> 2 roky<\/li>\n<li><strong>Skaldovanie:<\/strong> Uchov\u00e1vajte pri teplote do 25 \u00b0C. Uchov\u00e1vajte mimo dosahu det\u00ed.<\/li>\n<li><strong>Podmienky v\u00fddaja:<\/strong> Bez receptu<\/li>\n<li><strong>Objem:<\/strong> 30 ml<\/li>\n<li><strong>Obal:<\/strong> Tuba<\/li>\n<\/ul>\n<h2>Sp\u00f4sob pou\u017eitia Beauty Age Skin Peeling<\/h2>\n<ol>\n<li>Aplikujte kr\u00e9m pred span\u00edm.<\/li>\n<li>Opakujte t\u00fato proced\u00faru dvakr\u00e1t t\u00fd\u017edenne.<\/li>\n<li>Podrobn\u00e9 pokyny n\u00e1jdete v pr\u00edbalovom let\u00e1ku.<\/li>\n<\/ol>\n","protected":false},"excerpt":{"rendered":"<p>Beauty Age Skin Peeling \u2013 kr\u00e9m na omladenie poko\u017eky, 30 ml. Obsahuje kyselinu hyalur\u00f3nov\u00fa na podporu hydrat\u00e1cie a mladistv\u00e9ho vzh\u013eadu pleti.<\/p>\n","protected":false},"featured_media":8931,"comment_status":"open","ping_status":"closed","template":"","meta":{"site-sidebar-layout":"default","site-content-layout":"","ast-site-content-layout":"default","site-content-style":"default","site-sidebar-style":"default","ast-global-header-display":"","ast-banner-title-visibility":"","ast-main-header-display":"","ast-hfb-above-header-display":"","ast-hfb-below-header-display":"","ast-hfb-mobile-header-display":"","site-post-title":"","ast-breadcrumbs-content":"","ast-featured-img":"","footer-sml-layout":"","ast-disable-related-posts":"","theme-transparent-header-meta":"default","adv-header-id-meta":"","stick-header-meta":"","header-above-stick-meta":"","header-main-stick-meta":"","header-below-stick-meta":"","astra-migrate-meta-layouts":"set","ast-page-background-enabled":"default","ast-page-background-meta":{"desktop":{"background-color":"","background-image":"","background-repeat":"repeat","background-position":"center center","background-size":"auto","background-attachment":"scroll","background-type":"","background-media":"","overlay-type":"","overlay-color":"","overlay-opacity":"","overlay-gradient":""},"tablet":{"background-color":"","background-image":"","background-repeat":"repeat","background-position":"center center","background-size":"auto","background-attachment":"scroll","background-type":"","background-media":"","overlay-type":"","overlay-color":"","overlay-opacity":"","overlay-gradient":""},"mobile":{"background-color":"","background-image":"","background-repeat":"repeat","background-position":"center center","background-size":"auto","background-attachment":"scroll","background-type":"","background-media":"","overlay-type":"","overlay-color":"","overlay-opacity":"","overlay-gradient":""}},"ast-content-background-meta":{"desktop":{"background-color":"var(--ast-global-color-5)","background-image":"","background-repeat":"repeat","background-position":"center center","background-size":"auto","background-attachment":"scroll","background-type":"","background-media":"","overlay-type":"","overlay-color":"","overlay-opacity":"","overlay-gradient":""},"tablet":{"background-color":"var(--ast-global-color-5)","background-image":"","background-repeat":"repeat","background-position":"center center","background-size":"auto","background-attachment":"scroll","background-type":"","background-media":"","overlay-type":"","overlay-color":"","overlay-opacity":"","overlay-gradient":""},"mobile":{"background-color":"var(--ast-global-color-5)","background-image":"","background-repeat":"repeat","background-position":"center center","background-size":"auto","background-attachment":"scroll","background-type":"","background-media":"","overlay-type":"","overlay-color":"","overlay-opacity":"","overlay-gradient":""}}},"product_brand":[],"product_cat":[42],"product_tag":[],"class_list":{"0":"post-8932","1":"product","2":"type-product","3":"status-publish","4":"has-post-thumbnail","6":"product_cat-produkty-proti-starnutiu","7":"desktop-align-left","8":"tablet-align-left","9":"mobile-align-left","11":"first","12":"instock","13":"sale","14":"taxable","15":"shipping-taxable","16":"purchasable","17":"product-type-simple"},"_links":{"self":[{"href":"https:\/\/wellness4you.cz\/sk\/wp-json\/wp\/v2\/product\/8932","targetHints":{"allow":["GET"]}}],"collection":[{"href":"https:\/\/wellness4you.cz\/sk\/wp-json\/wp\/v2\/product"}],"about":[{"href":"https:\/\/wellness4you.cz\/sk\/wp-json\/wp\/v2\/types\/product"}],"replies":[{"embeddable":true,"href":"https:\/\/wellness4you.cz\/sk\/wp-json\/wp\/v2\/comments?post=8932"}],"wp:featuredmedia":[{"embeddable":true,"href":"https:\/\/wellness4you.cz\/sk\/wp-json\/wp\/v2\/media\/8931"}],"wp:attachment":[{"href":"https:\/\/wellness4you.cz\/sk\/wp-json\/wp\/v2\/media?parent=8932"}],"wp:term":[{"taxonomy":"product_brand","embeddable":true,"href":"https:\/\/wellness4you.cz\/sk\/wp-json\/wp\/v2\/product_brand?post=8932"},{"taxonomy":"product_cat","embeddable":true,"href":"https:\/\/wellness4you.cz\/sk\/wp-json\/wp\/v2\/product_cat?post=8932"},{"taxonomy":"product_tag","embeddable":true,"href":"https:\/\/wellness4you.cz\/sk\/wp-json\/wp\/v2\/product_tag?post=8932"}],"curies":[{"name":"wp","href":"https:\/\/api.w.org\/{rel}","templated":true}]}}