{"id":8930,"date":"2024-08-30T04:59:18","date_gmt":"2024-08-30T02:59:18","guid":{"rendered":"https:\/\/wellness4you.cz\/sk\/visadore\/"},"modified":"2026-01-08T22:52:35","modified_gmt":"2026-01-08T21:52:35","slug":"visadore","status":"publish","type":"product","link":"https:\/\/wellness4you.cz\/sk\/visadore\/","title":{"rendered":"Visadore"},"content":{"rendered":"<h2>Visadore \u2013 Denn\u00fd kr\u00e9m proti vr\u00e1skam<\/h2>\n<p>Visadore je omladzuj\u00faci denn\u00fd kr\u00e9m navrhnut\u00fd na redukciu vr\u00e1sok a podporu zdravia poko\u017eky. V\u010faka obsahu kolag\u00e9nu, elast\u00ednu, pr\u00edrodn\u00fdch olejov a rastlinn\u00fdch extraktov pom\u00e1ha spevni\u0165 poko\u017eku, zlep\u0161uje jej pru\u017enos\u0165 a poskytuje intenz\u00edvnu hydrat\u00e1ciu, \u010d\u00edm zanech\u00e1va ple\u0165 mladistv\u00fa a hladk\u00fa.<\/p>\n<h2>Zlo\u017eenie produktu Visadore<\/h2>\n<ul>\n<li><strong>Kolag\u00e9n<\/strong><\/li>\n<li><strong>Elast\u00edn<\/strong><\/li>\n<li><strong>Pr\u00edrodn\u00e9 oleje<\/strong><\/li>\n<li><strong>Rastlinn\u00e9 extrakty<\/strong><\/li>\n<\/ul>\n<h2>Inform\u00e1cie o produkte<\/h2>\n<ul>\n<li><strong>Indik\u00e1cia:<\/strong> Proti vr\u00e1skam<\/li>\n<li><strong>Forma:<\/strong> Kr\u00e9m<\/li>\n<li><strong>Doba pou\u017eite\u013enosti:<\/strong> 2 roky<\/li>\n<li><strong>Skaldovanie:<\/strong> Uchov\u00e1vajte pri teplote do 25 \u00b0C<\/li>\n<li><strong>Podmienky v\u00fddaja:<\/strong> Bez receptu<\/li>\n<li><strong>Objem:<\/strong> 25 ml<\/li>\n<li><strong>Mno\u017estvo v balen\u00ed:<\/strong> 1 ks<\/li>\n<li><strong>Obal:<\/strong> Kel\u00edmok<\/li>\n<\/ul>\n<h2>Sp\u00f4sob pou\u017eitia<\/h2>\n<p>Podrobn\u00e9 pokyny n\u00e1jdete v pr\u00edbalovom let\u00e1ku. Aplikujte na \u010dist\u00fa poko\u017eku tv\u00e1re pod\u013ea odpor\u00fa\u010dan\u00ed.<\/p>\n","protected":false},"excerpt":{"rendered":"<p>Visadore \u2013 denn\u00fd kr\u00e9m proti vr\u00e1skam, 25 ml. Obsahuje kolag\u00e9n, elast\u00edn, pr\u00edrodn\u00e9 oleje a rastlinn\u00e9 extrakty pre mladistv\u00fa a hladk\u00fa ple\u0165.<\/p>\n","protected":false},"featured_media":8929,"comment_status":"open","ping_status":"closed","template":"","meta":{"site-sidebar-layout":"default","site-content-layout":"","ast-site-content-layout":"default","site-content-style":"default","site-sidebar-style":"default","ast-global-header-display":"","ast-banner-title-visibility":"","ast-main-header-display":"","ast-hfb-above-header-display":"","ast-hfb-below-header-display":"","ast-hfb-mobile-header-display":"","site-post-title":"","ast-breadcrumbs-content":"","ast-featured-img":"","footer-sml-layout":"","ast-disable-related-posts":"","theme-transparent-header-meta":"default","adv-header-id-meta":"","stick-header-meta":"","header-above-stick-meta":"","header-main-stick-meta":"","header-below-stick-meta":"","astra-migrate-meta-layouts":"set","ast-page-background-enabled":"default","ast-page-background-meta":{"desktop":{"background-color":"","background-image":"","background-repeat":"repeat","background-position":"center center","background-size":"auto","background-attachment":"scroll","background-type":"","background-media":"","overlay-type":"","overlay-color":"","overlay-opacity":"","overlay-gradient":""},"tablet":{"background-color":"","background-image":"","background-repeat":"repeat","background-position":"center center","background-size":"auto","background-attachment":"scroll","background-type":"","background-media":"","overlay-type":"","overlay-color":"","overlay-opacity":"","overlay-gradient":""},"mobile":{"background-color":"","background-image":"","background-repeat":"repeat","background-position":"center center","background-size":"auto","background-attachment":"scroll","background-type":"","background-media":"","overlay-type":"","overlay-color":"","overlay-opacity":"","overlay-gradient":""}},"ast-content-background-meta":{"desktop":{"background-color":"var(--ast-global-color-5)","background-image":"","background-repeat":"repeat","background-position":"center center","background-size":"auto","background-attachment":"scroll","background-type":"","background-media":"","overlay-type":"","overlay-color":"","overlay-opacity":"","overlay-gradient":""},"tablet":{"background-color":"var(--ast-global-color-5)","background-image":"","background-repeat":"repeat","background-position":"center center","background-size":"auto","background-attachment":"scroll","background-type":"","background-media":"","overlay-type":"","overlay-color":"","overlay-opacity":"","overlay-gradient":""},"mobile":{"background-color":"var(--ast-global-color-5)","background-image":"","background-repeat":"repeat","background-position":"center center","background-size":"auto","background-attachment":"scroll","background-type":"","background-media":"","overlay-type":"","overlay-color":"","overlay-opacity":"","overlay-gradient":""}}},"product_brand":[],"product_cat":[42],"product_tag":[],"class_list":{"0":"post-8930","1":"product","2":"type-product","3":"status-publish","4":"has-post-thumbnail","6":"product_cat-produkty-proti-starnutiu","7":"desktop-align-left","8":"tablet-align-left","9":"mobile-align-left","11":"first","12":"instock","13":"sale","14":"taxable","15":"shipping-taxable","16":"purchasable","17":"product-type-simple"},"_links":{"self":[{"href":"https:\/\/wellness4you.cz\/sk\/wp-json\/wp\/v2\/product\/8930","targetHints":{"allow":["GET"]}}],"collection":[{"href":"https:\/\/wellness4you.cz\/sk\/wp-json\/wp\/v2\/product"}],"about":[{"href":"https:\/\/wellness4you.cz\/sk\/wp-json\/wp\/v2\/types\/product"}],"replies":[{"embeddable":true,"href":"https:\/\/wellness4you.cz\/sk\/wp-json\/wp\/v2\/comments?post=8930"}],"wp:featuredmedia":[{"embeddable":true,"href":"https:\/\/wellness4you.cz\/sk\/wp-json\/wp\/v2\/media\/8929"}],"wp:attachment":[{"href":"https:\/\/wellness4you.cz\/sk\/wp-json\/wp\/v2\/media?parent=8930"}],"wp:term":[{"taxonomy":"product_brand","embeddable":true,"href":"https:\/\/wellness4you.cz\/sk\/wp-json\/wp\/v2\/product_brand?post=8930"},{"taxonomy":"product_cat","embeddable":true,"href":"https:\/\/wellness4you.cz\/sk\/wp-json\/wp\/v2\/product_cat?post=8930"},{"taxonomy":"product_tag","embeddable":true,"href":"https:\/\/wellness4you.cz\/sk\/wp-json\/wp\/v2\/product_tag?post=8930"}],"curies":[{"name":"wp","href":"https:\/\/api.w.org\/{rel}","templated":true}]}}