{"id":8928,"date":"2024-08-30T04:59:18","date_gmt":"2024-08-30T02:59:18","guid":{"rendered":"https:\/\/wellness4you.cz\/sk\/premium-cbd\/"},"modified":"2026-01-08T22:52:35","modified_gmt":"2026-01-08T21:52:35","slug":"premium-cbd","status":"publish","type":"product","link":"https:\/\/wellness4you.cz\/sk\/premium-cbd\/","title":{"rendered":"Premium CBD"},"content":{"rendered":"<h2>Premium CBD \u2013 Doplnok stravy na chudnutie<\/h2>\n<p>Premium CBD je doplnok stravy vo forme kaps\u00fal, navrhnut\u00fd na podporu chudnutia. Tento produkt obsahuje pr\u00edrodn\u00e9 ingrediencie, ktor\u00e9 pom\u00e1haj\u00fa efekt\u00edvne spa\u013eova\u0165 tuky, zni\u017eova\u0165 chu\u0165 do jedla a ur\u00fdch\u013eova\u0165 metabolizmus. Kapsuly podporuj\u00fa aj detoxik\u00e1ciu organizmu a poskytuj\u00fa energiu na cel\u00fd de\u0148.<\/p>\n<h2>Ako Premium CBD funguje?<\/h2>\n<ul>\n<li><strong>Rozklad\u00e1 tukov\u00e9 z\u00e1soby:<\/strong> Pr\u00edrodn\u00e9 zlo\u017eky ako opuncia a zelen\u00fd \u010daj ur\u00fdch\u013euj\u00fa metabolizmus a efekt\u00edvne spa\u013euj\u00fa tuky.<\/li>\n<li><strong>Akt\u00edvne zni\u017euje hmotnos\u0165:<\/strong> Pom\u00e1ha pri zni\u017eovan\u00ed hmotnosti a kontroluje chu\u0165 do jedla.<\/li>\n<li><strong>Podporuje metabolizmus:<\/strong> Zvy\u0161uje r\u00fdchlos\u0165 metabolick\u00fdch procesov v tele.<\/li>\n<li><strong>\u010cist\u00ed organizmus:<\/strong> Pom\u00e1ha odstr\u00e1ni\u0165 tox\u00edny a odpadov\u00e9 l\u00e1tky z organizmu.<\/li>\n<\/ul>\n<h2>Zlo\u017eenie kaps\u00fal Premium CBD:<\/h2>\n<ul>\n<li><strong>Guarana a barberry:<\/strong> Ur\u00fdch\u013euj\u00fa metabolizmus, odstra\u0148uj\u00fa nadbyto\u010dn\u00fa tekutinu, dod\u00e1vaj\u00fa energiu a zabra\u0148uj\u00fa vstreb\u00e1vaniu a ukladaniu 80% tukov z potravy.<\/li>\n<li><strong>Zelen\u00fd \u010daj:<\/strong> Ur\u00fdch\u013euje metabolizmus, potl\u00e1\u010da chu\u0165 na sladk\u00e9, \u010dist\u00ed organizmus od tox\u00ednov a spa\u013euje tuky r\u00fdchlej\u0161ie.<\/li>\n<li><strong>Plody opuncie:<\/strong> Maj\u00fa mo\u010dopudn\u00e9 a protiz\u00e1palov\u00e9 \u00fa\u010dinky, ur\u00fdch\u013euj\u00fa metabolizmus.<\/li>\n<li><strong>Spirulina:<\/strong> Odstra\u0148uje nadbyto\u010dn\u00fa tekutinu, upokojuje nervov\u00fd syst\u00e9m a chr\u00e1ni pred poruchami.<\/li>\n<li><strong>L-karnit\u00edn, pikolin\u00e1t chr\u00f3mu:<\/strong> Ur\u00fdch\u013euj\u00fa spa\u013eovanie tukov, premie\u0148aj\u00fa tukov\u00e9 bunky na energiu a potl\u00e1\u010daj\u00fa chu\u0165 do jedla.<\/li>\n<li><strong>Potassium sorbate, sodium benzoate, sucralose:<\/strong> Ur\u00fdch\u013euj\u00fa spa\u013eovanie tukov, odstra\u0148uj\u00fa tox\u00edny z organizmu, reguluj\u00fa chu\u0165 do jedla a zabezpe\u010duj\u00fa energiu.<\/li>\n<\/ul>\n<h2>Odpor\u00fa\u010dan\u00e9 d\u00e1vkovanie:<\/h2>\n<ul>\n<li><strong>R\u00e1no:<\/strong> Rozpustite 25 kvapiek v 100 ml teplej vody.<\/li>\n<li><strong>Ve\u010der:<\/strong> Rozpustite 25 kvapiek v 100 ml teplej vody.<\/li>\n<li><strong>U\u017e\u00edvajte:<\/strong> R\u00e1no a ve\u010der 20 min\u00fat pred jedlom.<\/li>\n<\/ul>\n<p>Premium CBD je ide\u00e1lny doplnok stravy pre t\u00fdch, ktor\u00ed chc\u00fa efekt\u00edvne podpori\u0165 chudnutie a zlep\u0161i\u0165 svoje zdravie.<\/p>\n","protected":false},"excerpt":{"rendered":"<p>Premium CBD je doplnok stravy na chudnutie, ktor\u00fd obsahuje pr\u00edrodn\u00e9 ingrediencie ako zelen\u00fd \u010daj, opunciu a spirulinu. Pom\u00e1ha spa\u013eova\u0165 tuky, ur\u00fdch\u013euje metabolizmus, kontroluje chu\u0165 do jedla a podporuje detoxik\u00e1ciu organizmu.<\/p>\n","protected":false},"featured_media":8927,"comment_status":"open","ping_status":"closed","template":"","meta":{"site-sidebar-layout":"default","site-content-layout":"","ast-site-content-layout":"default","site-content-style":"default","site-sidebar-style":"default","ast-global-header-display":"","ast-banner-title-visibility":"","ast-main-header-display":"","ast-hfb-above-header-display":"","ast-hfb-below-header-display":"","ast-hfb-mobile-header-display":"","site-post-title":"","ast-breadcrumbs-content":"","ast-featured-img":"","footer-sml-layout":"","ast-disable-related-posts":"","theme-transparent-header-meta":"default","adv-header-id-meta":"","stick-header-meta":"","header-above-stick-meta":"","header-main-stick-meta":"","header-below-stick-meta":"","astra-migrate-meta-layouts":"set","ast-page-background-enabled":"default","ast-page-background-meta":{"desktop":{"background-color":"","background-image":"","background-repeat":"repeat","background-position":"center center","background-size":"auto","background-attachment":"scroll","background-type":"","background-media":"","overlay-type":"","overlay-color":"","overlay-opacity":"","overlay-gradient":""},"tablet":{"background-color":"","background-image":"","background-repeat":"repeat","background-position":"center center","background-size":"auto","background-attachment":"scroll","background-type":"","background-media":"","overlay-type":"","overlay-color":"","overlay-opacity":"","overlay-gradient":""},"mobile":{"background-color":"","background-image":"","background-repeat":"repeat","background-position":"center center","background-size":"auto","background-attachment":"scroll","background-type":"","background-media":"","overlay-type":"","overlay-color":"","overlay-opacity":"","overlay-gradient":""}},"ast-content-background-meta":{"desktop":{"background-color":"var(--ast-global-color-5)","background-image":"","background-repeat":"repeat","background-position":"center center","background-size":"auto","background-attachment":"scroll","background-type":"","background-media":"","overlay-type":"","overlay-color":"","overlay-opacity":"","overlay-gradient":""},"tablet":{"background-color":"var(--ast-global-color-5)","background-image":"","background-repeat":"repeat","background-position":"center center","background-size":"auto","background-attachment":"scroll","background-type":"","background-media":"","overlay-type":"","overlay-color":"","overlay-opacity":"","overlay-gradient":""},"mobile":{"background-color":"var(--ast-global-color-5)","background-image":"","background-repeat":"repeat","background-position":"center center","background-size":"auto","background-attachment":"scroll","background-type":"","background-media":"","overlay-type":"","overlay-color":"","overlay-opacity":"","overlay-gradient":""}}},"product_brand":[],"product_cat":[39],"product_tag":[],"class_list":{"0":"post-8928","1":"product","2":"type-product","3":"status-publish","4":"has-post-thumbnail","6":"product_cat-na-chudnutie","7":"desktop-align-left","8":"tablet-align-left","9":"mobile-align-left","11":"first","12":"instock","13":"sale","14":"taxable","15":"shipping-taxable","16":"purchasable","17":"product-type-simple"},"_links":{"self":[{"href":"https:\/\/wellness4you.cz\/sk\/wp-json\/wp\/v2\/product\/8928","targetHints":{"allow":["GET"]}}],"collection":[{"href":"https:\/\/wellness4you.cz\/sk\/wp-json\/wp\/v2\/product"}],"about":[{"href":"https:\/\/wellness4you.cz\/sk\/wp-json\/wp\/v2\/types\/product"}],"replies":[{"embeddable":true,"href":"https:\/\/wellness4you.cz\/sk\/wp-json\/wp\/v2\/comments?post=8928"}],"wp:featuredmedia":[{"embeddable":true,"href":"https:\/\/wellness4you.cz\/sk\/wp-json\/wp\/v2\/media\/8927"}],"wp:attachment":[{"href":"https:\/\/wellness4you.cz\/sk\/wp-json\/wp\/v2\/media?parent=8928"}],"wp:term":[{"taxonomy":"product_brand","embeddable":true,"href":"https:\/\/wellness4you.cz\/sk\/wp-json\/wp\/v2\/product_brand?post=8928"},{"taxonomy":"product_cat","embeddable":true,"href":"https:\/\/wellness4you.cz\/sk\/wp-json\/wp\/v2\/product_cat?post=8928"},{"taxonomy":"product_tag","embeddable":true,"href":"https:\/\/wellness4you.cz\/sk\/wp-json\/wp\/v2\/product_tag?post=8928"}],"curies":[{"name":"wp","href":"https:\/\/api.w.org\/{rel}","templated":true}]}}