{"id":8908,"date":"2024-08-30T04:59:15","date_gmt":"2024-08-30T02:59:15","guid":{"rendered":"https:\/\/wellness4you.cz\/sk\/hemopro\/"},"modified":"2026-01-08T22:52:38","modified_gmt":"2026-01-08T21:52:38","slug":"hemopro","status":"publish","type":"product","link":"https:\/\/wellness4you.cz\/sk\/hemopro\/","title":{"rendered":"HemoPro"},"content":{"rendered":"<p><strong>HemoPro<\/strong> je gel ur\u010den\u00fd k \u00falev\u011b od p\u0159\u00edznak\u016f hemoroid\u016f. Pom\u00e1h\u00e1 sni\u017eovat z\u00e1n\u011bt, zastavovat krv\u00e1cen\u00ed a udr\u017eovat zdrav\u00ed c\u00e9v. Tento kr\u00e9m m\u00e1 venotonick\u00e9 a hojiv\u00e9 vlastnosti, kter\u00e9 \u00fa\u010dinn\u011b zm\u00edr\u0148uj\u00ed p\u0159\u00edznaky hemoroid\u016f.<\/p>\n<h2>V\u00fdhody HemoPro<\/h2>\n<ul>\n<li><strong>Eliminace krv\u00e1cen\u00ed:<\/strong> D\u00edky extraktu z Rhodiola rosea pom\u00e1h\u00e1 rychle zastavit krv\u00e1cen\u00ed.<\/li>\n<li><strong>Zklidn\u011bn\u00ed sv\u011bd\u011bn\u00ed a bolesti:<\/strong> Chmelov\u00fd extrakt pom\u00e1h\u00e1 zm\u00edrnit sv\u011bd\u011bn\u00ed a bolest.<\/li>\n<li><strong>Hojen\u00ed trhlin a v\u0159ed\u016f:<\/strong> Extrakt z aloe podporuje hojen\u00ed po\u0161kozen\u00fdch tk\u00e1n\u00ed.<\/li>\n<li><strong>Ochrana \u017eil b\u011bhem t\u011bhotenstv\u00ed:<\/strong> Extrakt z p\u0161eni\u010dn\u00fdch vl\u00e1ken pom\u00e1h\u00e1 p\u0159edch\u00e1zet \u017eiln\u00edm patologi\u00edm.<\/li>\n<li><strong>Zv\u00fd\u0161en\u00ed t\u00f3nu a elasticity \u017eil:<\/strong> Extrakt z echinacey zlep\u0161uje zdrav\u00ed \u017eil.<\/li>\n<li><strong>Regenerace tk\u00e1n\u00ed kone\u010dn\u00edku:<\/strong> Extrakt z he\u0159m\u00e1nku urychluje regeneraci tk\u00e1n\u00ed.<\/li>\n<li><strong>Prevence infekc\u00ed:<\/strong> Extrakt ze \u0161alv\u011bje zabra\u0148uje infekc\u00edm a hnisav\u00fdm proces\u016fm.<\/li>\n<li><strong>Prevence n\u00e1vratu hemoroid\u016f:<\/strong> Cesnakov\u00fd extrakt pom\u00e1h\u00e1 p\u0159edch\u00e1zet recidiv\u00e1m.<\/li>\n<\/ul>\n<h2>Informace o produktu<\/h2>\n<ul>\n<li><strong>Objem:<\/strong> 80 ml<\/li>\n<li><strong>Slo\u017een\u00ed:<\/strong> Aqua, Glycerin, Acrylates\/C10-30 Alkyl Acrylate Crosspolymer, Phenoxyethanol, Pantenol, Citric acid, Sodium Benzoate, Aesculus Hippocastanum seed extract, Potentilla Erecta Root Extract, Potassium Sorbate, Triethanolamine, Calendula Officinalis Flower Extract, Ethylhexylglycerin, Potassium Hydroxide<\/li>\n<\/ul>\n<h2>Zp\u016fsob pou\u017eit\u00ed<\/h2>\n<p>Naneste tenkou vrstvu kr\u00e9mu na posti\u017eenou oblast dle pot\u0159eby. Pou\u017e\u00edvejte pravideln\u011b pro dosa\u017een\u00ed nejlep\u0161\u00edch v\u00fdsledk\u016f.<\/p>\n","protected":false},"excerpt":{"rendered":"<p>HemoPro \u2013 je komplexn\u00fd pr\u00edrodn\u00fd kr\u00e9m pri hemoroidoch, ktor\u00fd pom\u00e1ha zmierni\u0165 sympt\u00f3my. Zlep\u0161uje stav ciev a ur\u00fdch\u013euje regener\u00e1ciu tkan\u00edv.<\/p>\n","protected":false},"featured_media":8907,"comment_status":"open","ping_status":"closed","template":"","meta":{"site-sidebar-layout":"default","site-content-layout":"","ast-site-content-layout":"default","site-content-style":"default","site-sidebar-style":"default","ast-global-header-display":"","ast-banner-title-visibility":"","ast-main-header-display":"","ast-hfb-above-header-display":"","ast-hfb-below-header-display":"","ast-hfb-mobile-header-display":"","site-post-title":"","ast-breadcrumbs-content":"","ast-featured-img":"","footer-sml-layout":"","ast-disable-related-posts":"","theme-transparent-header-meta":"default","adv-header-id-meta":"","stick-header-meta":"","header-above-stick-meta":"","header-main-stick-meta":"","header-below-stick-meta":"","astra-migrate-meta-layouts":"set","ast-page-background-enabled":"default","ast-page-background-meta":{"desktop":{"background-color":"","background-image":"","background-repeat":"repeat","background-position":"center center","background-size":"auto","background-attachment":"scroll","background-type":"","background-media":"","overlay-type":"","overlay-color":"","overlay-opacity":"","overlay-gradient":""},"tablet":{"background-color":"","background-image":"","background-repeat":"repeat","background-position":"center center","background-size":"auto","background-attachment":"scroll","background-type":"","background-media":"","overlay-type":"","overlay-color":"","overlay-opacity":"","overlay-gradient":""},"mobile":{"background-color":"","background-image":"","background-repeat":"repeat","background-position":"center center","background-size":"auto","background-attachment":"scroll","background-type":"","background-media":"","overlay-type":"","overlay-color":"","overlay-opacity":"","overlay-gradient":""}},"ast-content-background-meta":{"desktop":{"background-color":"var(--ast-global-color-5)","background-image":"","background-repeat":"repeat","background-position":"center center","background-size":"auto","background-attachment":"scroll","background-type":"","background-media":"","overlay-type":"","overlay-color":"","overlay-opacity":"","overlay-gradient":""},"tablet":{"background-color":"var(--ast-global-color-5)","background-image":"","background-repeat":"repeat","background-position":"center center","background-size":"auto","background-attachment":"scroll","background-type":"","background-media":"","overlay-type":"","overlay-color":"","overlay-opacity":"","overlay-gradient":""},"mobile":{"background-color":"var(--ast-global-color-5)","background-image":"","background-repeat":"repeat","background-position":"center center","background-size":"auto","background-attachment":"scroll","background-type":"","background-media":"","overlay-type":"","overlay-color":"","overlay-opacity":"","overlay-gradient":""}}},"product_brand":[],"product_cat":[41],"product_tag":[],"class_list":{"0":"post-8908","1":"product","2":"type-product","3":"status-publish","4":"has-post-thumbnail","6":"product_cat-produkty-pre-zdravie","7":"desktop-align-left","8":"tablet-align-left","9":"mobile-align-left","11":"first","12":"instock","13":"sale","14":"taxable","15":"shipping-taxable","16":"purchasable","17":"product-type-simple"},"_links":{"self":[{"href":"https:\/\/wellness4you.cz\/sk\/wp-json\/wp\/v2\/product\/8908","targetHints":{"allow":["GET"]}}],"collection":[{"href":"https:\/\/wellness4you.cz\/sk\/wp-json\/wp\/v2\/product"}],"about":[{"href":"https:\/\/wellness4you.cz\/sk\/wp-json\/wp\/v2\/types\/product"}],"replies":[{"embeddable":true,"href":"https:\/\/wellness4you.cz\/sk\/wp-json\/wp\/v2\/comments?post=8908"}],"wp:featuredmedia":[{"embeddable":true,"href":"https:\/\/wellness4you.cz\/sk\/wp-json\/wp\/v2\/media\/8907"}],"wp:attachment":[{"href":"https:\/\/wellness4you.cz\/sk\/wp-json\/wp\/v2\/media?parent=8908"}],"wp:term":[{"taxonomy":"product_brand","embeddable":true,"href":"https:\/\/wellness4you.cz\/sk\/wp-json\/wp\/v2\/product_brand?post=8908"},{"taxonomy":"product_cat","embeddable":true,"href":"https:\/\/wellness4you.cz\/sk\/wp-json\/wp\/v2\/product_cat?post=8908"},{"taxonomy":"product_tag","embeddable":true,"href":"https:\/\/wellness4you.cz\/sk\/wp-json\/wp\/v2\/product_tag?post=8908"}],"curies":[{"name":"wp","href":"https:\/\/api.w.org\/{rel}","templated":true}]}}