{"id":8906,"date":"2024-08-30T04:59:15","date_gmt":"2024-08-30T02:59:15","guid":{"rendered":"https:\/\/wellness4you.cz\/sk\/vidia-oil\/"},"modified":"2026-01-08T22:52:37","modified_gmt":"2026-01-08T21:52:37","slug":"vidia-oil","status":"publish","type":"product","link":"https:\/\/wellness4you.cz\/sk\/vidia-oil\/","title":{"rendered":"Vidia Oil"},"content":{"rendered":"<h2>Vidia Oil \u2013 Kapky pro zdrav\u00ed sluchov\u00fdch org\u00e1n\u016f<\/h2>\n<p><strong>Vidia Oil<\/strong> jsou kapky navr\u017een\u00e9 pro podporu zdrav\u00ed u\u0161\u00ed a zlep\u0161en\u00ed sluchu. D\u00edky p\u0159\u00edrodn\u00edmu slo\u017een\u00ed pom\u00e1haj\u00ed zm\u011bk\u010dit u\u0161n\u00ed maz, sni\u017eovat z\u00e1n\u011bt a zm\u00edr\u0148ovat nepohodl\u00ed, \u010d\u00edm\u017e poskytuj\u00ed \u00falevu a zlep\u0161uj\u00ed celkovou funkci u\u0161\u00ed.<\/p>\n<h2>Informace o produktu<\/h2>\n<ul>\n<li><strong>Indikace:<\/strong> Pro podporu zdrav\u00ed sluchu<\/li>\n<li><strong>Forma:<\/strong> Kapky<\/li>\n<li><strong>Doba pou\u017eitelnosti:<\/strong> 2 roky<\/li>\n<li><strong>Skladov\u00e1n\u00ed:<\/strong> Uchov\u00e1vejte p\u0159i teplot\u011b do 25 \u00b0C.<\/li>\n<li><strong>Podm\u00ednky v\u00fddeje:<\/strong> Bez receptu<\/li>\n<li><strong>Objem:<\/strong> 5 g<\/li>\n<li><strong>Mno\u017estv\u00ed v balen\u00ed:<\/strong> 1 ks<\/li>\n<li><strong>Obal:<\/strong> Lahvi\u010dka<\/li>\n<\/ul>\n<h2>Zp\u016fsob pou\u017eit\u00ed<\/h2>\n<p>Podrobn\u00e9 pokyny najdete v p\u0159\u00edbalov\u00e9m let\u00e1ku. Pou\u017e\u00edvejte dle doporu\u010den\u00ed.<\/p>\n","protected":false},"excerpt":{"rendered":"<p>Vidia Oil \u2013 kvapky na zdravie sluchov\u00fdch org\u00e1nov, 5 g. Podporuj\u00fa zdravie u\u0161\u00ed, zm\u00e4k\u010duj\u00fa u\u0161n\u00fd maz, zni\u017euj\u00fa z\u00e1pal a zmier\u0148uj\u00fa nepohodlie.<\/p>\n","protected":false},"featured_media":8905,"comment_status":"open","ping_status":"closed","template":"","meta":{"site-sidebar-layout":"default","site-content-layout":"","ast-site-content-layout":"default","site-content-style":"default","site-sidebar-style":"default","ast-global-header-display":"","ast-banner-title-visibility":"","ast-main-header-display":"","ast-hfb-above-header-display":"","ast-hfb-below-header-display":"","ast-hfb-mobile-header-display":"","site-post-title":"","ast-breadcrumbs-content":"","ast-featured-img":"","footer-sml-layout":"","ast-disable-related-posts":"","theme-transparent-header-meta":"default","adv-header-id-meta":"","stick-header-meta":"","header-above-stick-meta":"","header-main-stick-meta":"","header-below-stick-meta":"","astra-migrate-meta-layouts":"set","ast-page-background-enabled":"default","ast-page-background-meta":{"desktop":{"background-color":"","background-image":"","background-repeat":"repeat","background-position":"center center","background-size":"auto","background-attachment":"scroll","background-type":"","background-media":"","overlay-type":"","overlay-color":"","overlay-opacity":"","overlay-gradient":""},"tablet":{"background-color":"","background-image":"","background-repeat":"repeat","background-position":"center center","background-size":"auto","background-attachment":"scroll","background-type":"","background-media":"","overlay-type":"","overlay-color":"","overlay-opacity":"","overlay-gradient":""},"mobile":{"background-color":"","background-image":"","background-repeat":"repeat","background-position":"center center","background-size":"auto","background-attachment":"scroll","background-type":"","background-media":"","overlay-type":"","overlay-color":"","overlay-opacity":"","overlay-gradient":""}},"ast-content-background-meta":{"desktop":{"background-color":"var(--ast-global-color-5)","background-image":"","background-repeat":"repeat","background-position":"center center","background-size":"auto","background-attachment":"scroll","background-type":"","background-media":"","overlay-type":"","overlay-color":"","overlay-opacity":"","overlay-gradient":""},"tablet":{"background-color":"var(--ast-global-color-5)","background-image":"","background-repeat":"repeat","background-position":"center center","background-size":"auto","background-attachment":"scroll","background-type":"","background-media":"","overlay-type":"","overlay-color":"","overlay-opacity":"","overlay-gradient":""},"mobile":{"background-color":"var(--ast-global-color-5)","background-image":"","background-repeat":"repeat","background-position":"center center","background-size":"auto","background-attachment":"scroll","background-type":"","background-media":"","overlay-type":"","overlay-color":"","overlay-opacity":"","overlay-gradient":""}}},"product_brand":[],"product_cat":[41],"product_tag":[],"class_list":{"0":"post-8906","1":"product","2":"type-product","3":"status-publish","4":"has-post-thumbnail","6":"product_cat-produkty-pre-zdravie","7":"desktop-align-left","8":"tablet-align-left","9":"mobile-align-left","11":"first","12":"instock","13":"sale","14":"taxable","15":"shipping-taxable","16":"purchasable","17":"product-type-simple"},"_links":{"self":[{"href":"https:\/\/wellness4you.cz\/sk\/wp-json\/wp\/v2\/product\/8906","targetHints":{"allow":["GET"]}}],"collection":[{"href":"https:\/\/wellness4you.cz\/sk\/wp-json\/wp\/v2\/product"}],"about":[{"href":"https:\/\/wellness4you.cz\/sk\/wp-json\/wp\/v2\/types\/product"}],"replies":[{"embeddable":true,"href":"https:\/\/wellness4you.cz\/sk\/wp-json\/wp\/v2\/comments?post=8906"}],"wp:featuredmedia":[{"embeddable":true,"href":"https:\/\/wellness4you.cz\/sk\/wp-json\/wp\/v2\/media\/8905"}],"wp:attachment":[{"href":"https:\/\/wellness4you.cz\/sk\/wp-json\/wp\/v2\/media?parent=8906"}],"wp:term":[{"taxonomy":"product_brand","embeddable":true,"href":"https:\/\/wellness4you.cz\/sk\/wp-json\/wp\/v2\/product_brand?post=8906"},{"taxonomy":"product_cat","embeddable":true,"href":"https:\/\/wellness4you.cz\/sk\/wp-json\/wp\/v2\/product_cat?post=8906"},{"taxonomy":"product_tag","embeddable":true,"href":"https:\/\/wellness4you.cz\/sk\/wp-json\/wp\/v2\/product_tag?post=8906"}],"curies":[{"name":"wp","href":"https:\/\/api.w.org\/{rel}","templated":true}]}}