{"id":8898,"date":"2024-08-30T04:59:13","date_gmt":"2024-08-30T02:59:13","guid":{"rendered":"https:\/\/wellness4you.cz\/sk\/sedatol\/"},"modified":"2026-01-08T22:52:37","modified_gmt":"2026-01-08T21:52:37","slug":"sedatol","status":"publish","type":"product","link":"https:\/\/wellness4you.cz\/sk\/sedatol\/","title":{"rendered":"Sedatol"},"content":{"rendered":"<h2>Sedatol \u2013 Doplnok stravy na podporu nervov\u00e9ho syst\u00e9mu 30 ml<\/h2>\n<p><strong>Sedatol<\/strong> je doplnok stravy vo forme kvapiek, ktor\u00fd pom\u00e1ha stabilizova\u0165 psychick\u00fd stav, zmier\u0148uje nervov\u00e9 nap\u00e4tie, obnovuje schopnos\u0165 relax\u00e1cie a zlep\u0161uje sp\u00e1nok. Je ur\u010den\u00fd pre t\u00fdch, ktor\u00ed chc\u00fa zlep\u0161i\u0165 svoju odolnos\u0165 vo\u010di stresu a zlep\u0161i\u0165 kvalitu svojho \u017eivota.<\/p>\n<h2>Hlavn\u00e9 pr\u00ednosy Sedatol<\/h2>\n<ul>\n<li><strong>Pomoc pri \u00fazkosti a podr\u00e1\u017edenosti:<\/strong> Sedatol pom\u00e1ha zmier\u0148ova\u0165 pocity \u00fazkosti a podr\u00e1\u017edenosti.<\/li>\n<li><strong>Podpora norm\u00e1lneho sp\u00e1nku:<\/strong> Pom\u00e1ha zlep\u0161i\u0165 kvalitu sp\u00e1nku a u\u013eah\u010duje zasp\u00e1vanie.<\/li>\n<li><strong>Stabiliz\u00e1cia n\u00e1lady:<\/strong> Podporuje stabiliz\u00e1ciu n\u00e1lady a zlep\u0161uje celkov\u00fa psychick\u00fa pohodu.<\/li>\n<li><strong>Zv\u00fd\u0161enie energie:<\/strong> Pom\u00e1ha obnovi\u0165 energiu a vitalitu.<\/li>\n<li><strong>Zlep\u0161enie odolnosti vo\u010di stresu:<\/strong> Posil\u0148uje schopnos\u0165 tela odol\u00e1va\u0165 stresov\u00fdm situ\u00e1ci\u00e1m.<\/li>\n<\/ul>\n<h2>Zlo\u017eenie produktu Sedatol<\/h2>\n<p>Nosi\u010d: glycerol (E422), extrakt z byl\u00edn materinej d\u00fa\u0161ky (Leonurus cardiaca L.), extrakt z listov medovky (Melissa officinalis L.), extrakt z kvetov levandule (Lavandula angustifolia L.), extrakt z chme\u013eu oby\u010dajn\u00e9ho (Humulus lupulus L.), extrakt z k\u00f4ry citr\u00f3na (Citrus limon L.), grapefruitu (Citrus maxima L.) a hork\u00e9ho pomaran\u010da (Citrus aurantium L.), extrakt z plodov \u010diernej r\u00edbezle (Ribes nigrum L.), extrakt z listov verbeny (Verbena officinalis L.), extrakt z div\u00e9ho tymi\u00e1nu (Thymus serpyllum L.), extrakt z kvetov harman\u010deka (Chamomillae officinalis L.), extrakt z ibi\u0161teka (Hibiscus sabdariffa L.), extrakt z kore\u0148a valeri\u00e1ny (Valeriana officinalis L.), konzervant: benzoan sodn\u00fd (E211), konzervant: kyselina citr\u00f3nov\u00e1.<\/p>\n<p><strong>Sedatol<\/strong> je ide\u00e1lny pre t\u00fdch, ktor\u00ed chc\u00fa bojova\u0165 proti depresii, nespavosti a panick\u00fdm z\u00e1chvatom. Pom\u00f4\u017ee v\u00e1m n\u00e1js\u0165 pokoj, zv\u00fd\u0161i\u0165 odolnos\u0165 vo\u010di stresu a zlep\u0161i\u0165 kvalitu v\u00e1\u0161ho \u017eivota.<\/p>\n","protected":false},"excerpt":{"rendered":"<p>Sedatol \u2013 doplnok stravy vo forme kvapiek, ktor\u00fd podporuje nervov\u00fd syst\u00e9m, pom\u00e1ha stabilizova\u0165 psychick\u00fd stav, zmier\u0148uje nervov\u00e9 nap\u00e4tie a zlep\u0161uje sp\u00e1nok.<\/p>\n","protected":false},"featured_media":8897,"comment_status":"open","ping_status":"closed","template":"","meta":{"site-sidebar-layout":"default","site-content-layout":"","ast-site-content-layout":"default","site-content-style":"default","site-sidebar-style":"default","ast-global-header-display":"","ast-banner-title-visibility":"","ast-main-header-display":"","ast-hfb-above-header-display":"","ast-hfb-below-header-display":"","ast-hfb-mobile-header-display":"","site-post-title":"","ast-breadcrumbs-content":"","ast-featured-img":"","footer-sml-layout":"","ast-disable-related-posts":"","theme-transparent-header-meta":"default","adv-header-id-meta":"","stick-header-meta":"","header-above-stick-meta":"","header-main-stick-meta":"","header-below-stick-meta":"","astra-migrate-meta-layouts":"set","ast-page-background-enabled":"default","ast-page-background-meta":{"desktop":{"background-color":"","background-image":"","background-repeat":"repeat","background-position":"center center","background-size":"auto","background-attachment":"scroll","background-type":"","background-media":"","overlay-type":"","overlay-color":"","overlay-opacity":"","overlay-gradient":""},"tablet":{"background-color":"","background-image":"","background-repeat":"repeat","background-position":"center center","background-size":"auto","background-attachment":"scroll","background-type":"","background-media":"","overlay-type":"","overlay-color":"","overlay-opacity":"","overlay-gradient":""},"mobile":{"background-color":"","background-image":"","background-repeat":"repeat","background-position":"center center","background-size":"auto","background-attachment":"scroll","background-type":"","background-media":"","overlay-type":"","overlay-color":"","overlay-opacity":"","overlay-gradient":""}},"ast-content-background-meta":{"desktop":{"background-color":"var(--ast-global-color-5)","background-image":"","background-repeat":"repeat","background-position":"center center","background-size":"auto","background-attachment":"scroll","background-type":"","background-media":"","overlay-type":"","overlay-color":"","overlay-opacity":"","overlay-gradient":""},"tablet":{"background-color":"var(--ast-global-color-5)","background-image":"","background-repeat":"repeat","background-position":"center center","background-size":"auto","background-attachment":"scroll","background-type":"","background-media":"","overlay-type":"","overlay-color":"","overlay-opacity":"","overlay-gradient":""},"mobile":{"background-color":"var(--ast-global-color-5)","background-image":"","background-repeat":"repeat","background-position":"center center","background-size":"auto","background-attachment":"scroll","background-type":"","background-media":"","overlay-type":"","overlay-color":"","overlay-opacity":"","overlay-gradient":""}}},"product_brand":[],"product_cat":[41],"product_tag":[],"class_list":{"0":"post-8898","1":"product","2":"type-product","3":"status-publish","4":"has-post-thumbnail","6":"product_cat-produkty-pre-zdravie","7":"desktop-align-left","8":"tablet-align-left","9":"mobile-align-left","11":"first","12":"instock","13":"sale","14":"taxable","15":"shipping-taxable","16":"purchasable","17":"product-type-simple"},"_links":{"self":[{"href":"https:\/\/wellness4you.cz\/sk\/wp-json\/wp\/v2\/product\/8898","targetHints":{"allow":["GET"]}}],"collection":[{"href":"https:\/\/wellness4you.cz\/sk\/wp-json\/wp\/v2\/product"}],"about":[{"href":"https:\/\/wellness4you.cz\/sk\/wp-json\/wp\/v2\/types\/product"}],"replies":[{"embeddable":true,"href":"https:\/\/wellness4you.cz\/sk\/wp-json\/wp\/v2\/comments?post=8898"}],"wp:featuredmedia":[{"embeddable":true,"href":"https:\/\/wellness4you.cz\/sk\/wp-json\/wp\/v2\/media\/8897"}],"wp:attachment":[{"href":"https:\/\/wellness4you.cz\/sk\/wp-json\/wp\/v2\/media?parent=8898"}],"wp:term":[{"taxonomy":"product_brand","embeddable":true,"href":"https:\/\/wellness4you.cz\/sk\/wp-json\/wp\/v2\/product_brand?post=8898"},{"taxonomy":"product_cat","embeddable":true,"href":"https:\/\/wellness4you.cz\/sk\/wp-json\/wp\/v2\/product_cat?post=8898"},{"taxonomy":"product_tag","embeddable":true,"href":"https:\/\/wellness4you.cz\/sk\/wp-json\/wp\/v2\/product_tag?post=8898"}],"curies":[{"name":"wp","href":"https:\/\/api.w.org\/{rel}","templated":true}]}}