{"id":8894,"date":"2024-08-30T04:59:13","date_gmt":"2024-08-30T02:59:13","guid":{"rendered":"https:\/\/wellness4you.cz\/sk\/slimcaps-extra\/"},"modified":"2026-01-08T22:52:37","modified_gmt":"2026-01-08T21:52:37","slug":"slimcaps-extra","status":"publish","type":"product","link":"https:\/\/wellness4you.cz\/sk\/slimcaps-extra\/","title":{"rendered":"SlimCaps extra"},"content":{"rendered":"<h2>SlimCaps Extra \u2013 Podpora p\u0159irozen\u00e9ho hubnut\u00ed<\/h2>\n<p><strong>SlimCaps Extra<\/strong> s\u00fa kapsule vyroben\u00e9 z pr\u00edrodn\u00fdch zlo\u017eiek, ktor\u00e9 akt\u00edvne podporuj\u00fa prirodzen\u00e9 procesy v tele. Ka\u017ed\u00e1 kapsula obsahuje 25 extraktov, ktor\u00e9 zvy\u0161uj\u00fa intenzitu spa\u013eovania tukov a\u017e 10-n\u00e1sobne. Tento pr\u00edrodn\u00fd doplnok stravy optimalizuje funkciu metabolizmu, zlep\u0161uje stav endokrinn\u00e9ho syst\u00e9mu a stimuluje regener\u00e1ciu tkan\u00edv.<\/p>\n<p><strong>SlimCaps Extra<\/strong> \u00fa\u010dinne podporuje metabolizmus a pom\u00e1ha pri chudnut\u00ed, bez potreby drastick\u00fdch zmien \u017eivotn\u00e9ho \u0161t\u00fdlu. V\u010faka vyv\u00e1\u017eenej strave a \u0161tandardnej fyzickej aktivite m\u00f4\u017eete dosiahnu\u0165 svoje ciele prirodzen\u00fdm sp\u00f4sobom.<\/p>\n<h2>Pr\u00ednosy SlimCaps Extra<\/h2>\n<ul>\n<li><strong>Elimin\u00e1cia tukov\u00fdch buniek:<\/strong> Pom\u00e1ha odstra\u0148ova\u0165 prebyto\u010dn\u00fd tuk.<\/li>\n<li><strong>Optimaliz\u00e1cia metabolizmu:<\/strong> Zlep\u0161uje metabolick\u00e9 procesy v tele.<\/li>\n<li><strong>Zr\u00fdchlenie metabolizmu:<\/strong> Podporuje r\u00fdchlej\u0161ie spa\u013eovanie kal\u00f3ri\u00ed.<\/li>\n<li><strong>Zn\u00ed\u017eenie chuti do jedla:<\/strong> Pom\u00e1ha obmedzi\u0165 pocit hladu.<\/li>\n<li><strong>Aktiv\u00e1cia prirodzen\u00e9ho spa\u013eovania tukov:<\/strong> Podporuje prirodzen\u00e9 procesy spa\u013eovania tukov.<\/li>\n<li><strong>Redukcia chuti na sladk\u00e9 a nezdrav\u00e9 potraviny:<\/strong> Pom\u00e1ha zni\u017eova\u0165 t\u00fa\u017ebu po nezdrav\u00fdch jedl\u00e1ch.<\/li>\n<li><strong>Zlep\u0161enie imunity:<\/strong> Posil\u0148uje imunitn\u00fd syst\u00e9m a pom\u00e1ha predch\u00e1dza\u0165 ochoreniam.<\/li>\n<li><strong>Prevencia opuchov a potenia:<\/strong> Pom\u00e1ha predch\u00e1dza\u0165 vzniku opuchov a nadmern\u00e9mu poteniu.<\/li>\n<li><strong>Zv\u00fd\u0161enie energie a dobrej n\u00e1lady:<\/strong> Prispieva k vy\u0161\u0161ej energii a lep\u0161iemu celkov\u00e9mu pocitu.<\/li>\n<\/ul>\n<p>Vysk\u00fa\u0161ajte <strong>SlimCaps Extra<\/strong> a podporte svoje chudnutie prirodzen\u00fdm a efekt\u00edvnym sp\u00f4sobom, zatia\u013e \u010do zlep\u0161ujete svoj celkov\u00fd zdravotn\u00fd stav.<\/p>\n","protected":false},"excerpt":{"rendered":"<p>SlimCaps Extra \u2013 doplnok stravy na chudnutie s pr\u00edrodn\u00fdmi zlo\u017ekami, 15 kaps\u00fal. Podpora prirodzen\u00e9ho chudnutia, zr\u00fdchlenie metabolizmu a optimaliz\u00e1cia funkcie metabolizmu.<\/p>\n","protected":false},"featured_media":8893,"comment_status":"open","ping_status":"closed","template":"","meta":{"site-sidebar-layout":"default","site-content-layout":"","ast-site-content-layout":"default","site-content-style":"default","site-sidebar-style":"default","ast-global-header-display":"","ast-banner-title-visibility":"","ast-main-header-display":"","ast-hfb-above-header-display":"","ast-hfb-below-header-display":"","ast-hfb-mobile-header-display":"","site-post-title":"","ast-breadcrumbs-content":"","ast-featured-img":"","footer-sml-layout":"","ast-disable-related-posts":"","theme-transparent-header-meta":"default","adv-header-id-meta":"","stick-header-meta":"","header-above-stick-meta":"","header-main-stick-meta":"","header-below-stick-meta":"","astra-migrate-meta-layouts":"set","ast-page-background-enabled":"default","ast-page-background-meta":{"desktop":{"background-color":"","background-image":"","background-repeat":"repeat","background-position":"center center","background-size":"auto","background-attachment":"scroll","background-type":"","background-media":"","overlay-type":"","overlay-color":"","overlay-opacity":"","overlay-gradient":""},"tablet":{"background-color":"","background-image":"","background-repeat":"repeat","background-position":"center center","background-size":"auto","background-attachment":"scroll","background-type":"","background-media":"","overlay-type":"","overlay-color":"","overlay-opacity":"","overlay-gradient":""},"mobile":{"background-color":"","background-image":"","background-repeat":"repeat","background-position":"center center","background-size":"auto","background-attachment":"scroll","background-type":"","background-media":"","overlay-type":"","overlay-color":"","overlay-opacity":"","overlay-gradient":""}},"ast-content-background-meta":{"desktop":{"background-color":"var(--ast-global-color-5)","background-image":"","background-repeat":"repeat","background-position":"center center","background-size":"auto","background-attachment":"scroll","background-type":"","background-media":"","overlay-type":"","overlay-color":"","overlay-opacity":"","overlay-gradient":""},"tablet":{"background-color":"var(--ast-global-color-5)","background-image":"","background-repeat":"repeat","background-position":"center center","background-size":"auto","background-attachment":"scroll","background-type":"","background-media":"","overlay-type":"","overlay-color":"","overlay-opacity":"","overlay-gradient":""},"mobile":{"background-color":"var(--ast-global-color-5)","background-image":"","background-repeat":"repeat","background-position":"center center","background-size":"auto","background-attachment":"scroll","background-type":"","background-media":"","overlay-type":"","overlay-color":"","overlay-opacity":"","overlay-gradient":""}}},"product_brand":[],"product_cat":[39],"product_tag":[],"class_list":{"0":"post-8894","1":"product","2":"type-product","3":"status-publish","4":"has-post-thumbnail","6":"product_cat-na-chudnutie","7":"desktop-align-left","8":"tablet-align-left","9":"mobile-align-left","11":"first","12":"instock","13":"sale","14":"taxable","15":"shipping-taxable","16":"purchasable","17":"product-type-simple"},"_links":{"self":[{"href":"https:\/\/wellness4you.cz\/sk\/wp-json\/wp\/v2\/product\/8894","targetHints":{"allow":["GET"]}}],"collection":[{"href":"https:\/\/wellness4you.cz\/sk\/wp-json\/wp\/v2\/product"}],"about":[{"href":"https:\/\/wellness4you.cz\/sk\/wp-json\/wp\/v2\/types\/product"}],"replies":[{"embeddable":true,"href":"https:\/\/wellness4you.cz\/sk\/wp-json\/wp\/v2\/comments?post=8894"}],"wp:featuredmedia":[{"embeddable":true,"href":"https:\/\/wellness4you.cz\/sk\/wp-json\/wp\/v2\/media\/8893"}],"wp:attachment":[{"href":"https:\/\/wellness4you.cz\/sk\/wp-json\/wp\/v2\/media?parent=8894"}],"wp:term":[{"taxonomy":"product_brand","embeddable":true,"href":"https:\/\/wellness4you.cz\/sk\/wp-json\/wp\/v2\/product_brand?post=8894"},{"taxonomy":"product_cat","embeddable":true,"href":"https:\/\/wellness4you.cz\/sk\/wp-json\/wp\/v2\/product_cat?post=8894"},{"taxonomy":"product_tag","embeddable":true,"href":"https:\/\/wellness4you.cz\/sk\/wp-json\/wp\/v2\/product_tag?post=8894"}],"curies":[{"name":"wp","href":"https:\/\/api.w.org\/{rel}","templated":true}]}}