{"id":8892,"date":"2024-08-30T04:59:12","date_gmt":"2024-08-30T02:59:12","guid":{"rendered":"https:\/\/wellness4you.cz\/sk\/keto-coffee-premium\/"},"modified":"2026-01-08T22:52:38","modified_gmt":"2026-01-08T21:52:38","slug":"keto-coffee-premium","status":"publish","type":"product","link":"https:\/\/wellness4you.cz\/sk\/keto-coffee-premium\/","title":{"rendered":"Keto Coffee Premium"},"content":{"rendered":"<h2>Keto Coffee Premium \u2013 K\u00e1vov\u00fd koktejl pre prirodzen\u00e9 chudnutie<\/h2>\n<p><strong>Keto Coffee Premium<\/strong> je lahodn\u00fd k\u00e1vov\u00fd koktejl navrhnut\u00fd na podporu procesu chudnutia aktiv\u00e1ciou ket\u00f3nov\u00fdch teliesok. Tento koktejl umo\u017e\u0148uje spusti\u0165 prirodzen\u00e9 procesy chudnutia bez \u0161kodliv\u00fdch \u00fa\u010dinkov na telo a bez nutnosti obmedzova\u0165 ob\u013e\u00faben\u00e9 jedl\u00e1. S <strong>Keto Coffee Premium<\/strong> si m\u00f4\u017eete vychutna\u0165 svoju k\u00e1vu a z\u00e1rove\u0148 podpori\u0165 svoje chudnutie.<\/p>\n<h2>K\u013e\u00fa\u010dov\u00e9 zlo\u017eky Keto Coffee Premium<\/h2>\n<ul>\n<li><strong>Izolovan\u00fd s\u00f3jov\u00fd prote\u00edn:<\/strong> Poskytuje potrebn\u00e9 bielkoviny na udr\u017eanie svalovej hmoty.<\/li>\n<li><strong>S\u00f3jov\u00e1 vl\u00e1knina:<\/strong> Podporuje tr\u00e1venie a dod\u00e1va pocit s\u00fdtosti.<\/li>\n<li><strong>Kolag\u00e9n (hov\u00e4dz\u00ed):<\/strong> Podporuje zdravie poko\u017eky, vlasov a nechtov.<\/li>\n<li><strong>Hor\u010d\u00edk:<\/strong> Prispieva k norm\u00e1lnemu fungovaniu svalov a nervov.<\/li>\n<li><strong>MCT pr\u00e1\u0161ok z kokosov\u00e9ho oleja:<\/strong> R\u00fdchly zdroj energie, ktor\u00fd podporuje ket\u00f3zu.<\/li>\n<li><strong>Extrakt zo zelenej k\u00e1vy:<\/strong> Obsahuje chlorog\u00e9nov\u00e9 kyseliny, ktor\u00e9 podporuj\u00fa metabolizmus.<\/li>\n<li><strong>L-Carnitine:<\/strong> Pom\u00e1ha pri premene tukov na energiu.<\/li>\n<li><strong>Vitam\u00edny C, B3, B6 a zinok:<\/strong> Podporuj\u00fa imunitn\u00fd syst\u00e9m a celkov\u00fa vitalitu.<\/li>\n<\/ul>\n<h2>Zlo\u017eenie<\/h2>\n<p>Izolovan\u00fd s\u00f3jov\u00fd prote\u00edn, S\u00f3jov\u00e1 vl\u00e1knina, Kolag\u00e9n (hov\u00e4dz\u00ed), Hor\u010d\u00edk (ako uhli\u010ditan hore\u010dnat\u00fd), Aroma s pr\u00edchu\u0165ou k\u00e1vy, MCT pr\u00e1\u0161ok z kokosov\u00e9ho oleja, Extrakt zo zelenej k\u00e1vy (Coffea arabica L.) (45% chlorog\u00e9nov\u00e9 kyseliny) (1%), Kofe\u00edn, L-Carnitine, Vitam\u00edn C (askorbov\u00e1 kyselina), Sladidlo: Sucral\u00f3za, Vitam\u00edn B3 (Nikot\u00ednamid), Zinok (ako citr\u00e1t zino\u010dnat\u00fd), So\u013e, Vitam\u00edn B6 (pyridox\u00edn hydrochlorid).<\/p>\n<p>Vychutnajte si <strong>Keto Coffee Premium<\/strong> a podporujte svoje chudnutie bez nutnosti obmedzovania svojich ob\u013e\u00faben\u00fdch jed\u00e1l.<\/p>\n","protected":false},"excerpt":{"rendered":"<p>Keto Coffee Premium \u2013 k\u00e1vov\u00fd kokteil na chudnutie, ktor\u00fd aktivuje ket\u00f3nov\u00e9 tel\u00e1. Umo\u017e\u0148uje prirodzen\u00e9 chudnutie bez obmedzenia jed\u00e1lni\u010dka a bez \u010fal\u0161ieho \u00fasilia.<\/p>\n","protected":false},"featured_media":8891,"comment_status":"open","ping_status":"closed","template":"","meta":{"site-sidebar-layout":"default","site-content-layout":"","ast-site-content-layout":"default","site-content-style":"default","site-sidebar-style":"default","ast-global-header-display":"","ast-banner-title-visibility":"","ast-main-header-display":"","ast-hfb-above-header-display":"","ast-hfb-below-header-display":"","ast-hfb-mobile-header-display":"","site-post-title":"","ast-breadcrumbs-content":"","ast-featured-img":"","footer-sml-layout":"","ast-disable-related-posts":"","theme-transparent-header-meta":"default","adv-header-id-meta":"","stick-header-meta":"","header-above-stick-meta":"","header-main-stick-meta":"","header-below-stick-meta":"","astra-migrate-meta-layouts":"set","ast-page-background-enabled":"default","ast-page-background-meta":{"desktop":{"background-color":"","background-image":"","background-repeat":"repeat","background-position":"center center","background-size":"auto","background-attachment":"scroll","background-type":"","background-media":"","overlay-type":"","overlay-color":"","overlay-opacity":"","overlay-gradient":""},"tablet":{"background-color":"","background-image":"","background-repeat":"repeat","background-position":"center center","background-size":"auto","background-attachment":"scroll","background-type":"","background-media":"","overlay-type":"","overlay-color":"","overlay-opacity":"","overlay-gradient":""},"mobile":{"background-color":"","background-image":"","background-repeat":"repeat","background-position":"center center","background-size":"auto","background-attachment":"scroll","background-type":"","background-media":"","overlay-type":"","overlay-color":"","overlay-opacity":"","overlay-gradient":""}},"ast-content-background-meta":{"desktop":{"background-color":"var(--ast-global-color-5)","background-image":"","background-repeat":"repeat","background-position":"center center","background-size":"auto","background-attachment":"scroll","background-type":"","background-media":"","overlay-type":"","overlay-color":"","overlay-opacity":"","overlay-gradient":""},"tablet":{"background-color":"var(--ast-global-color-5)","background-image":"","background-repeat":"repeat","background-position":"center center","background-size":"auto","background-attachment":"scroll","background-type":"","background-media":"","overlay-type":"","overlay-color":"","overlay-opacity":"","overlay-gradient":""},"mobile":{"background-color":"var(--ast-global-color-5)","background-image":"","background-repeat":"repeat","background-position":"center center","background-size":"auto","background-attachment":"scroll","background-type":"","background-media":"","overlay-type":"","overlay-color":"","overlay-opacity":"","overlay-gradient":""}}},"product_brand":[],"product_cat":[39],"product_tag":[],"class_list":{"0":"post-8892","1":"product","2":"type-product","3":"status-publish","4":"has-post-thumbnail","6":"product_cat-na-chudnutie","7":"desktop-align-left","8":"tablet-align-left","9":"mobile-align-left","11":"first","12":"instock","13":"sale","14":"taxable","15":"shipping-taxable","16":"purchasable","17":"product-type-simple"},"_links":{"self":[{"href":"https:\/\/wellness4you.cz\/sk\/wp-json\/wp\/v2\/product\/8892","targetHints":{"allow":["GET"]}}],"collection":[{"href":"https:\/\/wellness4you.cz\/sk\/wp-json\/wp\/v2\/product"}],"about":[{"href":"https:\/\/wellness4you.cz\/sk\/wp-json\/wp\/v2\/types\/product"}],"replies":[{"embeddable":true,"href":"https:\/\/wellness4you.cz\/sk\/wp-json\/wp\/v2\/comments?post=8892"}],"wp:featuredmedia":[{"embeddable":true,"href":"https:\/\/wellness4you.cz\/sk\/wp-json\/wp\/v2\/media\/8891"}],"wp:attachment":[{"href":"https:\/\/wellness4you.cz\/sk\/wp-json\/wp\/v2\/media?parent=8892"}],"wp:term":[{"taxonomy":"product_brand","embeddable":true,"href":"https:\/\/wellness4you.cz\/sk\/wp-json\/wp\/v2\/product_brand?post=8892"},{"taxonomy":"product_cat","embeddable":true,"href":"https:\/\/wellness4you.cz\/sk\/wp-json\/wp\/v2\/product_cat?post=8892"},{"taxonomy":"product_tag","embeddable":true,"href":"https:\/\/wellness4you.cz\/sk\/wp-json\/wp\/v2\/product_tag?post=8892"}],"curies":[{"name":"wp","href":"https:\/\/api.w.org\/{rel}","templated":true}]}}