{"id":8890,"date":"2024-08-30T04:59:12","date_gmt":"2024-08-30T02:59:12","guid":{"rendered":"https:\/\/wellness4you.cz\/sk\/glucolite\/"},"modified":"2026-01-08T22:52:37","modified_gmt":"2026-01-08T21:52:37","slug":"glucolite","status":"publish","type":"product","link":"https:\/\/wellness4you.cz\/sk\/glucolite\/","title":{"rendered":"Glucolite"},"content":{"rendered":"<p><strong>GlucoLite<\/strong> je starostlivo formulovan\u00fd produkt navrhnut\u00fd na pomoc pri regul\u00e1cii hladiny cukru v krvi. S obsahom pr\u00edrodn\u00fdch zlo\u017eiek vr\u00e1tane esenci\u00e1lnych vitam\u00ednov, miner\u00e1lov a bylinn\u00fdch extraktov podporuje <strong>GlucoLite<\/strong> metabolizmus gluk\u00f3zy a zvy\u0161uje citlivos\u0165 na inzul\u00edn.<\/p>\n<h2>V\u00fdhody pou\u017e\u00edvania GlucoLite<\/h2>\n<ul>\n<li>Pom\u00e1ha udr\u017eiava\u0165 stabiln\u00e9 hladiny cukru v krvi.<\/li>\n<li>Podporuje metabolizmus gluk\u00f3zy a zvy\u0161uje citlivos\u0165 na inzul\u00edn.<\/li>\n<li>Redukuje chu\u0165 na sladk\u00e9 a udr\u017euje vyv\u00e1\u017een\u00fa energiu po\u010das d\u0148a.<\/li>\n<li>Podporuje celkov\u00fa pohodu a zdrav\u00fd \u017eivotn\u00fd \u0161t\u00fdl.<\/li>\n<\/ul>\n<p><strong>GlucoLite<\/strong> je ide\u00e1lny na ka\u017edodenn\u00e9 pou\u017eitie a poskytuje komplexn\u00fd pr\u00edstup k zvl\u00e1daniu cukrovky a podpore zdrav\u00e9ho \u017eivotn\u00e9ho \u0161t\u00fdlu.<\/p>\n","protected":false},"excerpt":{"rendered":"<p>GlucoLite \u2013 doplnok stravy vo forme kaps\u00fal, ktor\u00fd pom\u00e1ha regulova\u0165 hladinu cukru v krvi a podporuje metabolizmus gluk\u00f3zy. Obsahuje pr\u00edrodn\u00e9 zlo\u017eky, vitam\u00edny a miner\u00e1ly na zlep\u0161enie citlivosti na inzul\u00edn a celkov\u00e9 zdravie.<\/p>\n","protected":false},"featured_media":8889,"comment_status":"open","ping_status":"closed","template":"","meta":{"site-sidebar-layout":"default","site-content-layout":"","ast-site-content-layout":"default","site-content-style":"default","site-sidebar-style":"default","ast-global-header-display":"","ast-banner-title-visibility":"","ast-main-header-display":"","ast-hfb-above-header-display":"","ast-hfb-below-header-display":"","ast-hfb-mobile-header-display":"","site-post-title":"","ast-breadcrumbs-content":"","ast-featured-img":"","footer-sml-layout":"","ast-disable-related-posts":"","theme-transparent-header-meta":"default","adv-header-id-meta":"","stick-header-meta":"","header-above-stick-meta":"","header-main-stick-meta":"","header-below-stick-meta":"","astra-migrate-meta-layouts":"set","ast-page-background-enabled":"default","ast-page-background-meta":{"desktop":{"background-color":"","background-image":"","background-repeat":"repeat","background-position":"center center","background-size":"auto","background-attachment":"scroll","background-type":"","background-media":"","overlay-type":"","overlay-color":"","overlay-opacity":"","overlay-gradient":""},"tablet":{"background-color":"","background-image":"","background-repeat":"repeat","background-position":"center center","background-size":"auto","background-attachment":"scroll","background-type":"","background-media":"","overlay-type":"","overlay-color":"","overlay-opacity":"","overlay-gradient":""},"mobile":{"background-color":"","background-image":"","background-repeat":"repeat","background-position":"center center","background-size":"auto","background-attachment":"scroll","background-type":"","background-media":"","overlay-type":"","overlay-color":"","overlay-opacity":"","overlay-gradient":""}},"ast-content-background-meta":{"desktop":{"background-color":"var(--ast-global-color-5)","background-image":"","background-repeat":"repeat","background-position":"center center","background-size":"auto","background-attachment":"scroll","background-type":"","background-media":"","overlay-type":"","overlay-color":"","overlay-opacity":"","overlay-gradient":""},"tablet":{"background-color":"var(--ast-global-color-5)","background-image":"","background-repeat":"repeat","background-position":"center center","background-size":"auto","background-attachment":"scroll","background-type":"","background-media":"","overlay-type":"","overlay-color":"","overlay-opacity":"","overlay-gradient":""},"mobile":{"background-color":"var(--ast-global-color-5)","background-image":"","background-repeat":"repeat","background-position":"center center","background-size":"auto","background-attachment":"scroll","background-type":"","background-media":"","overlay-type":"","overlay-color":"","overlay-opacity":"","overlay-gradient":""}}},"product_brand":[],"product_cat":[41],"product_tag":[],"class_list":{"0":"post-8890","1":"product","2":"type-product","3":"status-publish","4":"has-post-thumbnail","6":"product_cat-produkty-pre-zdravie","7":"desktop-align-left","8":"tablet-align-left","9":"mobile-align-left","11":"first","12":"instock","13":"sale","14":"taxable","15":"shipping-taxable","16":"purchasable","17":"product-type-simple"},"_links":{"self":[{"href":"https:\/\/wellness4you.cz\/sk\/wp-json\/wp\/v2\/product\/8890","targetHints":{"allow":["GET"]}}],"collection":[{"href":"https:\/\/wellness4you.cz\/sk\/wp-json\/wp\/v2\/product"}],"about":[{"href":"https:\/\/wellness4you.cz\/sk\/wp-json\/wp\/v2\/types\/product"}],"replies":[{"embeddable":true,"href":"https:\/\/wellness4you.cz\/sk\/wp-json\/wp\/v2\/comments?post=8890"}],"wp:featuredmedia":[{"embeddable":true,"href":"https:\/\/wellness4you.cz\/sk\/wp-json\/wp\/v2\/media\/8889"}],"wp:attachment":[{"href":"https:\/\/wellness4you.cz\/sk\/wp-json\/wp\/v2\/media?parent=8890"}],"wp:term":[{"taxonomy":"product_brand","embeddable":true,"href":"https:\/\/wellness4you.cz\/sk\/wp-json\/wp\/v2\/product_brand?post=8890"},{"taxonomy":"product_cat","embeddable":true,"href":"https:\/\/wellness4you.cz\/sk\/wp-json\/wp\/v2\/product_cat?post=8890"},{"taxonomy":"product_tag","embeddable":true,"href":"https:\/\/wellness4you.cz\/sk\/wp-json\/wp\/v2\/product_tag?post=8890"}],"curies":[{"name":"wp","href":"https:\/\/api.w.org\/{rel}","templated":true}]}}