{"id":8888,"date":"2024-08-30T04:59:12","date_gmt":"2024-08-30T02:59:12","guid":{"rendered":"https:\/\/wellness4you.cz\/sk\/perky-crave\/"},"modified":"2026-01-08T22:52:37","modified_gmt":"2026-01-08T21:52:37","slug":"perky-crave","status":"publish","type":"product","link":"https:\/\/wellness4you.cz\/sk\/perky-crave\/","title":{"rendered":"Perky Crave"},"content":{"rendered":"<p><strong>Perky Crave<\/strong> je omladzuj\u00faci kr\u00e9m na prsia, ktor\u00fd pom\u00e1ha spevni\u0165 poko\u017eku a zv\u00fd\u0161i\u0165 jej elasticitu. Tento kr\u00e9m je vhodn\u00fd pre v\u0161etky \u017eeny nad 20 rokov a pom\u00e1ha bojova\u0165 proti zn\u00e1mkam starnutia, ako s\u00fa vr\u00e1sky a ochabnut\u00e1 poko\u017eka.<\/p>\n<h2>Zlo\u017eenie<\/h2>\n<ul>\n<li>Aqua<\/li>\n<li>Hydrogenated Polyisobutene<\/li>\n<li>Caprylic\/Capric triglycerides<\/li>\n<li>Glycer\u00edn<\/li>\n<li>Butylene Glycol<\/li>\n<li>Prunus Amygdalus Dulcis Oil<\/li>\n<li>Hydrogenated Ethylhexyl Olivate<\/li>\n<li>Hydroxyethyl Acrylate\/Sodium Acryloyldimethyl Taurate Copolymer<\/li>\n<li>Polysorbate 20<\/li>\n<li>Phenoxyethanol<\/li>\n<li>Betaine<\/li>\n<li>Hydrogenated Olive Oil Unsaponifiables<\/li>\n<li>Sorbitan Laurate<\/li>\n<li>Ethylhexylglycerin<\/li>\n<li>Hydroxyethylcellulose<\/li>\n<li>Acetyl Dipeptide 1 Cetyl Ester<\/li>\n<li>Laminaria Japonica Extract<\/li>\n<li>Parfum<\/li>\n<li>Anemarrhenae Asphodeloides Root Extract<\/li>\n<li>Citric Acid<\/li>\n<li>Sodium benzoate<\/li>\n<li>Potassium sorbate<\/li>\n<\/ul>\n<p><strong>Perky Crave<\/strong> \u2013 poskytnite svojim prsiam starostlivos\u0165, ktor\u00fa si zasl\u00fa\u017eia, a vychutnajte si pevnej\u0161iu, mlad\u0161ie vyzeraj\u00facu poko\u017eku.<\/p>\n","protected":false},"excerpt":{"rendered":"<p>Perky Crave \u2013 kr\u00e9m na zv\u00e4\u010d\u0161enie a spevnenie p\u0155s, ktor\u00fd pom\u00e1ha zlep\u0161ova\u0165 elasticitu poko\u017eky a bojova\u0165 proti zn\u00e1mkam starnutia. Vhodn\u00fd pre \u017eeny nad 20 rokov.<\/p>\n","protected":false},"featured_media":8887,"comment_status":"open","ping_status":"closed","template":"","meta":{"site-sidebar-layout":"default","site-content-layout":"","ast-site-content-layout":"default","site-content-style":"default","site-sidebar-style":"default","ast-global-header-display":"","ast-banner-title-visibility":"","ast-main-header-display":"","ast-hfb-above-header-display":"","ast-hfb-below-header-display":"","ast-hfb-mobile-header-display":"","site-post-title":"","ast-breadcrumbs-content":"","ast-featured-img":"","footer-sml-layout":"","ast-disable-related-posts":"","theme-transparent-header-meta":"default","adv-header-id-meta":"","stick-header-meta":"","header-above-stick-meta":"","header-main-stick-meta":"","header-below-stick-meta":"","astra-migrate-meta-layouts":"set","ast-page-background-enabled":"default","ast-page-background-meta":{"desktop":{"background-color":"","background-image":"","background-repeat":"repeat","background-position":"center center","background-size":"auto","background-attachment":"scroll","background-type":"","background-media":"","overlay-type":"","overlay-color":"","overlay-opacity":"","overlay-gradient":""},"tablet":{"background-color":"","background-image":"","background-repeat":"repeat","background-position":"center center","background-size":"auto","background-attachment":"scroll","background-type":"","background-media":"","overlay-type":"","overlay-color":"","overlay-opacity":"","overlay-gradient":""},"mobile":{"background-color":"","background-image":"","background-repeat":"repeat","background-position":"center center","background-size":"auto","background-attachment":"scroll","background-type":"","background-media":"","overlay-type":"","overlay-color":"","overlay-opacity":"","overlay-gradient":""}},"ast-content-background-meta":{"desktop":{"background-color":"var(--ast-global-color-5)","background-image":"","background-repeat":"repeat","background-position":"center center","background-size":"auto","background-attachment":"scroll","background-type":"","background-media":"","overlay-type":"","overlay-color":"","overlay-opacity":"","overlay-gradient":""},"tablet":{"background-color":"var(--ast-global-color-5)","background-image":"","background-repeat":"repeat","background-position":"center center","background-size":"auto","background-attachment":"scroll","background-type":"","background-media":"","overlay-type":"","overlay-color":"","overlay-opacity":"","overlay-gradient":""},"mobile":{"background-color":"var(--ast-global-color-5)","background-image":"","background-repeat":"repeat","background-position":"center center","background-size":"auto","background-attachment":"scroll","background-type":"","background-media":"","overlay-type":"","overlay-color":"","overlay-opacity":"","overlay-gradient":""}}},"product_brand":[],"product_cat":[41],"product_tag":[],"class_list":{"0":"post-8888","1":"product","2":"type-product","3":"status-publish","4":"has-post-thumbnail","6":"product_cat-produkty-pre-zdravie","7":"desktop-align-left","8":"tablet-align-left","9":"mobile-align-left","11":"first","12":"instock","13":"sale","14":"taxable","15":"shipping-taxable","16":"purchasable","17":"product-type-simple"},"_links":{"self":[{"href":"https:\/\/wellness4you.cz\/sk\/wp-json\/wp\/v2\/product\/8888","targetHints":{"allow":["GET"]}}],"collection":[{"href":"https:\/\/wellness4you.cz\/sk\/wp-json\/wp\/v2\/product"}],"about":[{"href":"https:\/\/wellness4you.cz\/sk\/wp-json\/wp\/v2\/types\/product"}],"replies":[{"embeddable":true,"href":"https:\/\/wellness4you.cz\/sk\/wp-json\/wp\/v2\/comments?post=8888"}],"wp:featuredmedia":[{"embeddable":true,"href":"https:\/\/wellness4you.cz\/sk\/wp-json\/wp\/v2\/media\/8887"}],"wp:attachment":[{"href":"https:\/\/wellness4you.cz\/sk\/wp-json\/wp\/v2\/media?parent=8888"}],"wp:term":[{"taxonomy":"product_brand","embeddable":true,"href":"https:\/\/wellness4you.cz\/sk\/wp-json\/wp\/v2\/product_brand?post=8888"},{"taxonomy":"product_cat","embeddable":true,"href":"https:\/\/wellness4you.cz\/sk\/wp-json\/wp\/v2\/product_cat?post=8888"},{"taxonomy":"product_tag","embeddable":true,"href":"https:\/\/wellness4you.cz\/sk\/wp-json\/wp\/v2\/product_tag?post=8888"}],"curies":[{"name":"wp","href":"https:\/\/api.w.org\/{rel}","templated":true}]}}