{"id":8884,"date":"2024-08-30T04:59:11","date_gmt":"2024-08-30T02:59:11","guid":{"rendered":"https:\/\/wellness4you.cz\/sk\/nicotinon-premium\/"},"modified":"2026-01-08T22:52:38","modified_gmt":"2026-01-08T21:52:38","slug":"nicotinon-premium","status":"publish","type":"product","link":"https:\/\/wellness4you.cz\/sk\/nicotinon-premium\/","title":{"rendered":"NicotinOn Premium"},"content":{"rendered":"<p><strong>NicotinOn Premium<\/strong> je doplnok stravy, ktor\u00fd u\u013eah\u010duje proces odvykania od faj\u010denia. Pom\u00e1ha presta\u0165 so zl\u00fdm n\u00e1vykom, pri\u010dom sa vyhnete stresu, podr\u00e1\u017edenosti a \u010fal\u0161\u00edm ved\u013eaj\u0161\u00edm \u00fa\u010dinkom.<\/p>\n<h2>\u010co rob\u00ed NicotinOn Premium tak\u00fdm efekt\u00edvnym?<\/h2>\n<ul>\n<li>Zabezpe\u010duje optim\u00e1lnu \u010dinnos\u0165 nervov\u00e9ho syst\u00e9mu, zlep\u0161uje funkcie mozgu a normalizuje pr\u00e1cu v\u0161etk\u00fdch telesn\u00fdch syst\u00e9mov.<\/li>\n<li>Pom\u00e1ha eliminova\u0165 chu\u0165 na faj\u010denie, \u010dist\u00ed telo od tox\u00ednov a chr\u00e1ni pred v\u00fdkyvmi n\u00e1lady.<\/li>\n<li>Zabra\u0148uje starnutiu ciev, zlep\u0161uje krvn\u00fd obeh, normalizuje \u010dinnos\u0165 srdca a mozgu.<\/li>\n<li>P\u00f4sob\u00ed upokojuj\u00faco na nervov\u00fd syst\u00e9m, zlep\u0161uje imunitn\u00fd syst\u00e9m a zni\u017euje riziko m\u0155tvice a infarktu myokardu.<\/li>\n<li>Podporuje dobr\u00fa n\u00e1ladu, pokoj a zdrav\u00fd sp\u00e1nok, \u010d\u00edm u\u013eah\u010duje zvykanie si na \u017eivot bez cigariet.<\/li>\n<\/ul>\n<h2>Zlo\u017eenie<\/h2>\n<ul>\n<li>\u017delat\u00edna<\/li>\n<li>Mikrokry\u0161talick\u00e1 celul\u00f3za<\/li>\n<li>Oxid hore\u010dnat\u00fd<\/li>\n<li>Extrakt zo semien ovsa 4:1<\/li>\n<li>Vitam\u00edn C<\/li>\n<li>Extrakt z kudzu 4:1<\/li>\n<li>Extrakt z listov \u0161alvie 4:1<\/li>\n<li>Extrakt z kore\u0148a valeri\u00e1ny 4:1<\/li>\n<li>Extrakt z kore\u0148a Rhodiola 4:1, 1.0% Salidroside<\/li>\n<li>Extrakt z chaga sclerotium 4:1<\/li>\n<li>Extrakt z \u013eubovn\u00edka bodkovan\u00e9ho 4:1<\/li>\n<li>Hore\u010dnat\u00e9 soli mastn\u00fdch kysel\u00edn<\/li>\n<li>Vitam\u00edn B6<\/li>\n<\/ul>\n<p><strong>NicotinOn Premium<\/strong> \u2013 pom\u00f4\u017ete si v procese odvykania od faj\u010denia s t\u00fdmto pokro\u010dil\u00fdm doplnkom stravy, ktor\u00fd podporuje celkov\u00e9 zdravie a pohodu.<\/p>\n","protected":false},"excerpt":{"rendered":"<p>NicotinOn Premium \u2013 doplnok stravy na u\u013eah\u010denie procesu odvykania od faj\u010denia. Pom\u00e1ha presta\u0165 faj\u010di\u0165 bez stresu a podr\u00e1\u017edenosti, zlep\u0161uje \u010dinnos\u0165 nervov\u00e9ho syst\u00e9mu a celkov\u00e9 zdravie.<\/p>\n","protected":false},"featured_media":8883,"comment_status":"open","ping_status":"closed","template":"","meta":{"site-sidebar-layout":"default","site-content-layout":"","ast-site-content-layout":"default","site-content-style":"default","site-sidebar-style":"default","ast-global-header-display":"","ast-banner-title-visibility":"","ast-main-header-display":"","ast-hfb-above-header-display":"","ast-hfb-below-header-display":"","ast-hfb-mobile-header-display":"","site-post-title":"","ast-breadcrumbs-content":"","ast-featured-img":"","footer-sml-layout":"","ast-disable-related-posts":"","theme-transparent-header-meta":"default","adv-header-id-meta":"","stick-header-meta":"","header-above-stick-meta":"","header-main-stick-meta":"","header-below-stick-meta":"","astra-migrate-meta-layouts":"set","ast-page-background-enabled":"default","ast-page-background-meta":{"desktop":{"background-color":"","background-image":"","background-repeat":"repeat","background-position":"center center","background-size":"auto","background-attachment":"scroll","background-type":"","background-media":"","overlay-type":"","overlay-color":"","overlay-opacity":"","overlay-gradient":""},"tablet":{"background-color":"","background-image":"","background-repeat":"repeat","background-position":"center center","background-size":"auto","background-attachment":"scroll","background-type":"","background-media":"","overlay-type":"","overlay-color":"","overlay-opacity":"","overlay-gradient":""},"mobile":{"background-color":"","background-image":"","background-repeat":"repeat","background-position":"center center","background-size":"auto","background-attachment":"scroll","background-type":"","background-media":"","overlay-type":"","overlay-color":"","overlay-opacity":"","overlay-gradient":""}},"ast-content-background-meta":{"desktop":{"background-color":"var(--ast-global-color-5)","background-image":"","background-repeat":"repeat","background-position":"center center","background-size":"auto","background-attachment":"scroll","background-type":"","background-media":"","overlay-type":"","overlay-color":"","overlay-opacity":"","overlay-gradient":""},"tablet":{"background-color":"var(--ast-global-color-5)","background-image":"","background-repeat":"repeat","background-position":"center center","background-size":"auto","background-attachment":"scroll","background-type":"","background-media":"","overlay-type":"","overlay-color":"","overlay-opacity":"","overlay-gradient":""},"mobile":{"background-color":"var(--ast-global-color-5)","background-image":"","background-repeat":"repeat","background-position":"center center","background-size":"auto","background-attachment":"scroll","background-type":"","background-media":"","overlay-type":"","overlay-color":"","overlay-opacity":"","overlay-gradient":""}}},"product_brand":[],"product_cat":[41],"product_tag":[],"class_list":{"0":"post-8884","1":"product","2":"type-product","3":"status-publish","4":"has-post-thumbnail","6":"product_cat-produkty-pre-zdravie","7":"desktop-align-left","8":"tablet-align-left","9":"mobile-align-left","11":"first","12":"instock","13":"sale","14":"taxable","15":"shipping-taxable","16":"purchasable","17":"product-type-simple"},"_links":{"self":[{"href":"https:\/\/wellness4you.cz\/sk\/wp-json\/wp\/v2\/product\/8884","targetHints":{"allow":["GET"]}}],"collection":[{"href":"https:\/\/wellness4you.cz\/sk\/wp-json\/wp\/v2\/product"}],"about":[{"href":"https:\/\/wellness4you.cz\/sk\/wp-json\/wp\/v2\/types\/product"}],"replies":[{"embeddable":true,"href":"https:\/\/wellness4you.cz\/sk\/wp-json\/wp\/v2\/comments?post=8884"}],"wp:featuredmedia":[{"embeddable":true,"href":"https:\/\/wellness4you.cz\/sk\/wp-json\/wp\/v2\/media\/8883"}],"wp:attachment":[{"href":"https:\/\/wellness4you.cz\/sk\/wp-json\/wp\/v2\/media?parent=8884"}],"wp:term":[{"taxonomy":"product_brand","embeddable":true,"href":"https:\/\/wellness4you.cz\/sk\/wp-json\/wp\/v2\/product_brand?post=8884"},{"taxonomy":"product_cat","embeddable":true,"href":"https:\/\/wellness4you.cz\/sk\/wp-json\/wp\/v2\/product_cat?post=8884"},{"taxonomy":"product_tag","embeddable":true,"href":"https:\/\/wellness4you.cz\/sk\/wp-json\/wp\/v2\/product_tag?post=8884"}],"curies":[{"name":"wp","href":"https:\/\/api.w.org\/{rel}","templated":true}]}}