{"id":8882,"date":"2024-08-30T04:59:11","date_gmt":"2024-08-30T02:59:11","guid":{"rendered":"https:\/\/wellness4you.cz\/sk\/regenix\/"},"modified":"2026-01-08T22:52:37","modified_gmt":"2026-01-08T21:52:37","slug":"regenix","status":"publish","type":"product","link":"https:\/\/wellness4you.cz\/sk\/regenix\/","title":{"rendered":"Regenix"},"content":{"rendered":"<p><strong>Regenix<\/strong> je doplnok stravy novej gener\u00e1cie, ktor\u00fd pom\u00e1ha bojova\u0165 proti zmen\u00e1m pleti s\u00favisiacim s vekom. Tento produkt zlep\u0161uje ple\u0165, obnovuje t\u00f3n a ur\u00fdch\u013euje prirodzen\u00fa produkciu elast\u00ednu a kolag\u00e9nu. V\u010faka <strong>Regenix<\/strong> zmizn\u00fa mal\u00e9 vr\u00e1sky a ve\u013ek\u00e9 sa stan\u00fa menej v\u00fdrazn\u00fdmi, \u010d\u00edm zanech\u00e1 va\u0161u ple\u0165 zamatovo jemn\u00fa a pru\u017en\u00fa.<\/p>\n<h2>V\u00fdhody pou\u017e\u00edvania Regenix<\/h2>\n<ul>\n<li>Vyhladzuje vr\u00e1sky a zlep\u0161uje text\u00faru poko\u017eky.<\/li>\n<li>Vyrovn\u00e1va t\u00f3n pleti a dod\u00e1va jej mladistv\u00fd vzh\u013ead.<\/li>\n<li>Podporuje pru\u017enos\u0165 poko\u017eky a predch\u00e1dza prejavom starnutia.<\/li>\n<li>Pom\u00e1ha stabilizova\u0165 a zlep\u0161ova\u0165 energetick\u00fd metabolizmus.<\/li>\n<li>Zni\u017euje \u00fanavu a chr\u00e1ni bunky pred oxida\u010dn\u00fdm stresom.<\/li>\n<\/ul>\n<p>Pozn\u00e1te to?<\/p>\n<ul>\n<li>Odraz v zrkadle vyvol\u00e1va sm\u00fatok a hanbu?<\/li>\n<li>Mu\u017ei u\u017e nevenuj\u00fa pozornos\u0165 ako predt\u00fdm?<\/li>\n<li>Dlhoro\u010dn\u00ed priatelia pozeraj\u00fa s \u013e\u00fatos\u0165ou?<\/li>\n<li>Deti sa hanbia objavova\u0165 s vami na verejnosti?<\/li>\n<li>Kolegovia si myslia, \u017ee ste \u0161ed\u00e1 my\u0161?<\/li>\n<\/ul>\n<p>Zme\u0148te sa s <strong>Regenix<\/strong> a u\u017e\u00edvajte si druh\u00fa mlados\u0165!<\/p>\n<h2>Zlo\u017eenie<\/h2>\n<ul>\n<li>S\u00f3jov\u00e1 vl\u00e1knina<\/li>\n<li>Izolovan\u00fd s\u00f3jov\u00fd prote\u00edn<\/li>\n<li>Trans-resveratrol (ako extrakt z kore\u0148a kr\u00eddlatky japonskej &#8211; Polygonum Cuspidatum)<\/li>\n<li>Hor\u010d\u00edk (ako uhli\u010ditan hore\u010dnat\u00fd)<\/li>\n<li>Aroma s pr\u00edchu\u0165ou limetky<\/li>\n<li>Vitam\u00edn C (L-askorbov\u00e1 kyselina)<\/li>\n<li>Extrakt z \u017eivice Boswellia serrata<\/li>\n<li>Selenium (zo sel\u00e9nom obohaten\u00fdch kvasn\u00edc)<\/li>\n<li>Sladidlo: Sucral\u00f3za<\/li>\n<li>Spermid\u00edn (z kl\u00ed\u010dkov p\u0161enice &#8211; Triticum aestivum, bohat\u00fdch na spermid\u00edn)<\/li>\n<li>Zinok (ako citr\u00e1t zino\u010dnat\u00fd)<\/li>\n<li>Vitam\u00edn B6 (pyridox\u00edn hydrochlorid)<\/li>\n<\/ul>\n<p>Vysk\u00fa\u0161ajte <strong>Regenix<\/strong> a podporte svoje zdravie, imunitu a mladistv\u00fd vzh\u013ead poko\u017eky.<\/p>\n","protected":false},"excerpt":{"rendered":"<p>Regenix \u2013 doplnok stravy, ktor\u00fd pom\u00e1ha zlep\u0161ova\u0165 t\u00f3n pleti, vyhladzova\u0165 vr\u00e1sky a obnovova\u0165 pru\u017enos\u0165 poko\u017eky. Podporuje celkov\u00e9 zdravie a imunitu.<\/p>\n","protected":false},"featured_media":8881,"comment_status":"open","ping_status":"closed","template":"","meta":{"site-sidebar-layout":"default","site-content-layout":"","ast-site-content-layout":"default","site-content-style":"default","site-sidebar-style":"default","ast-global-header-display":"","ast-banner-title-visibility":"","ast-main-header-display":"","ast-hfb-above-header-display":"","ast-hfb-below-header-display":"","ast-hfb-mobile-header-display":"","site-post-title":"","ast-breadcrumbs-content":"","ast-featured-img":"","footer-sml-layout":"","ast-disable-related-posts":"","theme-transparent-header-meta":"default","adv-header-id-meta":"","stick-header-meta":"","header-above-stick-meta":"","header-main-stick-meta":"","header-below-stick-meta":"","astra-migrate-meta-layouts":"set","ast-page-background-enabled":"default","ast-page-background-meta":{"desktop":{"background-color":"","background-image":"","background-repeat":"repeat","background-position":"center center","background-size":"auto","background-attachment":"scroll","background-type":"","background-media":"","overlay-type":"","overlay-color":"","overlay-opacity":"","overlay-gradient":""},"tablet":{"background-color":"","background-image":"","background-repeat":"repeat","background-position":"center center","background-size":"auto","background-attachment":"scroll","background-type":"","background-media":"","overlay-type":"","overlay-color":"","overlay-opacity":"","overlay-gradient":""},"mobile":{"background-color":"","background-image":"","background-repeat":"repeat","background-position":"center center","background-size":"auto","background-attachment":"scroll","background-type":"","background-media":"","overlay-type":"","overlay-color":"","overlay-opacity":"","overlay-gradient":""}},"ast-content-background-meta":{"desktop":{"background-color":"var(--ast-global-color-5)","background-image":"","background-repeat":"repeat","background-position":"center center","background-size":"auto","background-attachment":"scroll","background-type":"","background-media":"","overlay-type":"","overlay-color":"","overlay-opacity":"","overlay-gradient":""},"tablet":{"background-color":"var(--ast-global-color-5)","background-image":"","background-repeat":"repeat","background-position":"center center","background-size":"auto","background-attachment":"scroll","background-type":"","background-media":"","overlay-type":"","overlay-color":"","overlay-opacity":"","overlay-gradient":""},"mobile":{"background-color":"var(--ast-global-color-5)","background-image":"","background-repeat":"repeat","background-position":"center center","background-size":"auto","background-attachment":"scroll","background-type":"","background-media":"","overlay-type":"","overlay-color":"","overlay-opacity":"","overlay-gradient":""}}},"product_brand":[],"product_cat":[42],"product_tag":[],"class_list":{"0":"post-8882","1":"product","2":"type-product","3":"status-publish","4":"has-post-thumbnail","6":"product_cat-produkty-proti-starnutiu","7":"desktop-align-left","8":"tablet-align-left","9":"mobile-align-left","11":"first","12":"instock","13":"sale","14":"taxable","15":"shipping-taxable","16":"purchasable","17":"product-type-simple"},"_links":{"self":[{"href":"https:\/\/wellness4you.cz\/sk\/wp-json\/wp\/v2\/product\/8882","targetHints":{"allow":["GET"]}}],"collection":[{"href":"https:\/\/wellness4you.cz\/sk\/wp-json\/wp\/v2\/product"}],"about":[{"href":"https:\/\/wellness4you.cz\/sk\/wp-json\/wp\/v2\/types\/product"}],"replies":[{"embeddable":true,"href":"https:\/\/wellness4you.cz\/sk\/wp-json\/wp\/v2\/comments?post=8882"}],"wp:featuredmedia":[{"embeddable":true,"href":"https:\/\/wellness4you.cz\/sk\/wp-json\/wp\/v2\/media\/8881"}],"wp:attachment":[{"href":"https:\/\/wellness4you.cz\/sk\/wp-json\/wp\/v2\/media?parent=8882"}],"wp:term":[{"taxonomy":"product_brand","embeddable":true,"href":"https:\/\/wellness4you.cz\/sk\/wp-json\/wp\/v2\/product_brand?post=8882"},{"taxonomy":"product_cat","embeddable":true,"href":"https:\/\/wellness4you.cz\/sk\/wp-json\/wp\/v2\/product_cat?post=8882"},{"taxonomy":"product_tag","embeddable":true,"href":"https:\/\/wellness4you.cz\/sk\/wp-json\/wp\/v2\/product_tag?post=8882"}],"curies":[{"name":"wp","href":"https:\/\/api.w.org\/{rel}","templated":true}]}}