{"id":8880,"date":"2024-08-30T04:59:11","date_gmt":"2024-08-30T02:59:11","guid":{"rendered":"https:\/\/wellness4you.cz\/sk\/goldrevive\/"},"modified":"2026-01-08T22:52:38","modified_gmt":"2026-01-08T21:52:38","slug":"goldrevive","status":"publish","type":"product","link":"https:\/\/wellness4you.cz\/sk\/goldrevive\/","title":{"rendered":"GoldRevive"},"content":{"rendered":"<h2>GoldRevive \u2013 Omladzuj\u00faci kr\u00e9m pre mladistv\u00fa ple\u0165<\/h2>\n<p><strong>GoldRevive<\/strong> je omladzuj\u00faci kr\u00e9m, ktor\u00fd je navrhnut\u00fd tak, aby pom\u00e1hal bojova\u0165 proti zn\u00e1mkam starnutia, ako s\u00fa vr\u00e1sky, matn\u00e1 ple\u0165 a pov\u00e4dnut\u00e1 poko\u017eka. Tento kr\u00e9m posil\u0148uje turgor poko\u017eky a zabra\u0148uje prejavom vekov\u00fdch zmien, \u010d\u00edm zanech\u00e1va ple\u0165 pevnej\u0161iu, pru\u017enej\u0161iu a \u017eiarivej\u0161iu.<\/p>\n<h2>K\u013e\u00fa\u010dov\u00e9 zlo\u017eky GoldRevive<\/h2>\n<ul>\n<li><strong>Prunus Amygdalus Dulcis Oil:<\/strong> Vy\u017eivuje a hydratuje poko\u017eku, dod\u00e1va jej jemnos\u0165 a pru\u017enos\u0165.<\/li>\n<li><strong>Algae Extract:<\/strong> P\u00f4sob\u00ed ako pr\u00edrodn\u00fd antioxidant, ktor\u00fd chr\u00e1ni poko\u017eku pred po\u0161koden\u00edm.<\/li>\n<li><strong>Colloidal Gold:<\/strong> Pom\u00e1ha revitalizova\u0165 ple\u0165 a dod\u00e1va jej mladistv\u00fd vzh\u013ead.<\/li>\n<li><strong>Palmitoyl Tripeptide-38:<\/strong> Podporuje pevnos\u0165 poko\u017eky a zni\u017euje vidite\u013enos\u0165 vr\u00e1sok.<\/li>\n<li><strong>Mica a Titanium Dioxide:<\/strong> Poskytuj\u00fa jemn\u00fd lesk a rozjas\u0148uj\u00fa ple\u0165.<\/li>\n<\/ul>\n<h2>Zlo\u017eenie<\/h2>\n<p>Aqua, Caprylic\/Capric triglycerides, Glycerol, Prunus Amygdalus Dulcis Oil, Hydrogenated Ethylhexyl Olivate (and) Hydrogenated Olive Oil Unsaponifiables, Hydroxyethyl Acrylate\/Sodium Acryloyldimethyl Taurate Copolymer, Polysorbate 20, Betaine, Phenoxyethanol, Ethylhexylglycerin, Algae extract, Parfum, Hydroxypropyl Cyclodextrin, Palmitoyl Tripeptide-38, Glycol, Citric acid, Sodium benzoate, Potassium sorbate, Colloidal Gold, Caprylyl Glycol, Mica, Tin Oxide, Titanium Dioxide.<\/p>\n<p>Vysk\u00fa\u0161ajte <strong>GoldRevive<\/strong> a doprajte svojej pleti luxusn\u00fa starostlivos\u0165, ktor\u00e1 ju udr\u017e\u00ed mladistvou a \u017eiarivou.<\/p>\n","protected":false},"excerpt":{"rendered":"<p>GoldRevive \u2013 omladzuj\u00faci kr\u00e9m, ktor\u00fd pom\u00e1ha bojova\u0165 proti zn\u00e1mkam starnutia, ako s\u00fa vr\u00e1sky, matn\u00e1 ple\u0165 a ochabnut\u00e1 poko\u017eka. Posil\u0148uje turgor poko\u017eky a zabra\u0148uje prejavom starnutia.<\/p>\n","protected":false},"featured_media":8879,"comment_status":"open","ping_status":"closed","template":"","meta":{"site-sidebar-layout":"default","site-content-layout":"","ast-site-content-layout":"default","site-content-style":"default","site-sidebar-style":"default","ast-global-header-display":"","ast-banner-title-visibility":"","ast-main-header-display":"","ast-hfb-above-header-display":"","ast-hfb-below-header-display":"","ast-hfb-mobile-header-display":"","site-post-title":"","ast-breadcrumbs-content":"","ast-featured-img":"","footer-sml-layout":"","ast-disable-related-posts":"","theme-transparent-header-meta":"default","adv-header-id-meta":"","stick-header-meta":"","header-above-stick-meta":"","header-main-stick-meta":"","header-below-stick-meta":"","astra-migrate-meta-layouts":"set","ast-page-background-enabled":"default","ast-page-background-meta":{"desktop":{"background-color":"","background-image":"","background-repeat":"repeat","background-position":"center center","background-size":"auto","background-attachment":"scroll","background-type":"","background-media":"","overlay-type":"","overlay-color":"","overlay-opacity":"","overlay-gradient":""},"tablet":{"background-color":"","background-image":"","background-repeat":"repeat","background-position":"center center","background-size":"auto","background-attachment":"scroll","background-type":"","background-media":"","overlay-type":"","overlay-color":"","overlay-opacity":"","overlay-gradient":""},"mobile":{"background-color":"","background-image":"","background-repeat":"repeat","background-position":"center center","background-size":"auto","background-attachment":"scroll","background-type":"","background-media":"","overlay-type":"","overlay-color":"","overlay-opacity":"","overlay-gradient":""}},"ast-content-background-meta":{"desktop":{"background-color":"var(--ast-global-color-5)","background-image":"","background-repeat":"repeat","background-position":"center center","background-size":"auto","background-attachment":"scroll","background-type":"","background-media":"","overlay-type":"","overlay-color":"","overlay-opacity":"","overlay-gradient":""},"tablet":{"background-color":"var(--ast-global-color-5)","background-image":"","background-repeat":"repeat","background-position":"center center","background-size":"auto","background-attachment":"scroll","background-type":"","background-media":"","overlay-type":"","overlay-color":"","overlay-opacity":"","overlay-gradient":""},"mobile":{"background-color":"var(--ast-global-color-5)","background-image":"","background-repeat":"repeat","background-position":"center center","background-size":"auto","background-attachment":"scroll","background-type":"","background-media":"","overlay-type":"","overlay-color":"","overlay-opacity":"","overlay-gradient":""}}},"product_brand":[],"product_cat":[42],"product_tag":[],"class_list":{"0":"post-8880","1":"product","2":"type-product","3":"status-publish","4":"has-post-thumbnail","6":"product_cat-produkty-proti-starnutiu","7":"desktop-align-left","8":"tablet-align-left","9":"mobile-align-left","11":"first","12":"instock","13":"sale","14":"taxable","15":"shipping-taxable","16":"purchasable","17":"product-type-simple"},"_links":{"self":[{"href":"https:\/\/wellness4you.cz\/sk\/wp-json\/wp\/v2\/product\/8880","targetHints":{"allow":["GET"]}}],"collection":[{"href":"https:\/\/wellness4you.cz\/sk\/wp-json\/wp\/v2\/product"}],"about":[{"href":"https:\/\/wellness4you.cz\/sk\/wp-json\/wp\/v2\/types\/product"}],"replies":[{"embeddable":true,"href":"https:\/\/wellness4you.cz\/sk\/wp-json\/wp\/v2\/comments?post=8880"}],"wp:featuredmedia":[{"embeddable":true,"href":"https:\/\/wellness4you.cz\/sk\/wp-json\/wp\/v2\/media\/8879"}],"wp:attachment":[{"href":"https:\/\/wellness4you.cz\/sk\/wp-json\/wp\/v2\/media?parent=8880"}],"wp:term":[{"taxonomy":"product_brand","embeddable":true,"href":"https:\/\/wellness4you.cz\/sk\/wp-json\/wp\/v2\/product_brand?post=8880"},{"taxonomy":"product_cat","embeddable":true,"href":"https:\/\/wellness4you.cz\/sk\/wp-json\/wp\/v2\/product_cat?post=8880"},{"taxonomy":"product_tag","embeddable":true,"href":"https:\/\/wellness4you.cz\/sk\/wp-json\/wp\/v2\/product_tag?post=8880"}],"curies":[{"name":"wp","href":"https:\/\/api.w.org\/{rel}","templated":true}]}}