{"id":8872,"date":"2024-08-29T00:26:08","date_gmt":"2024-08-28T22:26:08","guid":{"rendered":"https:\/\/wellness4you.cz\/sk\/weightberry\/"},"modified":"2026-01-08T22:52:34","modified_gmt":"2026-01-08T21:52:34","slug":"weightberry","status":"publish","type":"product","link":"https:\/\/wellness4you.cz\/sk\/weightberry\/","title":{"rendered":"WeightBerry"},"content":{"rendered":"<h2>WeightBerry \u2013 Kvapky na chudnutie<\/h2>\n<p><strong>WeightBerry<\/strong> je 100% pr\u00edrodn\u00fd doplnok stravy navrhnut\u00fd pre t\u00fdch, ktor\u00ed chc\u00fa schudn\u00fa\u0165 a z\u00e1rove\u0148 si udr\u017ea\u0165 vitalitu a energiu. Tento produkt je vyroben\u00fd v Taliansku a obsahuje zmes pr\u00edrodn\u00fdch zlo\u017eiek, ktor\u00e9 podporuj\u00fa zdrav\u00e9 chudnutie.<\/p>\n<h2>Hlavn\u00e9 vlastnosti Weight Berry<\/h2>\n<ul>\n<li><strong>Zr\u00fdchlenie metabolizmu:<\/strong> Formula pom\u00e1ha zr\u00fdchli\u0165 metabolizmus, \u010do prispieva k r\u00fdchlej\u0161iemu spa\u013eovaniu kal\u00f3ri\u00ed a zlep\u0161eniu celkov\u00e9ho metabolizmu.<\/li>\n<li><strong>Kontrola chuti do jedla:<\/strong> Pr\u00edrodn\u00e9 zlo\u017eky pom\u00e1haj\u00fa zni\u017eova\u0165 pocit hladu a zabra\u0148uj\u00fa prejedaniu, \u010do u\u013eah\u010duje dodr\u017eiavanie zdravej stravy.<\/li>\n<li><strong>Zv\u00fd\u0161enie energie:<\/strong> WeightBerry dod\u00e1va extra energiu, ktor\u00fa potrebujete po\u010das d\u0148a, najm\u00e4 ak vediete akt\u00edvny \u017eivotn\u00fd \u0161t\u00fdl alebo cvi\u010d\u00edte.<\/li>\n<\/ul>\n<h2>Akt\u00edvne zlo\u017eky Weight Berry<\/h2>\n<ul>\n<li><strong>Berber\u00edn<\/strong><\/li>\n<li><strong>Guarana<\/strong><\/li>\n<li><strong>Anan\u00e1s (Pineapple)<\/strong><\/li>\n<li><strong>Zelen\u00e1 k\u00e1va (Green coffee)<\/strong><\/li>\n<\/ul>\n<h2>Ako pou\u017e\u00edva\u0165 WeightBerry<\/h2>\n<p><strong>Weight Berry<\/strong> je dod\u00e1van\u00fd v praktickej tekutej forme, ktor\u00fa mo\u017eno \u013eahko za\u010dleni\u0165 do ka\u017edodenn\u00e9ho \u017eivota. Sta\u010d\u00ed prida\u0165 nieko\u013eko kvapiek do vody alebo in\u00e9ho n\u00e1poja a vypi\u0165 pred jedlom alebo cvi\u010den\u00edm.<\/p>\n","protected":false},"excerpt":{"rendered":"<p>WeightBerry \u2013 kvapky na chudnutie, 30 ml. Weight Berry je pr\u00edrodn\u00fd doplnok stravy vyroben\u00fd v Taliansku, ktor\u00fd podporuje metabolizmus, kontroluje chu\u0165 do jedla a zvy\u0161uje energiu.<\/p>\n","protected":false},"featured_media":8871,"comment_status":"open","ping_status":"closed","template":"","meta":{"site-sidebar-layout":"default","site-content-layout":"","ast-site-content-layout":"default","site-content-style":"default","site-sidebar-style":"default","ast-global-header-display":"","ast-banner-title-visibility":"","ast-main-header-display":"","ast-hfb-above-header-display":"","ast-hfb-below-header-display":"","ast-hfb-mobile-header-display":"","site-post-title":"","ast-breadcrumbs-content":"","ast-featured-img":"","footer-sml-layout":"","ast-disable-related-posts":"","theme-transparent-header-meta":"default","adv-header-id-meta":"","stick-header-meta":"","header-above-stick-meta":"","header-main-stick-meta":"","header-below-stick-meta":"","astra-migrate-meta-layouts":"set","ast-page-background-enabled":"default","ast-page-background-meta":{"desktop":{"background-color":"","background-image":"","background-repeat":"repeat","background-position":"center center","background-size":"auto","background-attachment":"scroll","background-type":"","background-media":"","overlay-type":"","overlay-color":"","overlay-opacity":"","overlay-gradient":""},"tablet":{"background-color":"","background-image":"","background-repeat":"repeat","background-position":"center center","background-size":"auto","background-attachment":"scroll","background-type":"","background-media":"","overlay-type":"","overlay-color":"","overlay-opacity":"","overlay-gradient":""},"mobile":{"background-color":"","background-image":"","background-repeat":"repeat","background-position":"center center","background-size":"auto","background-attachment":"scroll","background-type":"","background-media":"","overlay-type":"","overlay-color":"","overlay-opacity":"","overlay-gradient":""}},"ast-content-background-meta":{"desktop":{"background-color":"var(--ast-global-color-5)","background-image":"","background-repeat":"repeat","background-position":"center center","background-size":"auto","background-attachment":"scroll","background-type":"","background-media":"","overlay-type":"","overlay-color":"","overlay-opacity":"","overlay-gradient":""},"tablet":{"background-color":"var(--ast-global-color-5)","background-image":"","background-repeat":"repeat","background-position":"center center","background-size":"auto","background-attachment":"scroll","background-type":"","background-media":"","overlay-type":"","overlay-color":"","overlay-opacity":"","overlay-gradient":""},"mobile":{"background-color":"var(--ast-global-color-5)","background-image":"","background-repeat":"repeat","background-position":"center center","background-size":"auto","background-attachment":"scroll","background-type":"","background-media":"","overlay-type":"","overlay-color":"","overlay-opacity":"","overlay-gradient":""}}},"product_brand":[],"product_cat":[39],"product_tag":[],"class_list":{"0":"post-8872","1":"product","2":"type-product","3":"status-publish","4":"has-post-thumbnail","6":"product_cat-na-chudnutie","7":"desktop-align-left","8":"tablet-align-left","9":"mobile-align-left","11":"first","12":"instock","13":"sale","14":"taxable","15":"shipping-taxable","16":"purchasable","17":"product-type-simple"},"_links":{"self":[{"href":"https:\/\/wellness4you.cz\/sk\/wp-json\/wp\/v2\/product\/8872","targetHints":{"allow":["GET"]}}],"collection":[{"href":"https:\/\/wellness4you.cz\/sk\/wp-json\/wp\/v2\/product"}],"about":[{"href":"https:\/\/wellness4you.cz\/sk\/wp-json\/wp\/v2\/types\/product"}],"replies":[{"embeddable":true,"href":"https:\/\/wellness4you.cz\/sk\/wp-json\/wp\/v2\/comments?post=8872"}],"wp:featuredmedia":[{"embeddable":true,"href":"https:\/\/wellness4you.cz\/sk\/wp-json\/wp\/v2\/media\/8871"}],"wp:attachment":[{"href":"https:\/\/wellness4you.cz\/sk\/wp-json\/wp\/v2\/media?parent=8872"}],"wp:term":[{"taxonomy":"product_brand","embeddable":true,"href":"https:\/\/wellness4you.cz\/sk\/wp-json\/wp\/v2\/product_brand?post=8872"},{"taxonomy":"product_cat","embeddable":true,"href":"https:\/\/wellness4you.cz\/sk\/wp-json\/wp\/v2\/product_cat?post=8872"},{"taxonomy":"product_tag","embeddable":true,"href":"https:\/\/wellness4you.cz\/sk\/wp-json\/wp\/v2\/product_tag?post=8872"}],"curies":[{"name":"wp","href":"https:\/\/api.w.org\/{rel}","templated":true}]}}