{"id":8870,"date":"2024-08-29T00:26:08","date_gmt":"2024-08-28T22:26:08","guid":{"rendered":"https:\/\/wellness4you.cz\/sk\/fungokiller\/"},"modified":"2026-01-08T22:52:36","modified_gmt":"2026-01-08T21:52:36","slug":"fungokiller","status":"publish","type":"product","link":"https:\/\/wellness4you.cz\/sk\/fungokiller\/","title":{"rendered":"Fungokiller"},"content":{"rendered":"<h2>LaCrea Fungo Killer \u2013 Doplnok stravy pr\u00e9miov\u00fd protipl\u00eds\u0148ov\u00fd sprej, 50 ml<\/h2>\n<p><strong>Fungo Killer<\/strong> je pr\u00e9miov\u00fd sprej vyroben\u00fd v Taliansku, navrhnut\u00fd na boj proti plesniam. Tento produkt kombinuje pr\u00edrodn\u00e9 zlo\u017eky, ako s\u00fa propolisov\u00fd extrakt, tymi\u00e1nov\u00fd extrakt a kyselina citr\u00f3nov\u00e1, ktor\u00e9 spolo\u010dne prispievaj\u00fa k starostlivosti o poko\u017eku.<\/p>\n<h2>Zlo\u017eenie produktu<\/h2>\n<ul>\n<li><strong>Propolisov\u00fd extrakt:<\/strong> Pr\u00edrodn\u00e1 zlo\u017eka s dlhou hist\u00f3riou vyu\u017eitia.<\/li>\n<li><strong>Tymi\u00e1nov\u00fd extrakt:<\/strong> Zn\u00e1my pre svoje tradi\u010dn\u00e9 vyu\u017eitie.<\/li>\n<li><strong>Kyselina citr\u00f3nov\u00e1:<\/strong> Prirodzen\u00e1 zlo\u017eka so \u0161irok\u00fdm vyu\u017eit\u00edm.<\/li>\n<\/ul>\n","protected":false},"excerpt":{"rendered":"<p>FungoKiller \u2013 pr\u00e9miov\u00fd sprej proti plesniam, 50 ml. Obsahuje propolisov\u00fd extrakt, tymi\u00e1nov\u00fd extrakt a kyselinu citr\u00f3nov\u00fa. Vyroben\u00e9 v Taliansku.<\/p>\n","protected":false},"featured_media":8869,"comment_status":"open","ping_status":"closed","template":"","meta":{"site-sidebar-layout":"default","site-content-layout":"","ast-site-content-layout":"default","site-content-style":"default","site-sidebar-style":"default","ast-global-header-display":"","ast-banner-title-visibility":"","ast-main-header-display":"","ast-hfb-above-header-display":"","ast-hfb-below-header-display":"","ast-hfb-mobile-header-display":"","site-post-title":"","ast-breadcrumbs-content":"","ast-featured-img":"","footer-sml-layout":"","ast-disable-related-posts":"","theme-transparent-header-meta":"default","adv-header-id-meta":"","stick-header-meta":"","header-above-stick-meta":"","header-main-stick-meta":"","header-below-stick-meta":"","astra-migrate-meta-layouts":"set","ast-page-background-enabled":"default","ast-page-background-meta":{"desktop":{"background-color":"","background-image":"","background-repeat":"repeat","background-position":"center center","background-size":"auto","background-attachment":"scroll","background-type":"","background-media":"","overlay-type":"","overlay-color":"","overlay-opacity":"","overlay-gradient":""},"tablet":{"background-color":"","background-image":"","background-repeat":"repeat","background-position":"center center","background-size":"auto","background-attachment":"scroll","background-type":"","background-media":"","overlay-type":"","overlay-color":"","overlay-opacity":"","overlay-gradient":""},"mobile":{"background-color":"","background-image":"","background-repeat":"repeat","background-position":"center center","background-size":"auto","background-attachment":"scroll","background-type":"","background-media":"","overlay-type":"","overlay-color":"","overlay-opacity":"","overlay-gradient":""}},"ast-content-background-meta":{"desktop":{"background-color":"var(--ast-global-color-5)","background-image":"","background-repeat":"repeat","background-position":"center center","background-size":"auto","background-attachment":"scroll","background-type":"","background-media":"","overlay-type":"","overlay-color":"","overlay-opacity":"","overlay-gradient":""},"tablet":{"background-color":"var(--ast-global-color-5)","background-image":"","background-repeat":"repeat","background-position":"center center","background-size":"auto","background-attachment":"scroll","background-type":"","background-media":"","overlay-type":"","overlay-color":"","overlay-opacity":"","overlay-gradient":""},"mobile":{"background-color":"var(--ast-global-color-5)","background-image":"","background-repeat":"repeat","background-position":"center center","background-size":"auto","background-attachment":"scroll","background-type":"","background-media":"","overlay-type":"","overlay-color":"","overlay-opacity":"","overlay-gradient":""}}},"product_brand":[],"product_cat":[41],"product_tag":[],"class_list":{"0":"post-8870","1":"product","2":"type-product","3":"status-publish","4":"has-post-thumbnail","6":"product_cat-produkty-pre-zdravie","7":"desktop-align-left","8":"tablet-align-left","9":"mobile-align-left","11":"first","12":"instock","13":"sale","14":"taxable","15":"shipping-taxable","16":"purchasable","17":"product-type-simple"},"_links":{"self":[{"href":"https:\/\/wellness4you.cz\/sk\/wp-json\/wp\/v2\/product\/8870","targetHints":{"allow":["GET"]}}],"collection":[{"href":"https:\/\/wellness4you.cz\/sk\/wp-json\/wp\/v2\/product"}],"about":[{"href":"https:\/\/wellness4you.cz\/sk\/wp-json\/wp\/v2\/types\/product"}],"replies":[{"embeddable":true,"href":"https:\/\/wellness4you.cz\/sk\/wp-json\/wp\/v2\/comments?post=8870"}],"wp:featuredmedia":[{"embeddable":true,"href":"https:\/\/wellness4you.cz\/sk\/wp-json\/wp\/v2\/media\/8869"}],"wp:attachment":[{"href":"https:\/\/wellness4you.cz\/sk\/wp-json\/wp\/v2\/media?parent=8870"}],"wp:term":[{"taxonomy":"product_brand","embeddable":true,"href":"https:\/\/wellness4you.cz\/sk\/wp-json\/wp\/v2\/product_brand?post=8870"},{"taxonomy":"product_cat","embeddable":true,"href":"https:\/\/wellness4you.cz\/sk\/wp-json\/wp\/v2\/product_cat?post=8870"},{"taxonomy":"product_tag","embeddable":true,"href":"https:\/\/wellness4you.cz\/sk\/wp-json\/wp\/v2\/product_tag?post=8870"}],"curies":[{"name":"wp","href":"https:\/\/api.w.org\/{rel}","templated":true}]}}