{"id":8868,"date":"2024-08-29T00:26:07","date_gmt":"2024-08-28T22:26:07","guid":{"rendered":"https:\/\/wellness4you.cz\/sk\/detoxil-water\/"},"modified":"2026-01-08T22:52:36","modified_gmt":"2026-01-08T21:52:36","slug":"detoxil-water","status":"publish","type":"product","link":"https:\/\/wellness4you.cz\/sk\/detoxil-water\/","title":{"rendered":"Detoxil Water"},"content":{"rendered":"<h2>Detoxil Water \u2013 Doplnok stravy kvapky proti parazitom 50 ml<\/h2>\n<p><strong>Detoxil Water<\/strong> je doplnok stravy vo forme kvapiek, navrhnut\u00fd na boj proti parazitom. Tento produkt je vyroben\u00fd v Taliansku a obsahuje kombin\u00e1ciu pr\u00edrodn\u00fdch akt\u00edvnych zlo\u017eiek, ktor\u00e9 prispievaj\u00fa k \u010disteniu organizmu od parazitov a podpore celkov\u00e9ho zdravia.<\/p>\n<h2>Akt\u00edvne zlo\u017eky Detoxil Water<\/h2>\n<ul>\n<li><strong>Berber\u00edn:<\/strong> Pom\u00e1ha pri elimin\u00e1cii parazitov a podporuje tr\u00e1viaci syst\u00e9m.<\/li>\n<li><strong>Guarana:<\/strong> Zvy\u0161uje energiu a podporuje metabolizmus.<\/li>\n<li><strong>Anan\u00e1s:<\/strong> Obsahuje bromela\u00edn, ktor\u00fd napom\u00e1ha tr\u00e1veniu a m\u00e1 protiz\u00e1palov\u00e9 vlastnosti.<\/li>\n<li><strong>Zelen\u00e1 k\u00e1va:<\/strong> P\u00f4sob\u00ed ako antioxidant a podporuje detoxik\u00e1ciu organizmu.<\/li>\n<li><strong>Mat\u00e9:<\/strong> Zlep\u0161uje du\u0161evn\u00fa a fyzick\u00fa v\u00fdkonnos\u0165, podporuje imunitn\u00fd syst\u00e9m.<\/li>\n<li><strong>\u0160parg\u013ea:<\/strong> Podporuje zdravie obli\u010diek a vylu\u010dovanie tox\u00ednov.<\/li>\n<\/ul>\n<h2>Sp\u00f4sob pou\u017eitia<\/h2>\n<p>U\u017e\u00edvajte 10-15 kvapiek dvakr\u00e1t denne, zrieden\u00fdch v poh\u00e1ri vody. Odpor\u00fa\u010da sa pokra\u010dova\u0165 v k\u00fare po dobu minim\u00e1lne 4 t\u00fd\u017ed\u0148ov.<\/p>\n<h2>Inform\u00e1cie o produkte<\/h2>\n<ul>\n<li><strong>Forma:<\/strong> Kvapky<\/li>\n<li><strong>Objem:<\/strong> 50 ml<\/li>\n<li><strong>Skladovanie:<\/strong> Uchov\u00e1vajte na suchom mieste pri teplote do 25 \u00b0C<\/li>\n<li><strong>Krajina p\u00f4vodu:<\/strong> Taliansko<\/li>\n<\/ul>\n","protected":false},"excerpt":{"rendered":"<p>Detoxil Water &#8211; doplnok stravy vo forme kvapiek proti parazitom. Obsahuje pr\u00edrodn\u00e9 zlo\u017eky ako berber\u00edn, guarana, anan\u00e1s, zelen\u00e1 k\u00e1va, mat\u00e9 a \u0161parg\u013ea.<\/p>\n","protected":false},"featured_media":8867,"comment_status":"open","ping_status":"closed","template":"","meta":{"site-sidebar-layout":"default","site-content-layout":"","ast-site-content-layout":"default","site-content-style":"default","site-sidebar-style":"default","ast-global-header-display":"","ast-banner-title-visibility":"","ast-main-header-display":"","ast-hfb-above-header-display":"","ast-hfb-below-header-display":"","ast-hfb-mobile-header-display":"","site-post-title":"","ast-breadcrumbs-content":"","ast-featured-img":"","footer-sml-layout":"","ast-disable-related-posts":"","theme-transparent-header-meta":"default","adv-header-id-meta":"","stick-header-meta":"","header-above-stick-meta":"","header-main-stick-meta":"","header-below-stick-meta":"","astra-migrate-meta-layouts":"set","ast-page-background-enabled":"default","ast-page-background-meta":{"desktop":{"background-color":"","background-image":"","background-repeat":"repeat","background-position":"center center","background-size":"auto","background-attachment":"scroll","background-type":"","background-media":"","overlay-type":"","overlay-color":"","overlay-opacity":"","overlay-gradient":""},"tablet":{"background-color":"","background-image":"","background-repeat":"repeat","background-position":"center center","background-size":"auto","background-attachment":"scroll","background-type":"","background-media":"","overlay-type":"","overlay-color":"","overlay-opacity":"","overlay-gradient":""},"mobile":{"background-color":"","background-image":"","background-repeat":"repeat","background-position":"center center","background-size":"auto","background-attachment":"scroll","background-type":"","background-media":"","overlay-type":"","overlay-color":"","overlay-opacity":"","overlay-gradient":""}},"ast-content-background-meta":{"desktop":{"background-color":"var(--ast-global-color-5)","background-image":"","background-repeat":"repeat","background-position":"center center","background-size":"auto","background-attachment":"scroll","background-type":"","background-media":"","overlay-type":"","overlay-color":"","overlay-opacity":"","overlay-gradient":""},"tablet":{"background-color":"var(--ast-global-color-5)","background-image":"","background-repeat":"repeat","background-position":"center center","background-size":"auto","background-attachment":"scroll","background-type":"","background-media":"","overlay-type":"","overlay-color":"","overlay-opacity":"","overlay-gradient":""},"mobile":{"background-color":"var(--ast-global-color-5)","background-image":"","background-repeat":"repeat","background-position":"center center","background-size":"auto","background-attachment":"scroll","background-type":"","background-media":"","overlay-type":"","overlay-color":"","overlay-opacity":"","overlay-gradient":""}}},"product_brand":[],"product_cat":[41],"product_tag":[],"class_list":{"0":"post-8868","1":"product","2":"type-product","3":"status-publish","4":"has-post-thumbnail","6":"product_cat-produkty-pre-zdravie","7":"desktop-align-left","8":"tablet-align-left","9":"mobile-align-left","11":"first","12":"instock","13":"sale","14":"taxable","15":"shipping-taxable","16":"purchasable","17":"product-type-simple"},"_links":{"self":[{"href":"https:\/\/wellness4you.cz\/sk\/wp-json\/wp\/v2\/product\/8868","targetHints":{"allow":["GET"]}}],"collection":[{"href":"https:\/\/wellness4you.cz\/sk\/wp-json\/wp\/v2\/product"}],"about":[{"href":"https:\/\/wellness4you.cz\/sk\/wp-json\/wp\/v2\/types\/product"}],"replies":[{"embeddable":true,"href":"https:\/\/wellness4you.cz\/sk\/wp-json\/wp\/v2\/comments?post=8868"}],"wp:featuredmedia":[{"embeddable":true,"href":"https:\/\/wellness4you.cz\/sk\/wp-json\/wp\/v2\/media\/8867"}],"wp:attachment":[{"href":"https:\/\/wellness4you.cz\/sk\/wp-json\/wp\/v2\/media?parent=8868"}],"wp:term":[{"taxonomy":"product_brand","embeddable":true,"href":"https:\/\/wellness4you.cz\/sk\/wp-json\/wp\/v2\/product_brand?post=8868"},{"taxonomy":"product_cat","embeddable":true,"href":"https:\/\/wellness4you.cz\/sk\/wp-json\/wp\/v2\/product_cat?post=8868"},{"taxonomy":"product_tag","embeddable":true,"href":"https:\/\/wellness4you.cz\/sk\/wp-json\/wp\/v2\/product_tag?post=8868"}],"curies":[{"name":"wp","href":"https:\/\/api.w.org\/{rel}","templated":true}]}}