{"id":8864,"date":"2024-08-29T00:26:07","date_gmt":"2024-08-28T22:26:07","guid":{"rendered":"https:\/\/wellness4you.cz\/sk\/urosaf\/"},"modified":"2026-01-08T22:52:36","modified_gmt":"2026-01-08T21:52:36","slug":"urosaf","status":"publish","type":"product","link":"https:\/\/wellness4you.cz\/sk\/urosaf\/","title":{"rendered":"Urosaf"},"content":{"rendered":"<h2>Urosaf \u2013 Doplnok stravy na podporu zdravia prostaty a testoster\u00f3nu<\/h2>\n<p><strong>Urosaf<\/strong> je doplnok stravy vo forme kaps\u00fal, \u0161peci\u00e1lne navrhnut\u00fd na podporu norm\u00e1lnej funkcie prostaty a udr\u017eanie hladiny testoster\u00f3nu. Tento produkt obsahuje v\u00fdhradne pr\u00edrodn\u00e9 zlo\u017eky, ktor\u00e9 s\u00fa zn\u00e1me svojimi priazniv\u00fdmi \u00fa\u010dinkami na mu\u017esk\u00fd organizmus.<\/p>\n<h2>Zlo\u017eenie produktu Urosaf<\/h2>\n<ul>\n<li><strong>Extrakt z brusn\u00edc:<\/strong> Podporuje zdravie prostaty a mo\u010dov\u00fdch ciest, obsahuje vysok\u00e9 mno\u017estvo antioxidantov a m\u00e1 bakteric\u00eddne vlastnosti.<\/li>\n<li><strong>Extrakt z plodov serenoy:<\/strong> Obsahuje \u03b2-sitosterol, ktor\u00fd podporuje norm\u00e1lnu funkciu mo\u010dov\u00e9ho \u00fastrojenstva a pom\u00e1ha pri udr\u017ean\u00ed spr\u00e1vneho mo\u010denia.<\/li>\n<li><strong>Extrakt z kore\u0148a \u017eih\u013eavy:<\/strong> Tradi\u010dne pou\u017e\u00edvan\u00fd na podporu zdravia prostaty.<\/li>\n<li><strong>Zinok:<\/strong> Podporuje udr\u017eanie norm\u00e1lnej hladiny testoster\u00f3nu a potl\u00e1\u010da premenu testoster\u00f3nu na dihydrotestoster\u00f3n.<\/li>\n<\/ul>\n<h2>Ako pou\u017e\u00edva\u0165 Urosaf<\/h2>\n<ol>\n<li>U\u017e\u00edvajte 1 kapsulu dvakr\u00e1t denne (r\u00e1no a ve\u010der).<\/li>\n<li>D\u013a\u017eka k\u00fary: 45 dn\u00ed.<\/li>\n<li>V pr\u00edpade potreby je mo\u017en\u00e9 k\u00faru zopakova\u0165.<\/li>\n<\/ol>\n<h2>V\u00fdhody Urosaf<\/h2>\n<ul>\n<li>Podpora norm\u00e1lneho mo\u010denia<\/li>\n<li>Udr\u017eanie zdravej hladiny testoster\u00f3nu<\/li>\n<li>Pr\u00edrodn\u00e9 zlo\u017eenie na podporu prostaty<\/li>\n<\/ul>\n","protected":false},"excerpt":{"rendered":"<p>Urosaf \u2013 doplnok stravy v kapsul\u00e1ch na podporu hladiny testoster\u00f3nu a norm\u00e1lnej funkcie prostaty. Obsahuje pr\u00edrodn\u00e9 zlo\u017eky ako brusnicov\u00fd extrakt, extrakt z plodov serenoy, extrakt z kore\u0148a \u017eih\u013eavy a zinok.<\/p>\n","protected":false},"featured_media":8863,"comment_status":"open","ping_status":"closed","template":"","meta":{"site-sidebar-layout":"default","site-content-layout":"","ast-site-content-layout":"default","site-content-style":"default","site-sidebar-style":"default","ast-global-header-display":"","ast-banner-title-visibility":"","ast-main-header-display":"","ast-hfb-above-header-display":"","ast-hfb-below-header-display":"","ast-hfb-mobile-header-display":"","site-post-title":"","ast-breadcrumbs-content":"","ast-featured-img":"","footer-sml-layout":"","ast-disable-related-posts":"","theme-transparent-header-meta":"default","adv-header-id-meta":"","stick-header-meta":"","header-above-stick-meta":"","header-main-stick-meta":"","header-below-stick-meta":"","astra-migrate-meta-layouts":"set","ast-page-background-enabled":"default","ast-page-background-meta":{"desktop":{"background-color":"","background-image":"","background-repeat":"repeat","background-position":"center center","background-size":"auto","background-attachment":"scroll","background-type":"","background-media":"","overlay-type":"","overlay-color":"","overlay-opacity":"","overlay-gradient":""},"tablet":{"background-color":"","background-image":"","background-repeat":"repeat","background-position":"center center","background-size":"auto","background-attachment":"scroll","background-type":"","background-media":"","overlay-type":"","overlay-color":"","overlay-opacity":"","overlay-gradient":""},"mobile":{"background-color":"","background-image":"","background-repeat":"repeat","background-position":"center center","background-size":"auto","background-attachment":"scroll","background-type":"","background-media":"","overlay-type":"","overlay-color":"","overlay-opacity":"","overlay-gradient":""}},"ast-content-background-meta":{"desktop":{"background-color":"var(--ast-global-color-5)","background-image":"","background-repeat":"repeat","background-position":"center center","background-size":"auto","background-attachment":"scroll","background-type":"","background-media":"","overlay-type":"","overlay-color":"","overlay-opacity":"","overlay-gradient":""},"tablet":{"background-color":"var(--ast-global-color-5)","background-image":"","background-repeat":"repeat","background-position":"center center","background-size":"auto","background-attachment":"scroll","background-type":"","background-media":"","overlay-type":"","overlay-color":"","overlay-opacity":"","overlay-gradient":""},"mobile":{"background-color":"var(--ast-global-color-5)","background-image":"","background-repeat":"repeat","background-position":"center center","background-size":"auto","background-attachment":"scroll","background-type":"","background-media":"","overlay-type":"","overlay-color":"","overlay-opacity":"","overlay-gradient":""}}},"product_brand":[],"product_cat":[40],"product_tag":[],"class_list":{"0":"post-8864","1":"product","2":"type-product","3":"status-publish","4":"has-post-thumbnail","6":"product_cat-produkty-pre-muzov","7":"desktop-align-left","8":"tablet-align-left","9":"mobile-align-left","11":"first","12":"instock","13":"sale","14":"taxable","15":"shipping-taxable","16":"purchasable","17":"product-type-simple"},"_links":{"self":[{"href":"https:\/\/wellness4you.cz\/sk\/wp-json\/wp\/v2\/product\/8864","targetHints":{"allow":["GET"]}}],"collection":[{"href":"https:\/\/wellness4you.cz\/sk\/wp-json\/wp\/v2\/product"}],"about":[{"href":"https:\/\/wellness4you.cz\/sk\/wp-json\/wp\/v2\/types\/product"}],"replies":[{"embeddable":true,"href":"https:\/\/wellness4you.cz\/sk\/wp-json\/wp\/v2\/comments?post=8864"}],"wp:featuredmedia":[{"embeddable":true,"href":"https:\/\/wellness4you.cz\/sk\/wp-json\/wp\/v2\/media\/8863"}],"wp:attachment":[{"href":"https:\/\/wellness4you.cz\/sk\/wp-json\/wp\/v2\/media?parent=8864"}],"wp:term":[{"taxonomy":"product_brand","embeddable":true,"href":"https:\/\/wellness4you.cz\/sk\/wp-json\/wp\/v2\/product_brand?post=8864"},{"taxonomy":"product_cat","embeddable":true,"href":"https:\/\/wellness4you.cz\/sk\/wp-json\/wp\/v2\/product_cat?post=8864"},{"taxonomy":"product_tag","embeddable":true,"href":"https:\/\/wellness4you.cz\/sk\/wp-json\/wp\/v2\/product_tag?post=8864"}],"curies":[{"name":"wp","href":"https:\/\/api.w.org\/{rel}","templated":true}]}}