{"id":8852,"date":"2024-08-29T00:26:05","date_gmt":"2024-08-28T22:26:05","guid":{"rendered":"https:\/\/wellness4you.cz\/sk\/vasaxal\/"},"modified":"2026-01-08T22:52:36","modified_gmt":"2026-01-08T21:52:36","slug":"vasaxal","status":"publish","type":"product","link":"https:\/\/wellness4you.cz\/sk\/vasaxal\/","title":{"rendered":"Vasaxal"},"content":{"rendered":"<p><strong>Vasaxal<\/strong> je chladiv\u00fd gel na nohy, ktor\u00fd kombinuje \u00fa\u010dinn\u00e9 pr\u00edrodn\u00e9 zlo\u017eky, ako s\u00fa alanto\u00edn, mentol, extrakt z ga\u0161tanu a harman\u010deka. Tento gel je navrhnut\u00fd tak, aby poskytoval pocit \u00fa\u013eavy a \u013eahkosti noh\u00e1m.<\/p>\n<h2>Zlo\u017eenie produktu Vasaxal<\/h2>\n<ul>\n<li><strong>Alanto\u00edn:<\/strong> Podporuje hojenie drobn\u00fdch r\u00e1n, \u0161krabancov a praskl\u00edn, ktor\u00e9 m\u00f4\u017eu vznikn\u00fa\u0165 pri probl\u00e9moch s \u017eilami. Zm\u00e4k\u010duje poko\u017eku a zni\u017euje podr\u00e1\u017edenie.<\/li>\n<li><strong>Mentol:<\/strong> Poskytuje chladiv\u00fd a upokojuj\u00faci efekt, pom\u00e1ha zmierni\u0165 nepohodlie.<\/li>\n<li><strong>Extrakt z ga\u0161tanu:<\/strong> Priaznivo ovplyv\u0148uje krvn\u00fd obeh, zvy\u0161uje tonus kapil\u00e1r a zni\u017euje opuchy.<\/li>\n<li><strong>Harman\u010dek:<\/strong> Pou\u017e\u00edva sa na spevnenie \u017eilov\u00fdch ciev a zn\u00ed\u017eenie l\u00e1mavosti kapil\u00e1r.<\/li>\n<\/ul>\n<h2>Ako pou\u017e\u00edva\u0165 Vasaxal<\/h2>\n<ol>\n<li>Naneste gel jemn\u00fdmi mas\u00e1\u017enymi pohybmi na poko\u017eku po\u010das 3-5 min\u00fat, dvakr\u00e1t denne.<\/li>\n<li>Pred pou\u017eit\u00edm vykonajte test na citlivos\u0165 poko\u017eky.<\/li>\n<li>Odpor\u00fa\u010dan\u00fd kurz je minim\u00e1lne 30 dn\u00ed.<\/li>\n<\/ol>\n","protected":false},"excerpt":{"rendered":"<p>Vasaxal \u2013 chladiv\u00fd g\u00e9l na nohy, 30 ml. Obsahuje alanto\u00edn, mentol, extrakt z paga\u0161tanu a harman\u010deka na starostlivos\u0165 o poko\u017eku a podporu pocitu \u013eahkosti n\u00f4h.<\/p>\n","protected":false},"featured_media":8851,"comment_status":"open","ping_status":"closed","template":"","meta":{"site-sidebar-layout":"default","site-content-layout":"","ast-site-content-layout":"default","site-content-style":"default","site-sidebar-style":"default","ast-global-header-display":"","ast-banner-title-visibility":"","ast-main-header-display":"","ast-hfb-above-header-display":"","ast-hfb-below-header-display":"","ast-hfb-mobile-header-display":"","site-post-title":"","ast-breadcrumbs-content":"","ast-featured-img":"","footer-sml-layout":"","ast-disable-related-posts":"","theme-transparent-header-meta":"default","adv-header-id-meta":"","stick-header-meta":"","header-above-stick-meta":"","header-main-stick-meta":"","header-below-stick-meta":"","astra-migrate-meta-layouts":"set","ast-page-background-enabled":"default","ast-page-background-meta":{"desktop":{"background-color":"","background-image":"","background-repeat":"repeat","background-position":"center center","background-size":"auto","background-attachment":"scroll","background-type":"","background-media":"","overlay-type":"","overlay-color":"","overlay-opacity":"","overlay-gradient":""},"tablet":{"background-color":"","background-image":"","background-repeat":"repeat","background-position":"center center","background-size":"auto","background-attachment":"scroll","background-type":"","background-media":"","overlay-type":"","overlay-color":"","overlay-opacity":"","overlay-gradient":""},"mobile":{"background-color":"","background-image":"","background-repeat":"repeat","background-position":"center center","background-size":"auto","background-attachment":"scroll","background-type":"","background-media":"","overlay-type":"","overlay-color":"","overlay-opacity":"","overlay-gradient":""}},"ast-content-background-meta":{"desktop":{"background-color":"var(--ast-global-color-5)","background-image":"","background-repeat":"repeat","background-position":"center center","background-size":"auto","background-attachment":"scroll","background-type":"","background-media":"","overlay-type":"","overlay-color":"","overlay-opacity":"","overlay-gradient":""},"tablet":{"background-color":"var(--ast-global-color-5)","background-image":"","background-repeat":"repeat","background-position":"center center","background-size":"auto","background-attachment":"scroll","background-type":"","background-media":"","overlay-type":"","overlay-color":"","overlay-opacity":"","overlay-gradient":""},"mobile":{"background-color":"var(--ast-global-color-5)","background-image":"","background-repeat":"repeat","background-position":"center center","background-size":"auto","background-attachment":"scroll","background-type":"","background-media":"","overlay-type":"","overlay-color":"","overlay-opacity":"","overlay-gradient":""}}},"product_brand":[],"product_cat":[41],"product_tag":[],"class_list":{"0":"post-8852","1":"product","2":"type-product","3":"status-publish","4":"has-post-thumbnail","6":"product_cat-produkty-pre-zdravie","7":"desktop-align-left","8":"tablet-align-left","9":"mobile-align-left","11":"first","12":"instock","13":"sale","14":"taxable","15":"shipping-taxable","16":"purchasable","17":"product-type-simple"},"_links":{"self":[{"href":"https:\/\/wellness4you.cz\/sk\/wp-json\/wp\/v2\/product\/8852","targetHints":{"allow":["GET"]}}],"collection":[{"href":"https:\/\/wellness4you.cz\/sk\/wp-json\/wp\/v2\/product"}],"about":[{"href":"https:\/\/wellness4you.cz\/sk\/wp-json\/wp\/v2\/types\/product"}],"replies":[{"embeddable":true,"href":"https:\/\/wellness4you.cz\/sk\/wp-json\/wp\/v2\/comments?post=8852"}],"wp:featuredmedia":[{"embeddable":true,"href":"https:\/\/wellness4you.cz\/sk\/wp-json\/wp\/v2\/media\/8851"}],"wp:attachment":[{"href":"https:\/\/wellness4you.cz\/sk\/wp-json\/wp\/v2\/media?parent=8852"}],"wp:term":[{"taxonomy":"product_brand","embeddable":true,"href":"https:\/\/wellness4you.cz\/sk\/wp-json\/wp\/v2\/product_brand?post=8852"},{"taxonomy":"product_cat","embeddable":true,"href":"https:\/\/wellness4you.cz\/sk\/wp-json\/wp\/v2\/product_cat?post=8852"},{"taxonomy":"product_tag","embeddable":true,"href":"https:\/\/wellness4you.cz\/sk\/wp-json\/wp\/v2\/product_tag?post=8852"}],"curies":[{"name":"wp","href":"https:\/\/api.w.org\/{rel}","templated":true}]}}