{"id":8848,"date":"2024-08-29T00:26:04","date_gmt":"2024-08-28T22:26:04","guid":{"rendered":"https:\/\/wellness4you.cz\/sk\/deparax\/"},"modified":"2026-01-08T22:52:35","modified_gmt":"2026-01-08T21:52:35","slug":"deparax","status":"publish","type":"product","link":"https:\/\/wellness4you.cz\/sk\/deparax\/","title":{"rendered":"Deparax"},"content":{"rendered":"<p><strong>Deparax<\/strong> je pr\u00edrodn\u00fd doplnok stravy vo forme kvapiek, ktor\u00fd \u00fa\u010dinne bojuje proti v\u0161etk\u00fdm druhom parazitov. Tento produkt pom\u00e1ha \u010disti\u0165 organizmus od tox\u00ednov, podporuje imunitu a normalizuje funkciu org\u00e1nov.<\/p>\n<p><strong>Deparax<\/strong> je ide\u00e1lny pre t\u00fdch, ktor\u00ed h\u013eadaj\u00fa komplexn\u00e9 rie\u0161enie pre \u010distenie tela a prevenciu parazit\u00e1rnych infekci\u00ed. Kvapky obsahuj\u00fa vysoko koncentrovan\u00e9 botanick\u00e9 extrakty, ktor\u00e9 bezpe\u010dne a \u00fa\u010dinne odstra\u0148uj\u00fa parazity a ich larvy z tela, \u010d\u00edm obnovuj\u00fa zdravie a vitalitu.<\/p>\n<h2>V\u00fdhody Deparaxu<\/h2>\n<ul>\n<li>\u00da\u010dinne ni\u010d\u00ed v\u0161etky druhy parazitov a ich larvy<\/li>\n<li>Odstra\u0148uje tox\u00edny z tela a zlep\u0161uje celkov\u00fd stav poko\u017eky, vlasov a nechtov<\/li>\n<li>Podporuje imunitn\u00fd syst\u00e9m a chr\u00e1ni pred opakovanou infekciou<\/li>\n<li>Pom\u00e1ha normalizova\u0165 funkcie vn\u00fatorn\u00fdch org\u00e1nov<\/li>\n<li>Pr\u00edrodn\u00e9 zlo\u017eenie bez ved\u013eaj\u0161\u00edch \u00fa\u010dinkov<\/li>\n<\/ul>\n<h3>Sp\u00f4sob pou\u017eitia<\/h3>\n<ol>\n<li>U\u017e\u00edvajte 10-15 kvapiek denne, zrieden\u00fdch vo vode.<\/li>\n<li>Odpor\u00fa\u010da sa u\u017e\u00edva\u0165 k\u00faru po dobu 4 t\u00fd\u017ed\u0148ov pre dosiahnutie najlep\u0161\u00edch v\u00fdsledkov.<\/li>\n<\/ol>\n<p><strong>Deparax<\/strong> je vhodn\u00fd pre dlhodob\u00e9 u\u017e\u00edvanie ako prevencia proti parazitom a na podporu celkov\u00e9ho zdravia organizmu.<\/p>\n","protected":false},"excerpt":{"rendered":"<p>Deparax &#8211; kvapky na boj proti parazitom, ktor\u00e9 \u010distia telo od tox\u00ednov a zlep\u0161uj\u00fa imunitu. Pr\u00edrodn\u00fd doplnok stravy pre komplexn\u00e9 \u010distenie organizmu.<\/p>\n","protected":false},"featured_media":8847,"comment_status":"open","ping_status":"closed","template":"","meta":{"site-sidebar-layout":"default","site-content-layout":"","ast-site-content-layout":"default","site-content-style":"default","site-sidebar-style":"default","ast-global-header-display":"","ast-banner-title-visibility":"","ast-main-header-display":"","ast-hfb-above-header-display":"","ast-hfb-below-header-display":"","ast-hfb-mobile-header-display":"","site-post-title":"","ast-breadcrumbs-content":"","ast-featured-img":"","footer-sml-layout":"","ast-disable-related-posts":"","theme-transparent-header-meta":"default","adv-header-id-meta":"","stick-header-meta":"","header-above-stick-meta":"","header-main-stick-meta":"","header-below-stick-meta":"","astra-migrate-meta-layouts":"set","ast-page-background-enabled":"default","ast-page-background-meta":{"desktop":{"background-color":"","background-image":"","background-repeat":"repeat","background-position":"center center","background-size":"auto","background-attachment":"scroll","background-type":"","background-media":"","overlay-type":"","overlay-color":"","overlay-opacity":"","overlay-gradient":""},"tablet":{"background-color":"","background-image":"","background-repeat":"repeat","background-position":"center center","background-size":"auto","background-attachment":"scroll","background-type":"","background-media":"","overlay-type":"","overlay-color":"","overlay-opacity":"","overlay-gradient":""},"mobile":{"background-color":"","background-image":"","background-repeat":"repeat","background-position":"center center","background-size":"auto","background-attachment":"scroll","background-type":"","background-media":"","overlay-type":"","overlay-color":"","overlay-opacity":"","overlay-gradient":""}},"ast-content-background-meta":{"desktop":{"background-color":"var(--ast-global-color-5)","background-image":"","background-repeat":"repeat","background-position":"center center","background-size":"auto","background-attachment":"scroll","background-type":"","background-media":"","overlay-type":"","overlay-color":"","overlay-opacity":"","overlay-gradient":""},"tablet":{"background-color":"var(--ast-global-color-5)","background-image":"","background-repeat":"repeat","background-position":"center center","background-size":"auto","background-attachment":"scroll","background-type":"","background-media":"","overlay-type":"","overlay-color":"","overlay-opacity":"","overlay-gradient":""},"mobile":{"background-color":"var(--ast-global-color-5)","background-image":"","background-repeat":"repeat","background-position":"center center","background-size":"auto","background-attachment":"scroll","background-type":"","background-media":"","overlay-type":"","overlay-color":"","overlay-opacity":"","overlay-gradient":""}}},"product_brand":[],"product_cat":[41],"product_tag":[],"class_list":{"0":"post-8848","1":"product","2":"type-product","3":"status-publish","4":"has-post-thumbnail","6":"product_cat-produkty-pre-zdravie","7":"desktop-align-left","8":"tablet-align-left","9":"mobile-align-left","11":"first","12":"instock","13":"sale","14":"taxable","15":"shipping-taxable","16":"purchasable","17":"product-type-simple"},"_links":{"self":[{"href":"https:\/\/wellness4you.cz\/sk\/wp-json\/wp\/v2\/product\/8848","targetHints":{"allow":["GET"]}}],"collection":[{"href":"https:\/\/wellness4you.cz\/sk\/wp-json\/wp\/v2\/product"}],"about":[{"href":"https:\/\/wellness4you.cz\/sk\/wp-json\/wp\/v2\/types\/product"}],"replies":[{"embeddable":true,"href":"https:\/\/wellness4you.cz\/sk\/wp-json\/wp\/v2\/comments?post=8848"}],"wp:featuredmedia":[{"embeddable":true,"href":"https:\/\/wellness4you.cz\/sk\/wp-json\/wp\/v2\/media\/8847"}],"wp:attachment":[{"href":"https:\/\/wellness4you.cz\/sk\/wp-json\/wp\/v2\/media?parent=8848"}],"wp:term":[{"taxonomy":"product_brand","embeddable":true,"href":"https:\/\/wellness4you.cz\/sk\/wp-json\/wp\/v2\/product_brand?post=8848"},{"taxonomy":"product_cat","embeddable":true,"href":"https:\/\/wellness4you.cz\/sk\/wp-json\/wp\/v2\/product_cat?post=8848"},{"taxonomy":"product_tag","embeddable":true,"href":"https:\/\/wellness4you.cz\/sk\/wp-json\/wp\/v2\/product_tag?post=8848"}],"curies":[{"name":"wp","href":"https:\/\/api.w.org\/{rel}","templated":true}]}}