{"id":8846,"date":"2024-08-29T00:26:04","date_gmt":"2024-08-28T22:26:04","guid":{"rendered":"https:\/\/wellness4you.cz\/sk\/worlex\/"},"modified":"2026-01-08T22:52:36","modified_gmt":"2026-01-08T21:52:36","slug":"worlex","status":"publish","type":"product","link":"https:\/\/wellness4you.cz\/sk\/worlex\/","title":{"rendered":"Worlex"},"content":{"rendered":"<p><strong>Worlex<\/strong> je doplnok stravy v kapsul\u00e1ch, ktor\u00fd pom\u00e1ha \u00fa\u010dinne bojova\u0165 proti parazitom a ich negat\u00edvnym \u00fa\u010dinkom na organizmus. Tento pr\u00edrodn\u00fd komplex posil\u0148uje imunitn\u00fd syst\u00e9m, zlep\u0161uje tr\u00e1venie a \u010dist\u00ed telo od tox\u00ednov.<\/p>\n<p>V\u010faka unik\u00e1tnemu zlo\u017eeniu, ktor\u00e9 obsahuje vysoko koncentrovan\u00e9 rastlinn\u00e9 extrakty, <strong>Worlex<\/strong> nielen eliminuje parazity, ale aj podporuje regener\u00e1ciu tkan\u00edv a obnovu celkov\u00e9ho zdravia. Pravideln\u00e9 u\u017e\u00edvanie tohto doplnku prispieva k zlep\u0161eniu metabolizmu, zv\u00fd\u0161eniu energie a odstr\u00e1neniu nepr\u00edjemn\u00fdch sympt\u00f3mov spojen\u00fdch s parazit\u00e1rnymi infekciami.<\/p>\n<h2>Hlavn\u00e9 v\u00fdhody Worlexu<\/h2>\n<ul>\n<li>Efekt\u00edvne \u010distenie organizmu od parazitov a tox\u00ednov<\/li>\n<li>Posil\u0148uje imunitn\u00fd syst\u00e9m a zlep\u0161uje tr\u00e1venie<\/li>\n<li>Pr\u00edrodn\u00e9 zlo\u017eenie bez ved\u013eaj\u0161\u00edch \u00fa\u010dinkov<\/li>\n<li>Podporuje obnovu zdravia a zlep\u0161enie celkovej vitality<\/li>\n<li>Pohodln\u00e9 a jednoduch\u00e9 u\u017e\u00edvanie &#8211; iba 1 kapsula denne<\/li>\n<\/ul>\n<h3>Sp\u00f4sob pou\u017eitia<\/h3>\n<ol>\n<li>U\u017e\u00edvajte 1 kapsulu denne s dostato\u010dn\u00fdm mno\u017estvom vody.<\/li>\n<li>Odpor\u00fa\u010da sa absolvova\u0165 k\u00faru po dobu 4 t\u00fd\u017ed\u0148ov pre dosiahnutie optim\u00e1lnych v\u00fdsledkov.<\/li>\n<\/ol>\n<p>Kapsuly <strong>Worlex<\/strong> s\u00fa bezpe\u010dn\u00e9 a vhodn\u00e9 pre dlhodob\u00e9 u\u017e\u00edvanie, pri\u010dom pom\u00e1haj\u00fa chr\u00e1ni\u0165 telo pred op\u00e4tovn\u00fdm napadnut\u00edm parazitmi.<\/p>\n","protected":false},"excerpt":{"rendered":"<p>Worlex &#8211; doplnok stravy v kapsul\u00e1ch na boj proti parazitom. Podporuje imunitu a \u010dist\u00ed organizmus, \u00fa\u010dinne pom\u00e1ha pri odstra\u0148ovan\u00ed parazitov a tox\u00ednov.<\/p>\n","protected":false},"featured_media":8845,"comment_status":"open","ping_status":"closed","template":"","meta":{"site-sidebar-layout":"default","site-content-layout":"","ast-site-content-layout":"default","site-content-style":"default","site-sidebar-style":"default","ast-global-header-display":"","ast-banner-title-visibility":"","ast-main-header-display":"","ast-hfb-above-header-display":"","ast-hfb-below-header-display":"","ast-hfb-mobile-header-display":"","site-post-title":"","ast-breadcrumbs-content":"","ast-featured-img":"","footer-sml-layout":"","ast-disable-related-posts":"","theme-transparent-header-meta":"default","adv-header-id-meta":"","stick-header-meta":"","header-above-stick-meta":"","header-main-stick-meta":"","header-below-stick-meta":"","astra-migrate-meta-layouts":"set","ast-page-background-enabled":"default","ast-page-background-meta":{"desktop":{"background-color":"","background-image":"","background-repeat":"repeat","background-position":"center center","background-size":"auto","background-attachment":"scroll","background-type":"","background-media":"","overlay-type":"","overlay-color":"","overlay-opacity":"","overlay-gradient":""},"tablet":{"background-color":"","background-image":"","background-repeat":"repeat","background-position":"center center","background-size":"auto","background-attachment":"scroll","background-type":"","background-media":"","overlay-type":"","overlay-color":"","overlay-opacity":"","overlay-gradient":""},"mobile":{"background-color":"","background-image":"","background-repeat":"repeat","background-position":"center center","background-size":"auto","background-attachment":"scroll","background-type":"","background-media":"","overlay-type":"","overlay-color":"","overlay-opacity":"","overlay-gradient":""}},"ast-content-background-meta":{"desktop":{"background-color":"var(--ast-global-color-5)","background-image":"","background-repeat":"repeat","background-position":"center center","background-size":"auto","background-attachment":"scroll","background-type":"","background-media":"","overlay-type":"","overlay-color":"","overlay-opacity":"","overlay-gradient":""},"tablet":{"background-color":"var(--ast-global-color-5)","background-image":"","background-repeat":"repeat","background-position":"center center","background-size":"auto","background-attachment":"scroll","background-type":"","background-media":"","overlay-type":"","overlay-color":"","overlay-opacity":"","overlay-gradient":""},"mobile":{"background-color":"var(--ast-global-color-5)","background-image":"","background-repeat":"repeat","background-position":"center center","background-size":"auto","background-attachment":"scroll","background-type":"","background-media":"","overlay-type":"","overlay-color":"","overlay-opacity":"","overlay-gradient":""}}},"product_brand":[],"product_cat":[41],"product_tag":[],"class_list":{"0":"post-8846","1":"product","2":"type-product","3":"status-publish","4":"has-post-thumbnail","6":"product_cat-produkty-pre-zdravie","7":"desktop-align-left","8":"tablet-align-left","9":"mobile-align-left","11":"first","12":"instock","13":"sale","14":"taxable","15":"shipping-taxable","16":"purchasable","17":"product-type-simple"},"_links":{"self":[{"href":"https:\/\/wellness4you.cz\/sk\/wp-json\/wp\/v2\/product\/8846","targetHints":{"allow":["GET"]}}],"collection":[{"href":"https:\/\/wellness4you.cz\/sk\/wp-json\/wp\/v2\/product"}],"about":[{"href":"https:\/\/wellness4you.cz\/sk\/wp-json\/wp\/v2\/types\/product"}],"replies":[{"embeddable":true,"href":"https:\/\/wellness4you.cz\/sk\/wp-json\/wp\/v2\/comments?post=8846"}],"wp:featuredmedia":[{"embeddable":true,"href":"https:\/\/wellness4you.cz\/sk\/wp-json\/wp\/v2\/media\/8845"}],"wp:attachment":[{"href":"https:\/\/wellness4you.cz\/sk\/wp-json\/wp\/v2\/media?parent=8846"}],"wp:term":[{"taxonomy":"product_brand","embeddable":true,"href":"https:\/\/wellness4you.cz\/sk\/wp-json\/wp\/v2\/product_brand?post=8846"},{"taxonomy":"product_cat","embeddable":true,"href":"https:\/\/wellness4you.cz\/sk\/wp-json\/wp\/v2\/product_cat?post=8846"},{"taxonomy":"product_tag","embeddable":true,"href":"https:\/\/wellness4you.cz\/sk\/wp-json\/wp\/v2\/product_tag?post=8846"}],"curies":[{"name":"wp","href":"https:\/\/api.w.org\/{rel}","templated":true}]}}