{"id":8834,"date":"2024-08-28T02:48:41","date_gmt":"2024-08-28T00:48:41","guid":{"rendered":"https:\/\/wellness4you.cz\/sk\/inspicure\/"},"modified":"2026-01-08T22:52:36","modified_gmt":"2026-01-08T21:52:36","slug":"inspicure","status":"publish","type":"product","link":"https:\/\/wellness4you.cz\/sk\/inspicure\/","title":{"rendered":"Inspicure"},"content":{"rendered":"<p>Kapsuly Inspicure, vyroben\u00e9 z \u010disto pr\u00edrodn\u00fdch zlo\u017eiek, pon\u00fakaj\u00fa efekt\u00edvne rie\u0161enie na udr\u017eanie optim\u00e1lnej hladiny gluk\u00f3zy v krvi. V\u010faka svojmu unik\u00e1tnemu zlo\u017eeniu kapsuly u\u013eah\u010duj\u00fa norm\u00e1lnu produkciu inzul\u00ednu a z\u00e1rove\u0148 reguluj\u00fa \u010fal\u0161ie telesn\u00e9 funkcie.<\/p>\n<p>Tento prelomov\u00fd produkt je navrhnut\u00fd tak, aby v\u00e1m pomohol c\u00edti\u0165 sa lep\u0161ie, by\u0165 akt\u00edvnej\u0161\u00ed a u\u017e\u00edva\u0165 si \u017eivot bez obmedzen\u00ed.<\/p>\n<p>K\u013e\u00fa\u010dom k \u00faspechu kaps\u00fal Inspicure je ich \u00faplne pr\u00edrodn\u00e9 zlo\u017eenie. Komponenty s\u00fa vyberan\u00e9 s najvy\u0161\u0161ou starostlivos\u0165ou a s\u00fa spracovan\u00e9 tak, aby si zachovali svoje prospe\u0161n\u00e9 vlastnosti. Rastlinn\u00e9 extrakty a v\u00fd\u0165a\u017eky poch\u00e1dzaj\u00fa z ekologicky \u010dist\u00e9ho po\u013enohospod\u00e1rstva, bez pou\u017eitia \u0161kodliv\u00fdch pestic\u00eddov alebo chemik\u00e1li\u00ed. Toto opatrenie zabezpe\u010duje, \u017ee kapsuly s\u00fa nielen \u00fa\u010dinn\u00e9, ale aj bezpe\u010dn\u00e9 na denn\u00fa konzum\u00e1ciu.<\/p>\n<p>Pravideln\u00e9 u\u017e\u00edvanie podporuje kumulat\u00edvny efekt, \u010do vedie k postupn\u00e9mu zlep\u0161eniu va\u0161ej kond\u00edcie a kontrole hladiny cukru v krvi.<\/p>\n<p>Objednajte si Inspicure dnes a krok za krokom z\u00edskajte sp\u00e4\u0165 kontrolu nad svoj\u00edm \u017eivotom.<\/p>\n","protected":false},"excerpt":{"rendered":"<p>Kapsuly Inspicure &#8211; pomoc pri cukrovke. 100% pr\u00edrodn\u00e9 zlo\u017eenie na kontrolu cukrovky a zlep\u0161enie zdravia.<\/p>\n","protected":false},"featured_media":8833,"comment_status":"open","ping_status":"closed","template":"","meta":{"site-sidebar-layout":"default","site-content-layout":"","ast-site-content-layout":"default","site-content-style":"default","site-sidebar-style":"default","ast-global-header-display":"","ast-banner-title-visibility":"","ast-main-header-display":"","ast-hfb-above-header-display":"","ast-hfb-below-header-display":"","ast-hfb-mobile-header-display":"","site-post-title":"","ast-breadcrumbs-content":"","ast-featured-img":"","footer-sml-layout":"","ast-disable-related-posts":"","theme-transparent-header-meta":"default","adv-header-id-meta":"","stick-header-meta":"","header-above-stick-meta":"","header-main-stick-meta":"","header-below-stick-meta":"","astra-migrate-meta-layouts":"set","ast-page-background-enabled":"default","ast-page-background-meta":{"desktop":{"background-color":"","background-image":"","background-repeat":"repeat","background-position":"center center","background-size":"auto","background-attachment":"scroll","background-type":"","background-media":"","overlay-type":"","overlay-color":"","overlay-opacity":"","overlay-gradient":""},"tablet":{"background-color":"","background-image":"","background-repeat":"repeat","background-position":"center center","background-size":"auto","background-attachment":"scroll","background-type":"","background-media":"","overlay-type":"","overlay-color":"","overlay-opacity":"","overlay-gradient":""},"mobile":{"background-color":"","background-image":"","background-repeat":"repeat","background-position":"center center","background-size":"auto","background-attachment":"scroll","background-type":"","background-media":"","overlay-type":"","overlay-color":"","overlay-opacity":"","overlay-gradient":""}},"ast-content-background-meta":{"desktop":{"background-color":"var(--ast-global-color-5)","background-image":"","background-repeat":"repeat","background-position":"center center","background-size":"auto","background-attachment":"scroll","background-type":"","background-media":"","overlay-type":"","overlay-color":"","overlay-opacity":"","overlay-gradient":""},"tablet":{"background-color":"var(--ast-global-color-5)","background-image":"","background-repeat":"repeat","background-position":"center center","background-size":"auto","background-attachment":"scroll","background-type":"","background-media":"","overlay-type":"","overlay-color":"","overlay-opacity":"","overlay-gradient":""},"mobile":{"background-color":"var(--ast-global-color-5)","background-image":"","background-repeat":"repeat","background-position":"center center","background-size":"auto","background-attachment":"scroll","background-type":"","background-media":"","overlay-type":"","overlay-color":"","overlay-opacity":"","overlay-gradient":""}}},"product_brand":[],"product_cat":[41],"product_tag":[],"class_list":{"0":"post-8834","1":"product","2":"type-product","3":"status-publish","4":"has-post-thumbnail","6":"product_cat-produkty-pre-zdravie","7":"desktop-align-left","8":"tablet-align-left","9":"mobile-align-left","11":"first","12":"instock","13":"sale","14":"taxable","15":"shipping-taxable","16":"purchasable","17":"product-type-simple"},"_links":{"self":[{"href":"https:\/\/wellness4you.cz\/sk\/wp-json\/wp\/v2\/product\/8834","targetHints":{"allow":["GET"]}}],"collection":[{"href":"https:\/\/wellness4you.cz\/sk\/wp-json\/wp\/v2\/product"}],"about":[{"href":"https:\/\/wellness4you.cz\/sk\/wp-json\/wp\/v2\/types\/product"}],"replies":[{"embeddable":true,"href":"https:\/\/wellness4you.cz\/sk\/wp-json\/wp\/v2\/comments?post=8834"}],"wp:featuredmedia":[{"embeddable":true,"href":"https:\/\/wellness4you.cz\/sk\/wp-json\/wp\/v2\/media\/8833"}],"wp:attachment":[{"href":"https:\/\/wellness4you.cz\/sk\/wp-json\/wp\/v2\/media?parent=8834"}],"wp:term":[{"taxonomy":"product_brand","embeddable":true,"href":"https:\/\/wellness4you.cz\/sk\/wp-json\/wp\/v2\/product_brand?post=8834"},{"taxonomy":"product_cat","embeddable":true,"href":"https:\/\/wellness4you.cz\/sk\/wp-json\/wp\/v2\/product_cat?post=8834"},{"taxonomy":"product_tag","embeddable":true,"href":"https:\/\/wellness4you.cz\/sk\/wp-json\/wp\/v2\/product_tag?post=8834"}],"curies":[{"name":"wp","href":"https:\/\/api.w.org\/{rel}","templated":true}]}}