{"id":8830,"date":"2024-08-28T02:48:40","date_gmt":"2024-08-28T00:48:40","guid":{"rendered":"https:\/\/wellness4you.cz\/sk\/pulsero\/"},"modified":"2026-01-16T14:51:31","modified_gmt":"2026-01-16T13:51:31","slug":"pulsero","status":"publish","type":"product","link":"https:\/\/wellness4you.cz\/sk\/pulsero\/","title":{"rendered":"Pulsero"},"content":{"rendered":"<h2>Pulsero \u2013 Doplnok stravy na podporu potencie, 10 kaps\u00fal<\/h2>\n<p>Pulsero je \u00fa\u010dinn\u00fd doplnok stravy vo forme kaps\u00fal, \u0161peci\u00e1lne navrhnut\u00fd na podporu potencie a zlep\u0161enie sexu\u00e1lnej v\u00fdkonnosti. Tento produkt pom\u00e1ha zvy\u0161ova\u0165 energiu, zlep\u0161ova\u0165 krvn\u00fd obeh a podporova\u0165 zdravie reproduk\u010dn\u00e9ho syst\u00e9mu. Balenie obsahuje 10 kaps\u00fal, ktor\u00e9 s\u00fa \u013eahko pou\u017eite\u013en\u00e9 a poskytuj\u00fa r\u00fdchle a spo\u013eahliv\u00e9 v\u00fdsledky.<\/p>\n<h2>Vlastnosti produktu Pulsero<\/h2>\n<ul>\n<li><strong>Podpora potencie:<\/strong> Zvy\u0161uje sexu\u00e1lnu v\u00fdkonnos\u0165 a vitalitu.<\/li>\n<li><strong>Zlep\u0161enie krvn\u00e9ho obehu:<\/strong> Podporuje zdrav\u00fd krvn\u00fd obeh, ktor\u00fd je k\u013e\u00fa\u010dov\u00fd pre udr\u017eanie potencie.<\/li>\n<li><strong>Pr\u00edrodn\u00e9 zlo\u017eenie:<\/strong> Obsahuje pr\u00edrodn\u00e9 ingrediencie, ktor\u00e9 podporuj\u00fa celkov\u00e9 zdravie a vitalitu.<\/li>\n<li><strong>Jednoduch\u00e9 pou\u017eitie:<\/strong> Ka\u017ed\u00e1 kapsula je navrhnut\u00e1 pre maxim\u00e1lny \u00fa\u010dinok a \u013eahk\u00e9 d\u00e1vkovanie.<\/li>\n<\/ul>\n<p>Vysk\u00fa\u0161ajte Pulsero a podporte svoju sexu\u00e1lnu v\u00fdkonnos\u0165 a zdravie prirodzen\u00fdm a \u00fa\u010dinn\u00fdm sp\u00f4sobom!<\/p>\n","protected":false},"excerpt":{"rendered":"<p>Pulsero \u2013 doplnok stravy na podporu potencie, 10 kaps\u00fal. Zlep\u0161uje sexu\u00e1lnu v\u00fdkonnos\u0165, zvy\u0161uje energiu a podporuje zdravie reproduk\u010dn\u00e9ho syst\u00e9mu.<\/p>\n","protected":false},"featured_media":8829,"comment_status":"open","ping_status":"closed","template":"","meta":{"site-sidebar-layout":"default","site-content-layout":"","ast-site-content-layout":"default","site-content-style":"default","site-sidebar-style":"default","ast-global-header-display":"","ast-banner-title-visibility":"","ast-main-header-display":"","ast-hfb-above-header-display":"","ast-hfb-below-header-display":"","ast-hfb-mobile-header-display":"","site-post-title":"","ast-breadcrumbs-content":"","ast-featured-img":"","footer-sml-layout":"","ast-disable-related-posts":"","theme-transparent-header-meta":"default","adv-header-id-meta":"","stick-header-meta":"","header-above-stick-meta":"","header-main-stick-meta":"","header-below-stick-meta":"","astra-migrate-meta-layouts":"set","ast-page-background-enabled":"default","ast-page-background-meta":{"desktop":{"background-color":"","background-image":"","background-repeat":"repeat","background-position":"center center","background-size":"auto","background-attachment":"scroll","background-type":"","background-media":"","overlay-type":"","overlay-color":"","overlay-opacity":"","overlay-gradient":""},"tablet":{"background-color":"","background-image":"","background-repeat":"repeat","background-position":"center center","background-size":"auto","background-attachment":"scroll","background-type":"","background-media":"","overlay-type":"","overlay-color":"","overlay-opacity":"","overlay-gradient":""},"mobile":{"background-color":"","background-image":"","background-repeat":"repeat","background-position":"center center","background-size":"auto","background-attachment":"scroll","background-type":"","background-media":"","overlay-type":"","overlay-color":"","overlay-opacity":"","overlay-gradient":""}},"ast-content-background-meta":{"desktop":{"background-color":"var(--ast-global-color-5)","background-image":"","background-repeat":"repeat","background-position":"center center","background-size":"auto","background-attachment":"scroll","background-type":"","background-media":"","overlay-type":"","overlay-color":"","overlay-opacity":"","overlay-gradient":""},"tablet":{"background-color":"var(--ast-global-color-5)","background-image":"","background-repeat":"repeat","background-position":"center center","background-size":"auto","background-attachment":"scroll","background-type":"","background-media":"","overlay-type":"","overlay-color":"","overlay-opacity":"","overlay-gradient":""},"mobile":{"background-color":"var(--ast-global-color-5)","background-image":"","background-repeat":"repeat","background-position":"center center","background-size":"auto","background-attachment":"scroll","background-type":"","background-media":"","overlay-type":"","overlay-color":"","overlay-opacity":"","overlay-gradient":""}}},"product_brand":[],"product_cat":[40],"product_tag":[],"class_list":{"0":"post-8830","1":"product","2":"type-product","3":"status-publish","4":"has-post-thumbnail","6":"product_cat-produkty-pre-muzov","7":"desktop-align-left","8":"tablet-align-left","9":"mobile-align-left","11":"first","12":"instock","13":"sale","14":"taxable","15":"shipping-taxable","16":"purchasable","17":"product-type-simple"},"_links":{"self":[{"href":"https:\/\/wellness4you.cz\/sk\/wp-json\/wp\/v2\/product\/8830","targetHints":{"allow":["GET"]}}],"collection":[{"href":"https:\/\/wellness4you.cz\/sk\/wp-json\/wp\/v2\/product"}],"about":[{"href":"https:\/\/wellness4you.cz\/sk\/wp-json\/wp\/v2\/types\/product"}],"replies":[{"embeddable":true,"href":"https:\/\/wellness4you.cz\/sk\/wp-json\/wp\/v2\/comments?post=8830"}],"wp:featuredmedia":[{"embeddable":true,"href":"https:\/\/wellness4you.cz\/sk\/wp-json\/wp\/v2\/media\/8829"}],"wp:attachment":[{"href":"https:\/\/wellness4you.cz\/sk\/wp-json\/wp\/v2\/media?parent=8830"}],"wp:term":[{"taxonomy":"product_brand","embeddable":true,"href":"https:\/\/wellness4you.cz\/sk\/wp-json\/wp\/v2\/product_brand?post=8830"},{"taxonomy":"product_cat","embeddable":true,"href":"https:\/\/wellness4you.cz\/sk\/wp-json\/wp\/v2\/product_cat?post=8830"},{"taxonomy":"product_tag","embeddable":true,"href":"https:\/\/wellness4you.cz\/sk\/wp-json\/wp\/v2\/product_tag?post=8830"}],"curies":[{"name":"wp","href":"https:\/\/api.w.org\/{rel}","templated":true}]}}