{"id":8828,"date":"2024-08-28T02:48:40","date_gmt":"2024-08-28T00:48:40","guid":{"rendered":"https:\/\/wellness4you.cz\/sk\/proctonic\/"},"modified":"2026-01-08T22:52:34","modified_gmt":"2026-01-08T21:52:34","slug":"proctonic","status":"publish","type":"product","link":"https:\/\/wellness4you.cz\/sk\/proctonic\/","title":{"rendered":"Proctonic"},"content":{"rendered":"<h2>Proctonic chladiv\u00fd g\u00e9l na hemoroidy \u2013 \u00da\u013eava od bolesti a podr\u00e1\u017edenia<\/h2>\n<p>Proctonic je chladiv\u00fd g\u00e9l na hemoroidy, ktor\u00fd pon\u00faka r\u00fdchlu \u00fa\u013eavu od bolesti, svrbenia a podr\u00e1\u017edenia sp\u00f4soben\u00fdch hemoroidmi. S objemom 30 ml je ide\u00e1lny na ka\u017edodenn\u00e9 pou\u017eitie a v\u010faka svojmu pr\u00edrodn\u00e9mu zlo\u017eeniu \u00fa\u010dinne upokojuje postihnut\u00e9 oblasti, podporuje regener\u00e1ciu tkan\u00edv a prin\u00e1\u0161a pocit pohodlia.<\/p>\n<h2>Vlastnosti produktu Proctonic<\/h2>\n<ul>\n<li><strong>R\u00fdchla \u00fa\u013eava:<\/strong> Chladiv\u00fd efekt okam\u017eite zmier\u0148uje boles\u0165 a svrbenie.<\/li>\n<li><strong>Pr\u00edrodn\u00e9 zlo\u017eenie:<\/strong> Obsahuje pr\u00edrodn\u00e9 zlo\u017eky, ktor\u00e9 s\u00fa \u0161etrn\u00e9 k poko\u017eke a podporuj\u00fa hojenie.<\/li>\n<li><strong>Jednoduch\u00e1 aplik\u00e1cia:<\/strong> G\u00e9l sa r\u00fdchlo vstreb\u00e1va a nezanech\u00e1va mastn\u00fd film.<\/li>\n<\/ul>\n<p>Proctonic chladiv\u00fd g\u00e9l je ide\u00e1lnou vo\u013ebou pre t\u00fdch, ktor\u00ed h\u013eadaj\u00fa \u00fa\u010dinn\u00fa \u00fa\u013eavu od nepr\u00edjemnost\u00ed spojen\u00fdch s hemoroidmi a chc\u00fa sa r\u00fdchlo vr\u00e1ti\u0165 k norm\u00e1lnemu \u017eivotu.<\/p>\n","protected":false},"excerpt":{"rendered":"<p>Proctonic chladiv\u00fd g\u00e9l na hemoroidy, 30 ml \u2013 r\u00fdchla \u00fa\u013eava od bolesti a podr\u00e1\u017edenia sp\u00f4soben\u00fdch hemoroidmi. Pr\u00edrodn\u00e9 zlo\u017eenie na upokojenie a regener\u00e1ciu.<\/p>\n","protected":false},"featured_media":8827,"comment_status":"open","ping_status":"closed","template":"","meta":{"site-sidebar-layout":"default","site-content-layout":"","ast-site-content-layout":"default","site-content-style":"default","site-sidebar-style":"default","ast-global-header-display":"","ast-banner-title-visibility":"","ast-main-header-display":"","ast-hfb-above-header-display":"","ast-hfb-below-header-display":"","ast-hfb-mobile-header-display":"","site-post-title":"","ast-breadcrumbs-content":"","ast-featured-img":"","footer-sml-layout":"","ast-disable-related-posts":"","theme-transparent-header-meta":"default","adv-header-id-meta":"","stick-header-meta":"","header-above-stick-meta":"","header-main-stick-meta":"","header-below-stick-meta":"","astra-migrate-meta-layouts":"set","ast-page-background-enabled":"default","ast-page-background-meta":{"desktop":{"background-color":"","background-image":"","background-repeat":"repeat","background-position":"center center","background-size":"auto","background-attachment":"scroll","background-type":"","background-media":"","overlay-type":"","overlay-color":"","overlay-opacity":"","overlay-gradient":""},"tablet":{"background-color":"","background-image":"","background-repeat":"repeat","background-position":"center center","background-size":"auto","background-attachment":"scroll","background-type":"","background-media":"","overlay-type":"","overlay-color":"","overlay-opacity":"","overlay-gradient":""},"mobile":{"background-color":"","background-image":"","background-repeat":"repeat","background-position":"center center","background-size":"auto","background-attachment":"scroll","background-type":"","background-media":"","overlay-type":"","overlay-color":"","overlay-opacity":"","overlay-gradient":""}},"ast-content-background-meta":{"desktop":{"background-color":"var(--ast-global-color-5)","background-image":"","background-repeat":"repeat","background-position":"center center","background-size":"auto","background-attachment":"scroll","background-type":"","background-media":"","overlay-type":"","overlay-color":"","overlay-opacity":"","overlay-gradient":""},"tablet":{"background-color":"var(--ast-global-color-5)","background-image":"","background-repeat":"repeat","background-position":"center center","background-size":"auto","background-attachment":"scroll","background-type":"","background-media":"","overlay-type":"","overlay-color":"","overlay-opacity":"","overlay-gradient":""},"mobile":{"background-color":"var(--ast-global-color-5)","background-image":"","background-repeat":"repeat","background-position":"center center","background-size":"auto","background-attachment":"scroll","background-type":"","background-media":"","overlay-type":"","overlay-color":"","overlay-opacity":"","overlay-gradient":""}}},"product_brand":[],"product_cat":[41],"product_tag":[],"class_list":{"0":"post-8828","1":"product","2":"type-product","3":"status-publish","4":"has-post-thumbnail","6":"product_cat-produkty-pre-zdravie","7":"desktop-align-left","8":"tablet-align-left","9":"mobile-align-left","11":"first","12":"instock","13":"sale","14":"taxable","15":"shipping-taxable","16":"purchasable","17":"product-type-simple"},"_links":{"self":[{"href":"https:\/\/wellness4you.cz\/sk\/wp-json\/wp\/v2\/product\/8828","targetHints":{"allow":["GET"]}}],"collection":[{"href":"https:\/\/wellness4you.cz\/sk\/wp-json\/wp\/v2\/product"}],"about":[{"href":"https:\/\/wellness4you.cz\/sk\/wp-json\/wp\/v2\/types\/product"}],"replies":[{"embeddable":true,"href":"https:\/\/wellness4you.cz\/sk\/wp-json\/wp\/v2\/comments?post=8828"}],"wp:featuredmedia":[{"embeddable":true,"href":"https:\/\/wellness4you.cz\/sk\/wp-json\/wp\/v2\/media\/8827"}],"wp:attachment":[{"href":"https:\/\/wellness4you.cz\/sk\/wp-json\/wp\/v2\/media?parent=8828"}],"wp:term":[{"taxonomy":"product_brand","embeddable":true,"href":"https:\/\/wellness4you.cz\/sk\/wp-json\/wp\/v2\/product_brand?post=8828"},{"taxonomy":"product_cat","embeddable":true,"href":"https:\/\/wellness4you.cz\/sk\/wp-json\/wp\/v2\/product_cat?post=8828"},{"taxonomy":"product_tag","embeddable":true,"href":"https:\/\/wellness4you.cz\/sk\/wp-json\/wp\/v2\/product_tag?post=8828"}],"curies":[{"name":"wp","href":"https:\/\/api.w.org\/{rel}","templated":true}]}}