{"id":8824,"date":"2024-08-28T02:48:40","date_gmt":"2024-08-28T00:48:40","guid":{"rendered":"https:\/\/wellness4you.cz\/sk\/hondrofrost\/"},"modified":"2026-01-08T22:52:34","modified_gmt":"2026-01-08T21:52:34","slug":"hondrofrost","status":"publish","type":"product","link":"https:\/\/wellness4you.cz\/sk\/hondrofrost\/","title":{"rendered":"HondroFrost"},"content":{"rendered":"<h2>HondroFrost \u2013 Upokojuj\u00faci g\u00e9l s chladiv\u00fdm efektom<\/h2>\n<p>HondroFrost je upokojuj\u00faci g\u00e9l s chladiv\u00fdm efektom, \u0161peci\u00e1lne vyvinut\u00fd na uvo\u013enenie nap\u00e4t\u00fdch svalov a k\u013abov. Tento g\u00e9l poskytuje r\u00fdchlu \u00fa\u013eavu po fyzickej n\u00e1mahe alebo pri bolestiach svalov, v\u010faka svojim osvie\u017euj\u00facim a chladiv\u00fdm vlastnostiam. Je ide\u00e1lnou vo\u013ebou pre \u0161portovcov, osoby s akt\u00edvnym \u017eivotn\u00fdm \u0161t\u00fdlom aj pre t\u00fdch, ktor\u00ed trpia chronick\u00fdm nap\u00e4t\u00edm alebo boles\u0165ou v oblasti svalov a k\u013abov.<\/p>\n<h2>K\u013e\u00fa\u010dov\u00e9 vlastnosti HondroFrost g\u00e9lu<\/h2>\n<ul>\n<li><strong>R\u00fdchla \u00fa\u013eava:<\/strong> Chladiv\u00fd efekt poskytuje okam\u017eit\u00e9 uvo\u013enenie a zmier\u0148uje nap\u00e4tie vo svaloch a k\u013aboch.<\/li>\n<li><strong>Pr\u00edrodn\u00e9 zlo\u017eky:<\/strong> G\u00e9l obsahuje pr\u00edrodn\u00e9 zlo\u017eky, ktor\u00e9 s\u00fa \u0161etrn\u00e9 k poko\u017eke a vhodn\u00e9 na ka\u017edodenn\u00e9 pou\u017eitie.<\/li>\n<li><strong>Jednoduch\u00e1 aplik\u00e1cia:<\/strong> \u013dahko sa nan\u00e1\u0161a a r\u00fdchlo sa vstreb\u00e1va, nezanech\u00e1va mastn\u00fd film.<\/li>\n<\/ul>\n<p>Vyu\u017eite HondroFrost pre r\u00fdchlu \u00fa\u013eavu a dlhotrvaj\u00faci pocit pohodlia po n\u00e1ro\u010dnom dni alebo intenz\u00edvnom tr\u00e9ningu!<\/p>\n","protected":false},"excerpt":{"rendered":"<p>HondroFrost \u2013 upokojuj\u00faci g\u00e9l s chladiv\u00fdm efektom, ur\u010den\u00fd na uvo\u013enenie nap\u00e4t\u00fdch svalov a k\u013abov. Ide\u00e1lny na r\u00fdchlu \u00fa\u013eavu po fyzickej n\u00e1mahe alebo pri bolestiach svalov.<\/p>\n","protected":false},"featured_media":8823,"comment_status":"open","ping_status":"closed","template":"","meta":{"site-sidebar-layout":"default","site-content-layout":"","ast-site-content-layout":"default","site-content-style":"default","site-sidebar-style":"default","ast-global-header-display":"","ast-banner-title-visibility":"","ast-main-header-display":"","ast-hfb-above-header-display":"","ast-hfb-below-header-display":"","ast-hfb-mobile-header-display":"","site-post-title":"","ast-breadcrumbs-content":"","ast-featured-img":"","footer-sml-layout":"","ast-disable-related-posts":"","theme-transparent-header-meta":"default","adv-header-id-meta":"","stick-header-meta":"","header-above-stick-meta":"","header-main-stick-meta":"","header-below-stick-meta":"","astra-migrate-meta-layouts":"set","ast-page-background-enabled":"default","ast-page-background-meta":{"desktop":{"background-color":"","background-image":"","background-repeat":"repeat","background-position":"center center","background-size":"auto","background-attachment":"scroll","background-type":"","background-media":"","overlay-type":"","overlay-color":"","overlay-opacity":"","overlay-gradient":""},"tablet":{"background-color":"","background-image":"","background-repeat":"repeat","background-position":"center center","background-size":"auto","background-attachment":"scroll","background-type":"","background-media":"","overlay-type":"","overlay-color":"","overlay-opacity":"","overlay-gradient":""},"mobile":{"background-color":"","background-image":"","background-repeat":"repeat","background-position":"center center","background-size":"auto","background-attachment":"scroll","background-type":"","background-media":"","overlay-type":"","overlay-color":"","overlay-opacity":"","overlay-gradient":""}},"ast-content-background-meta":{"desktop":{"background-color":"var(--ast-global-color-5)","background-image":"","background-repeat":"repeat","background-position":"center center","background-size":"auto","background-attachment":"scroll","background-type":"","background-media":"","overlay-type":"","overlay-color":"","overlay-opacity":"","overlay-gradient":""},"tablet":{"background-color":"var(--ast-global-color-5)","background-image":"","background-repeat":"repeat","background-position":"center center","background-size":"auto","background-attachment":"scroll","background-type":"","background-media":"","overlay-type":"","overlay-color":"","overlay-opacity":"","overlay-gradient":""},"mobile":{"background-color":"var(--ast-global-color-5)","background-image":"","background-repeat":"repeat","background-position":"center center","background-size":"auto","background-attachment":"scroll","background-type":"","background-media":"","overlay-type":"","overlay-color":"","overlay-opacity":"","overlay-gradient":""}}},"product_brand":[],"product_cat":[41],"product_tag":[],"class_list":{"0":"post-8824","1":"product","2":"type-product","3":"status-publish","4":"has-post-thumbnail","6":"product_cat-produkty-pre-zdravie","7":"desktop-align-left","8":"tablet-align-left","9":"mobile-align-left","11":"first","12":"instock","13":"sale","14":"taxable","15":"shipping-taxable","16":"purchasable","17":"product-type-simple"},"_links":{"self":[{"href":"https:\/\/wellness4you.cz\/sk\/wp-json\/wp\/v2\/product\/8824","targetHints":{"allow":["GET"]}}],"collection":[{"href":"https:\/\/wellness4you.cz\/sk\/wp-json\/wp\/v2\/product"}],"about":[{"href":"https:\/\/wellness4you.cz\/sk\/wp-json\/wp\/v2\/types\/product"}],"replies":[{"embeddable":true,"href":"https:\/\/wellness4you.cz\/sk\/wp-json\/wp\/v2\/comments?post=8824"}],"wp:featuredmedia":[{"embeddable":true,"href":"https:\/\/wellness4you.cz\/sk\/wp-json\/wp\/v2\/media\/8823"}],"wp:attachment":[{"href":"https:\/\/wellness4you.cz\/sk\/wp-json\/wp\/v2\/media?parent=8824"}],"wp:term":[{"taxonomy":"product_brand","embeddable":true,"href":"https:\/\/wellness4you.cz\/sk\/wp-json\/wp\/v2\/product_brand?post=8824"},{"taxonomy":"product_cat","embeddable":true,"href":"https:\/\/wellness4you.cz\/sk\/wp-json\/wp\/v2\/product_cat?post=8824"},{"taxonomy":"product_tag","embeddable":true,"href":"https:\/\/wellness4you.cz\/sk\/wp-json\/wp\/v2\/product_tag?post=8824"}],"curies":[{"name":"wp","href":"https:\/\/api.w.org\/{rel}","templated":true}]}}