{"id":8822,"date":"2024-08-28T02:48:39","date_gmt":"2024-08-28T00:48:39","guid":{"rendered":"https:\/\/wellness4you.cz\/sk\/abslim\/"},"modified":"2026-01-08T22:52:34","modified_gmt":"2026-01-08T21:52:34","slug":"abslim","status":"publish","type":"product","link":"https:\/\/wellness4you.cz\/sk\/abslim\/","title":{"rendered":"ABSlim"},"content":{"rendered":"<h2>ABSlim kvapky na chudnutie \u2013 Pr\u00edrodn\u00e1 cesta k \u0161t\u00edhlej\u0161ej postave<\/h2>\n<p>ABSlim kvapky na chudnutie s\u00fa inovat\u00edvny produkt, ktor\u00fd kombinuje siln\u00e9 pr\u00edrodn\u00e9 zlo\u017eky, aby podporil proces chudnutia a zlep\u0161il celkov\u00e9 zdravie. T\u00e1to formula bola vytvoren\u00e1 tak, aby synergicky pracovala s va\u0161\u00edm telom, aktivovala metabolizmus a napom\u00e1hala r\u00fdchlej\u0161iemu rozkladu tukov, prote\u00ednov a komplexn\u00fdch lipidov.<\/p>\n<h2>K\u013e\u00fa\u010dov\u00e9 zlo\u017eky a ich v\u00fdhody<\/h2>\n<h3>Anan\u00e1s<\/h3>\n<p>Anan\u00e1s je bohat\u00fd na bromela\u00edn \u2013 enz\u00fdm, ktor\u00fd v\u00fdrazne ur\u00fdch\u013euje proces chudnutia. Aktivuje rozklad komplexn\u00fdch lipidov, prote\u00ednov a tukov, pri\u010dom zni\u017euje hladinu cholesterolu v krvi. Anan\u00e1s tie\u017e zlep\u0161uje tr\u00e1venie a posil\u0148uje \u00fa\u010dinok \u017eal\u00fado\u010dnej \u0161\u0165avy, \u010do je ide\u00e1lne pre t\u00fdch, ktor\u00ed chc\u00fa dosiahnu\u0165 r\u00fdchle a efekt\u00edvne v\u00fdsledky.<\/p>\n<h3>Tyroz\u00edn<\/h3>\n<p>Tyroz\u00edn je neesenci\u00e1lna aminokyselina, ktor\u00e1 hr\u00e1 k\u013e\u00fa\u010dov\u00fa \u00falohu pri norm\u00e1lnom fungovan\u00ed \u0161t\u00edtnej \u017e\u013eazy a nadobli\u010diek. Pom\u00e1ha zni\u017eova\u0165 hladinu tyrox\u00ednu \u2013 horm\u00f3nu, ktor\u00fd reguluje metabolizmus, a prispieva k produkcii &#8220;horm\u00f3nu \u0161\u0165astia&#8221;. V\u010faka tomu tyroz\u00edn zlep\u0161uje n\u00e1ladu, zvy\u0161uje v\u00fddr\u017e a prispieva k udr\u017eaniu dobr\u00e9ho zdravia.<\/p>\n<h3>Extrakt z k\u00f4ry kumkvatu<\/h3>\n<p>Extrakt z k\u00f4ry kumkvatu je siln\u00fd antioxidant, ktor\u00fd posil\u0148uje imunitn\u00fd syst\u00e9m a normalizuje \u010dinnos\u0165 tr\u00e1viaceho syst\u00e9mu. Taktie\u017e pom\u00e1ha odstra\u0148ova\u0165 tox\u00edny a r\u00e1dionuklidy z tela, \u010do je z\u00e1sadn\u00e9 pre zdrav\u00fd \u017eivotn\u00fd \u0161t\u00fdl a \u00faspe\u0161n\u00e9 chudnutie.<\/p>\n<h3>Pap\u00e1ja<\/h3>\n<p>Pap\u00e1ja je zn\u00e1ma svoj\u00edm \u00fa\u010dinkom na metabolizmus. Aktivuje metabolick\u00e9 procesy a pom\u00e1ha r\u00fdchlej\u0161ie rozklada\u0165 prote\u00edny, bez toho aby sa premie\u0148ali na tuky. V\u010faka tomu je pap\u00e1ja ide\u00e1lnou zlo\u017ekou pre ka\u017ed\u00e9ho, kto chce udr\u017ea\u0165 zdrav\u00fa v\u00e1hu a \u0161t\u00edhlu postavu.<\/p>\n<h3>Extrakt zo semien guarany<\/h3>\n<p>Guarana je siln\u00fd stimulant, ktor\u00fd v\u00fdrazne zlep\u0161uje krvn\u00fd obeh v\u010faka svojmu tonizuj\u00facemu \u00fa\u010dinku sp\u00f4soben\u00e9mu guaran\u00ednom (kofe\u00edn). To vedie k zv\u00fd\u0161eniu energie a v\u00fddr\u017ee, \u010do je d\u00f4le\u017eit\u00e9 pre akt\u00edvny \u017eivotn\u00fd \u0161t\u00fdl a efekt\u00edvne chudnutie.<\/p>\n<h3>Niac\u00edn<\/h3>\n<p>Niac\u00edn hr\u00e1 d\u00f4le\u017eit\u00fa \u00falohu v redoxn\u00fdch procesoch, ktor\u00e9 prebiehaj\u00fa v tele. Normalizuje rast tkan\u00edv, zlep\u0161uje metabolizmus tukov\u00fdch buniek a zni\u017euje mno\u017estvo cholesterolu. V\u010faka tomu je niac\u00edn ve\u013emi u\u017eito\u010dn\u00fd pre celkov\u00e9 zdravie a \u00faspe\u0161n\u00e9 chudnutie.<\/p>\n<h2>Pre\u010do si vybra\u0165 ABSlim kvapky na chudnutie?<\/h2>\n<p>ABSlim kvapky s\u00fa navrhnut\u00e9 tak, aby pon\u00fakli \u00fa\u010dinn\u00e9 a pr\u00edrodn\u00e9 rie\u0161enie na chudnutie. Kombinuj\u00fa to najlep\u0161ie z pr\u00edrody a pom\u00e1haj\u00fa v\u00e1m dosiahnu\u0165 po\u017eadovan\u00fa postavu, zatia\u013e \u010do zlep\u0161uj\u00fa va\u0161e zdravie. Bez \u0161kodliv\u00fdch chemik\u00e1li\u00ed alebo umel\u00fdch pr\u00edsad s\u00fa ABSlim kvapky bezpe\u010dn\u00e9 na ka\u017edodenn\u00e9 pou\u017eitie a vhodn\u00e9 pre ka\u017ed\u00e9ho, kto chce dosiahnu\u0165 v\u00fdsledky prirodzen\u00fdm sp\u00f4sobom.<\/p>\n<p><strong>Zara\u010fte ABSlim kvapky na chudnutie do svojej ka\u017edodennej rutiny a poc\u00edtite rozdiel!<\/strong><\/p>\n","protected":false},"excerpt":{"rendered":"<p>ABSlim kvapky na chudnutie \u2013 pr\u00edrodn\u00e9 rie\u0161enie pre r\u00fdchlej\u0161ie a \u00fa\u010dinnej\u0161ie chudnutie. Kombin\u00e1cia anan\u00e1su, tyroz\u00ednu, extraktu z kumkvatu, pap\u00e1je, guarany a niac\u00ednu podporuje metabolizmus, zni\u017euje hladinu cholesterolu a zlep\u0161uje tr\u00e1venie.<\/p>\n","protected":false},"featured_media":8821,"comment_status":"open","ping_status":"closed","template":"","meta":{"site-sidebar-layout":"default","site-content-layout":"","ast-site-content-layout":"default","site-content-style":"default","site-sidebar-style":"default","ast-global-header-display":"","ast-banner-title-visibility":"","ast-main-header-display":"","ast-hfb-above-header-display":"","ast-hfb-below-header-display":"","ast-hfb-mobile-header-display":"","site-post-title":"","ast-breadcrumbs-content":"","ast-featured-img":"","footer-sml-layout":"","ast-disable-related-posts":"","theme-transparent-header-meta":"default","adv-header-id-meta":"","stick-header-meta":"","header-above-stick-meta":"","header-main-stick-meta":"","header-below-stick-meta":"","astra-migrate-meta-layouts":"set","ast-page-background-enabled":"default","ast-page-background-meta":{"desktop":{"background-color":"","background-image":"","background-repeat":"repeat","background-position":"center center","background-size":"auto","background-attachment":"scroll","background-type":"","background-media":"","overlay-type":"","overlay-color":"","overlay-opacity":"","overlay-gradient":""},"tablet":{"background-color":"","background-image":"","background-repeat":"repeat","background-position":"center center","background-size":"auto","background-attachment":"scroll","background-type":"","background-media":"","overlay-type":"","overlay-color":"","overlay-opacity":"","overlay-gradient":""},"mobile":{"background-color":"","background-image":"","background-repeat":"repeat","background-position":"center center","background-size":"auto","background-attachment":"scroll","background-type":"","background-media":"","overlay-type":"","overlay-color":"","overlay-opacity":"","overlay-gradient":""}},"ast-content-background-meta":{"desktop":{"background-color":"var(--ast-global-color-5)","background-image":"","background-repeat":"repeat","background-position":"center center","background-size":"auto","background-attachment":"scroll","background-type":"","background-media":"","overlay-type":"","overlay-color":"","overlay-opacity":"","overlay-gradient":""},"tablet":{"background-color":"var(--ast-global-color-5)","background-image":"","background-repeat":"repeat","background-position":"center center","background-size":"auto","background-attachment":"scroll","background-type":"","background-media":"","overlay-type":"","overlay-color":"","overlay-opacity":"","overlay-gradient":""},"mobile":{"background-color":"var(--ast-global-color-5)","background-image":"","background-repeat":"repeat","background-position":"center center","background-size":"auto","background-attachment":"scroll","background-type":"","background-media":"","overlay-type":"","overlay-color":"","overlay-opacity":"","overlay-gradient":""}}},"product_brand":[],"product_cat":[39],"product_tag":[],"class_list":{"0":"post-8822","1":"product","2":"type-product","3":"status-publish","4":"has-post-thumbnail","6":"product_cat-na-chudnutie","7":"desktop-align-left","8":"tablet-align-left","9":"mobile-align-left","11":"first","12":"instock","13":"sale","14":"taxable","15":"shipping-taxable","16":"purchasable","17":"product-type-simple"},"_links":{"self":[{"href":"https:\/\/wellness4you.cz\/sk\/wp-json\/wp\/v2\/product\/8822","targetHints":{"allow":["GET"]}}],"collection":[{"href":"https:\/\/wellness4you.cz\/sk\/wp-json\/wp\/v2\/product"}],"about":[{"href":"https:\/\/wellness4you.cz\/sk\/wp-json\/wp\/v2\/types\/product"}],"replies":[{"embeddable":true,"href":"https:\/\/wellness4you.cz\/sk\/wp-json\/wp\/v2\/comments?post=8822"}],"wp:featuredmedia":[{"embeddable":true,"href":"https:\/\/wellness4you.cz\/sk\/wp-json\/wp\/v2\/media\/8821"}],"wp:attachment":[{"href":"https:\/\/wellness4you.cz\/sk\/wp-json\/wp\/v2\/media?parent=8822"}],"wp:term":[{"taxonomy":"product_brand","embeddable":true,"href":"https:\/\/wellness4you.cz\/sk\/wp-json\/wp\/v2\/product_brand?post=8822"},{"taxonomy":"product_cat","embeddable":true,"href":"https:\/\/wellness4you.cz\/sk\/wp-json\/wp\/v2\/product_cat?post=8822"},{"taxonomy":"product_tag","embeddable":true,"href":"https:\/\/wellness4you.cz\/sk\/wp-json\/wp\/v2\/product_tag?post=8822"}],"curies":[{"name":"wp","href":"https:\/\/api.w.org\/{rel}","templated":true}]}}