{"id":8820,"date":"2024-08-28T02:48:39","date_gmt":"2024-08-28T00:48:39","guid":{"rendered":"https:\/\/wellness4you.cz\/sk\/yenki-derm\/"},"modified":"2026-01-08T22:52:33","modified_gmt":"2026-01-08T21:52:33","slug":"yenki-derm","status":"publish","type":"product","link":"https:\/\/wellness4you.cz\/sk\/yenki-derm\/","title":{"rendered":"Yenki Derm"},"content":{"rendered":"<h2>Yenki Derm \u2013 Balzam na b\u00e1ze pr\u00edrodn\u00fdch ingredienci\u00ed<\/h2>\n<p>Yenki Derm je balzam \u0161peci\u00e1lne navrhnut\u00fd na \u00fa\u013eavu a podporu poko\u017eky n\u00e1chylnej na psori\u00e1zu. Kombin\u00e1cia siln\u00fdch pr\u00edrodn\u00fdch ingredienci\u00ed, ako je vaje\u010dn\u00fd olej, bentonitov\u00e1 hlina, extrakt z centelly, extrakt z indickej chryzant\u00e9my, v\u010del\u00ed vosk a bambuck\u00e9 maslo, hlboko vy\u017eivuje a upokojuje poko\u017eku. Pr\u00edsady ako kyselina salicylov\u00e1 a hydroxyfenylpropamidobenzoov\u00e1 kyselina pom\u00e1haj\u00fa odstr\u00e1ni\u0165 odumret\u00e9 ko\u017en\u00e9 bunky, \u010d\u00edm zni\u017euj\u00fa \u0161upinatenie a za\u010dervenanie. Tento balzam poskytuje dlhotrvaj\u00facu hydrat\u00e1ciu, zni\u017euje podr\u00e1\u017edenie a obnovuje prirodzen\u00fa m\u00e4kkos\u0165 a pru\u017enos\u0165 poko\u017eky.<\/p>\n<h2>Pre\u010do Yenki Derm?<\/h2>\n<ul>\n<li><strong>Pr\u00edrodn\u00e9 ingrediencie:<\/strong> Ver\u00edme v silu pr\u00edrody. Ka\u017ed\u00e1 zlo\u017eka v na\u0161ej formul\u00e1cii je starostlivo vybran\u00e1 a m\u00e1 svoje jedine\u010dn\u00e9 vlastnosti.<\/li>\n<li><strong>Komplexn\u00fd pr\u00edstup:<\/strong> Yenki Derm nielen hydratuje, ale aj upokojuje podr\u00e1\u017eden\u00fa poko\u017eku a vytv\u00e1ra ochrann\u00fa bari\u00e9ru.<\/li>\n<li><strong>Jemn\u00e1 starostlivos\u0165:<\/strong> Jemn\u00e1 text\u00fara balzamu umo\u017e\u0148uje jeho ka\u017edodenn\u00e9 pou\u017e\u00edvanie bez pocitu nap\u00e4tia.<\/li>\n<\/ul>\n","protected":false},"excerpt":{"rendered":"<p>Yenki Derm \u2013 balzam na b\u00e1ze pr\u00edrodn\u00fdch ingredienci\u00ed, vyvinut\u00fd na starostlivos\u0165 o poko\u017eku n\u00e1chyln\u00fa na suchos\u0165 a podr\u00e1\u017edenie. Kombin\u00e1cia vaje\u010dn\u00e9ho oleja, bentonitovej hliny, extraktu z centelly a \u010fal\u0161\u00edch rastlinn\u00fdch zlo\u017eiek pom\u00e1ha upokoji\u0165 poko\u017eku a vytvori\u0165 ochrann\u00fa bari\u00e9ru.<\/p>\n","protected":false},"featured_media":8819,"comment_status":"open","ping_status":"closed","template":"","meta":{"site-sidebar-layout":"default","site-content-layout":"","ast-site-content-layout":"default","site-content-style":"default","site-sidebar-style":"default","ast-global-header-display":"","ast-banner-title-visibility":"","ast-main-header-display":"","ast-hfb-above-header-display":"","ast-hfb-below-header-display":"","ast-hfb-mobile-header-display":"","site-post-title":"","ast-breadcrumbs-content":"","ast-featured-img":"","footer-sml-layout":"","ast-disable-related-posts":"","theme-transparent-header-meta":"default","adv-header-id-meta":"","stick-header-meta":"","header-above-stick-meta":"","header-main-stick-meta":"","header-below-stick-meta":"","astra-migrate-meta-layouts":"set","ast-page-background-enabled":"default","ast-page-background-meta":{"desktop":{"background-color":"","background-image":"","background-repeat":"repeat","background-position":"center center","background-size":"auto","background-attachment":"scroll","background-type":"","background-media":"","overlay-type":"","overlay-color":"","overlay-opacity":"","overlay-gradient":""},"tablet":{"background-color":"","background-image":"","background-repeat":"repeat","background-position":"center center","background-size":"auto","background-attachment":"scroll","background-type":"","background-media":"","overlay-type":"","overlay-color":"","overlay-opacity":"","overlay-gradient":""},"mobile":{"background-color":"","background-image":"","background-repeat":"repeat","background-position":"center center","background-size":"auto","background-attachment":"scroll","background-type":"","background-media":"","overlay-type":"","overlay-color":"","overlay-opacity":"","overlay-gradient":""}},"ast-content-background-meta":{"desktop":{"background-color":"var(--ast-global-color-5)","background-image":"","background-repeat":"repeat","background-position":"center center","background-size":"auto","background-attachment":"scroll","background-type":"","background-media":"","overlay-type":"","overlay-color":"","overlay-opacity":"","overlay-gradient":""},"tablet":{"background-color":"var(--ast-global-color-5)","background-image":"","background-repeat":"repeat","background-position":"center center","background-size":"auto","background-attachment":"scroll","background-type":"","background-media":"","overlay-type":"","overlay-color":"","overlay-opacity":"","overlay-gradient":""},"mobile":{"background-color":"var(--ast-global-color-5)","background-image":"","background-repeat":"repeat","background-position":"center center","background-size":"auto","background-attachment":"scroll","background-type":"","background-media":"","overlay-type":"","overlay-color":"","overlay-opacity":"","overlay-gradient":""}}},"product_brand":[],"product_cat":[41],"product_tag":[],"class_list":{"0":"post-8820","1":"product","2":"type-product","3":"status-publish","4":"has-post-thumbnail","6":"product_cat-produkty-pre-zdravie","7":"desktop-align-left","8":"tablet-align-left","9":"mobile-align-left","11":"first","12":"instock","13":"sale","14":"taxable","15":"shipping-taxable","16":"purchasable","17":"product-type-simple"},"_links":{"self":[{"href":"https:\/\/wellness4you.cz\/sk\/wp-json\/wp\/v2\/product\/8820","targetHints":{"allow":["GET"]}}],"collection":[{"href":"https:\/\/wellness4you.cz\/sk\/wp-json\/wp\/v2\/product"}],"about":[{"href":"https:\/\/wellness4you.cz\/sk\/wp-json\/wp\/v2\/types\/product"}],"replies":[{"embeddable":true,"href":"https:\/\/wellness4you.cz\/sk\/wp-json\/wp\/v2\/comments?post=8820"}],"wp:featuredmedia":[{"embeddable":true,"href":"https:\/\/wellness4you.cz\/sk\/wp-json\/wp\/v2\/media\/8819"}],"wp:attachment":[{"href":"https:\/\/wellness4you.cz\/sk\/wp-json\/wp\/v2\/media?parent=8820"}],"wp:term":[{"taxonomy":"product_brand","embeddable":true,"href":"https:\/\/wellness4you.cz\/sk\/wp-json\/wp\/v2\/product_brand?post=8820"},{"taxonomy":"product_cat","embeddable":true,"href":"https:\/\/wellness4you.cz\/sk\/wp-json\/wp\/v2\/product_cat?post=8820"},{"taxonomy":"product_tag","embeddable":true,"href":"https:\/\/wellness4you.cz\/sk\/wp-json\/wp\/v2\/product_tag?post=8820"}],"curies":[{"name":"wp","href":"https:\/\/api.w.org\/{rel}","templated":true}]}}