{"id":8818,"date":"2024-08-28T02:48:39","date_gmt":"2024-08-28T00:48:39","guid":{"rendered":"https:\/\/wellness4you.cz\/sk\/upvision\/"},"modified":"2026-01-08T22:52:33","modified_gmt":"2026-01-08T21:52:33","slug":"upvision","status":"publish","type":"product","link":"https:\/\/wellness4you.cz\/sk\/upvision\/","title":{"rendered":"UpVision"},"content":{"rendered":"<h2>UpVision \u2013 Doplnok stravy pre o\u010di<\/h2>\n<p>UpVision je doplnok stravy obsahuj\u00faci starostlivo vybran\u00e9 pr\u00edrodn\u00e9 zlo\u017eky, ktor\u00e9 sa tradi\u010dne vyu\u017e\u00edvaj\u00fa na starostlivos\u0165 o o\u010di.<\/p>\n<h2>Akt\u00edvne zlo\u017eky UpVision<\/h2>\n<ul>\n<li><strong>\u010cu\u010doriedky:<\/strong> Zn\u00e1me svoj\u00edm obsahom antioxidantov.<\/li>\n<li><strong>Mrkva:<\/strong> Bohat\u00e1 na beta-karot\u00e9n.<\/li>\n<li><strong>Muna:<\/strong> Tradi\u010dn\u00e1 bylina s dlhou hist\u00f3riou pou\u017e\u00edvania.<\/li>\n<li><strong>\u0160pen\u00e1t:<\/strong> Obsahuje lute\u00edn a zeaxant\u00edn.<\/li>\n<li><strong>Moringa:<\/strong> Prirodzen\u00fd zdroj vitam\u00ednov a miner\u00e1lov.<\/li>\n<\/ul>\n<p>UpVision je vhodn\u00fd na zaradenie do ka\u017edodenn\u00e9ho re\u017eimu ako s\u00fa\u010das\u0165 starostlivosti o o\u010di.<\/p>\n","protected":false},"excerpt":{"rendered":"<p>UpVision \u2013 doplnok stravy s pr\u00edrodn\u00fdmi zlo\u017ekami na podporu o\u010d\u00ed. Obsahuje \u010du\u010doriedky, mrkvu, munu, \u0161pen\u00e1t a moringu.<\/p>\n","protected":false},"featured_media":8817,"comment_status":"open","ping_status":"closed","template":"","meta":{"site-sidebar-layout":"default","site-content-layout":"","ast-site-content-layout":"default","site-content-style":"default","site-sidebar-style":"default","ast-global-header-display":"","ast-banner-title-visibility":"","ast-main-header-display":"","ast-hfb-above-header-display":"","ast-hfb-below-header-display":"","ast-hfb-mobile-header-display":"","site-post-title":"","ast-breadcrumbs-content":"","ast-featured-img":"","footer-sml-layout":"","ast-disable-related-posts":"","theme-transparent-header-meta":"default","adv-header-id-meta":"","stick-header-meta":"","header-above-stick-meta":"","header-main-stick-meta":"","header-below-stick-meta":"","astra-migrate-meta-layouts":"set","ast-page-background-enabled":"default","ast-page-background-meta":{"desktop":{"background-color":"","background-image":"","background-repeat":"repeat","background-position":"center center","background-size":"auto","background-attachment":"scroll","background-type":"","background-media":"","overlay-type":"","overlay-color":"","overlay-opacity":"","overlay-gradient":""},"tablet":{"background-color":"","background-image":"","background-repeat":"repeat","background-position":"center center","background-size":"auto","background-attachment":"scroll","background-type":"","background-media":"","overlay-type":"","overlay-color":"","overlay-opacity":"","overlay-gradient":""},"mobile":{"background-color":"","background-image":"","background-repeat":"repeat","background-position":"center center","background-size":"auto","background-attachment":"scroll","background-type":"","background-media":"","overlay-type":"","overlay-color":"","overlay-opacity":"","overlay-gradient":""}},"ast-content-background-meta":{"desktop":{"background-color":"var(--ast-global-color-5)","background-image":"","background-repeat":"repeat","background-position":"center center","background-size":"auto","background-attachment":"scroll","background-type":"","background-media":"","overlay-type":"","overlay-color":"","overlay-opacity":"","overlay-gradient":""},"tablet":{"background-color":"var(--ast-global-color-5)","background-image":"","background-repeat":"repeat","background-position":"center center","background-size":"auto","background-attachment":"scroll","background-type":"","background-media":"","overlay-type":"","overlay-color":"","overlay-opacity":"","overlay-gradient":""},"mobile":{"background-color":"var(--ast-global-color-5)","background-image":"","background-repeat":"repeat","background-position":"center center","background-size":"auto","background-attachment":"scroll","background-type":"","background-media":"","overlay-type":"","overlay-color":"","overlay-opacity":"","overlay-gradient":""}}},"product_brand":[],"product_cat":[41],"product_tag":[],"class_list":{"0":"post-8818","1":"product","2":"type-product","3":"status-publish","4":"has-post-thumbnail","6":"product_cat-produkty-pre-zdravie","7":"desktop-align-left","8":"tablet-align-left","9":"mobile-align-left","11":"first","12":"instock","13":"sale","14":"taxable","15":"shipping-taxable","16":"purchasable","17":"product-type-simple"},"_links":{"self":[{"href":"https:\/\/wellness4you.cz\/sk\/wp-json\/wp\/v2\/product\/8818","targetHints":{"allow":["GET"]}}],"collection":[{"href":"https:\/\/wellness4you.cz\/sk\/wp-json\/wp\/v2\/product"}],"about":[{"href":"https:\/\/wellness4you.cz\/sk\/wp-json\/wp\/v2\/types\/product"}],"replies":[{"embeddable":true,"href":"https:\/\/wellness4you.cz\/sk\/wp-json\/wp\/v2\/comments?post=8818"}],"wp:featuredmedia":[{"embeddable":true,"href":"https:\/\/wellness4you.cz\/sk\/wp-json\/wp\/v2\/media\/8817"}],"wp:attachment":[{"href":"https:\/\/wellness4you.cz\/sk\/wp-json\/wp\/v2\/media?parent=8818"}],"wp:term":[{"taxonomy":"product_brand","embeddable":true,"href":"https:\/\/wellness4you.cz\/sk\/wp-json\/wp\/v2\/product_brand?post=8818"},{"taxonomy":"product_cat","embeddable":true,"href":"https:\/\/wellness4you.cz\/sk\/wp-json\/wp\/v2\/product_cat?post=8818"},{"taxonomy":"product_tag","embeddable":true,"href":"https:\/\/wellness4you.cz\/sk\/wp-json\/wp\/v2\/product_tag?post=8818"}],"curies":[{"name":"wp","href":"https:\/\/api.w.org\/{rel}","templated":true}]}}