{"id":8263,"date":"2023-12-13T14:20:13","date_gmt":"2023-12-13T13:20:13","guid":{"rendered":"https:\/\/wellness4you.cz\/sk\/beauty-age\/"},"modified":"2026-01-08T22:52:36","modified_gmt":"2026-01-08T21:52:36","slug":"beauty-age","status":"publish","type":"product","link":"https:\/\/wellness4you.cz\/sk\/beauty-age\/","title":{"rendered":"Beauty Age"},"content":{"rendered":"<p>Beauty Age pon\u00faka revolu\u010dn\u00e9 rie\u0161enie pre obnovu va\u0161ej pleti. T\u00e1to inovat\u00edvna formula zabezpe\u010duje hladkos\u0165, pru\u017enos\u0165 a svie\u017eos\u0165. S proti starnutiu u\u017e nemus\u00edte bojova\u0165. Investujte do svojej kr\u00e1sy &#8211; k\u00fapte si ho e\u0161te dnes!<\/p>\n<h2>Obsah<\/h2>\n<ul>\n<li><a href=\"#benefity\">Pozit\u00edva produktu<\/a><\/li>\n<li><a href=\"#revolucni\">Revolu\u010dn\u00fd vedeck\u00fd pr\u00edstup k omladeniu pleti<\/a><\/li>\n<li><a href=\"#prirozenost\">N\u00e1vrat k prirodzenej kr\u00e1se<\/a><\/li>\n<li><a href=\"#jakfunguje\">Ako produkt funguje?<\/a><\/li>\n<li><a href=\"#jakapouziti\">Ako spr\u00e1vne pou\u017e\u00edva\u0165 BeautyAgeComplex<\/a><\/li>\n<li><a href=\"#hodnoceniuzivatelu\">Hodnotenia u\u017e\u00edvate\u013eov<\/a><\/li>\n<li><a href=\"#objednat\">Ponuka: Z\u00edskajte mladistvej\u0161iu ple\u0165 s BeautyAgeComplex<\/a><\/li>\n<\/ul>\n<h2 id=\"benefity\">Pozit\u00edva produktu<\/h2>\n<p>Vitajte! Ste na ceste k obnoveniu kr\u00e1sy a mladosti va\u0161ej pleti v\u010faka jedine\u010dn\u00e9mu produktu Beauty Age. Na\u0161a revolu\u010dn\u00e1 omladzuj\u00faca formula v\u00e1m prin\u00e1\u0161a nielen povzbudiv\u00fd pocit, ale aj hmatate\u013en\u00e9 v\u00fdsledky, na ktor\u00e9 budete hrd\u00ed.<\/p>\n<p>\ud83c\udf1f Vidite\u013ene redukuje vr\u00e1sky a jemn\u00e9 linky<\/p>\n<p>\ud83c\udf1f Zlep\u0161uje elasticitu poko\u017eky a jej text\u00faru<\/p>\n<p>\ud83c\udf1f Rozjas\u0148uje a zjednocuje t\u00f3n pleti<\/p>\n<p>\ud83c\udf1f Poskytuje dlhotrvaj\u00facu hydrat\u00e1ciu<\/p>\n<p>\ud83c\udf1f Zanech\u00e1va ple\u0165 mladistvo jemn\u00fa a \u017eiariv\u00fa<\/p>\n<h2 id=\"revolucni\">Revolu\u010dn\u00fd vedeck\u00fd pr\u00edstup k omladeniu pleti<\/h2>\n<p>N\u00e1\u0161 t\u00edm vedcov a dermatol\u00f3gov pracoval mnoho rokov na v\u00fdvoji Beauty Age s jedin\u00fdm cie\u013eom: dosiahnu\u0165 skuto\u010dn\u00e9 a hlbok\u00e9 omladenie pleti. Na\u0161a formula je zalo\u017een\u00e1 na najnov\u0161\u00edch v\u00fdskumoch v oblasti dermatol\u00f3gie a kozmetol\u00f3gie, \u010do z nej rob\u00ed revolu\u010dn\u00fd krok vpred vo svete kr\u00e1sy.<\/p>\n<p>Namiesto povrchov\u00e9ho zakr\u00fdvania nedokonalost\u00ed sa BeautyAge zameriava na regener\u00e1ciu buniek a podporu prirodzen\u00fdch procesov v poko\u017eke. To znamen\u00e1, \u017ee va\u0161a ple\u0165 bude vyzera\u0165 nielen mlad\u0161ie, ale aj zdrav\u0161ie a revitalizovan\u00e9 zvn\u00fatra.<\/p>\n<h2 id=\"prirozenost\">N\u00e1vrat k prirodzenej kr\u00e1se<\/h2>\n<p>V dne\u0161nom svete, kde s\u00fa kr\u00e1sensk\u00e9 normy \u010dasto nesplnite\u013en\u00e9, ver\u00edme, \u017ee ka\u017ed\u00fd \u010dlovek je kr\u00e1sny pr\u00e1ve tak\u00fd, ak\u00fd je. Preto je filozofiou Beauty Age n\u00e1vrat k prirodzenej kr\u00e1se. Na\u0161e zlo\u017eenie je starostlivo vybran\u00e9 tak, aby podporilo jedine\u010dn\u00e9 potreby va\u0161ej pleti a zd\u00f4raznilo jej vlastn\u00fd lesk.<\/p>\n<p>Zabudnite na prehnan\u00e9 retu\u0161ovanie a neudr\u017eate\u013en\u00e9 kr\u00e1sensk\u00e9 \u0161tandardy. S Beauty Age sa m\u00f4\u017eete c\u00edti\u0165 sebavedom\u00ed v ka\u017edom veku a u\u017ei\u0165 si \u017eiariv\u00fa ple\u0165, ktor\u00e1 vy\u017earuje autenticitu.<\/p>\n<h2 id=\"jakfunguje\">Ako produkt funguje?<\/h2>\n<p>\u00da\u010dinnos\u0165 Beauty Age spo\u010d\u00edva v jeho schopnosti prenikn\u00fa\u0165 do hlbok\u00fdch vrstiev poko\u017eky, kde p\u00f4sob\u00ed na bun\u011b\u010dn\u00fa obnovu. K\u013e\u00fa\u010dov\u00e9 l\u00e1tky, ktor\u00e9 v na\u0161ej formuli n\u00e1jdete, stimuluj\u00fa produkciu kolag\u00e9nu, \u010do napom\u00e1ha vypl\u0148ovaniu vr\u00e1sok a zlep\u0161eniu pru\u017enosti pleti.<\/p>\n<p>Nepretr\u017eit\u00e1 hydrat\u00e1cia udr\u017euje va\u0161u ple\u0165 hebkou a napnutou, zatia\u013e \u010do antioxidanty bojuj\u00fa proti \u0161kodliv\u00fdm \u00fa\u010dinkom vo\u013en\u00fdch radik\u00e1lov a predch\u00e1dzaj\u00fa pred\u010dasn\u00e9mu starnutiu. V\u00fdsledkom je ple\u0165, ktor\u00e1 nielen vyzerala mlad\u0161ie, ale aj sa c\u00edti zdravo a revitalizovane.<\/p>\n<h2 id=\"jakapouziti\">Ako spr\u00e1vne pou\u017e\u00edva\u0165 Beauty Age<\/h2>\n<p>Integrovanie Beauty Age do v\u00e1\u0161ho starostlivosti o ple\u0165 je jednoduch\u00e9 a pr\u00edjemn\u00e9. Sta\u010d\u00ed nanies\u0165 mal\u00e9 mno\u017estvo produktu na o\u010disten\u00fa ple\u0165 tv\u00e1re a krku. Jemne vmas\u00edrujte kruhov\u00fdmi pohybmi, aby ste podporili jeho vstreb\u00e1vanie.<\/p>\n<p>Odpor\u00fa\u010dame pou\u017e\u00edva\u0165 produkt dvakr\u00e1t denne, r\u00e1no a ve\u010der, pre optim\u00e1lne v\u00fdsledky. Na\u0161a \u013eahk\u00e1 a r\u00fdchlo sa vstreb\u00e1vaj\u00faca text\u00fara znamen\u00e1, \u017ee m\u00f4\u017eete pokra\u010dova\u0165 vo svojej be\u017enej rutine ihne\u010f po aplik\u00e1cii.<\/p>\n<h2 id=\"hodnoceniuzivatelu\">Hodnotenia u\u017e\u00edvate\u013eov<\/h2>\n<p>Na\u0161i spokojn\u00ed z\u00e1kazn\u00edci n\u00e1s neust\u00e1le in\u0161piruj\u00fa a motivuj\u00fa. Tu s\u00fa p\u00e1r slov od \u013eud\u00ed, ktor\u00ed za\u017eili v\u00fdhody Beauty Age na vlastnej ko\u017ei:<\/p>\n<p>Po pou\u017eit\u00ed Beauty Age som si v\u0161imla z\u00e1sadn\u00e9ho zlep\u0161enia svojej pleti. Vr\u00e1sky sa vyhladili a moja ple\u0165 kone\u010dne vyzer\u00e1 svie\u017eo. &#8211; Mark\u00e9ta S.<\/p>\n<p>Odpor\u00fa\u010dam v\u0161etk\u00fdm, ktor\u00ed h\u013eadaj\u00fa omladzuj\u00faci produkt, ktor\u00fd skuto\u010dne funguje. Moja ple\u0165 je po pravidelnom pou\u017e\u00edvan\u00ed kr\u00e1snej\u0161ia ako kedyko\u013evek predt\u00fdm. &#8211; Jan P.<\/p>\n<h2 id=\"objednat\">Ponuka: Z\u00edskajte mladistvej\u0161iu ple\u0165 s BeautyAge<\/h2>\n<p>Je \u010das sa rozl\u00fa\u010di\u0165 s nedostato\u010dne \u00fa\u010dinn\u00fdmi kr\u00e9mami a priv\u00edta\u0165 revolu\u010dn\u00fd krok k mladistvej\u0161ej pleti. S BeautyAge z\u00edskate nielen v\u00fdsledky, ktor\u00e9 vid\u00edte, ale aj d\u00f4veru a sebavedomie, ktor\u00e9 c\u00edtite.<\/p>\n<p>Z\u00edskajte svoju vlastn\u00fa f\u013ea\u0161ti\u010dku BeautyAge e\u0161te dnes a za\u017eite kr\u00e1su, ktor\u00e1 je bez kompromisov.<\/p>\n<p>Ne\u010dakajte a objednajte si svoju f\u013ea\u0161ti\u010dku e\u0161te dnes pre ple\u0165 pln\u00fa mladosti a z\u00e1\u0159e!<\/p>\n<p>Za\u010dnite svoju cestu k mladistvej pleti e\u0161te dnes s Beauty Age!<\/p>\n","protected":false},"excerpt":{"rendered":"<p>Beauty Age pon\u00faka revolu\u010dn\u00e9 rie\u0161enie pre obnovu va\u0161ej pleti. T\u00e1to inovat\u00edvna formula zabezpe\u010duje hladkos\u0165, pru\u017enos\u0165 a svie\u017eos\u0165. Proti starnutiu u\u017e nemus\u00ed by\u0165 boj. Investujte do svojej kr\u00e1sy &#8211; k\u00fapte si ho e\u0161te dnes!<\/p>\n","protected":false},"featured_media":8262,"comment_status":"open","ping_status":"closed","template":"","meta":{"site-sidebar-layout":"default","site-content-layout":"","ast-site-content-layout":"default","site-content-style":"default","site-sidebar-style":"default","ast-global-header-display":"","ast-banner-title-visibility":"","ast-main-header-display":"","ast-hfb-above-header-display":"","ast-hfb-below-header-display":"","ast-hfb-mobile-header-display":"","site-post-title":"","ast-breadcrumbs-content":"","ast-featured-img":"","footer-sml-layout":"","ast-disable-related-posts":"","theme-transparent-header-meta":"default","adv-header-id-meta":"","stick-header-meta":"","header-above-stick-meta":"","header-main-stick-meta":"","header-below-stick-meta":"","astra-migrate-meta-layouts":"set","ast-page-background-enabled":"default","ast-page-background-meta":{"desktop":{"background-color":"","background-image":"","background-repeat":"repeat","background-position":"center center","background-size":"auto","background-attachment":"scroll","background-type":"","background-media":"","overlay-type":"","overlay-color":"","overlay-opacity":"","overlay-gradient":""},"tablet":{"background-color":"","background-image":"","background-repeat":"repeat","background-position":"center center","background-size":"auto","background-attachment":"scroll","background-type":"","background-media":"","overlay-type":"","overlay-color":"","overlay-opacity":"","overlay-gradient":""},"mobile":{"background-color":"","background-image":"","background-repeat":"repeat","background-position":"center center","background-size":"auto","background-attachment":"scroll","background-type":"","background-media":"","overlay-type":"","overlay-color":"","overlay-opacity":"","overlay-gradient":""}},"ast-content-background-meta":{"desktop":{"background-color":"var(--ast-global-color-5)","background-image":"","background-repeat":"repeat","background-position":"center center","background-size":"auto","background-attachment":"scroll","background-type":"","background-media":"","overlay-type":"","overlay-color":"","overlay-opacity":"","overlay-gradient":""},"tablet":{"background-color":"var(--ast-global-color-5)","background-image":"","background-repeat":"repeat","background-position":"center center","background-size":"auto","background-attachment":"scroll","background-type":"","background-media":"","overlay-type":"","overlay-color":"","overlay-opacity":"","overlay-gradient":""},"mobile":{"background-color":"var(--ast-global-color-5)","background-image":"","background-repeat":"repeat","background-position":"center center","background-size":"auto","background-attachment":"scroll","background-type":"","background-media":"","overlay-type":"","overlay-color":"","overlay-opacity":"","overlay-gradient":""}}},"product_brand":[],"product_cat":[42],"product_tag":[],"class_list":{"0":"post-8263","1":"product","2":"type-product","3":"status-publish","4":"has-post-thumbnail","6":"product_cat-produkty-proti-starnutiu","7":"desktop-align-left","8":"tablet-align-left","9":"mobile-align-left","11":"first","12":"instock","13":"sale","14":"taxable","15":"shipping-taxable","16":"purchasable","17":"product-type-simple"},"_links":{"self":[{"href":"https:\/\/wellness4you.cz\/sk\/wp-json\/wp\/v2\/product\/8263","targetHints":{"allow":["GET"]}}],"collection":[{"href":"https:\/\/wellness4you.cz\/sk\/wp-json\/wp\/v2\/product"}],"about":[{"href":"https:\/\/wellness4you.cz\/sk\/wp-json\/wp\/v2\/types\/product"}],"replies":[{"embeddable":true,"href":"https:\/\/wellness4you.cz\/sk\/wp-json\/wp\/v2\/comments?post=8263"}],"wp:featuredmedia":[{"embeddable":true,"href":"https:\/\/wellness4you.cz\/sk\/wp-json\/wp\/v2\/media\/8262"}],"wp:attachment":[{"href":"https:\/\/wellness4you.cz\/sk\/wp-json\/wp\/v2\/media?parent=8263"}],"wp:term":[{"taxonomy":"product_brand","embeddable":true,"href":"https:\/\/wellness4you.cz\/sk\/wp-json\/wp\/v2\/product_brand?post=8263"},{"taxonomy":"product_cat","embeddable":true,"href":"https:\/\/wellness4you.cz\/sk\/wp-json\/wp\/v2\/product_cat?post=8263"},{"taxonomy":"product_tag","embeddable":true,"href":"https:\/\/wellness4you.cz\/sk\/wp-json\/wp\/v2\/product_tag?post=8263"}],"curies":[{"name":"wp","href":"https:\/\/api.w.org\/{rel}","templated":true}]}}