{"id":8261,"date":"2023-12-13T14:20:13","date_gmt":"2023-12-13T13:20:13","guid":{"rendered":"https:\/\/wellness4you.cz\/sk\/exofeet-oil\/"},"modified":"2026-01-08T22:52:36","modified_gmt":"2026-01-08T21:52:36","slug":"exofeet-oil","status":"publish","type":"product","link":"https:\/\/wellness4you.cz\/sk\/exofeet-oil\/","title":{"rendered":"Exofeet Oil"},"content":{"rendered":"<h2><a href=\"#refreshing-foot-drops\">Osve\u017euj\u00face kvapky na nohy<\/a><\/h2>\n<h2><a href=\"#skin-protection\">Ochrana poko\u017eky<\/a><\/h2>\n<h2><a href=\"#natural-ingredients\">Pr\u00edrodn\u00e9 zlo\u017eky<\/a><\/h2>\n<h2><a href=\"#how-to-use\">Ako pou\u017e\u00edva\u0165<\/a><\/h2>\n<h2><a href=\"#treat-your-feet\">Obdarujte svoje nohy<\/a><\/h2>\n<p><!-- Popis --><br \/>\n<strong><a id=\"refreshing-foot-drops\"><\/a>Osve\u017euj\u00face kvapky na nohy s aromatick\u00fdmi olejmi<\/strong> s\u00fa va\u0161ou tajnou zbra\u0148ou proti probl\u00e9mom s nadmern\u00fdm poten\u00edm ko\u017ee. Kombin\u00e1cia esenci\u00e1lnych olejov v\u00e1m pom\u00f4\u017ee zmierni\u0165 nepr\u00edjemn\u00e9 pachy a z\u00e1rove\u0148 poskytne \u00fa\u010dinn\u00fa ochranu poko\u017eky, v\u010faka \u010domu bud\u00fa va\u0161e nohy such\u00e9 a vo\u0148av\u00e9. Zabudnite na starosti spojen\u00e9 s vlhkos\u0165ou a ne\u010distotami &#8211; Exofeet Oil dok\u00e1\u017ee z\u00e1zraky.<\/p>\n<p><strong><a id=\"skin-protection\"><\/a>Ochrana poko\u017eky<\/strong> je k\u013e\u00fa\u010dov\u00fdm prvkom, ktor\u00fdm sa Exofeet Oil vyzna\u010duje. Jeho zlo\u017eenie obsahuje kyselinu salicylov\u00fa a alantoin, ktor\u00e9 poko\u017eku d\u00f4kladne revitalizuj\u00fa a zabezpe\u010duj\u00fa jej zdrav\u00fd vzh\u013ead. Vitam\u00edny B3 a B5 dod\u00e1vaj\u00fa poko\u017eke potrebn\u00e9 \u017eiviny, zatia\u013e \u010do extrakty z presli\u010dky, propolisu a harman\u010deka poskytuj\u00fa blahodarn\u00fd \u00fa\u010dinok, ktor\u00fd si va\u0161e nohy zasl\u00fa\u017eia.<\/p>\n<h2><a id=\"natural-ingredients\"><\/a>Pr\u00edrodn\u00e9 zlo\u017eky pre maxim\u00e1lnu \u00fa\u010dinnos\u0165<\/h2>\n<p>Exofeet Oil je unik\u00e1tny svojou kombin\u00e1ciou pr\u00edrodn\u00fdch zlo\u017eiek. Esenci\u00e1lne oleje z \u010dajovn\u00edka, \u0161korice, m\u00e4ty a citr\u00f3novej tr\u00e1vy zabezpe\u010duj\u00fa osvie\u017eenie a jemn\u00fa v\u00f4\u0148u, ktor\u00e1 pretrv\u00e1va po cel\u00fd de\u0148. Tieto oleje nielen\u017ee br\u00e1nia nepr\u00edjemn\u00fdm pachom, ale dod\u00e1vaj\u00fa va\u0161im noh\u00e1m energiu a vitalitu.<\/p>\n<p>V\u00fd\u0165a\u017eky z presli\u010dky, propolisu a harman\u010deka s\u00fa bohat\u00e9 na pr\u00edrodn\u00e9 l\u00e1tky, ktor\u00e9 poko\u017eku posil\u0148uj\u00fa a chr\u00e1nia. Kyselina salicylov\u00e1 a alantoin pom\u00e1haj\u00fa regulova\u0165 vylu\u010dovanie potu a br\u00e1nia vzniku z\u00e1palov a podr\u00e1\u017edenia. V\u010faka vitam\u00ednom B3 a B5 sa poko\u017eka st\u00e1va odolnej\u0161ou a \u017eiarivo zdravou.<\/p>\n<h2><a id=\"how-to-use\"><\/a>Ako pou\u017e\u00edva\u0165<\/h2>\n<p>Pou\u017eitie Exofeet Oil je jednoduch\u00e9 a r\u00fdchle. Sta\u010d\u00ed len nieko\u013eko kvapiek aplikova\u0165 na \u010dist\u00fa a such\u00fa poko\u017eku n\u00f4h. Jemne vmas\u00edrujte olej do ko\u017ee a nechajte ho vsiaknu\u0165. Doprajte si t\u00fato mal\u00fa starostlivos\u0165 r\u00e1no i ve\u010der, aby ste udr\u017eali svoje nohy v optim\u00e1lnom stave.<\/p>\n<p>N\u00e1\u0161 produkt je vhodn\u00fd na ka\u017edodenn\u00e9 pou\u017eitie a je ur\u010den\u00fd pre v\u0161etk\u00fdch, ktor\u00ed chc\u00fa ma\u0165 zdrav\u00e9, svie\u017ee voniace nohy bez potenia a nepr\u00edjemn\u00fdch z\u00e1pachov.<\/p>\n<h2><a id=\"treat-your-feet\"><\/a>Obdarujte svoje nohy<\/h2>\n<p>Zasl\u00fa\u017eite si to najlep\u0161ie pre svoje nohy, a Exofeet Oil je tou najlep\u0161ou vo\u013ebou. Nepodliehajte nepr\u00edjemn\u00fdm pachom alebo vlhkosti. S na\u0161imi osvie\u017euj\u00facimi kvapkami na nohy budete m\u00f4c\u0165 nosi\u0165 otvoren\u00fa obuv so sebavedom\u00edm a pohodl\u00edm. Otestujte si \u00fa\u010dinnos\u0165 pr\u00edrodn\u00fdch zlo\u017eiek a sta\u0148te sa svedkom transform\u00e1cie va\u0161ich n\u00f4h.<\/p>\n<p>Nab\u00eddn\u011bte jim tu nejlep\u0161\u00ed p\u00e9\u010di a dop\u0159ejte jim osv\u011b\u017euj\u00edc\u00ed z\u00e1\u017eitek, na kter\u00fd nezapomenou. S Exofeet Oil budou va\u0161e nohy zdrav\u00e9, kr\u00e1sn\u00e9 a pln\u00e9 energie. Ud\u011blejte prvn\u00ed krok k prom\u011bn\u011b \u2013 objednejte si Exofeet Oil je\u0161t\u011b dnes!<\/p>\n","protected":false},"excerpt":{"rendered":"<p>Exofeet Oil &#8211; vo\u0148av\u00e9 kvapky pre va\u0161e nohy. Ur\u010den\u00e9 pre poko\u017eku n\u00e1chyln\u00fa k poteniu. Esenci\u00e1lne oleje bojuj\u00fa proti z\u00e1pachom a chr\u00e1nia poko\u017eku, tak\u017ee va\u0161e nohy zostan\u00fa such\u00e9 a vo\u0148av\u00e9. Objavte osvie\u017euj\u00facu starostlivos\u0165 hne\u010f teraz!<\/p>\n","protected":false},"featured_media":8260,"comment_status":"open","ping_status":"closed","template":"","meta":{"site-sidebar-layout":"default","site-content-layout":"","ast-site-content-layout":"default","site-content-style":"default","site-sidebar-style":"default","ast-global-header-display":"","ast-banner-title-visibility":"","ast-main-header-display":"","ast-hfb-above-header-display":"","ast-hfb-below-header-display":"","ast-hfb-mobile-header-display":"","site-post-title":"","ast-breadcrumbs-content":"","ast-featured-img":"","footer-sml-layout":"","ast-disable-related-posts":"","theme-transparent-header-meta":"","adv-header-id-meta":"","stick-header-meta":"","header-above-stick-meta":"","header-main-stick-meta":"","header-below-stick-meta":"","astra-migrate-meta-layouts":"default","ast-page-background-enabled":"default","ast-page-background-meta":{"desktop":{"background-color":"","background-image":"","background-repeat":"repeat","background-position":"center center","background-size":"auto","background-attachment":"scroll","background-type":"","background-media":"","overlay-type":"","overlay-color":"","overlay-opacity":"","overlay-gradient":""},"tablet":{"background-color":"","background-image":"","background-repeat":"repeat","background-position":"center center","background-size":"auto","background-attachment":"scroll","background-type":"","background-media":"","overlay-type":"","overlay-color":"","overlay-opacity":"","overlay-gradient":""},"mobile":{"background-color":"","background-image":"","background-repeat":"repeat","background-position":"center center","background-size":"auto","background-attachment":"scroll","background-type":"","background-media":"","overlay-type":"","overlay-color":"","overlay-opacity":"","overlay-gradient":""}},"ast-content-background-meta":{"desktop":{"background-color":"var(--ast-global-color-5)","background-image":"","background-repeat":"repeat","background-position":"center center","background-size":"auto","background-attachment":"scroll","background-type":"","background-media":"","overlay-type":"","overlay-color":"","overlay-opacity":"","overlay-gradient":""},"tablet":{"background-color":"var(--ast-global-color-5)","background-image":"","background-repeat":"repeat","background-position":"center center","background-size":"auto","background-attachment":"scroll","background-type":"","background-media":"","overlay-type":"","overlay-color":"","overlay-opacity":"","overlay-gradient":""},"mobile":{"background-color":"var(--ast-global-color-5)","background-image":"","background-repeat":"repeat","background-position":"center center","background-size":"auto","background-attachment":"scroll","background-type":"","background-media":"","overlay-type":"","overlay-color":"","overlay-opacity":"","overlay-gradient":""}}},"product_brand":[],"product_cat":[41],"product_tag":[],"class_list":{"0":"post-8261","1":"product","2":"type-product","3":"status-publish","4":"has-post-thumbnail","6":"product_cat-produkty-pre-zdravie","7":"desktop-align-left","8":"tablet-align-left","9":"mobile-align-left","11":"first","12":"instock","13":"sale","14":"taxable","15":"shipping-taxable","16":"purchasable","17":"product-type-simple"},"_links":{"self":[{"href":"https:\/\/wellness4you.cz\/sk\/wp-json\/wp\/v2\/product\/8261","targetHints":{"allow":["GET"]}}],"collection":[{"href":"https:\/\/wellness4you.cz\/sk\/wp-json\/wp\/v2\/product"}],"about":[{"href":"https:\/\/wellness4you.cz\/sk\/wp-json\/wp\/v2\/types\/product"}],"replies":[{"embeddable":true,"href":"https:\/\/wellness4you.cz\/sk\/wp-json\/wp\/v2\/comments?post=8261"}],"wp:featuredmedia":[{"embeddable":true,"href":"https:\/\/wellness4you.cz\/sk\/wp-json\/wp\/v2\/media\/8260"}],"wp:attachment":[{"href":"https:\/\/wellness4you.cz\/sk\/wp-json\/wp\/v2\/media?parent=8261"}],"wp:term":[{"taxonomy":"product_brand","embeddable":true,"href":"https:\/\/wellness4you.cz\/sk\/wp-json\/wp\/v2\/product_brand?post=8261"},{"taxonomy":"product_cat","embeddable":true,"href":"https:\/\/wellness4you.cz\/sk\/wp-json\/wp\/v2\/product_cat?post=8261"},{"taxonomy":"product_tag","embeddable":true,"href":"https:\/\/wellness4you.cz\/sk\/wp-json\/wp\/v2\/product_tag?post=8261"}],"curies":[{"name":"wp","href":"https:\/\/api.w.org\/{rel}","templated":true}]}}