{"id":8259,"date":"2023-12-13T14:20:12","date_gmt":"2023-12-13T13:20:12","guid":{"rendered":"https:\/\/wellness4you.cz\/sk\/relaton\/"},"modified":"2026-01-08T22:52:36","modified_gmt":"2026-01-08T21:52:36","slug":"relaton","status":"publish","type":"product","link":"https:\/\/wellness4you.cz\/sk\/relaton\/","title":{"rendered":"Relaton"},"content":{"rendered":"<h2>Revolu\u010dn\u00e9 rie\u0161enie pre zlep\u0161enie sluchu &#8211; Relaton kapsuly<\/h2>\n<p>Viete, ak\u00fd d\u00f4le\u017eit\u00fd je v\u00e1\u0161 sluch pre v\u00e1\u0161 ka\u017edodenn\u00fd \u017eivot? Ak h\u013ead\u00e1te efekt\u00edvny sp\u00f4sob, ako zlep\u0161i\u0165 svoj sluch a u\u017e\u00edva\u0165 si zvuky okolo seba naplno, m\u00e1me pre v\u00e1s skvel\u00fa novinku &#8211; Relaton kapsuly! Tieto revolu\u010dn\u00e9 kapsuly s\u00fa navrhnut\u00e9 tak, aby v\u00e1m pomohli obnovi\u0165 v\u00e1\u0161 sluch a umo\u017enili v\u00e1m u\u017e\u00edva\u0165 si ka\u017ed\u00fd zvuk bez obmedzen\u00ed.<\/p>\n<h2>Ako Relaton funguje<\/h2>\n<p>Sila Relaton spo\u010d\u00edva v jeho jedine\u010dnom zlo\u017een\u00ed. Ka\u017ed\u00e1 kapsula obsahuje 100% pr\u00edrodn\u00fdch komponentov, ktor\u00e9 boli starostlivo vybran\u00e9 pre svoje pozit\u00edvne \u00fa\u010dinky na sluch. Pri pravidelnom u\u017e\u00edvan\u00ed t\u00fdchto kaps\u00fal m\u00f4\u017eete pozorova\u0165 postupn\u00e9 zlep\u0161enie v\u00e1\u0161ho sluchu v\u010faka synergick\u00e9mu \u00fa\u010dinku t\u00fdchto pr\u00edrodn\u00fdch l\u00e1tok.<\/p>\n<h2>Pohodln\u00e1 a jednoduch\u00e1 aplik\u00e1cia<\/h2>\n<p>Relaton kapsuly nie s\u00fa len \u00fa\u010dinn\u00e9, ale aj \u013eahko pou\u017eite\u013en\u00e9. Sta\u010d\u00ed u\u017ei\u0165 jednu kapsulu denne po\u010das jedla a zap\u00edja\u0165 ju dostato\u010dn\u00fdm mno\u017estvom vody. V\u010faka svojmu praktick\u00e9mu baleniu m\u00f4\u017eete ma\u0165 tieto kapsuly st\u00e1le pri sebe, \u010di u\u017e ste kdeko\u013evek.<\/p>\n<h2>Pr\u00edrodn\u00e9 zlo\u017eenie bez kompromisov<\/h2>\n<p>Sme hrd\u00ed na to, \u017ee Relaton kapsuly obsahuj\u00fa len 100% pr\u00edrodn\u00fdch komponentov. Na rozdiel od in\u00fdch v\u00fdrobkov na trhu neobsahuj\u00fa \u017eiadne chemick\u00e9 pr\u00edsady ani konzervanty. Pri v\u00fdrobe t\u00fdchto kaps\u00fal sa pou\u017e\u00edvaj\u00fa extrakty a esencie rastl\u00edn, ktor\u00e9 maj\u00fa dlh\u00fa hist\u00f3riu podpory sluchu a zdravia u\u0161\u00ed.<\/p>\n<h2>Univerz\u00e1lne rie\u0161enie pre v\u0161etky vekov\u00e9 kateg\u00f3rie<\/h2>\n<p>Relaton je vhodn\u00fd pre \u013eud\u00ed v\u0161etk\u00fdch vekov\u00fdch kateg\u00f3ri\u00ed, preto\u017ee jeho pr\u00edrodn\u00e9 zlo\u017eenie je \u0161etrn\u00e9 k telu a nezp\u00f4sobuje \u017eiadne ne\u017eiaduce \u00fa\u010dinky. Nez\u00e1le\u017e\u00ed na tom, \u010di ste mlad\u00ed alebo star\u00ed, Relaton kapsuly m\u00f4\u017eu by\u0165 va\u0161\u00edm spo\u013eahliv\u00fdm partnerom pre zlep\u0161enie sluchu.<\/p>\n<h2>Nechajte zvuky o\u017ei\u0165<\/h2>\n<p>Predstavte si, \u017ee po\u010dujete \u0161epot listov vo vetre, cvrkanie vt\u00e1kov v rannej zore a smiech svojich bl\u00edzkych bez probl\u00e9mov. To s\u00fa z\u00e1\u017eitky, na ktor\u00e9 nechcete nikdy zabudn\u00fa\u0165. S Relaton kapsulami m\u00f4\u017eete tieto zvuky op\u00e4\u0165 za\u010da\u0165 vn\u00edma\u0165 s jasn\u00fdm a ostr\u00fdm sluchom.<\/p>\n<p>Ne\u010dakajte a nev\u00e1hajte. Prija\u0165 tento krok k lep\u0161iemu sluchu e\u0161te dnes a za\u010dnite si u\u017e\u00edva\u0165 v\u0161etky zvuky okolo seba. Objednajte si Relaton kapsuly teraz a dajte svojmu sluchu druh\u00fa \u0161ancu!<\/p>\n","protected":false},"excerpt":{"rendered":"<p>Zlep\u0161ite svoj sluch s kapsulami Relaton! Ka\u017ed\u00fd de\u0148 jedna kapsula po\u010das jedla s dostato\u010dn\u00fdm mno\u017estvom vody. 100 % pr\u00edrodn\u00e9 zlo\u017eenie z rastlinn\u00fdch extraktov. Bezpe\u010dn\u00fd a \u00fa\u010dinn\u00fd prostriedok. Vylep\u0161ite svoj sluch hne\u010f teraz!<\/p>\n","protected":false},"featured_media":8258,"comment_status":"open","ping_status":"closed","template":"","meta":{"site-sidebar-layout":"default","site-content-layout":"","ast-site-content-layout":"default","site-content-style":"default","site-sidebar-style":"default","ast-global-header-display":"","ast-banner-title-visibility":"","ast-main-header-display":"","ast-hfb-above-header-display":"","ast-hfb-below-header-display":"","ast-hfb-mobile-header-display":"","site-post-title":"","ast-breadcrumbs-content":"","ast-featured-img":"","footer-sml-layout":"","ast-disable-related-posts":"","theme-transparent-header-meta":"default","adv-header-id-meta":"","stick-header-meta":"","header-above-stick-meta":"","header-main-stick-meta":"","header-below-stick-meta":"","astra-migrate-meta-layouts":"set","ast-page-background-enabled":"default","ast-page-background-meta":{"desktop":{"background-color":"","background-image":"","background-repeat":"repeat","background-position":"center center","background-size":"auto","background-attachment":"scroll","background-type":"","background-media":"","overlay-type":"","overlay-color":"","overlay-opacity":"","overlay-gradient":""},"tablet":{"background-color":"","background-image":"","background-repeat":"repeat","background-position":"center center","background-size":"auto","background-attachment":"scroll","background-type":"","background-media":"","overlay-type":"","overlay-color":"","overlay-opacity":"","overlay-gradient":""},"mobile":{"background-color":"","background-image":"","background-repeat":"repeat","background-position":"center center","background-size":"auto","background-attachment":"scroll","background-type":"","background-media":"","overlay-type":"","overlay-color":"","overlay-opacity":"","overlay-gradient":""}},"ast-content-background-meta":{"desktop":{"background-color":"var(--ast-global-color-5)","background-image":"","background-repeat":"repeat","background-position":"center center","background-size":"auto","background-attachment":"scroll","background-type":"","background-media":"","overlay-type":"","overlay-color":"","overlay-opacity":"","overlay-gradient":""},"tablet":{"background-color":"var(--ast-global-color-5)","background-image":"","background-repeat":"repeat","background-position":"center center","background-size":"auto","background-attachment":"scroll","background-type":"","background-media":"","overlay-type":"","overlay-color":"","overlay-opacity":"","overlay-gradient":""},"mobile":{"background-color":"var(--ast-global-color-5)","background-image":"","background-repeat":"repeat","background-position":"center center","background-size":"auto","background-attachment":"scroll","background-type":"","background-media":"","overlay-type":"","overlay-color":"","overlay-opacity":"","overlay-gradient":""}}},"product_brand":[],"product_cat":[41],"product_tag":[],"class_list":{"0":"post-8259","1":"product","2":"type-product","3":"status-publish","4":"has-post-thumbnail","6":"product_cat-produkty-pre-zdravie","7":"desktop-align-left","8":"tablet-align-left","9":"mobile-align-left","11":"first","12":"instock","13":"sale","14":"taxable","15":"shipping-taxable","16":"purchasable","17":"product-type-simple"},"_links":{"self":[{"href":"https:\/\/wellness4you.cz\/sk\/wp-json\/wp\/v2\/product\/8259","targetHints":{"allow":["GET"]}}],"collection":[{"href":"https:\/\/wellness4you.cz\/sk\/wp-json\/wp\/v2\/product"}],"about":[{"href":"https:\/\/wellness4you.cz\/sk\/wp-json\/wp\/v2\/types\/product"}],"replies":[{"embeddable":true,"href":"https:\/\/wellness4you.cz\/sk\/wp-json\/wp\/v2\/comments?post=8259"}],"wp:featuredmedia":[{"embeddable":true,"href":"https:\/\/wellness4you.cz\/sk\/wp-json\/wp\/v2\/media\/8258"}],"wp:attachment":[{"href":"https:\/\/wellness4you.cz\/sk\/wp-json\/wp\/v2\/media?parent=8259"}],"wp:term":[{"taxonomy":"product_brand","embeddable":true,"href":"https:\/\/wellness4you.cz\/sk\/wp-json\/wp\/v2\/product_brand?post=8259"},{"taxonomy":"product_cat","embeddable":true,"href":"https:\/\/wellness4you.cz\/sk\/wp-json\/wp\/v2\/product_cat?post=8259"},{"taxonomy":"product_tag","embeddable":true,"href":"https:\/\/wellness4you.cz\/sk\/wp-json\/wp\/v2\/product_tag?post=8259"}],"curies":[{"name":"wp","href":"https:\/\/api.w.org\/{rel}","templated":true}]}}