{"id":8253,"date":"2023-12-13T14:20:11","date_gmt":"2023-12-13T13:20:11","guid":{"rendered":"https:\/\/wellness4you.cz\/sk\/paraxan\/"},"modified":"2026-01-08T22:52:36","modified_gmt":"2026-01-08T21:52:36","slug":"paraxan","status":"publish","type":"product","link":"https:\/\/wellness4you.cz\/sk\/paraxan\/","title":{"rendered":"Paraxan"},"content":{"rendered":"<p><!-- Obsah --><\/p>\n<h2>Obsah<\/h2>\n<ul>\n<li><a href=\"#benefity\">Benefity<\/a><\/li>\n<li><a href=\"#prirodni-ucinnost\">Prirodzen\u00e1 \u00fa\u010dinnos\u0165<\/a><\/li>\n<li><a href=\"#zdravi-kychnicku\">Zdravie \u010driev<\/a><\/li>\n<li><a href=\"#doplnok-stravy\">Doplnok stravy<\/a><\/li>\n<li><a href=\"#uzivanie\">Spr\u00e1vny sp\u00f4sob u\u017e\u00edvania<\/a><\/li>\n<li><a href=\"#zaver\">Na z\u00e1ver<\/a><\/li>\n<\/ul>\n<p><!-- Benefity --><\/p>\n<h2 id=\"benefity\">Benefity<\/h2>\n<p>Chcete ma\u0165 zdrav\u00e9 a vit\u00e1lne telo? Na\u0161a novinka, <strong>Paraxan<\/strong>, je pre v\u00e1s! T\u00e1to \u00fa\u010dinn\u00e1 d\u00e1vka v kapsul\u00e1ch sa postar\u00e1 o va\u0161u pohodu a pote\u0161\u00ed va\u0161e \u010drevo. Nejde len o oby\u010dajn\u00fd produkt \u2013 je to v\u00e1\u0161 spo\u013eahliv\u00fd partner v boji proti podozriv\u00fdm parazitom.<\/p>\n<p><!-- Prirodzen\u00e1 \u00fa\u010dinnos\u0165 --><\/p>\n<h2 id=\"prirodni-ucinnost\">Prirodzen\u00e1 \u00fa\u010dinnos\u0165<\/h2>\n<p>Parazity m\u00f4\u017eu ohrozi\u0165 v\u00e1\u0161 \u017eivot a v\u00e1\u0161 pokoj. Tu prich\u00e1dza Paraxan \u2013 v\u00e1\u0161 spo\u013eahliv\u00fd ochranca s prirodzenou silou. Jeho zlo\u017eenie je starostlivo vyv\u00e1\u017eenou kombin\u00e1ciou pr\u00edrodn\u00fdch l\u00e1tok, ktor\u00e9 maj\u00fa preveren\u00fd vplyv na odstr\u00e1nenie parazitov z v\u00e1\u0161ho tela.<\/p>\n<p><!-- Zdravie \u010driev --><\/p>\n<h2 id=\"zdravi-kychnicku\">Zdravie \u010driev<\/h2>\n<p>Zdravie va\u0161ich \u010driev je k\u013e\u00fa\u010dom k celkov\u00e9mu blahu. Paraxan sa zameriava nielen na odstr\u00e1nenie parazitov, ale aj na obnovu rovnov\u00e1hy vo va\u0161om tr\u00e1viacom trakte. S jeho pomocou sa m\u00f4\u017eete zbavi\u0165 neprijemn\u00fdch probl\u00e9mov spojen\u00fdch s tr\u00e1ven\u00edm a z\u00e1pchami. Rovnov\u00e1ha sa vracia do v\u00e1\u0161ho \u010dreva, \u010do sa prejav\u00ed na va\u0161om zdrav\u00ed a energii.<\/p>\n<p><!-- Doplnok stravy --><\/p>\n<h2 id=\"doplnok-stravy\">Doplnok stravy<\/h2>\n<p>Paraxan je viac ako len produkt \u2013 je to v\u00e1\u0161 denn\u00fd spolo\u010dn\u00edk. Sta\u010d\u00ed u\u017e\u00edva\u0165 odpor\u00fa\u010dan\u00fa d\u00e1vku a necha\u0165 ho p\u00f4sobi\u0165. Jeho pr\u00edrodn\u00e9 zlo\u017eenie ho rob\u00ed ide\u00e1lnym doplnkom stravy, ktor\u00fd sa postar\u00e1 o va\u0161e vn\u00fatorn\u00e9 pohodlie. Nemus\u00edte sa ob\u00e1va\u0165 ne\u017eiaducich \u00fa\u010dinkov, preto\u017ee Paraxan je vyroben\u00fd bez umel\u00fdch pr\u00edsad.<\/p>\n<p><!-- Spr\u00e1vny sp\u00f4sob u\u017e\u00edvania --><\/p>\n<h2 id=\"uzivanie\">Spr\u00e1vny sp\u00f4sob u\u017e\u00edvania<\/h2>\n<p>Ako spr\u00e1vny odborn\u00edk vieme, \u017ee sp\u00f4sob u\u017e\u00edvania je k\u013e\u00fa\u010dov\u00fd. Pre dosiahnutie najlep\u0161\u00edch v\u00fdsledkov odpor\u00fa\u010dame u\u017e\u00edva\u0165 <strong>Paraxan<\/strong> pravidelne pod\u013ea n\u00e1vodu. Zapojte ho do svojho ka\u017edodenn\u00e9ho re\u017eimu a dovo\u013ete mu, aby sa postaral o va\u0161e telo vonku aj vn\u00fatri. Va\u0161e \u010drevo v\u00e1m po\u010fakuje a va\u0161e telo v\u00e1m to vr\u00e1ti energiou a vitalitou.<\/p>\n<p><!-- Na z\u00e1ver --><\/p>\n<h2 id=\"zaver\">Na z\u00e1ver<\/h2>\n<p>V dne\u0161nom svete plnom riz\u00edk je prevencia d\u00f4le\u017eitej\u0161ia ako kedyko\u013evek predt\u00fdm. Paraxan je va\u0161\u00edm spo\u013eahliv\u00fdm partnerom v tomto \u00fasil\u00ed. Dajte svojmu telu pr\u00edle\u017eitos\u0165 br\u00e1ni\u0165 sa proti podozriv\u00fdm parazitom a u\u017eite si \u017eivot pln\u00fd energie a zdravia. Objavte prirodzen\u00fa silu Paraxanu e\u0161te dnes!<\/p>\n<p><em>Pozn\u00e1mka: Tento produkt je doplnkom stravy a nem\u00e1 nahr\u00e1dza\u0165 vyv\u00e1\u017een\u00fa stravu. Pred u\u017e\u00edvan\u00edm sa pora\u010fte so svoj\u00edm lek\u00e1rom.<\/em><\/p>\n<p><strong>Zna\u010dky:<\/strong> Paraxan, antiparazit\u00e1rny pr\u00edpravok, zdravie \u010driev, doplnok stravy.<\/p>\n","protected":false},"excerpt":{"rendered":"<p>Bojujte \u00fa\u010dinne a bezpe\u010dne proti parazitom v tele s doplnkom stravy v kapsuliach &#8211; Paraxan. Jeho akt\u00edvne zlo\u017eky efekt\u00edvne p\u00f4sobia proti parazitom a podporuj\u00fa zdravie \u010driev. Navr\u00e1tili sme harm\u00f3niu v\u00e1\u0161mu tr\u00e1viacemu syst\u00e9mu! Vyberte si Paraxan a z\u00edskajte svoje zdravie sp\u00e4\u0165. Ponuka plat\u00ed iba do vypredania z\u00e1sob!<\/p>\n","protected":false},"featured_media":8252,"comment_status":"open","ping_status":"closed","template":"","meta":{"site-sidebar-layout":"default","site-content-layout":"","ast-site-content-layout":"default","site-content-style":"default","site-sidebar-style":"default","ast-global-header-display":"","ast-banner-title-visibility":"","ast-main-header-display":"","ast-hfb-above-header-display":"","ast-hfb-below-header-display":"","ast-hfb-mobile-header-display":"","site-post-title":"","ast-breadcrumbs-content":"","ast-featured-img":"","footer-sml-layout":"","ast-disable-related-posts":"","theme-transparent-header-meta":"","adv-header-id-meta":"","stick-header-meta":"","header-above-stick-meta":"","header-main-stick-meta":"","header-below-stick-meta":"","astra-migrate-meta-layouts":"default","ast-page-background-enabled":"default","ast-page-background-meta":{"desktop":{"background-color":"","background-image":"","background-repeat":"repeat","background-position":"center center","background-size":"auto","background-attachment":"scroll","background-type":"","background-media":"","overlay-type":"","overlay-color":"","overlay-opacity":"","overlay-gradient":""},"tablet":{"background-color":"","background-image":"","background-repeat":"repeat","background-position":"center center","background-size":"auto","background-attachment":"scroll","background-type":"","background-media":"","overlay-type":"","overlay-color":"","overlay-opacity":"","overlay-gradient":""},"mobile":{"background-color":"","background-image":"","background-repeat":"repeat","background-position":"center center","background-size":"auto","background-attachment":"scroll","background-type":"","background-media":"","overlay-type":"","overlay-color":"","overlay-opacity":"","overlay-gradient":""}},"ast-content-background-meta":{"desktop":{"background-color":"var(--ast-global-color-5)","background-image":"","background-repeat":"repeat","background-position":"center center","background-size":"auto","background-attachment":"scroll","background-type":"","background-media":"","overlay-type":"","overlay-color":"","overlay-opacity":"","overlay-gradient":""},"tablet":{"background-color":"var(--ast-global-color-5)","background-image":"","background-repeat":"repeat","background-position":"center center","background-size":"auto","background-attachment":"scroll","background-type":"","background-media":"","overlay-type":"","overlay-color":"","overlay-opacity":"","overlay-gradient":""},"mobile":{"background-color":"var(--ast-global-color-5)","background-image":"","background-repeat":"repeat","background-position":"center center","background-size":"auto","background-attachment":"scroll","background-type":"","background-media":"","overlay-type":"","overlay-color":"","overlay-opacity":"","overlay-gradient":""}}},"product_brand":[],"product_cat":[41],"product_tag":[],"class_list":{"0":"post-8253","1":"product","2":"type-product","3":"status-publish","4":"has-post-thumbnail","6":"product_cat-produkty-pre-zdravie","7":"desktop-align-left","8":"tablet-align-left","9":"mobile-align-left","11":"first","12":"instock","13":"sale","14":"taxable","15":"shipping-taxable","16":"purchasable","17":"product-type-simple"},"_links":{"self":[{"href":"https:\/\/wellness4you.cz\/sk\/wp-json\/wp\/v2\/product\/8253","targetHints":{"allow":["GET"]}}],"collection":[{"href":"https:\/\/wellness4you.cz\/sk\/wp-json\/wp\/v2\/product"}],"about":[{"href":"https:\/\/wellness4you.cz\/sk\/wp-json\/wp\/v2\/types\/product"}],"replies":[{"embeddable":true,"href":"https:\/\/wellness4you.cz\/sk\/wp-json\/wp\/v2\/comments?post=8253"}],"wp:featuredmedia":[{"embeddable":true,"href":"https:\/\/wellness4you.cz\/sk\/wp-json\/wp\/v2\/media\/8252"}],"wp:attachment":[{"href":"https:\/\/wellness4you.cz\/sk\/wp-json\/wp\/v2\/media?parent=8253"}],"wp:term":[{"taxonomy":"product_brand","embeddable":true,"href":"https:\/\/wellness4you.cz\/sk\/wp-json\/wp\/v2\/product_brand?post=8253"},{"taxonomy":"product_cat","embeddable":true,"href":"https:\/\/wellness4you.cz\/sk\/wp-json\/wp\/v2\/product_cat?post=8253"},{"taxonomy":"product_tag","embeddable":true,"href":"https:\/\/wellness4you.cz\/sk\/wp-json\/wp\/v2\/product_tag?post=8253"}],"curies":[{"name":"wp","href":"https:\/\/api.w.org\/{rel}","templated":true}]}}