{"id":8251,"date":"2023-12-13T14:20:10","date_gmt":"2023-12-13T13:20:10","guid":{"rendered":"https:\/\/wellness4you.cz\/sk\/deluron\/"},"modified":"2026-01-08T22:52:34","modified_gmt":"2026-01-08T21:52:34","slug":"deluron","status":"publish","type":"product","link":"https:\/\/wellness4you.cz\/sk\/deluron\/","title":{"rendered":"Deluron"},"content":{"rendered":"<h2 id=\"co-je-deluron-forte\">\u010co je Deluron Forte?<\/h2>\n<p>Ke\u010f sa hovor\u00ed o prostat\u00e1lnych probl\u00e9moch, mnoho mu\u017eov vo veku c\u00edti automaticky nepr\u00edjemn\u00e9 pocity. Av\u0161ak s nov\u00fdm produktom na trhu m\u00e1te d\u00f4vod na optimizmus. Hovor\u00edme o produkte, ktor\u00fd je ur\u010den\u00fd na lie\u010dbu prostatit\u00eddy a ove\u013ea viac.<br \/>\nNa z\u00e1klade dlhoro\u010dn\u00e9ho v\u00fdskumu predstavujeme produkt, ktor\u00fd bol starostlivo formulovan\u00fd, aby pon\u00fakol v\u00fdznamn\u00e9 v\u00fdhody pre mu\u017eov, ktor\u00ed \u010delia probl\u00e9mom s prostatou.<\/p>\n<h2 id=\"v\u00fdhody-a-p\u0159\u00ednosy\">V\u00fdhody a pr\u00ednosy<\/h2>\n<p>Predstavte si \u017eivot bez nepr\u00edjemn\u00fdch n\u00e1v\u0161tev toalety uprostred noci. Predstavte si pokojn\u00fd sp\u00e1nok a bezbolestn\u00e9 dni. Toto v\u0161etko v\u00e1m m\u00f4\u017ee pon\u00faknu\u0165 tento produkt. Ale \u010do je k\u013e\u00fa\u010dom k jeho \u00faspechu?<br \/>\nJe to v zlo\u017een\u00ed. Kombin\u00e1cia vysokej \u00fa\u010dinnosti rastlinn\u00fdch extraktov a esenci\u00e1lnych miner\u00e1lov v\u00e1m poskytuje radu v\u00fdhod, ktor\u00e9 v\u00e1m pom\u00f4\u017eu c\u00edti\u0165 sa lep\u0161ie. Ale nejde len o to, ako sa c\u00edtite. Ide o va\u0161e celkov\u00e9 zdravie a pohodu.<\/p>\n<h2 id=\"doporu\u010den\u00e9-d\u00e1vkov\u00e1n\u00ed\">Odpor\u00fa\u010dan\u00e9 d\u00e1vkovanie<\/h2>\n<p>Odpor\u00fa\u010dan\u00e1 denn\u00e1 d\u00e1vka je dve kapsuly. Pre optim\u00e1lne v\u00fdsledky je d\u00f4le\u017eit\u00e9 dodr\u017eiava\u0165 odpor\u00fa\u010dan\u00e9 mno\u017estvo a pravidelne u\u017e\u00edva\u0165 kapsuly.<br \/>\nD\u00f4sledn\u00e9 dodr\u017eiavanie odpor\u00fa\u010danej d\u00e1vky v\u00e1m umo\u017en\u00ed dosiahnu\u0165 najlep\u0161ie v\u00fdsledky v \u010do najkrat\u0161om \u010dase. Va\u0161e telo z\u00edska potrebn\u00e9 zlo\u017eky, aby mohlo efekt\u00edvne bojova\u0165 proti prostatit\u00edde.<\/p>\n<h2 id=\"p\u0159irozen\u00e9-slo\u017eky\">Pr\u00edrodn\u00e9 zlo\u017eky<\/h2>\n<p>\u010co rob\u00ed tento produkt tak\u00fdm v\u00fdnimo\u010dn\u00fdm, je jeho zlo\u017eenie. V\u00fd\u0165a\u017eok z plodu palmovej tr\u00e1vy saw palmetto prispieva k norm\u00e1lnemu zdraviu prostaty a reproduk\u010dnej funkcie. Je to prirodzen\u00fd sp\u00f4sob, ako podpori\u0165 va\u0161e telo a dosiahnu\u0165 potrebn\u00fd \u00fa\u010dinok.<br \/>\n\u010ealej tu je v\u00fd\u0165a\u017eok z plodu tribulus terrestris, ktor\u00fd prispieva k norm\u00e1lnej hormon\u00e1lnej aktivite. A nakoniec, zinok, ktor\u00fd prispieva k norm\u00e1lnej plodnosti a udr\u017eiava norm\u00e1lnu koncentr\u00e1ciu testoster\u00f3nu v krvi. Tieto zlo\u017eky, vo spr\u00e1vnom pomere, tvoria siln\u00fd t\u00edm, ktor\u00fd bojuje proti probl\u00e9mom s prostatou.<\/p>\n<p>Pri v\u00fdbere tohto produktu nie len podporujete svoje zdravie, ale tie\u017e vol\u00edte prirodzen\u00fd pr\u00edstup k lie\u010dbe. \u017diadne chemik\u00e1lie, \u017eiadne ne\u017eiaduce \u00fa\u010dinky. Len \u010dist\u00e1 sila pr\u00edrody.<\/p>\n<p>Teraz, ke\u010f viete v\u0161etko, \u010do potrebujete o tomto v\u00fdrobku, je \u010das kona\u0165. Ne\u010dakajte, k\u00fdm sa sympt\u00f3my zhor\u0161ia. Za\u010dnite sa stara\u0165 o svoje zdravie e\u0161te dnes a uvid\u00edte v\u00fdsledky sk\u00f4r, ako si mysl\u00edte. <strong>Objednajte si svoj produkt e\u0161te dnes a za\u017eite zmenu, ktor\u00fa ste v\u017edy chceli!<\/strong><\/p>\n","protected":false},"excerpt":{"rendered":"<p>Objavte \u00fa\u013eavu od prostatit\u00eddy s jedine\u010dn\u00fdm Deluron Forte &#8211; revolu\u010dn\u00fdm rie\u0161en\u00edm pre va\u0161e zdravie. Pr\u00edrodn\u00e1 sila extraktov z plodov saw palmetto a tribulus terrestris podporuje zdrav\u00fa prostatu a hormon\u00e1lnu aktivitu. Okrem toho, zinok udr\u017eiava spr\u00e1vnu plodnos\u0165 a hladinu testoster\u00f3nu. Zlep\u0161te svoje zdravie e\u0161te dnes!<\/p>\n","protected":false},"featured_media":8250,"comment_status":"open","ping_status":"closed","template":"","meta":{"site-sidebar-layout":"default","site-content-layout":"","ast-site-content-layout":"default","site-content-style":"default","site-sidebar-style":"default","ast-global-header-display":"","ast-banner-title-visibility":"","ast-main-header-display":"","ast-hfb-above-header-display":"","ast-hfb-below-header-display":"","ast-hfb-mobile-header-display":"","site-post-title":"","ast-breadcrumbs-content":"","ast-featured-img":"","footer-sml-layout":"","ast-disable-related-posts":"","theme-transparent-header-meta":"default","adv-header-id-meta":"","stick-header-meta":"","header-above-stick-meta":"","header-main-stick-meta":"","header-below-stick-meta":"","astra-migrate-meta-layouts":"set","ast-page-background-enabled":"default","ast-page-background-meta":{"desktop":{"background-color":"","background-image":"","background-repeat":"repeat","background-position":"center center","background-size":"auto","background-attachment":"scroll","background-type":"","background-media":"","overlay-type":"","overlay-color":"","overlay-opacity":"","overlay-gradient":""},"tablet":{"background-color":"","background-image":"","background-repeat":"repeat","background-position":"center center","background-size":"auto","background-attachment":"scroll","background-type":"","background-media":"","overlay-type":"","overlay-color":"","overlay-opacity":"","overlay-gradient":""},"mobile":{"background-color":"","background-image":"","background-repeat":"repeat","background-position":"center center","background-size":"auto","background-attachment":"scroll","background-type":"","background-media":"","overlay-type":"","overlay-color":"","overlay-opacity":"","overlay-gradient":""}},"ast-content-background-meta":{"desktop":{"background-color":"var(--ast-global-color-5)","background-image":"","background-repeat":"repeat","background-position":"center center","background-size":"auto","background-attachment":"scroll","background-type":"","background-media":"","overlay-type":"","overlay-color":"","overlay-opacity":"","overlay-gradient":""},"tablet":{"background-color":"var(--ast-global-color-5)","background-image":"","background-repeat":"repeat","background-position":"center center","background-size":"auto","background-attachment":"scroll","background-type":"","background-media":"","overlay-type":"","overlay-color":"","overlay-opacity":"","overlay-gradient":""},"mobile":{"background-color":"var(--ast-global-color-5)","background-image":"","background-repeat":"repeat","background-position":"center center","background-size":"auto","background-attachment":"scroll","background-type":"","background-media":"","overlay-type":"","overlay-color":"","overlay-opacity":"","overlay-gradient":""}}},"product_brand":[],"product_cat":[40],"product_tag":[],"class_list":{"0":"post-8251","1":"product","2":"type-product","3":"status-publish","4":"has-post-thumbnail","6":"product_cat-produkty-pre-muzov","7":"desktop-align-left","8":"tablet-align-left","9":"mobile-align-left","11":"first","12":"instock","13":"sale","14":"taxable","15":"shipping-taxable","16":"purchasable","17":"product-type-simple"},"_links":{"self":[{"href":"https:\/\/wellness4you.cz\/sk\/wp-json\/wp\/v2\/product\/8251","targetHints":{"allow":["GET"]}}],"collection":[{"href":"https:\/\/wellness4you.cz\/sk\/wp-json\/wp\/v2\/product"}],"about":[{"href":"https:\/\/wellness4you.cz\/sk\/wp-json\/wp\/v2\/types\/product"}],"replies":[{"embeddable":true,"href":"https:\/\/wellness4you.cz\/sk\/wp-json\/wp\/v2\/comments?post=8251"}],"wp:featuredmedia":[{"embeddable":true,"href":"https:\/\/wellness4you.cz\/sk\/wp-json\/wp\/v2\/media\/8250"}],"wp:attachment":[{"href":"https:\/\/wellness4you.cz\/sk\/wp-json\/wp\/v2\/media?parent=8251"}],"wp:term":[{"taxonomy":"product_brand","embeddable":true,"href":"https:\/\/wellness4you.cz\/sk\/wp-json\/wp\/v2\/product_brand?post=8251"},{"taxonomy":"product_cat","embeddable":true,"href":"https:\/\/wellness4you.cz\/sk\/wp-json\/wp\/v2\/product_cat?post=8251"},{"taxonomy":"product_tag","embeddable":true,"href":"https:\/\/wellness4you.cz\/sk\/wp-json\/wp\/v2\/product_tag?post=8251"}],"curies":[{"name":"wp","href":"https:\/\/api.w.org\/{rel}","templated":true}]}}