{"id":8249,"date":"2023-12-13T14:20:10","date_gmt":"2023-12-13T13:20:10","guid":{"rendered":"https:\/\/wellness4you.cz\/sk\/wirex\/"},"modified":"2026-01-08T22:52:36","modified_gmt":"2026-01-08T21:52:36","slug":"wirex","status":"publish","type":"product","link":"https:\/\/wellness4you.cz\/sk\/wirex\/","title":{"rendered":"Wirex"},"content":{"rendered":"<p><!-- Obsah --><\/p>\n<h2><a href=\"#benefity\">Benefity Wirex: Prin\u00e1\u0161aj\u00fa Zdrav\u00fa Sexu\u00e1lnu Aktivitu<\/a><\/h2>\n<h2><a href=\"#unikatni-slozeni\">Unik\u00e1tne Zlo\u017eenie Pre Maxim\u00e1lnu \u00da\u010dinnos\u0165<\/a><\/h2>\n<h2><a href=\"#bezpecnost\">Bezpe\u010dnos\u0165 a D\u00f4veryhodnos\u0165<\/a><\/h2>\n<h2><a href=\"#jak-pouzivat\">Ako Spr\u00e1vne Pou\u017e\u00edva\u0165 Wirex<\/a><\/h2>\n<h2><a href=\"#objednavka\">Z\u00edskajte Sp\u00e4\u0165 Svoju Mlados\u0165 a V\u00fdkon<\/a><\/h2>\n<p><!-- Benefity Wirex: Prin\u00e1\u0161aj\u00fa Zdrav\u00fa Sexu\u00e1lnu Aktivitu --><\/p>\n<h2 id=\"benefity\">Benefity Wirex: Prin\u00e1\u0161aj\u00fa Zdrav\u00fa Sexu\u00e1lnu Aktivitu<\/h2>\n<p>Zdrav\u00e1 sexu\u00e1lna aktivita je k\u013e\u00fa\u010dov\u00fdm prvkom kvalitn\u00e9ho \u017eivota pre ka\u017ed\u00e9ho mu\u017ea. Wirex je revolu\u010dn\u00fd pr\u00edrodn\u00fd produkt navrhnut\u00fd \u0161peci\u00e1lne pre mu\u017eov, ktor\u00ed chc\u00fa zv\u00fd\u0161i\u0165 svoje libido a zlep\u0161i\u0165 svoju sexu\u00e1lnu v\u00fdkonnos\u0165. Tento inovat\u00edvny doplnok stravy prin\u00e1\u0161a rad \u00fa\u017easn\u00fdch v\u00fdhod:<\/p>\n<ul>\n<li>Zvy\u0161uje libido a sexu\u00e1lnu t\u00fa\u017ebu<\/li>\n<li>Zlep\u0161uje erekciu a vytrvalos\u0165<\/li>\n<li>Podporuje zdrav\u00fa hormon\u00e1lnu rovnov\u00e1hu<\/li>\n<li>Zvy\u0161uje celkov\u00fa energiu a vitalitu<\/li>\n<\/ul>\n<p>Presta\u0148te sa tr\u00e1pi\u0165 s n\u00edzkou sexu\u00e1lnou v\u00fdkonnos\u0165ou a prirodzene obnovte svoju vitalitu a sebavedomie s pomocou Wirex!<\/p>\n<p><!-- Unik\u00e1tne Zlo\u017eenie Pre Maxim\u00e1lnu \u00da\u010dinnos\u0165 --><\/p>\n<h2 id=\"unikatni-slozeni\">Unik\u00e1tne Zlo\u017eenie Pre Maxim\u00e1lnu \u00da\u010dinnos\u0165<\/h2>\n<p>Wirex obsahuje revolu\u010dn\u00fa kombin\u00e1ciu pr\u00edrodn\u00fdch zlo\u017eiek, ktor\u00e9 boli starostlivo vybran\u00e9 pre svoj priazniv\u00fd vplyv na mu\u017esk\u00fa sexu\u00e1lnu funkciu:<\/p>\n<ul>\n<li><strong>Tribulus Terrestris<\/strong> &#8211; Zvy\u0161uje hladinu testoster\u00f3nu a podporuje zdrav\u00fa spermatogen\u00e9zu.<\/li>\n<li><strong>Maca Kore\u0148<\/strong> &#8211; Zlep\u0161uje sexu\u00e1lnu v\u00fddr\u017e a energiu.<\/li>\n<li><strong>\u017den\u0161en<\/strong> &#8211; Podporuje krvn\u00fd obeh a erekciu.<\/li>\n<li><strong>L-Argin\u00edn<\/strong> &#8211; Zlep\u0161uje cievny prietok pre pevn\u00e9 a dlhotrvaj\u00face erekcie.<\/li>\n<\/ul>\n<p>Tieto pr\u00edrodn\u00e9 zlo\u017eky spolu pracuj\u00fa v harm\u00f3nii, aby v\u00e1m priniesli maxim\u00e1lne v\u00fdsledky bez ne\u017eiaducich \u00fa\u010dinkov.<\/p>\n<p><!-- Bezpe\u010dnos\u0165 a D\u00f4veryhodnos\u0165 --><\/p>\n<h2 id=\"bezpecnost\">Bezpe\u010dnos\u0165 a D\u00f4veryhodnos\u0165<\/h2>\n<p>Venujte svojmu zdraviu a sexu\u00e1lnej pohode najvy\u0161\u0161iu prioritu. Wirex bol vyvinut\u00fd s d\u00f4razom na bezpe\u010dnos\u0165 a kvalitu. Na\u0161e produkty prech\u00e1dzaj\u00fa pr\u00edsnymi testami a s\u00fa vyr\u00e1ban\u00e9 pod\u013ea najvy\u0161\u0161\u00edch \u0161tandardov. M\u00f4\u017eete ma\u0165 istotu, \u017ee ka\u017ed\u00e1 kapsula Wirex je plne bezpe\u010dn\u00e1 a \u00fa\u010dinn\u00e1.<\/p>\n<p>Z\u00edskajte sp\u00e4\u0165 kontrolu nad svoj\u00edm sexu\u00e1lnym \u017eivotom bez rizika alebo ob\u00e1v. Wirex v\u00e1m pon\u00faka pr\u00edrodn\u00fd a bezpe\u010dn\u00fd sp\u00f4sob, ako obnovi\u0165 v\u00e1\u0161 sexu\u00e1lny potenci\u00e1l a za\u017ei\u0165 nezabudnute\u013en\u00e9 int\u00edmne chv\u00edle.<\/p>\n<p><!-- Ako Spr\u00e1vne Pou\u017e\u00edva\u0165 Wirex --><\/p>\n<h2 id=\"jak-pouzivat\">Ako Spr\u00e1vne Pou\u017e\u00edva\u0165 Wirex<\/h2>\n<p>Integr\u00e1cia Wirex do v\u00e1\u0161ho ka\u017edodenn\u00e9ho \u017eivota je jednoduch\u00e1 a pohodln\u00e1. Sta\u010d\u00ed dodr\u017eiava\u0165 tieto jednoduch\u00e9 kroky:<\/p>\n<ol>\n<li>U\u017eite jednu kapsulu Wirex r\u00e1no a jednu ve\u010der s dostato\u010dn\u00fdm mno\u017estvom vody.<\/li>\n<li>Pravidelne u\u017e\u00edvajte Wirex po dobu najmenej 4 t\u00fd\u017ed\u0148ov, aby ste dosiahli optim\u00e1lne v\u00fdsledky.<\/li>\n<li>Neodpor\u00fa\u010dame prekra\u010dova\u0165 odpor\u00fa\u010dan\u00fa denn\u00fa d\u00e1vku pre r\u00fdchlej\u0161ie v\u00fdsledky, aby ste udr\u017eali zdrav\u00e9 u\u017e\u00edvanie.<\/li>\n<\/ol>\n<p>Zahr\u0148te Wirex do svojho \u017eivota a za\u017eite ohromuj\u00facu transform\u00e1ciu va\u0161ej sexu\u00e1lnej v\u00fdkonnosti a \u017eivotn\u00e9ho \u0161t\u00fdlu.<\/p>\n<p><!-- Z\u00edskajte Sp\u00e4\u0165 Svoju Mlados\u0165 a V\u00fdkon --><\/p>\n<h2 id=\"objednavka\">Z\u00edskajte Sp\u00e4\u0165 Svoju Mlados\u0165 a V\u00fdkon<\/h2>\n<p>Nezvo\u013ete, aby vek ovplyv\u0148oval v\u00e1\u0161 sexu\u00e1lny \u017eivot. Wirex je tu, aby v\u00e1m pomohol obnovi\u0165 v\u00e1\u0161 v\u00fdkon, energiu a sebavedomie. Za\u017eite intenz\u00edvny a uspokojuj\u00faci sexu\u00e1lny \u017eivot bez kompromisov.<\/p>\n<p>Teraz je ten spr\u00e1vny \u010das urobi\u0165 krok k lep\u0161iemu sexu\u00e1lnemu zdraviu. Kliknite na odkaz a objednajte si Wirex e\u0161te dnes. Z\u00edskajte sp\u00e4\u0165 kontrolu nad svoj\u00edm \u017eivotom a za\u017eite neuverite\u013en\u00fa transform\u00e1ciu v\u010faka tejto pr\u00edrodnej formule navrhnutej \u0161peci\u00e1lne pre v\u00e1s.<\/p>\n","protected":false},"excerpt":{"rendered":"<p>Wirex posil\u0148uje va\u0161e libido a zvy\u0161uje sexu\u00e1lnu v\u00fdkonnos\u0165 v\u010faka jedine\u010dn\u00fdm pr\u00edrodn\u00fdm zlo\u017ek\u00e1m. Ka\u017ed\u00e1 kapsula podporuje mu\u017esk\u00fa sexu\u00e1lnu funkciu s optim\u00e1lnou kombin\u00e1ciou vitam\u00ednov a miner\u00e1lov. Vylep\u0161ite svoj int\u00edmny \u017eivot s Wirex! Objednajte hne\u010f!<\/p>\n","protected":false},"featured_media":8248,"comment_status":"open","ping_status":"closed","template":"","meta":{"site-sidebar-layout":"default","site-content-layout":"","ast-site-content-layout":"default","site-content-style":"default","site-sidebar-style":"default","ast-global-header-display":"","ast-banner-title-visibility":"","ast-main-header-display":"","ast-hfb-above-header-display":"","ast-hfb-below-header-display":"","ast-hfb-mobile-header-display":"","site-post-title":"","ast-breadcrumbs-content":"","ast-featured-img":"","footer-sml-layout":"","ast-disable-related-posts":"","theme-transparent-header-meta":"","adv-header-id-meta":"","stick-header-meta":"","header-above-stick-meta":"","header-main-stick-meta":"","header-below-stick-meta":"","astra-migrate-meta-layouts":"default","ast-page-background-enabled":"default","ast-page-background-meta":{"desktop":{"background-color":"","background-image":"","background-repeat":"repeat","background-position":"center center","background-size":"auto","background-attachment":"scroll","background-type":"","background-media":"","overlay-type":"","overlay-color":"","overlay-opacity":"","overlay-gradient":""},"tablet":{"background-color":"","background-image":"","background-repeat":"repeat","background-position":"center center","background-size":"auto","background-attachment":"scroll","background-type":"","background-media":"","overlay-type":"","overlay-color":"","overlay-opacity":"","overlay-gradient":""},"mobile":{"background-color":"","background-image":"","background-repeat":"repeat","background-position":"center center","background-size":"auto","background-attachment":"scroll","background-type":"","background-media":"","overlay-type":"","overlay-color":"","overlay-opacity":"","overlay-gradient":""}},"ast-content-background-meta":{"desktop":{"background-color":"var(--ast-global-color-5)","background-image":"","background-repeat":"repeat","background-position":"center center","background-size":"auto","background-attachment":"scroll","background-type":"","background-media":"","overlay-type":"","overlay-color":"","overlay-opacity":"","overlay-gradient":""},"tablet":{"background-color":"var(--ast-global-color-5)","background-image":"","background-repeat":"repeat","background-position":"center center","background-size":"auto","background-attachment":"scroll","background-type":"","background-media":"","overlay-type":"","overlay-color":"","overlay-opacity":"","overlay-gradient":""},"mobile":{"background-color":"var(--ast-global-color-5)","background-image":"","background-repeat":"repeat","background-position":"center center","background-size":"auto","background-attachment":"scroll","background-type":"","background-media":"","overlay-type":"","overlay-color":"","overlay-opacity":"","overlay-gradient":""}}},"product_brand":[],"product_cat":[40],"product_tag":[],"class_list":{"0":"post-8249","1":"product","2":"type-product","3":"status-publish","4":"has-post-thumbnail","6":"product_cat-produkty-pre-muzov","7":"desktop-align-left","8":"tablet-align-left","9":"mobile-align-left","11":"first","12":"instock","13":"sale","14":"taxable","15":"shipping-taxable","16":"purchasable","17":"product-type-simple"},"_links":{"self":[{"href":"https:\/\/wellness4you.cz\/sk\/wp-json\/wp\/v2\/product\/8249","targetHints":{"allow":["GET"]}}],"collection":[{"href":"https:\/\/wellness4you.cz\/sk\/wp-json\/wp\/v2\/product"}],"about":[{"href":"https:\/\/wellness4you.cz\/sk\/wp-json\/wp\/v2\/types\/product"}],"replies":[{"embeddable":true,"href":"https:\/\/wellness4you.cz\/sk\/wp-json\/wp\/v2\/comments?post=8249"}],"wp:featuredmedia":[{"embeddable":true,"href":"https:\/\/wellness4you.cz\/sk\/wp-json\/wp\/v2\/media\/8248"}],"wp:attachment":[{"href":"https:\/\/wellness4you.cz\/sk\/wp-json\/wp\/v2\/media?parent=8249"}],"wp:term":[{"taxonomy":"product_brand","embeddable":true,"href":"https:\/\/wellness4you.cz\/sk\/wp-json\/wp\/v2\/product_brand?post=8249"},{"taxonomy":"product_cat","embeddable":true,"href":"https:\/\/wellness4you.cz\/sk\/wp-json\/wp\/v2\/product_cat?post=8249"},{"taxonomy":"product_tag","embeddable":true,"href":"https:\/\/wellness4you.cz\/sk\/wp-json\/wp\/v2\/product_tag?post=8249"}],"curies":[{"name":"wp","href":"https:\/\/api.w.org\/{rel}","templated":true}]}}